{"id":18891,"date":"2022-10-25T12:22:48","date_gmt":"2022-10-25T09:22:48","guid":{"rendered":"https:\/\/vikes.fi\/kontaktuppgifter"},"modified":"2025-11-12T11:57:53","modified_gmt":"2025-11-12T09:57:53","slug":"kontaktuppgifter","status":"publish","type":"page","link":"https:\/\/vikes.fi\/sv\/kontaktuppgifter","title":{"rendered":"Kontaktuppgifter"},"content":{"rendered":"<p>[et_pb_section fb_built=&#8221;1&#8243; _builder_version=&#8221;4.19.0&#8243; _module_preset=&#8221;default&#8221; custom_padding=&#8221;||||false|false&#8221; global_colors_info=&#8221;{}&#8221;][et_pb_row column_structure=&#8221;1_2,1_2&#8243; _builder_version=&#8221;4.27.3&#8243; _module_preset=&#8221;default&#8221; custom_margin=&#8221;50px|auto|-1px|auto|false|false&#8221; custom_padding=&#8221;||0px||false|false&#8221; border_width_all=&#8221;1px&#8221; border_color_all=&#8221;gcid-78c82a69-71d2-4231-b1ba-9743c706cfd5&#8243; border_width_bottom=&#8221;0px&#8221; global_colors_info=&#8221;{%22gcid-78c82a69-71d2-4231-b1ba-9743c706cfd5%22:%91%22border_color_all%22%93}&#8221;][et_pb_column type=&#8221;1_2&#8243; _builder_version=&#8221;4.18.0&#8243; _module_preset=&#8221;default&#8221; global_colors_info=&#8221;{}&#8221;][et_pb_text _builder_version=&#8221;4.19.0&#8243; _module_preset=&#8221;19d6e13d-6dc0-453c-a15a-72c5338d5b3f&#8221; header_font_size=&#8221;49px&#8221; background_color=&#8221;#FFFFFF&#8221; custom_margin=&#8221;32px|||-35px|false|false&#8221; custom_padding=&#8221;12px||12px||false|false&#8221; global_colors_info=&#8221;{}&#8221;]<\/p>\n<h1>Kontor och personal<\/h1>\n<p>[\/et_pb_text][et_pb_text _builder_version=&#8221;4.27.3&#8243; _module_preset=&#8221;default&#8221; header_2_font=&#8221;|800||on|||||&#8221; header_2_text_color=&#8221;#000000&#8243; header_2_font_size=&#8221;22px&#8221; custom_padding=&#8221;|||40px|false|false&#8221; global_colors_info=&#8221;{}&#8221;]<\/p>\n<h2>STIFTELSEN F\u00d6R MEDIA OCH UTVECKLING<\/h2>\n<p>[\/et_pb_text][et_pb_text _builder_version=&#8221;4.19.4&#8243; _module_preset=&#8221;default&#8221; text_text_color=&#8221;#000000&#8243; custom_padding=&#8221;|||40px|false|false&#8221; global_colors_info=&#8221;{}&#8221;]<\/p>\n<p>&nbsp;<\/p>\n<p>V\u00e5rt kontor ligger i Cirkelhuset i Helsingfors<\/p>\n<p><strong>Gatudress:<\/strong> Broholmsgatan 18-20<br \/><strong>Bes\u00f6ksadress:<\/strong> Broholmsgatan 18 A 7. v\u00e5ningen <br \/><strong>Postadress:<\/strong> PL 252, 00531 Helsingfors<\/p>\n<p><span><strong>E-post:<\/strong> <a href=\"mailto:vikes@vikes.fi\" data-linkindex=\"0\" id=\"LPlnk297061\">vikes@vikes.fi<\/a><\/span><br \/><strong>Telefon:<\/strong> +358 (0) <span>44 9787943 <\/span> <\/p>\n<p><strong>FO-nummer:<\/strong> 1950052-3<\/p>\n<p><a href=\"https:\/\/vikes.fi\/ilmoita-vaarinkaytosta\">Meddela misstanke av missbruk eller trakasserier<\/a><\/p>\n<p>[\/et_pb_text][\/et_pb_column][et_pb_column type=&#8221;1_2&#8243; _builder_version=&#8221;4.18.0&#8243; _module_preset=&#8221;default&#8221; global_colors_info=&#8221;{}&#8221;][et_pb_map address=&#8221;S\u00e4\u00e4st\u00f6pankinranta 2a, 00530 Helsinki, Suomi&#8221; address_lat=&#8221;60.1795066&#8243; address_lng=&#8221;24.9492591&#8243; _builder_version=&#8221;4.19.4&#8243; _module_preset=&#8221;default&#8221; custom_padding=&#8221;|35px|||false|false&#8221; custom_padding_tablet=&#8221;|30px||30px|false|true&#8221; custom_padding_phone=&#8221;|30px||30px|false|true&#8221; custom_padding_last_edited=&#8221;on|phone&#8221; global_colors_info=&#8221;{}&#8221;][et_pb_map_pin title=&#8221;Vikes&#8221; pin_address=&#8221;S\u00e4\u00e4st\u00f6pankinranta 2a, 00530 Helsinki, Suomi&#8221; pin_address_lat=&#8221;60.1795066&#8243; pin_address_lng=&#8221;24.9492591&#8243; _builder_version=&#8221;4.19.4&#8243; _module_preset=&#8221;default&#8221; global_colors_info=&#8221;{}&#8221;]<\/p>\n<p><strong>Gatuadress:<\/strong> Broholmsgatan 16<br \/><strong>Bes\u00f6ksadress:<\/strong> S\u00e4\u00e4st\u00f6pankinranta 2 A, 7. v\u00e5ningen <br \/><strong>Postadress:<\/strong> PL 252, 00531 Helsingfors<br \/><strong>Telefon:<\/strong> +358 40 411 0576<\/p>\n<p>[\/et_pb_map_pin][\/et_pb_map][\/et_pb_column][\/et_pb_row][et_pb_row column_structure=&#8221;1_2,1_2&#8243; _builder_version=&#8221;4.27.3&#8243; _module_preset=&#8221;default&#8221; custom_margin=&#8221;0px|auto|0px|auto|false|false&#8221; custom_padding=&#8221;100px|40px||40px|false|true&#8221; border_color_all=&#8221;gcid-78c82a69-71d2-4231-b1ba-9743c706cfd5&#8243; border_width_right=&#8221;1px&#8221; border_width_left=&#8221;1px&#8221; global_colors_info=&#8221;{%22gcid-78c82a69-71d2-4231-b1ba-9743c706cfd5%22:%91%22border_color_all%22%93}&#8221;][et_pb_column type=&#8221;1_2&#8243; _builder_version=&#8221;4.18.0&#8243; _module_preset=&#8221;default&#8221; global_colors_info=&#8221;{}&#8221;][et_pb_text _builder_version=&#8221;4.27.3&#8243; _module_preset=&#8221;391197ed-7fc1-46bf-bf91-03326945a880&#8243; header_2_font=&#8221;|800||on|||||&#8221; header_2_text_color=&#8221;gcid-d43b96a4-5fb2-4cc4-9bc0-7cb9830992a1&#8243; header_3_font=&#8221;||||||||&#8221; global_colors_info=&#8221;{%22gcid-160f56b5-181b-4d1a-8bb1-5437efe9a365%22:%91%22header_text_color%22%93,%22gcid-d43b96a4-5fb2-4cc4-9bc0-7cb9830992a1%22:%91%22header_2_text_color%22%93}&#8221;]<\/p>\n<h2>Personal<\/h2>\n<p>[\/et_pb_text][\/et_pb_column][et_pb_column type=&#8221;1_2&#8243; _builder_version=&#8221;4.18.0&#8243; _module_preset=&#8221;default&#8221; global_colors_info=&#8221;{}&#8221;][\/et_pb_column][\/et_pb_row][et_pb_row column_structure=&#8221;1_4,1_4,1_4,1_4&#8243; _builder_version=&#8221;4.27.3&#8243; _module_preset=&#8221;e3319405-24da-48bc-bbc5-7e8389810167&#8243; global_colors_info=&#8221;{%22gcid-36eda64e-1a58-4ee2-8cdd-574547f16cc9%22:%91%22border_color_left%22,%22border_color_right%22%93}&#8221;][et_pb_column type=&#8221;1_4&#8243; _builder_version=&#8221;4.27.3&#8243; _module_preset=&#8221;default&#8221; global_colors_info=&#8221;{}&#8221;][et_pb_team_member name=&#8221;Marjo Heinonen&#8221; position=&#8221;Verksamhetsledare&#8221; image_url=&#8221;https:\/\/vikes.fi\/wp-content\/uploads\/2025\/06\/DSC8309-Edit_3_Copy-1-682&#215;1024.jpg&#8221; _builder_version=&#8221;4.27.3&#8243; _module_preset=&#8221;default&#8221; global_colors_info=&#8221;{}&#8221;]<\/p>\n<p><a href=\"mailto:marjo.heinonen@vikes.fi\">marjo.heinonen@vikes.fi<\/a><br \/><a href=\"tel:+358449787943\">+358 (0) 44 9787943<\/a><\/p>\n<p>[\/et_pb_team_member][\/et_pb_column][et_pb_column type=&#8221;1_4&#8243; _builder_version=&#8221;4.27.3&#8243; _module_preset=&#8221;default&#8221; global_colors_info=&#8221;{}&#8221;][et_pb_team_member name=&#8221;Wali Hashi&#8221; position=&#8221;Projektspecialist f\u00f6r Somalia&#8221; image_url=&#8221;https:\/\/vikes.fi\/wp-content\/uploads\/2025\/06\/DSC8057-Edit_2_Copy-1-scaled.jpg&#8221; _builder_version=&#8221;4.27.3&#8243; _module_preset=&#8221;default&#8221; global_colors_info=&#8221;{}&#8221;]<\/p>\n<p><a href=\"mailto:wali.hashi@vikes.fi\">wali.hashi@vikes.fi<\/a><\/p>\n<p>[\/et_pb_team_member][\/et_pb_column][et_pb_column type=&#8221;1_4&#8243; _builder_version=&#8221;4.27.3&#8243; _module_preset=&#8221;default&#8221; global_colors_info=&#8221;{}&#8221;][et_pb_team_member name=&#8221;Peik Johansson&#8221; position=&#8221;Projektspecialist f\u00f6r \u00d6stafrika och Nepal&#8221; image_url=&#8221;https:\/\/vikes.fi\/wp-content\/uploads\/2025\/06\/DSC7978-Edit_2_Copy-2-2-682&#215;1024.jpg&#8221; _builder_version=&#8221;4.27.3&#8243; _module_preset=&#8221;default&#8221; global_colors_info=&#8221;{}&#8221;]<\/p>\n<p><a href=\"mailto:peik.johansson@vikes.fi\">peik.johansson@vikes.fi<\/a><\/p>\n<p>[\/et_pb_team_member][\/et_pb_column][et_pb_column type=&#8221;1_4&#8243; _builder_version=&#8221;4.27.3&#8243; _module_preset=&#8221;default&#8221; global_colors_info=&#8221;{}&#8221;][et_pb_team_member name=&#8221;Kimmo Lehtonen&#8221; position=&#8221;Projektspecialist f\u00f6r Centralamerika&#8221; image_url=&#8221;https:\/\/vikes.fi\/wp-content\/uploads\/2025\/06\/DSC7902-Edit_5_Copy-1-682&#215;1024.jpg&#8221; _builder_version=&#8221;4.27.3&#8243; _module_preset=&#8221;default&#8221; global_colors_info=&#8221;{}&#8221;]<\/p>\n<p><a href=\"mailto:kimmo.lehtonen@vikes.fi\">kimmo.lehtonen@vikes.fi<\/a><\/p>\n<p>[\/et_pb_team_member][\/et_pb_column][\/et_pb_row][et_pb_row column_structure=&#8221;1_4,1_4,1_4,1_4&#8243; _builder_version=&#8221;4.27.3&#8243; _module_preset=&#8221;e3319405-24da-48bc-bbc5-7e8389810167&#8243; custom_margin=&#8221;0px|auto|30px|auto|false|false&#8221; border_width_bottom=&#8221;1px&#8221; border_color_bottom=&#8221;gcid-36eda64e-1a58-4ee2-8cdd-574547f16cc9&#8243; global_colors_info=&#8221;{%22gcid-36eda64e-1a58-4ee2-8cdd-574547f16cc9%22:%91%22border_color_left%22,%22border_color_right%22,%22border_color_bottom%22%93}&#8221;][et_pb_column type=&#8221;1_4&#8243; _builder_version=&#8221;4.27.3&#8243; _module_preset=&#8221;default&#8221; global_colors_info=&#8221;{}&#8221;][et_pb_team_member name=&#8221;Suvi Kallio&#8221; position=&#8221;Kvalitets och inl\u00e4rningsexpert och projektansvarig f\u00f6r Myanmar&#8221; image_url=&#8221;https:\/\/vikes.fi\/wp-content\/uploads\/2025\/10\/DSC8260-Edit_2_Copy-1.jpg&#8221; _builder_version=&#8221;4.27.3&#8243; _module_preset=&#8221;default&#8221; global_colors_info=&#8221;{}&#8221;]<\/p>\n<p><a href=\"mailto:%20suvi.kallio@vikes.fi\"> suvi.kallio@vikes.fi <\/a><\/p>\n<p>[\/et_pb_team_member][\/et_pb_column][et_pb_column type=&#8221;1_4&#8243; _builder_version=&#8221;4.27.3&#8243; _module_preset=&#8221;default&#8221; global_colors_info=&#8221;{}&#8221;][et_pb_team_member name=&#8221;Kristiina Markkanen&#8221; position=&#8221;Specialist i global fostran och projektansvarig f\u00f6r Mer m\u00e5ngfald i media nu!&#8221; image_url=&#8221;https:\/\/vikes.fi\/wp-content\/uploads\/2025\/06\/DSC8635-Edit_2_Copy-1-682&#215;1024.jpg&#8221; _builder_version=&#8221;4.27.3&#8243; _module_preset=&#8221;default&#8221; global_colors_info=&#8221;{}&#8221;]<\/p>\n<p><a href=\"mailto:kristiina.markkanen@vikes.fi\">kristiina.markkanen@vikes.fi<\/a><\/p>\n<p>[\/et_pb_team_member][\/et_pb_column][et_pb_column type=&#8221;1_4&#8243; _builder_version=&#8221;4.27.3&#8243; _module_preset=&#8221;default&#8221; global_colors_info=&#8221;{}&#8221;][et_pb_team_member name=&#8221;Tiina Helin&#8221; position=&#8221;Kommunikationsexpert&#8221; image_url=&#8221;https:\/\/vikes.fi\/wp-content\/uploads\/2025\/06\/DSC7632-Edit_6_-682&#215;1024.jpg&#8221; _builder_version=&#8221;4.27.3&#8243; _module_preset=&#8221;default&#8221; global_colors_info=&#8221;{}&#8221;]<a href=\"mailto:tiina.helin@vikes.fi\">tiina.helin@vikes.fi<\/a><br \/>\n<a href=\"tel:+358401250346\">+358 (0) 40 1250346<\/a>[\/et_pb_team_member][\/et_pb_column][et_pb_column type=&#8221;1_4&#8243; _builder_version=&#8221;4.27.3&#8243; _module_preset=&#8221;default&#8221; global_colors_info=&#8221;{}&#8221;][\/et_pb_column][\/et_pb_row][\/et_pb_section][et_pb_section fb_built=&#8221;1&#8243; _builder_version=&#8221;4.19.0&#8243; _module_preset=&#8221;default&#8221; custom_padding=&#8221;||0px||false|false&#8221; global_colors_info=&#8221;{}&#8221;][et_pb_row column_structure=&#8221;1_2,1_2&#8243; _builder_version=&#8221;4.18.0&#8243; _module_preset=&#8221;default&#8221; border_width_all=&#8221;1px&#8221; border_color_all=&#8221;gcid-78c82a69-71d2-4231-b1ba-9743c706cfd5&#8243; global_colors_info=&#8221;{%22gcid-78c82a69-71d2-4231-b1ba-9743c706cfd5%22:%91%22border_color_all%22%93}&#8221;][et_pb_column type=&#8221;1_2&#8243; _builder_version=&#8221;4.16.0&#8243; _module_preset=&#8221;default&#8221; global_colors_info=&#8221;{}&#8221;][et_pb_text _builder_version=&#8221;4.19.0&#8243; _module_preset=&#8221;19d6e13d-6dc0-453c-a15a-72c5338d5b3f&#8221; header_font_size=&#8221;49px&#8221; background_color=&#8221;#FFFFFF&#8221; custom_margin=&#8221;33px|||-35px|false|false&#8221; global_colors_info=&#8221;{}&#8221;]<\/p>\n<h2>Vi beh\u00f6ver<br \/>ocks\u00e5 dig!<\/h2>\n<p>[\/et_pb_text][et_pb_image src=&#8221;https:\/\/vikes.fi\/wp-content\/uploads\/2022\/11\/ryhdy-kklahjoittajaksi.png&#8221; title_text=&#8221;bli-m\u00e5natligdonerare&#8221; url=&#8221;@ET-DC@eyJkeW5hbWljIjp0cnVlLCJjb250ZW50IjoicG9zdF9saW5rX3VybF9wYWdlIiwic2V0dGluZ3MiOnsicG9zdF9pZCI6IjMzMCIsImVuYWJsZV9odG1sIjoib2ZmIn19@&#8221; align=&#8221;center&#8221; _builder_version=&#8221;4.19.4&#8243; _dynamic_attributes=&#8221;url&#8221; _module_preset=&#8221;default&#8221; max_width_tablet=&#8221;&#8221; max_width_phone=&#8221;68%&#8221; max_width_last_edited=&#8221;on|phone&#8221; max_height=&#8221;263px&#8221; custom_margin=&#8221;|||50px|false|false&#8221; global_colors_info=&#8221;{}&#8221;][\/et_pb_image][\/et_pb_column][et_pb_column type=&#8221;1_2&#8243; _builder_version=&#8221;4.16.0&#8243; _module_preset=&#8221;default&#8221; global_colors_info=&#8221;{}&#8221;][et_pb_image src=&#8221;https:\/\/vikes.fi\/wp-content\/uploads\/2018\/06\/wali-hashi-naistoimittajat-e1528805123169.jpg&#8221; alt=&#8221;Kvinnor fotograferar med videokamera i Somalia&#8221; align_phone=&#8221;left&#8221; align_last_edited=&#8221;off|phone&#8221; _builder_version=&#8221;4.19.0&#8243; _module_preset=&#8221;default&#8221; custom_margin=&#8221;||||false|false&#8221; custom_padding=&#8221;|38px|||false|false&#8221; custom_padding_tablet=&#8221;|38px||38px|false|true&#8221; custom_padding_phone=&#8221;|22px||22px|false|true&#8221; custom_padding_last_edited=&#8221;on|desktop&#8221; global_colors_info=&#8221;{}&#8221;][\/et_pb_image][\/et_pb_column][\/et_pb_row][\/et_pb_section][et_pb_section fb_built=&#8221;1&#8243; _builder_version=&#8221;4.18.0&#8243; _module_preset=&#8221;default&#8221; global_colors_info=&#8221;{}&#8221;][et_pb_row column_structure=&#8221;1_2,1_2&#8243; _builder_version=&#8221;4.19.0&#8243; _module_preset=&#8221;default&#8221; custom_margin=&#8221;0px||0px||false|false&#8221; custom_padding=&#8221;||||false|false&#8221; global_colors_info=&#8221;{}&#8221;][et_pb_column type=&#8221;1_2&#8243; _builder_version=&#8221;4.19.0&#8243; _module_preset=&#8221;default&#8221; background_color=&#8221;gcid-b92f4afe-4c70-42c5-b791-ee35f5c471ba&#8221; background_image=&#8221;https:\/\/vikes.fi\/wp-content\/uploads\/2022\/10\/vikes-logomerkki.png&#8221; background_size=&#8221;custom&#8221; background_image_width=&#8221;156px&#8221; background_position=&#8221;top_right&#8221; background_horizontal_offset=&#8221;-7%&#8221; custom_padding=&#8221;55px||28px||false|false&#8221; global_colors_info=&#8221;{%22gcid-b92f4afe-4c70-42c5-b791-ee35f5c471ba%22:%91%22background_color%22%93}&#8221;][et_pb_text _builder_version=&#8221;4.27.3&#8243; _module_preset=&#8221;default&#8221; text_text_color=&#8221;#000000&#8243; custom_margin=&#8221;||||false|false&#8221; custom_padding=&#8221;|||30px|false|false&#8221; global_colors_info=&#8221;{}&#8221;]<\/p>\n<h3>Insamlingskonto<\/h3>\n<p><strong>Andelsbanken: <\/strong>FI19 5541 2820 0326 48<br \/><strong>BIC(SWIFT):<\/strong> OKOYFIHH<br \/>Insamlingstillst\u00e5nd RA\/2022\/39 beviljat av Polisstyrelsen \u00e4r i kraft sedan 01.02.2022 tills vidare.<\/p>\n<p>[\/et_pb_text][\/et_pb_column][et_pb_column type=&#8221;1_2&#8243; _builder_version=&#8221;4.19.0&#8243; _module_preset=&#8221;default&#8221; background_color=&#8221;gcid-f42806e8-047f-4f4c-a440-87b2c50410a3&#8243; background_image=&#8221;https:\/\/vikes.fi\/wp-content\/uploads\/2022\/10\/vikes-logomerkki.png&#8221; background_size=&#8221;custom&#8221; background_image_width=&#8221;154px&#8221; background_position=&#8221;top_right&#8221; background_horizontal_offset=&#8221;-7%&#8221; custom_padding=&#8221;55px||50px||false|false&#8221; global_colors_info=&#8221;{%22gcid-f42806e8-047f-4f4c-a440-87b2c50410a3%22:%91%22background_color%22%93}&#8221;][et_pb_text _builder_version=&#8221;4.27.3&#8243; _module_preset=&#8221;default&#8221; text_text_color=&#8221;#000000&#8243; custom_padding=&#8221;|||30px|false|false&#8221; global_colors_info=&#8221;{}&#8221;]<\/p>\n<h3>E-faktureringsadress<\/h3>\n<p><strong>E-faktureringsadress:<\/strong> <span>003719500523 (Yrityksen OVT-tunnus)<\/span><br \/><strong>Operat\u00f6rens ID:<\/strong> <span> 003701150617<\/span><br \/><strong>Operat\u00f6r: <\/strong>Apix Messaging Oy<\/p>\n<p class=\"x_MsoNormal\">\n<p>[\/et_pb_text][\/et_pb_column][\/et_pb_row][\/et_pb_section]<\/p>\n","protected":false},"excerpt":{"rendered":"<p>Kontor och personalSTIFTELSEN F\u00d6R MEDIA OCH UTVECKLING&nbsp; V\u00e5rt kontor ligger i Cirkelhuset i Helsingfors Gatudress: Broholmsgatan 18-20Bes\u00f6ksadress: Broholmsgatan 18 A 7. v\u00e5ningen Postadress: PL 252, 00531 Helsingfors E-post: vikes@vikes.fiTelefon: +358 [&hellip;]<\/p>\n","protected":false},"author":21,"featured_media":18892,"parent":0,"menu_order":0,"comment_status":"closed","ping_status":"closed","template":"","meta":{"_acf_changed":false,"_et_pb_use_builder":"on","_et_pb_old_content":"","_et_gb_content_width":"","_price":"","_stock":"","_tribe_ticket_header":"","_tribe_default_ticket_provider":"","_tribe_ticket_capacity":"0","_ticket_start_date":"","_ticket_end_date":"","_tribe_ticket_show_description":"","_tribe_ticket_show_not_going":false,"_tribe_ticket_use_global_stock":"","_tribe_ticket_global_stock_level":"","_global_stock_mode":"","_global_stock_cap":"","_tribe_rsvp_for_event":"","_tribe_ticket_going_count":"","_tribe_ticket_not_going_count":"","_tribe_tickets_list":"[]","_tribe_ticket_has_attendee_info_fields":false,"footnotes":""},"class_list":["post-18891","page","type-page","status-publish","has-post-thumbnail","hentry"],"acf":[],"yoast_head":"<!-- This site is optimized with the Yoast SEO plugin v27.3 - https:\/\/yoast.com\/product\/yoast-seo-wordpress\/ -->\n<title>Kontaktuppgifter - Viestint\u00e4 ja kehitys -s\u00e4\u00e4ti\u00f6<\/title>\n<meta name=\"robots\" content=\"index, follow, max-snippet:-1, max-image-preview:large, max-video-preview:-1\" \/>\n<link rel=\"canonical\" href=\"https:\/\/vikes.fi\/sv\/kontaktuppgifter\" \/>\n<meta property=\"og:locale\" content=\"sv_SE\" \/>\n<meta property=\"og:type\" content=\"article\" \/>\n<meta property=\"og:title\" content=\"Kontaktuppgifter - Viestint\u00e4 ja kehitys -s\u00e4\u00e4ti\u00f6\" \/>\n<meta property=\"og:description\" content=\"Kontor och personalSTIFTELSEN F\u00d6R MEDIA OCH UTVECKLING&nbsp; V\u00e5rt kontor ligger i Cirkelhuset i Helsingfors Gatudress: Broholmsgatan 18-20Bes\u00f6ksadress: Broholmsgatan 18 A 7. v\u00e5ningen Postadress: PL 252, 00531 Helsingfors E-post: vikes@vikes.fiTelefon: +358 [&hellip;]\" \/>\n<meta property=\"og:url\" content=\"https:\/\/vikes.fi\/sv\/kontaktuppgifter\" \/>\n<meta property=\"og:site_name\" content=\"Viestint\u00e4 ja kehitys -s\u00e4\u00e4ti\u00f6\" \/>\n<meta property=\"article:publisher\" content=\"https:\/\/www.facebook.com\/Vikes.fi\" \/>\n<meta property=\"article:modified_time\" content=\"2025-11-12T09:57:53+00:00\" \/>\n<meta property=\"og:image\" content=\"https:\/\/vikes.fi\/wp-content\/uploads\/2022\/11\/luetaan-uutisia.jpg\" \/>\n\t<meta property=\"og:image:width\" content=\"2100\" \/>\n\t<meta property=\"og:image:height\" content=\"1240\" \/>\n\t<meta property=\"og:image:type\" content=\"image\/jpeg\" \/>\n<meta name=\"twitter:card\" content=\"summary_large_image\" \/>\n<meta name=\"twitter:site\" content=\"@vikesverkko\" \/>\n<meta name=\"twitter:label1\" content=\"Ber\u00e4knad l\u00e4stid\" \/>\n\t<meta name=\"twitter:data1\" content=\"8 minuter\" \/>\n<script type=\"application\/ld+json\" class=\"yoast-schema-graph\">{\"@context\":\"https:\\\/\\\/schema.org\",\"@graph\":[{\"@type\":\"WebPage\",\"@id\":\"https:\\\/\\\/vikes.fi\\\/sv\\\/kontaktuppgifter\",\"url\":\"https:\\\/\\\/vikes.fi\\\/sv\\\/kontaktuppgifter\",\"name\":\"Kontaktuppgifter - Viestint\u00e4 ja kehitys -s\u00e4\u00e4ti\u00f6\",\"isPartOf\":{\"@id\":\"https:\\\/\\\/vikes.fi\\\/#website\"},\"primaryImageOfPage\":{\"@id\":\"https:\\\/\\\/vikes.fi\\\/sv\\\/kontaktuppgifter#primaryimage\"},\"image\":{\"@id\":\"https:\\\/\\\/vikes.fi\\\/sv\\\/kontaktuppgifter#primaryimage\"},\"thumbnailUrl\":\"https:\\\/\\\/vikes.fi\\\/wp-content\\\/uploads\\\/2022\\\/11\\\/luetaan-uutisia.jpg\",\"datePublished\":\"2022-10-25T09:22:48+00:00\",\"dateModified\":\"2025-11-12T09:57:53+00:00\",\"breadcrumb\":{\"@id\":\"https:\\\/\\\/vikes.fi\\\/sv\\\/kontaktuppgifter#breadcrumb\"},\"inLanguage\":\"sv-SE\",\"potentialAction\":[{\"@type\":\"ReadAction\",\"target\":[\"https:\\\/\\\/vikes.fi\\\/sv\\\/kontaktuppgifter\"]}]},{\"@type\":\"ImageObject\",\"inLanguage\":\"sv-SE\",\"@id\":\"https:\\\/\\\/vikes.fi\\\/sv\\\/kontaktuppgifter#primaryimage\",\"url\":\"https:\\\/\\\/vikes.fi\\\/wp-content\\\/uploads\\\/2022\\\/11\\\/luetaan-uutisia.jpg\",\"contentUrl\":\"https:\\\/\\\/vikes.fi\\\/wp-content\\\/uploads\\\/2022\\\/11\\\/luetaan-uutisia.jpg\",\"width\":2100,\"height\":1240},{\"@type\":\"BreadcrumbList\",\"@id\":\"https:\\\/\\\/vikes.fi\\\/sv\\\/kontaktuppgifter#breadcrumb\",\"itemListElement\":[{\"@type\":\"ListItem\",\"position\":1,\"name\":\"Home\",\"item\":\"https:\\\/\\\/vikes.fi\\\/\"},{\"@type\":\"ListItem\",\"position\":2,\"name\":\"Kontaktuppgifter\"}]},{\"@type\":\"WebSite\",\"@id\":\"https:\\\/\\\/vikes.fi\\\/#website\",\"url\":\"https:\\\/\\\/vikes.fi\\\/\",\"name\":\"Viestint\u00e4 ja kehitys -s\u00e4\u00e4ti\u00f6\",\"description\":\"Viestint\u00e4 ja kehitys -s\u00e4\u00e4ti\u00f6\",\"publisher\":{\"@id\":\"https:\\\/\\\/vikes.fi\\\/#organization\"},\"potentialAction\":[{\"@type\":\"SearchAction\",\"target\":{\"@type\":\"EntryPoint\",\"urlTemplate\":\"https:\\\/\\\/vikes.fi\\\/?s={search_term_string}\"},\"query-input\":{\"@type\":\"PropertyValueSpecification\",\"valueRequired\":true,\"valueName\":\"search_term_string\"}}],\"inLanguage\":\"sv-SE\"},{\"@type\":\"Organization\",\"@id\":\"https:\\\/\\\/vikes.fi\\\/#organization\",\"name\":\"Viestint\u00e4 ja kehitys -s\u00e4\u00e4ti\u00f6\",\"url\":\"https:\\\/\\\/vikes.fi\\\/\",\"logo\":{\"@type\":\"ImageObject\",\"inLanguage\":\"sv-SE\",\"@id\":\"https:\\\/\\\/vikes.fi\\\/#\\\/schema\\\/logo\\\/image\\\/\",\"url\":\"https:\\\/\\\/vikes.fi\\\/wp-content\\\/uploads\\\/2018\\\/04\\\/Vikes_logo_1000.png\",\"contentUrl\":\"https:\\\/\\\/vikes.fi\\\/wp-content\\\/uploads\\\/2018\\\/04\\\/Vikes_logo_1000.png\",\"width\":1000,\"height\":505,\"caption\":\"Viestint\u00e4 ja kehitys -s\u00e4\u00e4ti\u00f6\"},\"image\":{\"@id\":\"https:\\\/\\\/vikes.fi\\\/#\\\/schema\\\/logo\\\/image\\\/\"},\"sameAs\":[\"https:\\\/\\\/www.facebook.com\\\/Vikes.fi\",\"https:\\\/\\\/x.com\\\/vikesverkko\",\"https:\\\/\\\/www.instagram.com\\\/vikes.fi\\\/\",\"https:\\\/\\\/www.youtube.com\\\/channel\\\/UCOS7sgxh-T1dzykfQ6-dDyg?sub_confirmation=1\"]}]}<\/script>\n<!-- \/ Yoast SEO plugin. -->","yoast_head_json":{"title":"Kontaktuppgifter - Viestint\u00e4 ja kehitys -s\u00e4\u00e4ti\u00f6","robots":{"index":"index","follow":"follow","max-snippet":"max-snippet:-1","max-image-preview":"max-image-preview:large","max-video-preview":"max-video-preview:-1"},"canonical":"https:\/\/vikes.fi\/sv\/kontaktuppgifter","og_locale":"sv_SE","og_type":"article","og_title":"Kontaktuppgifter - Viestint\u00e4 ja kehitys -s\u00e4\u00e4ti\u00f6","og_description":"Kontor och personalSTIFTELSEN F\u00d6R MEDIA OCH UTVECKLING&nbsp; V\u00e5rt kontor ligger i Cirkelhuset i Helsingfors Gatudress: Broholmsgatan 18-20Bes\u00f6ksadress: Broholmsgatan 18 A 7. v\u00e5ningen Postadress: PL 252, 00531 Helsingfors E-post: vikes@vikes.fiTelefon: +358 [&hellip;]","og_url":"https:\/\/vikes.fi\/sv\/kontaktuppgifter","og_site_name":"Viestint\u00e4 ja kehitys -s\u00e4\u00e4ti\u00f6","article_publisher":"https:\/\/www.facebook.com\/Vikes.fi","article_modified_time":"2025-11-12T09:57:53+00:00","og_image":[{"width":2100,"height":1240,"url":"https:\/\/vikes.fi\/wp-content\/uploads\/2022\/11\/luetaan-uutisia.jpg","type":"image\/jpeg"}],"twitter_card":"summary_large_image","twitter_site":"@vikesverkko","twitter_misc":{"Ber\u00e4knad l\u00e4stid":"8 minuter"},"schema":{"@context":"https:\/\/schema.org","@graph":[{"@type":"WebPage","@id":"https:\/\/vikes.fi\/sv\/kontaktuppgifter","url":"https:\/\/vikes.fi\/sv\/kontaktuppgifter","name":"Kontaktuppgifter - Viestint\u00e4 ja kehitys -s\u00e4\u00e4ti\u00f6","isPartOf":{"@id":"https:\/\/vikes.fi\/#website"},"primaryImageOfPage":{"@id":"https:\/\/vikes.fi\/sv\/kontaktuppgifter#primaryimage"},"image":{"@id":"https:\/\/vikes.fi\/sv\/kontaktuppgifter#primaryimage"},"thumbnailUrl":"https:\/\/vikes.fi\/wp-content\/uploads\/2022\/11\/luetaan-uutisia.jpg","datePublished":"2022-10-25T09:22:48+00:00","dateModified":"2025-11-12T09:57:53+00:00","breadcrumb":{"@id":"https:\/\/vikes.fi\/sv\/kontaktuppgifter#breadcrumb"},"inLanguage":"sv-SE","potentialAction":[{"@type":"ReadAction","target":["https:\/\/vikes.fi\/sv\/kontaktuppgifter"]}]},{"@type":"ImageObject","inLanguage":"sv-SE","@id":"https:\/\/vikes.fi\/sv\/kontaktuppgifter#primaryimage","url":"https:\/\/vikes.fi\/wp-content\/uploads\/2022\/11\/luetaan-uutisia.jpg","contentUrl":"https:\/\/vikes.fi\/wp-content\/uploads\/2022\/11\/luetaan-uutisia.jpg","width":2100,"height":1240},{"@type":"BreadcrumbList","@id":"https:\/\/vikes.fi\/sv\/kontaktuppgifter#breadcrumb","itemListElement":[{"@type":"ListItem","position":1,"name":"Home","item":"https:\/\/vikes.fi\/"},{"@type":"ListItem","position":2,"name":"Kontaktuppgifter"}]},{"@type":"WebSite","@id":"https:\/\/vikes.fi\/#website","url":"https:\/\/vikes.fi\/","name":"Viestint\u00e4 ja kehitys -s\u00e4\u00e4ti\u00f6","description":"Viestint\u00e4 ja kehitys -s\u00e4\u00e4ti\u00f6","publisher":{"@id":"https:\/\/vikes.fi\/#organization"},"potentialAction":[{"@type":"SearchAction","target":{"@type":"EntryPoint","urlTemplate":"https:\/\/vikes.fi\/?s={search_term_string}"},"query-input":{"@type":"PropertyValueSpecification","valueRequired":true,"valueName":"search_term_string"}}],"inLanguage":"sv-SE"},{"@type":"Organization","@id":"https:\/\/vikes.fi\/#organization","name":"Viestint\u00e4 ja kehitys -s\u00e4\u00e4ti\u00f6","url":"https:\/\/vikes.fi\/","logo":{"@type":"ImageObject","inLanguage":"sv-SE","@id":"https:\/\/vikes.fi\/#\/schema\/logo\/image\/","url":"https:\/\/vikes.fi\/wp-content\/uploads\/2018\/04\/Vikes_logo_1000.png","contentUrl":"https:\/\/vikes.fi\/wp-content\/uploads\/2018\/04\/Vikes_logo_1000.png","width":1000,"height":505,"caption":"Viestint\u00e4 ja kehitys -s\u00e4\u00e4ti\u00f6"},"image":{"@id":"https:\/\/vikes.fi\/#\/schema\/logo\/image\/"},"sameAs":["https:\/\/www.facebook.com\/Vikes.fi","https:\/\/x.com\/vikesverkko","https:\/\/www.instagram.com\/vikes.fi\/","https:\/\/www.youtube.com\/channel\/UCOS7sgxh-T1dzykfQ6-dDyg?sub_confirmation=1"]}]}},"_links":{"self":[{"href":"https:\/\/vikes.fi\/sv\/wp-json\/wp\/v2\/pages\/18891","targetHints":{"allow":["GET"]}}],"collection":[{"href":"https:\/\/vikes.fi\/sv\/wp-json\/wp\/v2\/pages"}],"about":[{"href":"https:\/\/vikes.fi\/sv\/wp-json\/wp\/v2\/types\/page"}],"author":[{"embeddable":true,"href":"https:\/\/vikes.fi\/sv\/wp-json\/wp\/v2\/users\/21"}],"replies":[{"embeddable":true,"href":"https:\/\/vikes.fi\/sv\/wp-json\/wp\/v2\/comments?post=18891"}],"version-history":[{"count":2,"href":"https:\/\/vikes.fi\/sv\/wp-json\/wp\/v2\/pages\/18891\/revisions"}],"predecessor-version":[{"id":20836,"href":"https:\/\/vikes.fi\/sv\/wp-json\/wp\/v2\/pages\/18891\/revisions\/20836"}],"wp:featuredmedia":[{"embeddable":true,"href":"https:\/\/vikes.fi\/sv\/wp-json\/wp\/v2\/media\/18892"}],"wp:attachment":[{"href":"https:\/\/vikes.fi\/sv\/wp-json\/wp\/v2\/media?parent=18891"}],"curies":[{"name":"wp","href":"https:\/\/api.w.org\/{rel}","templated":true}]}}