{"id":18870,"date":"2022-12-09T14:35:12","date_gmt":"2022-12-09T12:35:12","guid":{"rendered":"https:\/\/vikes.fi\/natverk-for-globala-journalister"},"modified":"2025-05-21T10:49:14","modified_gmt":"2025-05-21T07:49:14","slug":"natverk-for-globala-journalister","status":"publish","type":"page","link":"https:\/\/vikes.fi\/sv\/natverk-for-globala-journalister","title":{"rendered":"N\u00e4tverk f\u00f6r globala journalister"},"content":{"rendered":"<p>[et_pb_section fb_built=&#8221;1&#8243; _builder_version=&#8221;4.19.0&#8243; _module_preset=&#8221;default&#8221; global_colors_info=&#8221;{}&#8221;][et_pb_row _builder_version=&#8221;4.19.4&#8243; _module_preset=&#8221;default&#8221; custom_margin=&#8221;50px||50px||false|false&#8221; border_width_all=&#8221;1px&#8221; border_color_all=&#8221;gcid-78c82a69-71d2-4231-b1ba-9743c706cfd5&#8243; border_width_top=&#8221;1px&#8221; border_color_top=&#8221;gcid-549a5b0f-b9a8-4234-8fb3-9f52112464a2&#8243; border_width_right=&#8221;1px&#8221; border_color_right=&#8221;gcid-549a5b0f-b9a8-4234-8fb3-9f52112464a2&#8243; border_width_left=&#8221;1px&#8221; border_color_left=&#8221;gcid-549a5b0f-b9a8-4234-8fb3-9f52112464a2&#8243; global_colors_info=&#8221;{%22gcid-549a5b0f-b9a8-4234-8fb3-9f52112464a2%22:%91%22border_color_right%22,%22border_color_left%22,%22border_color_top%22%93,%22gcid-78c82a69-71d2-4231-b1ba-9743c706cfd5%22:%91%22border_color_all%22%93}&#8221;][et_pb_column type=&#8221;4_4&#8243; _builder_version=&#8221;4.16.0&#8243; _module_preset=&#8221;default&#8221; global_colors_info=&#8221;{}&#8221;][et_pb_text _builder_version=&#8221;4.19.0&#8243; _module_preset=&#8221;19d6e13d-6dc0-453c-a15a-72c5338d5b3f&#8221; header_font_size=&#8221;46px&#8221; background_color=&#8221;#FFFFFF&#8221; custom_margin=&#8221;32px||32px|-35px|false|false&#8221; custom_padding=&#8221;15px||0px||false|false&#8221; global_colors_info=&#8221;{}&#8221;]<\/p>\n<h1>N\u00e4tverket f\u00f6r globala journalister<\/h1>\n<p>[\/et_pb_text][\/et_pb_column][\/et_pb_row][et_pb_row column_structure=&#8221;1_2,1_2&#8243; _builder_version=&#8221;4.19.0&#8243; _module_preset=&#8221;default&#8221; global_colors_info=&#8221;{}&#8221;][et_pb_column type=&#8221;1_2&#8243; _builder_version=&#8221;4.19.0&#8243; _module_preset=&#8221;default&#8221; global_colors_info=&#8221;{}&#8221;][et_pb_text _builder_version=&#8221;4.27.3&#8243; _module_preset=&#8221;49b990a9-3f5c-41d7-a146-f53d734cb61f&#8221; hover_enabled=&#8221;0&#8243; global_colors_info=&#8221;{}&#8221; sticky_enabled=&#8221;0&#8243;]<\/p>\n<p>En grupp som \u00e4r verksam i Facebook \u00e4r f\u00f6rst om att f\u00e5 veta om Priset f\u00f6r utvecklingsjournalism, Vikes stipendium och evenemang \u00c4ven skr\u00e4ddarsydda evenemang ordnas f\u00f6r n\u00e4tverket.<\/p>\n<p>[\/et_pb_text][et_pb_divider color=&#8221;gcid-78c82a69-71d2-4231-b1ba-9743c706cfd5&#8243; divider_weight=&#8221;5px&#8221; _builder_version=&#8221;4.19.4&#8243; _module_preset=&#8221;default&#8221; width=&#8221;16%&#8221; custom_margin=&#8221;0px||0px||false|false&#8221; global_module=&#8221;11580&#8243; saved_tabs=&#8221;all&#8221; global_colors_info=&#8221;{%22gcid-78c82a69-71d2-4231-b1ba-9743c706cfd5%22:%91%22color%22%93}&#8221;][\/et_pb_divider][\/et_pb_column][et_pb_column type=&#8221;1_2&#8243; _builder_version=&#8221;4.19.0&#8243; _module_preset=&#8221;default&#8221; global_colors_info=&#8221;{}&#8221;][\/et_pb_column][\/et_pb_row][et_pb_row column_structure=&#8221;1_2,1_2&#8243; _builder_version=&#8221;4.19.0&#8243; _module_preset=&#8221;default&#8221; custom_margin=&#8221;0px|auto|30px|auto|false|false&#8221; global_colors_info=&#8221;{}&#8221;][et_pb_column type=&#8221;1_2&#8243; _builder_version=&#8221;4.19.0&#8243; _module_preset=&#8221;default&#8221; global_colors_info=&#8221;{}&#8221;][et_pb_text _builder_version=&#8221;4.27.3&#8243; _module_preset=&#8221;391197ed-7fc1-46bf-bf91-03326945a880&#8243; hover_enabled=&#8221;0&#8243; global_colors_info=&#8221;{%22gcid-body-color%22:%91%22text_text_color%22%93}&#8221; text_text_color=&#8221;gcid-body-color&#8221; sticky_enabled=&#8221;0&#8243;]<\/p>\n<p>V\u00e4lkommen till globala journalisters informella n\u00e4tverk!<\/p>\n<p>En \u00f6ppen Facebook grupp som heter <a href=\"https:\/\/www.facebook.com\/groups\/477650807389901\">Globaalit journalistit<\/a> fungerar som Vikes n\u00e4tverk f\u00f6r journalister som \u00e4r intresserade av globala fr\u00e5gor.<\/p>\n<p>Grunden f\u00f6r gruppen \u00e4r Vikes \u00f6nskan att bilda b\u00e4ttre n\u00e4tverk med journalister som skriver om utvecklingsfr\u00e5gor, samt viljan att erbjuda olika tj\u00e4nster f\u00f6r journalister i branschen.<\/p>\n<p>N\u00e4tverket lanserades den 24. mars 2022 i evenemanget \u201dJournalistik fr\u00e5n Afrika\u201d som Vikes organiserade tillsammans med enheten f\u00f6r utvecklingskommunikation vid utrikseministeriet.<\/p>\n<h3>Stipendier, pris, evenemang<\/h3>\n<p>N\u00e4tverket \u00e4r f\u00f6rst om att f\u00e5 h\u00f6ra om Vikes tj\u00e4nster och jippon, s\u00e5 som priset f\u00f6r utvecklingsjournalism som Vikes har grundat tillsammans med Finlands R\u00f6da Kors, Helsingin Sanomain S\u00e4\u00e4ti\u00f6 och Finlands Journalistf\u00f6rbund.<\/p>\n<p>[\/et_pb_text][\/et_pb_column][et_pb_column type=&#8221;1_2&#8243; _builder_version=&#8221;4.19.0&#8243; _module_preset=&#8221;default&#8221; global_colors_info=&#8221;{}&#8221;][et_pb_text _builder_version=&#8221;4.19.0&#8243; _module_preset=&#8221;default&#8221; custom_padding=&#8221;||2px|||&#8221;]<\/p>\n<h3><\/h3>\n<p>&nbsp;<\/p>\n<p>[\/et_pb_text][\/et_pb_column][\/et_pb_row][\/et_pb_section]<\/p>\n","protected":false},"excerpt":{"rendered":"<p>N\u00e4tverket f\u00f6r globala journalisterEn grupp som \u00e4r verksam i Facebook \u00e4r f\u00f6rst om att f\u00e5 veta om Priset f\u00f6r utvecklingsjournalism, Vikes stipendium och evenemang \u00c4ven skr\u00e4ddarsydda evenemang ordnas f\u00f6r n\u00e4tverket.V\u00e4lkommen [&hellip;]<\/p>\n","protected":false},"author":21,"featured_media":18871,"parent":0,"menu_order":0,"comment_status":"closed","ping_status":"closed","template":"","meta":{"_acf_changed":false,"_et_pb_use_builder":"on","_et_pb_old_content":"","_et_gb_content_width":"","_price":"","_stock":"","_tribe_ticket_header":"","_tribe_default_ticket_provider":"","_tribe_ticket_capacity":"0","_ticket_start_date":"","_ticket_end_date":"","_tribe_ticket_show_description":"","_tribe_ticket_show_not_going":false,"_tribe_ticket_use_global_stock":"","_tribe_ticket_global_stock_level":"","_global_stock_mode":"","_global_stock_cap":"","_tribe_rsvp_for_event":"","_tribe_ticket_going_count":"","_tribe_ticket_not_going_count":"","_tribe_tickets_list":"[]","_tribe_ticket_has_attendee_info_fields":false,"footnotes":""},"class_list":["post-18870","page","type-page","status-publish","has-post-thumbnail","hentry"],"acf":[],"yoast_head":"<!-- This site is optimized with the Yoast SEO plugin v27.3 - https:\/\/yoast.com\/product\/yoast-seo-wordpress\/ -->\n<title>N\u00e4tverk f\u00f6r globala journalister - Viestint\u00e4 ja kehitys -s\u00e4\u00e4ti\u00f6<\/title>\n<meta name=\"robots\" content=\"index, follow, max-snippet:-1, max-image-preview:large, max-video-preview:-1\" \/>\n<link rel=\"canonical\" href=\"https:\/\/vikes.fi\/sv\/natverk-for-globala-journalister\" \/>\n<meta property=\"og:locale\" content=\"sv_SE\" \/>\n<meta property=\"og:type\" content=\"article\" \/>\n<meta property=\"og:title\" content=\"N\u00e4tverk f\u00f6r globala journalister - Viestint\u00e4 ja kehitys -s\u00e4\u00e4ti\u00f6\" \/>\n<meta property=\"og:description\" content=\"N\u00e4tverket f\u00f6r globala journalisterEn grupp som \u00e4r verksam i Facebook \u00e4r f\u00f6rst om att f\u00e5 veta om Priset f\u00f6r utvecklingsjournalism, Vikes stipendium och evenemang \u00c4ven skr\u00e4ddarsydda evenemang ordnas f\u00f6r n\u00e4tverket.V\u00e4lkommen [&hellip;]\" \/>\n<meta property=\"og:url\" content=\"https:\/\/vikes.fi\/sv\/natverk-for-globala-journalister\" \/>\n<meta property=\"og:site_name\" content=\"Viestint\u00e4 ja kehitys -s\u00e4\u00e4ti\u00f6\" \/>\n<meta property=\"article:publisher\" content=\"https:\/\/www.facebook.com\/Vikes.fi\" \/>\n<meta property=\"article:modified_time\" content=\"2025-05-21T07:49:14+00:00\" \/>\n<meta property=\"og:image\" content=\"https:\/\/vikes.fi\/wp-content\/uploads\/2021\/12\/myanmar.jpg\" \/>\n\t<meta property=\"og:image:width\" content=\"3264\" \/>\n\t<meta property=\"og:image:height\" content=\"1326\" \/>\n\t<meta property=\"og:image:type\" content=\"image\/jpeg\" \/>\n<meta name=\"twitter:card\" content=\"summary_large_image\" \/>\n<meta name=\"twitter:site\" content=\"@vikesverkko\" \/>\n<meta name=\"twitter:label1\" content=\"Ber\u00e4knad l\u00e4stid\" \/>\n\t<meta name=\"twitter:data1\" content=\"3 minuter\" \/>\n<script type=\"application\/ld+json\" class=\"yoast-schema-graph\">{\"@context\":\"https:\\\/\\\/schema.org\",\"@graph\":[{\"@type\":\"WebPage\",\"@id\":\"https:\\\/\\\/vikes.fi\\\/sv\\\/natverk-for-globala-journalister\",\"url\":\"https:\\\/\\\/vikes.fi\\\/sv\\\/natverk-for-globala-journalister\",\"name\":\"N\u00e4tverk f\u00f6r globala journalister - Viestint\u00e4 ja kehitys -s\u00e4\u00e4ti\u00f6\",\"isPartOf\":{\"@id\":\"https:\\\/\\\/vikes.fi\\\/#website\"},\"primaryImageOfPage\":{\"@id\":\"https:\\\/\\\/vikes.fi\\\/sv\\\/natverk-for-globala-journalister#primaryimage\"},\"image\":{\"@id\":\"https:\\\/\\\/vikes.fi\\\/sv\\\/natverk-for-globala-journalister#primaryimage\"},\"thumbnailUrl\":\"https:\\\/\\\/vikes.fi\\\/wp-content\\\/uploads\\\/2021\\\/12\\\/myanmar.jpg\",\"datePublished\":\"2022-12-09T12:35:12+00:00\",\"dateModified\":\"2025-05-21T07:49:14+00:00\",\"breadcrumb\":{\"@id\":\"https:\\\/\\\/vikes.fi\\\/sv\\\/natverk-for-globala-journalister#breadcrumb\"},\"inLanguage\":\"sv-SE\",\"potentialAction\":[{\"@type\":\"ReadAction\",\"target\":[\"https:\\\/\\\/vikes.fi\\\/sv\\\/natverk-for-globala-journalister\"]}]},{\"@type\":\"ImageObject\",\"inLanguage\":\"sv-SE\",\"@id\":\"https:\\\/\\\/vikes.fi\\\/sv\\\/natverk-for-globala-journalister#primaryimage\",\"url\":\"https:\\\/\\\/vikes.fi\\\/wp-content\\\/uploads\\\/2021\\\/12\\\/myanmar.jpg\",\"contentUrl\":\"https:\\\/\\\/vikes.fi\\\/wp-content\\\/uploads\\\/2021\\\/12\\\/myanmar.jpg\",\"width\":3264,\"height\":1326},{\"@type\":\"BreadcrumbList\",\"@id\":\"https:\\\/\\\/vikes.fi\\\/sv\\\/natverk-for-globala-journalister#breadcrumb\",\"itemListElement\":[{\"@type\":\"ListItem\",\"position\":1,\"name\":\"Home\",\"item\":\"https:\\\/\\\/vikes.fi\\\/\"},{\"@type\":\"ListItem\",\"position\":2,\"name\":\"N\u00e4tverk f\u00f6r globala journalister\"}]},{\"@type\":\"WebSite\",\"@id\":\"https:\\\/\\\/vikes.fi\\\/#website\",\"url\":\"https:\\\/\\\/vikes.fi\\\/\",\"name\":\"Viestint\u00e4 ja kehitys -s\u00e4\u00e4ti\u00f6\",\"description\":\"Viestint\u00e4 ja kehitys -s\u00e4\u00e4ti\u00f6\",\"publisher\":{\"@id\":\"https:\\\/\\\/vikes.fi\\\/#organization\"},\"potentialAction\":[{\"@type\":\"SearchAction\",\"target\":{\"@type\":\"EntryPoint\",\"urlTemplate\":\"https:\\\/\\\/vikes.fi\\\/?s={search_term_string}\"},\"query-input\":{\"@type\":\"PropertyValueSpecification\",\"valueRequired\":true,\"valueName\":\"search_term_string\"}}],\"inLanguage\":\"sv-SE\"},{\"@type\":\"Organization\",\"@id\":\"https:\\\/\\\/vikes.fi\\\/#organization\",\"name\":\"Viestint\u00e4 ja kehitys -s\u00e4\u00e4ti\u00f6\",\"url\":\"https:\\\/\\\/vikes.fi\\\/\",\"logo\":{\"@type\":\"ImageObject\",\"inLanguage\":\"sv-SE\",\"@id\":\"https:\\\/\\\/vikes.fi\\\/#\\\/schema\\\/logo\\\/image\\\/\",\"url\":\"https:\\\/\\\/vikes.fi\\\/wp-content\\\/uploads\\\/2018\\\/04\\\/Vikes_logo_1000.png\",\"contentUrl\":\"https:\\\/\\\/vikes.fi\\\/wp-content\\\/uploads\\\/2018\\\/04\\\/Vikes_logo_1000.png\",\"width\":1000,\"height\":505,\"caption\":\"Viestint\u00e4 ja kehitys -s\u00e4\u00e4ti\u00f6\"},\"image\":{\"@id\":\"https:\\\/\\\/vikes.fi\\\/#\\\/schema\\\/logo\\\/image\\\/\"},\"sameAs\":[\"https:\\\/\\\/www.facebook.com\\\/Vikes.fi\",\"https:\\\/\\\/x.com\\\/vikesverkko\",\"https:\\\/\\\/www.instagram.com\\\/vikes.fi\\\/\",\"https:\\\/\\\/www.youtube.com\\\/channel\\\/UCOS7sgxh-T1dzykfQ6-dDyg?sub_confirmation=1\"]}]}<\/script>\n<!-- \/ Yoast SEO plugin. -->","yoast_head_json":{"title":"N\u00e4tverk f\u00f6r globala journalister - Viestint\u00e4 ja kehitys -s\u00e4\u00e4ti\u00f6","robots":{"index":"index","follow":"follow","max-snippet":"max-snippet:-1","max-image-preview":"max-image-preview:large","max-video-preview":"max-video-preview:-1"},"canonical":"https:\/\/vikes.fi\/sv\/natverk-for-globala-journalister","og_locale":"sv_SE","og_type":"article","og_title":"N\u00e4tverk f\u00f6r globala journalister - Viestint\u00e4 ja kehitys -s\u00e4\u00e4ti\u00f6","og_description":"N\u00e4tverket f\u00f6r globala journalisterEn grupp som \u00e4r verksam i Facebook \u00e4r f\u00f6rst om att f\u00e5 veta om Priset f\u00f6r utvecklingsjournalism, Vikes stipendium och evenemang \u00c4ven skr\u00e4ddarsydda evenemang ordnas f\u00f6r n\u00e4tverket.V\u00e4lkommen [&hellip;]","og_url":"https:\/\/vikes.fi\/sv\/natverk-for-globala-journalister","og_site_name":"Viestint\u00e4 ja kehitys -s\u00e4\u00e4ti\u00f6","article_publisher":"https:\/\/www.facebook.com\/Vikes.fi","article_modified_time":"2025-05-21T07:49:14+00:00","og_image":[{"width":3264,"height":1326,"url":"https:\/\/vikes.fi\/wp-content\/uploads\/2021\/12\/myanmar.jpg","type":"image\/jpeg"}],"twitter_card":"summary_large_image","twitter_site":"@vikesverkko","twitter_misc":{"Ber\u00e4knad l\u00e4stid":"3 minuter"},"schema":{"@context":"https:\/\/schema.org","@graph":[{"@type":"WebPage","@id":"https:\/\/vikes.fi\/sv\/natverk-for-globala-journalister","url":"https:\/\/vikes.fi\/sv\/natverk-for-globala-journalister","name":"N\u00e4tverk f\u00f6r globala journalister - Viestint\u00e4 ja kehitys -s\u00e4\u00e4ti\u00f6","isPartOf":{"@id":"https:\/\/vikes.fi\/#website"},"primaryImageOfPage":{"@id":"https:\/\/vikes.fi\/sv\/natverk-for-globala-journalister#primaryimage"},"image":{"@id":"https:\/\/vikes.fi\/sv\/natverk-for-globala-journalister#primaryimage"},"thumbnailUrl":"https:\/\/vikes.fi\/wp-content\/uploads\/2021\/12\/myanmar.jpg","datePublished":"2022-12-09T12:35:12+00:00","dateModified":"2025-05-21T07:49:14+00:00","breadcrumb":{"@id":"https:\/\/vikes.fi\/sv\/natverk-for-globala-journalister#breadcrumb"},"inLanguage":"sv-SE","potentialAction":[{"@type":"ReadAction","target":["https:\/\/vikes.fi\/sv\/natverk-for-globala-journalister"]}]},{"@type":"ImageObject","inLanguage":"sv-SE","@id":"https:\/\/vikes.fi\/sv\/natverk-for-globala-journalister#primaryimage","url":"https:\/\/vikes.fi\/wp-content\/uploads\/2021\/12\/myanmar.jpg","contentUrl":"https:\/\/vikes.fi\/wp-content\/uploads\/2021\/12\/myanmar.jpg","width":3264,"height":1326},{"@type":"BreadcrumbList","@id":"https:\/\/vikes.fi\/sv\/natverk-for-globala-journalister#breadcrumb","itemListElement":[{"@type":"ListItem","position":1,"name":"Home","item":"https:\/\/vikes.fi\/"},{"@type":"ListItem","position":2,"name":"N\u00e4tverk f\u00f6r globala journalister"}]},{"@type":"WebSite","@id":"https:\/\/vikes.fi\/#website","url":"https:\/\/vikes.fi\/","name":"Viestint\u00e4 ja kehitys -s\u00e4\u00e4ti\u00f6","description":"Viestint\u00e4 ja kehitys -s\u00e4\u00e4ti\u00f6","publisher":{"@id":"https:\/\/vikes.fi\/#organization"},"potentialAction":[{"@type":"SearchAction","target":{"@type":"EntryPoint","urlTemplate":"https:\/\/vikes.fi\/?s={search_term_string}"},"query-input":{"@type":"PropertyValueSpecification","valueRequired":true,"valueName":"search_term_string"}}],"inLanguage":"sv-SE"},{"@type":"Organization","@id":"https:\/\/vikes.fi\/#organization","name":"Viestint\u00e4 ja kehitys -s\u00e4\u00e4ti\u00f6","url":"https:\/\/vikes.fi\/","logo":{"@type":"ImageObject","inLanguage":"sv-SE","@id":"https:\/\/vikes.fi\/#\/schema\/logo\/image\/","url":"https:\/\/vikes.fi\/wp-content\/uploads\/2018\/04\/Vikes_logo_1000.png","contentUrl":"https:\/\/vikes.fi\/wp-content\/uploads\/2018\/04\/Vikes_logo_1000.png","width":1000,"height":505,"caption":"Viestint\u00e4 ja kehitys -s\u00e4\u00e4ti\u00f6"},"image":{"@id":"https:\/\/vikes.fi\/#\/schema\/logo\/image\/"},"sameAs":["https:\/\/www.facebook.com\/Vikes.fi","https:\/\/x.com\/vikesverkko","https:\/\/www.instagram.com\/vikes.fi\/","https:\/\/www.youtube.com\/channel\/UCOS7sgxh-T1dzykfQ6-dDyg?sub_confirmation=1"]}]}},"_links":{"self":[{"href":"https:\/\/vikes.fi\/sv\/wp-json\/wp\/v2\/pages\/18870","targetHints":{"allow":["GET"]}}],"collection":[{"href":"https:\/\/vikes.fi\/sv\/wp-json\/wp\/v2\/pages"}],"about":[{"href":"https:\/\/vikes.fi\/sv\/wp-json\/wp\/v2\/types\/page"}],"author":[{"embeddable":true,"href":"https:\/\/vikes.fi\/sv\/wp-json\/wp\/v2\/users\/21"}],"replies":[{"embeddable":true,"href":"https:\/\/vikes.fi\/sv\/wp-json\/wp\/v2\/comments?post=18870"}],"version-history":[{"count":0,"href":"https:\/\/vikes.fi\/sv\/wp-json\/wp\/v2\/pages\/18870\/revisions"}],"wp:featuredmedia":[{"embeddable":true,"href":"https:\/\/vikes.fi\/sv\/wp-json\/wp\/v2\/media\/18871"}],"wp:attachment":[{"href":"https:\/\/vikes.fi\/sv\/wp-json\/wp\/v2\/media?parent=18870"}],"curies":[{"name":"wp","href":"https:\/\/api.w.org\/{rel}","templated":true}]}}