{"id":18842,"date":"2024-10-21T12:43:45","date_gmt":"2024-10-21T09:43:45","guid":{"rendered":"https:\/\/vikes.fi\/onlinekurs-i-journalistik-om-hallbar-utveckling"},"modified":"2025-05-21T10:13:50","modified_gmt":"2025-05-21T07:13:50","slug":"onlinekurs-i-journalistik-om-hallbar-utveckling","status":"publish","type":"page","link":"https:\/\/vikes.fi\/sv\/onlinekurs-i-journalistik-om-hallbar-utveckling","title":{"rendered":"Onlinekurs i journalistik om h\u00e5llbar utveckling"},"content":{"rendered":"<p>[et_pb_section fb_built=&#8221;1&#8243; _builder_version=&#8221;4.19.0&#8243; _module_preset=&#8221;default&#8221; global_colors_info=&#8221;{}&#8221;][et_pb_row _builder_version=&#8221;4.19.4&#8243; _module_preset=&#8221;default&#8221; custom_margin=&#8221;50px||50px||false|false&#8221; border_width_all=&#8221;1px&#8221; border_color_all=&#8221;gcid-78c82a69-71d2-4231-b1ba-9743c706cfd5&#8243; border_width_top=&#8221;1px&#8221; border_color_top=&#8221;gcid-549a5b0f-b9a8-4234-8fb3-9f52112464a2&#8243; border_width_right=&#8221;1px&#8221; border_color_right=&#8221;gcid-549a5b0f-b9a8-4234-8fb3-9f52112464a2&#8243; border_width_left=&#8221;1px&#8221; border_color_left=&#8221;gcid-549a5b0f-b9a8-4234-8fb3-9f52112464a2&#8243; global_colors_info=&#8221;{%22gcid-549a5b0f-b9a8-4234-8fb3-9f52112464a2%22:%91%22border_color_right%22,%22border_color_left%22,%22border_color_top%22%93,%22gcid-78c82a69-71d2-4231-b1ba-9743c706cfd5%22:%91%22border_color_all%22%93}&#8221;][et_pb_column type=&#8221;4_4&#8243; _builder_version=&#8221;4.16.0&#8243; _module_preset=&#8221;default&#8221; global_colors_info=&#8221;{}&#8221;][et_pb_text _builder_version=&#8221;4.25.1&#8243; _module_preset=&#8221;19d6e13d-6dc0-453c-a15a-72c5338d5b3f&#8221; header_font_size=&#8221;46px&#8221; background_color=&#8221;#FFFFFF&#8221; custom_margin=&#8221;32px||32px|-35px|false|false&#8221; custom_padding=&#8221;15px||0px||false|false&#8221; global_colors_info=&#8221;{}&#8221;]<\/p>\n<h1>Onlinekurs i journalistik om h\u00e5llbar utveckling<\/h1>\n<p>[\/et_pb_text][\/et_pb_column][\/et_pb_row][et_pb_row column_structure=&#8221;1_2,1_2&#8243; _builder_version=&#8221;4.19.0&#8243; _module_preset=&#8221;default&#8221; custom_margin=&#8221;0px|auto|30px|auto|false|false&#8221; global_colors_info=&#8221;{}&#8221;][et_pb_column type=&#8221;1_2&#8243; _builder_version=&#8221;4.19.0&#8243; _module_preset=&#8221;default&#8221; global_colors_info=&#8221;{}&#8221;][et_pb_text _builder_version=&#8221;4.27.3&#8243; _module_preset=&#8221;360119ca-c6e7-4e37-8b9d-c9bf27dc46e8&#8243; hover_enabled=&#8221;0&#8243; global_colors_info=&#8221;{%22gcid-body-color%22:%91%22text_text_color%22%93}&#8221; sticky_enabled=&#8221;0&#8243;]<\/p>\n<p>\u00c4r du intresserad av fr\u00e5gor g\u00e4llande h\u00e5llbar utveckling? Studerar du journalistik, \u00e4r du journalist eller en mer erfaren journalist som vill f\u00f6rdjupa ditt kunnande? Onlinekursen Framtidens journalister handleder dig att skriva b\u00e4ttre artiklar om h\u00e5llbar utveckling. Du blir insatt i temat genom praktiska tips, \u00f6vningar och videointervjuer med experter och journalister. Journalisten Terri \u00e4r med dig p\u00e5 kursen.    <\/p>\n<p>[\/et_pb_text][\/et_pb_column][et_pb_column type=&#8221;1_2&#8243; _builder_version=&#8221;4.19.0&#8243; _module_preset=&#8221;default&#8221; global_colors_info=&#8221;{}&#8221;][et_pb_text _builder_version=&#8221;4.27.3&#8243; _module_preset=&#8221;360119ca-c6e7-4e37-8b9d-c9bf27dc46e8&#8243; custom_padding=&#8221;||2px|||&#8221; hover_enabled=&#8221;0&#8243; sticky_enabled=&#8221;0&#8243;]<\/p>\n<p>Vikes och Maailma.net har skapat onlinekursen med st\u00f6d av utrikesministeriets st\u00f6d f\u00f6r kommunikation och utbildning om global utveckling \u00e5r 2020. Mer information h\u00e4r. Terri skapades av illustrat\u00f6r Reka Gruborovic \/ Redanredan. Faros &amp; Com ansvarade f\u00f6r kursens tekniska f\u00f6rverkligande. Du kan s\u00e4nda feedback p\u00e5 adressen <a href=\"mailto:vikes@vikes.fi\">vikes@vikes.fi<\/a>    <\/p>\n<p><span style=\"font-size: 15px;\">B\u00f6rja med kursens <\/span><a href=\"https:\/\/vikes.fi\/kurssit\/journalismia-kestavasta-kehityksesta\/1-journalismia-kestvst-kehityksest-miksi\/index.html\" target=\"_blank\" rel=\"noopener\" style=\"font-size: 15px;\">f\u00f6rsta del<\/a><span style=\"font-size: 15px;\"> eller hoppa vidare genom nedanst\u00e5ende bilder.<\/span><\/p>\n<p>[\/et_pb_text][\/et_pb_column][\/et_pb_row][et_pb_row column_structure=&#8221;1_5,1_5,1_5,1_5,1_5&#8243; _builder_version=&#8221;4.25.1&#8243; _module_preset=&#8221;default&#8221; global_colors_info=&#8221;{}&#8221;][et_pb_column type=&#8221;1_5&#8243; _builder_version=&#8221;4.25.1&#8243; _module_preset=&#8221;default&#8221; global_colors_info=&#8221;{}&#8221;][et_pb_image src=&#8221;https:\/\/vikes.fi\/wp-content\/uploads\/2024\/10\/journalismia-kestavasta-kehityksesta.png&#8221; title_text=&#8221;journalistik-om-h\u00e5llbar-utveckling&#8221; url=&#8221;https:\/\/vikes.fi\/kurssit\/journalismia-kestavasta-kehityksesta\/1-journalismia-kestvst-kehityksest-miksi\/index.html&#8221; url_new_window=&#8221;on&#8221; _builder_version=&#8221;4.25.1&#8243; _module_preset=&#8221;default&#8221; global_colors_info=&#8221;{}&#8221;][\/et_pb_image][\/et_pb_column][et_pb_column type=&#8221;1_5&#8243; _builder_version=&#8221;4.25.1&#8243; _module_preset=&#8221;default&#8221; global_colors_info=&#8221;{}&#8221;][et_pb_image src=&#8221;https:\/\/vikes.fi\/wp-content\/uploads\/2024\/10\/tulevaisuuden-toimitt-ideoi-rajaa.png&#8221; title_text=&#8221;kom-med-ideer-och-avgr\u00e4nsa&#8221; url=&#8221;https:\/\/vikes.fi\/kurssit\/journalismia-kestavasta-kehityksesta\/2-ideoi-ja-rajaa-aihe\/&#8221; url_new_window=&#8221;on&#8221; _builder_version=&#8221;4.25.1&#8243; _module_preset=&#8221;default&#8221; global_colors_info=&#8221;{}&#8221;][\/et_pb_image][\/et_pb_column][et_pb_column type=&#8221;1_5&#8243; _builder_version=&#8221;4.25.1&#8243; _module_preset=&#8221;default&#8221; global_colors_info=&#8221;{}&#8221;][et_pb_image src=&#8221;https:\/\/vikes.fi\/wp-content\/uploads\/2024\/10\/tulevaisuuden-toimitt-etsi-tietoa.png&#8221; title_text=&#8221;g\u00f6r-en-informations-s\u00f6kning&#8221; url=&#8221;https:\/\/vikes.fi\/kurssit\/journalismia-kestavasta-kehityksesta\/3-etsi-tietoa\/&#8221; url_new_window=&#8221;on&#8221; _builder_version=&#8221;4.25.1&#8243; _module_preset=&#8221;default&#8221; global_colors_info=&#8221;{}&#8221;][\/et_pb_image][\/et_pb_column][et_pb_column type=&#8221;1_5&#8243; _builder_version=&#8221;4.25.1&#8243; _module_preset=&#8221;default&#8221; global_colors_info=&#8221;{}&#8221;][et_pb_image src=&#8221;https:\/\/vikes.fi\/wp-content\/uploads\/2024\/10\/tulevaisuuden-toimitt-teet-jutun.png&#8221; title_text=&#8221;s\u00e5h\u00e4r skapar du en artikel&#8221; url=&#8221;https:\/\/vikes.fi\/kurssit\/journalismia-kestavasta-kehityksesta\/4-hyva-juttu&#8221; url_new_window=&#8221;on&#8221; _builder_version=&#8221;4.25.1&#8243; _module_preset=&#8221;default&#8221; global_colors_info=&#8221;{}&#8221;][\/et_pb_image][\/et_pb_column][et_pb_column type=&#8221;1_5&#8243; _builder_version=&#8221;4.25.1&#8243; _module_preset=&#8221;default&#8221; global_colors_info=&#8221;{}&#8221;][et_pb_image src=&#8221;https:\/\/vikes.fi\/wp-content\/uploads\/2024\/10\/tulevaisuuden-toimitt-lopuksi.png&#8221; title_text=&#8221;till sist&#8221; url=&#8221;https:\/\/vikes.fi\/kurssit\/journalismia-kestavasta-kehityksesta\/5-lopuksi\/&#8221; url_new_window=&#8221;on&#8221; _builder_version=&#8221;4.25.1&#8243; _module_preset=&#8221;default&#8221; global_colors_info=&#8221;{}&#8221;][\/et_pb_image][\/et_pb_column][\/et_pb_row][et_pb_row column_structure=&#8221;1_3,1_3,1_3&#8243; _builder_version=&#8221;4.25.1&#8243; _module_preset=&#8221;default&#8221; global_colors_info=&#8221;{}&#8221;][et_pb_column type=&#8221;1_3&#8243; _builder_version=&#8221;4.25.1&#8243; _module_preset=&#8221;default&#8221; global_colors_info=&#8221;{}&#8221;][et_pb_image src=&#8221;https:\/\/vikes.fi\/wp-content\/uploads\/2020\/03\/um-tuettu-logo.png&#8221; alt=&#8221;Utrikesministeriets logo&#8221; title_text=&#8221;Med st\u00f6d av finska medel f\u00f6r utvecklingssamarbete&#8221; align=&#8221;center&#8221; _builder_version=&#8221;4.25.1&#8243; _module_preset=&#8221;default&#8221; width=&#8221;70%&#8221; module_alignment=&#8221;left&#8221; global_colors_info=&#8221;{}&#8221;][\/et_pb_image][\/et_pb_column][et_pb_column type=&#8221;1_3&#8243; _builder_version=&#8221;4.25.1&#8243; _module_preset=&#8221;default&#8221; global_colors_info=&#8221;{}&#8221;][et_pb_image src=&#8221;https:\/\/vikes.fi\/wp-content\/uploads\/2023\/03\/vikes_cmyk-suuri-scaled.jpg&#8221; alt=&#8221;Vikes logo&#8221; title_text=&#8221;vikes_cmyk-suuri&#8221; _builder_version=&#8221;4.25.1&#8243; _module_preset=&#8221;default&#8221; width=&#8221;60%&#8221; module_alignment=&#8221;left&#8221; global_colors_info=&#8221;{}&#8221;][\/et_pb_image][\/et_pb_column][et_pb_column type=&#8221;1_3&#8243; _builder_version=&#8221;4.25.1&#8243; _module_preset=&#8221;default&#8221; global_colors_info=&#8221;{}&#8221;][\/et_pb_column][\/et_pb_row][\/et_pb_section]<\/p>\n","protected":false},"excerpt":{"rendered":"<p>Onlinekurs i journalistik om h\u00e5llbar utveckling\u00c4r du intresserad av fr\u00e5gor g\u00e4llande h\u00e5llbar utveckling? Studerar du journalistik, \u00e4r du journalist eller en mer erfaren journalist som vill f\u00f6rdjupa ditt kunnande? Onlinekursen [&hellip;]<\/p>\n","protected":false},"author":21,"featured_media":18843,"parent":0,"menu_order":0,"comment_status":"closed","ping_status":"closed","template":"","meta":{"_acf_changed":false,"_et_pb_use_builder":"on","_et_pb_old_content":"","_et_gb_content_width":"","_price":"","_stock":"","_tribe_ticket_header":"","_tribe_default_ticket_provider":"","_tribe_ticket_capacity":"0","_ticket_start_date":"","_ticket_end_date":"","_tribe_ticket_show_description":"","_tribe_ticket_show_not_going":false,"_tribe_ticket_use_global_stock":"","_tribe_ticket_global_stock_level":"","_global_stock_mode":"","_global_stock_cap":"","_tribe_rsvp_for_event":"","_tribe_ticket_going_count":"","_tribe_ticket_not_going_count":"","_tribe_tickets_list":"[]","_tribe_ticket_has_attendee_info_fields":false,"footnotes":""},"class_list":["post-18842","page","type-page","status-publish","has-post-thumbnail","hentry"],"acf":[],"yoast_head":"<!-- This site is optimized with the Yoast SEO plugin v27.3 - https:\/\/yoast.com\/product\/yoast-seo-wordpress\/ -->\n<title>Onlinekurs i journalistik om h\u00e5llbar utveckling - Viestint\u00e4 ja kehitys -s\u00e4\u00e4ti\u00f6<\/title>\n<meta name=\"robots\" content=\"index, follow, max-snippet:-1, max-image-preview:large, max-video-preview:-1\" \/>\n<link rel=\"canonical\" href=\"https:\/\/vikes.fi\/sv\/onlinekurs-i-journalistik-om-hallbar-utveckling\" \/>\n<meta property=\"og:locale\" content=\"sv_SE\" \/>\n<meta property=\"og:type\" content=\"article\" \/>\n<meta property=\"og:title\" content=\"Onlinekurs i journalistik om h\u00e5llbar utveckling - Viestint\u00e4 ja kehitys -s\u00e4\u00e4ti\u00f6\" \/>\n<meta property=\"og:description\" content=\"Onlinekurs i journalistik om h\u00e5llbar utveckling\u00c4r du intresserad av fr\u00e5gor g\u00e4llande h\u00e5llbar utveckling? Studerar du journalistik, \u00e4r du journalist eller en mer erfaren journalist som vill f\u00f6rdjupa ditt kunnande? Onlinekursen [&hellip;]\" \/>\n<meta property=\"og:url\" content=\"https:\/\/vikes.fi\/sv\/onlinekurs-i-journalistik-om-hallbar-utveckling\" \/>\n<meta property=\"og:site_name\" content=\"Viestint\u00e4 ja kehitys -s\u00e4\u00e4ti\u00f6\" \/>\n<meta property=\"article:publisher\" content=\"https:\/\/www.facebook.com\/Vikes.fi\" \/>\n<meta property=\"article:modified_time\" content=\"2025-05-21T07:13:50+00:00\" \/>\n<meta property=\"og:image\" content=\"https:\/\/vikes.fi\/wp-content\/uploads\/2020\/03\/sunrise-radio-scaled.jpg\" \/>\n\t<meta property=\"og:image:width\" content=\"2560\" \/>\n\t<meta property=\"og:image:height\" content=\"1803\" \/>\n\t<meta property=\"og:image:type\" content=\"image\/jpeg\" \/>\n<meta name=\"twitter:card\" content=\"summary_large_image\" \/>\n<meta name=\"twitter:site\" content=\"@vikesverkko\" \/>\n<meta name=\"twitter:label1\" content=\"Ber\u00e4knad l\u00e4stid\" \/>\n\t<meta name=\"twitter:data1\" content=\"4 minuter\" \/>\n<script type=\"application\/ld+json\" class=\"yoast-schema-graph\">{\"@context\":\"https:\\\/\\\/schema.org\",\"@graph\":[{\"@type\":\"WebPage\",\"@id\":\"https:\\\/\\\/vikes.fi\\\/sv\\\/onlinekurs-i-journalistik-om-hallbar-utveckling\",\"url\":\"https:\\\/\\\/vikes.fi\\\/sv\\\/onlinekurs-i-journalistik-om-hallbar-utveckling\",\"name\":\"Onlinekurs i journalistik om h\u00e5llbar utveckling - Viestint\u00e4 ja kehitys -s\u00e4\u00e4ti\u00f6\",\"isPartOf\":{\"@id\":\"https:\\\/\\\/vikes.fi\\\/#website\"},\"primaryImageOfPage\":{\"@id\":\"https:\\\/\\\/vikes.fi\\\/sv\\\/onlinekurs-i-journalistik-om-hallbar-utveckling#primaryimage\"},\"image\":{\"@id\":\"https:\\\/\\\/vikes.fi\\\/sv\\\/onlinekurs-i-journalistik-om-hallbar-utveckling#primaryimage\"},\"thumbnailUrl\":\"https:\\\/\\\/vikes.fi\\\/wp-content\\\/uploads\\\/2020\\\/03\\\/sunrise-radio-scaled.jpg\",\"datePublished\":\"2024-10-21T09:43:45+00:00\",\"dateModified\":\"2025-05-21T07:13:50+00:00\",\"breadcrumb\":{\"@id\":\"https:\\\/\\\/vikes.fi\\\/sv\\\/onlinekurs-i-journalistik-om-hallbar-utveckling#breadcrumb\"},\"inLanguage\":\"sv-SE\",\"potentialAction\":[{\"@type\":\"ReadAction\",\"target\":[\"https:\\\/\\\/vikes.fi\\\/sv\\\/onlinekurs-i-journalistik-om-hallbar-utveckling\"]}]},{\"@type\":\"ImageObject\",\"inLanguage\":\"sv-SE\",\"@id\":\"https:\\\/\\\/vikes.fi\\\/sv\\\/onlinekurs-i-journalistik-om-hallbar-utveckling#primaryimage\",\"url\":\"https:\\\/\\\/vikes.fi\\\/wp-content\\\/uploads\\\/2020\\\/03\\\/sunrise-radio-scaled.jpg\",\"contentUrl\":\"https:\\\/\\\/vikes.fi\\\/wp-content\\\/uploads\\\/2020\\\/03\\\/sunrise-radio-scaled.jpg\",\"width\":2560,\"height\":1803},{\"@type\":\"BreadcrumbList\",\"@id\":\"https:\\\/\\\/vikes.fi\\\/sv\\\/onlinekurs-i-journalistik-om-hallbar-utveckling#breadcrumb\",\"itemListElement\":[{\"@type\":\"ListItem\",\"position\":1,\"name\":\"Home\",\"item\":\"https:\\\/\\\/vikes.fi\\\/\"},{\"@type\":\"ListItem\",\"position\":2,\"name\":\"Onlinekurs i journalistik om h\u00e5llbar utveckling\"}]},{\"@type\":\"WebSite\",\"@id\":\"https:\\\/\\\/vikes.fi\\\/#website\",\"url\":\"https:\\\/\\\/vikes.fi\\\/\",\"name\":\"Viestint\u00e4 ja kehitys -s\u00e4\u00e4ti\u00f6\",\"description\":\"Viestint\u00e4 ja kehitys -s\u00e4\u00e4ti\u00f6\",\"publisher\":{\"@id\":\"https:\\\/\\\/vikes.fi\\\/#organization\"},\"potentialAction\":[{\"@type\":\"SearchAction\",\"target\":{\"@type\":\"EntryPoint\",\"urlTemplate\":\"https:\\\/\\\/vikes.fi\\\/?s={search_term_string}\"},\"query-input\":{\"@type\":\"PropertyValueSpecification\",\"valueRequired\":true,\"valueName\":\"search_term_string\"}}],\"inLanguage\":\"sv-SE\"},{\"@type\":\"Organization\",\"@id\":\"https:\\\/\\\/vikes.fi\\\/#organization\",\"name\":\"Viestint\u00e4 ja kehitys -s\u00e4\u00e4ti\u00f6\",\"url\":\"https:\\\/\\\/vikes.fi\\\/\",\"logo\":{\"@type\":\"ImageObject\",\"inLanguage\":\"sv-SE\",\"@id\":\"https:\\\/\\\/vikes.fi\\\/#\\\/schema\\\/logo\\\/image\\\/\",\"url\":\"https:\\\/\\\/vikes.fi\\\/wp-content\\\/uploads\\\/2018\\\/04\\\/Vikes_logo_1000.png\",\"contentUrl\":\"https:\\\/\\\/vikes.fi\\\/wp-content\\\/uploads\\\/2018\\\/04\\\/Vikes_logo_1000.png\",\"width\":1000,\"height\":505,\"caption\":\"Viestint\u00e4 ja kehitys -s\u00e4\u00e4ti\u00f6\"},\"image\":{\"@id\":\"https:\\\/\\\/vikes.fi\\\/#\\\/schema\\\/logo\\\/image\\\/\"},\"sameAs\":[\"https:\\\/\\\/www.facebook.com\\\/Vikes.fi\",\"https:\\\/\\\/x.com\\\/vikesverkko\",\"https:\\\/\\\/www.instagram.com\\\/vikes.fi\\\/\",\"https:\\\/\\\/www.youtube.com\\\/channel\\\/UCOS7sgxh-T1dzykfQ6-dDyg?sub_confirmation=1\"]}]}<\/script>\n<!-- \/ Yoast SEO plugin. -->","yoast_head_json":{"title":"Onlinekurs i journalistik om h\u00e5llbar utveckling - Viestint\u00e4 ja kehitys -s\u00e4\u00e4ti\u00f6","robots":{"index":"index","follow":"follow","max-snippet":"max-snippet:-1","max-image-preview":"max-image-preview:large","max-video-preview":"max-video-preview:-1"},"canonical":"https:\/\/vikes.fi\/sv\/onlinekurs-i-journalistik-om-hallbar-utveckling","og_locale":"sv_SE","og_type":"article","og_title":"Onlinekurs i journalistik om h\u00e5llbar utveckling - Viestint\u00e4 ja kehitys -s\u00e4\u00e4ti\u00f6","og_description":"Onlinekurs i journalistik om h\u00e5llbar utveckling\u00c4r du intresserad av fr\u00e5gor g\u00e4llande h\u00e5llbar utveckling? Studerar du journalistik, \u00e4r du journalist eller en mer erfaren journalist som vill f\u00f6rdjupa ditt kunnande? Onlinekursen [&hellip;]","og_url":"https:\/\/vikes.fi\/sv\/onlinekurs-i-journalistik-om-hallbar-utveckling","og_site_name":"Viestint\u00e4 ja kehitys -s\u00e4\u00e4ti\u00f6","article_publisher":"https:\/\/www.facebook.com\/Vikes.fi","article_modified_time":"2025-05-21T07:13:50+00:00","og_image":[{"width":2560,"height":1803,"url":"https:\/\/vikes.fi\/wp-content\/uploads\/2020\/03\/sunrise-radio-scaled.jpg","type":"image\/jpeg"}],"twitter_card":"summary_large_image","twitter_site":"@vikesverkko","twitter_misc":{"Ber\u00e4knad l\u00e4stid":"4 minuter"},"schema":{"@context":"https:\/\/schema.org","@graph":[{"@type":"WebPage","@id":"https:\/\/vikes.fi\/sv\/onlinekurs-i-journalistik-om-hallbar-utveckling","url":"https:\/\/vikes.fi\/sv\/onlinekurs-i-journalistik-om-hallbar-utveckling","name":"Onlinekurs i journalistik om h\u00e5llbar utveckling - Viestint\u00e4 ja kehitys -s\u00e4\u00e4ti\u00f6","isPartOf":{"@id":"https:\/\/vikes.fi\/#website"},"primaryImageOfPage":{"@id":"https:\/\/vikes.fi\/sv\/onlinekurs-i-journalistik-om-hallbar-utveckling#primaryimage"},"image":{"@id":"https:\/\/vikes.fi\/sv\/onlinekurs-i-journalistik-om-hallbar-utveckling#primaryimage"},"thumbnailUrl":"https:\/\/vikes.fi\/wp-content\/uploads\/2020\/03\/sunrise-radio-scaled.jpg","datePublished":"2024-10-21T09:43:45+00:00","dateModified":"2025-05-21T07:13:50+00:00","breadcrumb":{"@id":"https:\/\/vikes.fi\/sv\/onlinekurs-i-journalistik-om-hallbar-utveckling#breadcrumb"},"inLanguage":"sv-SE","potentialAction":[{"@type":"ReadAction","target":["https:\/\/vikes.fi\/sv\/onlinekurs-i-journalistik-om-hallbar-utveckling"]}]},{"@type":"ImageObject","inLanguage":"sv-SE","@id":"https:\/\/vikes.fi\/sv\/onlinekurs-i-journalistik-om-hallbar-utveckling#primaryimage","url":"https:\/\/vikes.fi\/wp-content\/uploads\/2020\/03\/sunrise-radio-scaled.jpg","contentUrl":"https:\/\/vikes.fi\/wp-content\/uploads\/2020\/03\/sunrise-radio-scaled.jpg","width":2560,"height":1803},{"@type":"BreadcrumbList","@id":"https:\/\/vikes.fi\/sv\/onlinekurs-i-journalistik-om-hallbar-utveckling#breadcrumb","itemListElement":[{"@type":"ListItem","position":1,"name":"Home","item":"https:\/\/vikes.fi\/"},{"@type":"ListItem","position":2,"name":"Onlinekurs i journalistik om h\u00e5llbar utveckling"}]},{"@type":"WebSite","@id":"https:\/\/vikes.fi\/#website","url":"https:\/\/vikes.fi\/","name":"Viestint\u00e4 ja kehitys -s\u00e4\u00e4ti\u00f6","description":"Viestint\u00e4 ja kehitys -s\u00e4\u00e4ti\u00f6","publisher":{"@id":"https:\/\/vikes.fi\/#organization"},"potentialAction":[{"@type":"SearchAction","target":{"@type":"EntryPoint","urlTemplate":"https:\/\/vikes.fi\/?s={search_term_string}"},"query-input":{"@type":"PropertyValueSpecification","valueRequired":true,"valueName":"search_term_string"}}],"inLanguage":"sv-SE"},{"@type":"Organization","@id":"https:\/\/vikes.fi\/#organization","name":"Viestint\u00e4 ja kehitys -s\u00e4\u00e4ti\u00f6","url":"https:\/\/vikes.fi\/","logo":{"@type":"ImageObject","inLanguage":"sv-SE","@id":"https:\/\/vikes.fi\/#\/schema\/logo\/image\/","url":"https:\/\/vikes.fi\/wp-content\/uploads\/2018\/04\/Vikes_logo_1000.png","contentUrl":"https:\/\/vikes.fi\/wp-content\/uploads\/2018\/04\/Vikes_logo_1000.png","width":1000,"height":505,"caption":"Viestint\u00e4 ja kehitys -s\u00e4\u00e4ti\u00f6"},"image":{"@id":"https:\/\/vikes.fi\/#\/schema\/logo\/image\/"},"sameAs":["https:\/\/www.facebook.com\/Vikes.fi","https:\/\/x.com\/vikesverkko","https:\/\/www.instagram.com\/vikes.fi\/","https:\/\/www.youtube.com\/channel\/UCOS7sgxh-T1dzykfQ6-dDyg?sub_confirmation=1"]}]}},"_links":{"self":[{"href":"https:\/\/vikes.fi\/sv\/wp-json\/wp\/v2\/pages\/18842","targetHints":{"allow":["GET"]}}],"collection":[{"href":"https:\/\/vikes.fi\/sv\/wp-json\/wp\/v2\/pages"}],"about":[{"href":"https:\/\/vikes.fi\/sv\/wp-json\/wp\/v2\/types\/page"}],"author":[{"embeddable":true,"href":"https:\/\/vikes.fi\/sv\/wp-json\/wp\/v2\/users\/21"}],"replies":[{"embeddable":true,"href":"https:\/\/vikes.fi\/sv\/wp-json\/wp\/v2\/comments?post=18842"}],"version-history":[{"count":0,"href":"https:\/\/vikes.fi\/sv\/wp-json\/wp\/v2\/pages\/18842\/revisions"}],"wp:featuredmedia":[{"embeddable":true,"href":"https:\/\/vikes.fi\/sv\/wp-json\/wp\/v2\/media\/18843"}],"wp:attachment":[{"href":"https:\/\/vikes.fi\/sv\/wp-json\/wp\/v2\/media?parent=18842"}],"curies":[{"name":"wp","href":"https:\/\/api.w.org\/{rel}","templated":true}]}}