{"id":18814,"date":"2022-12-08T13:05:10","date_gmt":"2022-12-08T11:05:10","guid":{"rendered":"https:\/\/vikes.fi\/resebidrag-for-journalister"},"modified":"2025-05-20T11:02:03","modified_gmt":"2025-05-20T08:02:03","slug":"resebidrag-for-journalister","status":"publish","type":"page","link":"https:\/\/vikes.fi\/sv\/resebidrag-for-journalister","title":{"rendered":"Resebidrag f\u00f6r journalister"},"content":{"rendered":"<p>[et_pb_section fb_built=&#8221;1&#8243; _builder_version=&#8221;4.19.0&#8243; _module_preset=&#8221;default&#8221; global_colors_info=&#8221;{}&#8221;][et_pb_row _builder_version=&#8221;4.19.0&#8243; _module_preset=&#8221;default&#8221; custom_margin=&#8221;100px||50px||false|false&#8221; border_width_all=&#8221;1px&#8221; border_color_all=&#8221;gcid-78c82a69-71d2-4231-b1ba-9743c706cfd5&#8243; border_width_top=&#8221;1px&#8221; border_color_top=&#8221;gcid-549a5b0f-b9a8-4234-8fb3-9f52112464a2&#8243; border_width_right=&#8221;1px&#8221; border_color_right=&#8221;gcid-549a5b0f-b9a8-4234-8fb3-9f52112464a2&#8243; border_width_left=&#8221;1px&#8221; border_color_left=&#8221;gcid-549a5b0f-b9a8-4234-8fb3-9f52112464a2&#8243; global_colors_info=&#8221;{%22gcid-549a5b0f-b9a8-4234-8fb3-9f52112464a2%22:%91%22border_color_right%22,%22border_color_left%22,%22border_color_top%22%93,%22gcid-78c82a69-71d2-4231-b1ba-9743c706cfd5%22:%91%22border_color_all%22%93}&#8221;][et_pb_column type=&#8221;4_4&#8243; _builder_version=&#8221;4.16.0&#8243; _module_preset=&#8221;default&#8221; global_colors_info=&#8221;{}&#8221;][et_pb_text _builder_version=&#8221;4.19.4&#8243; _module_preset=&#8221;19d6e13d-6dc0-453c-a15a-72c5338d5b3f&#8221; header_font_size=&#8221;46px&#8221; background_color=&#8221;#FFFFFF&#8221; custom_margin=&#8221;32px||32px|-35px|false|false&#8221; custom_padding=&#8221;15px||0px||false|false&#8221; global_colors_info=&#8221;{}&#8221;]<\/p>\n<h1>Resebidrag f\u00f6r journalister<\/h1>\n<p>[\/et_pb_text][\/et_pb_column][\/et_pb_row][et_pb_row column_structure=&#8221;1_2,1_2&#8243; _builder_version=&#8221;4.19.0&#8243; _module_preset=&#8221;default&#8221; global_colors_info=&#8221;{}&#8221;][et_pb_column type=&#8221;1_2&#8243; _builder_version=&#8221;4.19.0&#8243; _module_preset=&#8221;default&#8221; global_colors_info=&#8221;{}&#8221;][et_pb_text _builder_version=&#8221;4.27.3&#8243; _module_preset=&#8221;49b990a9-3f5c-41d7-a146-f53d734cb61f&#8221; hover_enabled=&#8221;0&#8243; global_colors_info=&#8221;{}&#8221; sticky_enabled=&#8221;0&#8243;]<\/p>\n<div>\n<p><span data-olk-copy-source=\"MessageBody\">Vikes vill fr\u00e4mja h\u00f6gkvalitativ journalistik om globala fr\u00e5gor i Finland. Vi \u00f6ppnar ans\u00f6kan f\u00f6r resest\u00f6d en g\u00e5ng i \u00e5ret. F\u00f6rra g\u00e5ngen var ans\u00f6kan \u00f6ppen i november 2024. F\u00f6lj Vikes nyhetsbrev och sociala medier f\u00f6r att f\u00e5 veta n\u00e4r ans\u00f6kan \u00f6ppnar.   <\/span><\/p>\n<\/div>\n<p>[\/et_pb_text][et_pb_divider color=&#8221;gcid-78c82a69-71d2-4231-b1ba-9743c706cfd5&#8243; divider_weight=&#8221;5px&#8221; _builder_version=&#8221;4.19.4&#8243; _module_preset=&#8221;default&#8221; width=&#8221;16%&#8221; custom_margin=&#8221;0px||0px||false|false&#8221; global_module=&#8221;11580&#8243; saved_tabs=&#8221;all&#8221; global_colors_info=&#8221;{%22gcid-78c82a69-71d2-4231-b1ba-9743c706cfd5%22:%91%22color%22%93}&#8221;][\/et_pb_divider][\/et_pb_column][et_pb_column type=&#8221;1_2&#8243; _builder_version=&#8221;4.19.0&#8243; _module_preset=&#8221;default&#8221; global_colors_info=&#8221;{}&#8221;][\/et_pb_column][\/et_pb_row][et_pb_row column_structure=&#8221;1_2,1_2&#8243; _builder_version=&#8221;4.19.0&#8243; _module_preset=&#8221;default&#8221; custom_margin=&#8221;0px|auto|30px|auto|false|false&#8221; global_colors_info=&#8221;{}&#8221;][et_pb_column type=&#8221;1_2&#8243; _builder_version=&#8221;4.19.0&#8243; _module_preset=&#8221;default&#8221; global_colors_info=&#8221;{}&#8221;][et_pb_text _builder_version=&#8221;4.27.3&#8243; _module_preset=&#8221;360119ca-c6e7-4e37-8b9d-c9bf27dc46e8&#8243; custom_padding=&#8221;||14px|||&#8221; hover_enabled=&#8221;0&#8243; global_colors_info=&#8221;{}&#8221; sticky_enabled=&#8221;0&#8243;]<\/p>\n<p class=\"p1\">Vikes fr\u00e4mjar h\u00f6gkvalitativ journalistik och betonar pressfriheten som en viktig h\u00f6rnsten i demokratin. Djupg\u00e5ende journalistik kr\u00e4ver ofta resor, men arvoden f\u00f6r reportagen t\u00e4cker s\u00e4llan resekostnaderna. Det \u00e4r d\u00e4rf\u00f6r som Vikes vill st\u00f6da journalister med s\u00e5dana resor. Med resebidrag vill vi st\u00f6dja journalistik om \u00e4mnen och perspektiv som trots sitt nyhetsv\u00e4rde inte har n\u00e5tt nyhetstr\u00f6skeln. Ber\u00e4ttelser som produceras med resebidrag b\u00f6r \u00f6ka finl\u00e4ndska l\u00e4sares medvetenhet om f\u00f6ga rapporterade fenomen eller h\u00e4ndelser runt om i v\u00e4rlden.    <\/p>\n<p class=\"p2\">\n<p class=\"p1\"><strong>Ans\u00f6kningstid:<\/strong> Ans\u00f6kan f\u00f6r resebidrag \u00f6ppnas en g\u00e5ng om \u00e5ret. F\u00f6rra g\u00e5ngen var ans\u00f6kan \u00f6ppen i november 2024. <\/p>\n<p class=\"p1\"><b>F\u00f6r vem: <\/b>Vi beviljar resebidraget f\u00f6r en journalist som \u00e4r i ett arbetsf\u00f6rh\u00e5llande eller arbetar som freelancer och som klarar av att resa och arrangera resan sj\u00e4lvst\u00e4ndigt.<\/p>\n<p class=\"p1\"><b>Bidragsbelopp: <\/b>Vi ers\u00e4tter upp till 3 000 euro \u00e5r i utgifter som uppst\u00e5tt under resan, s\u00e5som flyg, boende och resekostnader.<\/p>\n<p class=\"p1\"><b>Bidragets syfte:<\/b> Att anv\u00e4ndas f\u00f6r journalistiskt inneh\u00e5ll som f\u00f6ljer journalistreglerna som publiceras i en av Opinionsn\u00e4mndens medlemsmedier och vars m\u00e5lgrupp finns i Finland. Dessutom kr\u00e4vs ett litet kommunikationsbidrag till Vikes. <\/p>\n<p class=\"p1\"><b>L\u00e4nder: <\/b>Resan kan rikta sig till l\u00e4nder d\u00e4r Vikes \u00e4r verksam, s\u00e5 som Costa Rica, El Salvador, Guatemala, Honduras, Kenya, Nepal, Tanzania eller Uganda.<\/p>\n<p class=\"p1\"><b>Rapportering:<\/b> Vapaamuotoinen raportti, matkasta syntyneiden kulujen tilitys ja mahdolliset juttukopiot &#8211; menness\u00e4.<\/p>\n<p><b><span data-olk-copy-source=\"MessageBody\">Till\u00e4ggsinformation:<\/span><\/b><span> Kommunikationsexpert Tiina Helin<\/span><\/p>\n<p><span><a href=\"mailto:tiina.helin@vikes.fi\" title=\"mailto:tiina.helin@vikes.fi\" data-linkindex=\"0\">tiina.helin@vikes.fi \u2013 <\/a><\/span><span>040 125 03 46 (samtal under kontorstid). <\/span> <span><\/span><\/p>\n<p><span><\/span><\/p>\n<p><b><span>Vanliga fr\u00e5gor <\/span><\/b><span><\/span><\/p>\n<p><b><span>F\u00e5r man ans\u00f6ka om bidraget som ett arbetspar?<\/span><\/b><span> <\/span><\/p>\n<p><span>Ja, men vi kan inte h\u00f6ja p\u00e5 summan av bidraget. Men man f\u00e5r dela p\u00e5 3000 euro med sitt par.  <\/span><\/p>\n<p><b><span>Kan man f\u00e5 till\u00e4ggstid f\u00f6r rapporten om man reser i slutet p\u00e5 \u00e5ret?<\/span><\/b><span> <\/span><\/p>\n<p><span>Ja, lite. Vi vill \u00e4nd\u00e5 ha rapporten och m\u00f6jliga kvitton under 2025 s\u00e5 att vi f\u00e5r bidraget i \u00e5rets bokf\u00f6ring. Artiklarna beh\u00f6ver inte bli f\u00e4rdiga under 2025.   <\/span><\/p>\n<p><b><span>Kommer ni att dela ut fler bidrag?<\/span><\/b><span> <\/span><\/p>\n<p><span>Ja. Vi har beviljat tv\u00e5 resebidrag \u00e5r 2023 och v\u00e5rt m\u00e5l \u00e4r att bevilja ett resebidrag \u00e5rligen.  <\/span><\/p>\n<div>\n<p><span> <\/span><\/p>\n<\/div>\n<p>[\/et_pb_text][\/et_pb_column][et_pb_column type=&#8221;1_2&#8243; _builder_version=&#8221;4.19.0&#8243; _module_preset=&#8221;default&#8221; global_colors_info=&#8221;{}&#8221;][\/et_pb_column][\/et_pb_row][\/et_pb_section][et_pb_section fb_built=&#8221;1&#8243; _builder_version=&#8221;4.19.0&#8243; _module_preset=&#8221;default&#8221; custom_padding=&#8221;0px||0px||false|false&#8221; global_colors_info=&#8221;{}&#8221;][\/et_pb_section]<\/p>\n","protected":false},"excerpt":{"rendered":"<p>Vikes vill fr\u00e4mja h\u00f6gkvalitativ utvecklingsjournalistik och betonar pressfriheten som en viktig h\u00f6rnsten i demokratin. Djupg\u00e5ende global journalistik kr\u00e4ver ofta resor, men arvoden f\u00f6r reportage t\u00e4cker s\u00e4llan resekostnader <\/p>\n","protected":false},"author":21,"featured_media":18817,"parent":0,"menu_order":0,"comment_status":"closed","ping_status":"closed","template":"","meta":{"_acf_changed":false,"_et_pb_use_builder":"on","_et_pb_old_content":"","_et_gb_content_width":"","_price":"","_stock":"","_tribe_ticket_header":"","_tribe_default_ticket_provider":"","_tribe_ticket_capacity":"0","_ticket_start_date":"","_ticket_end_date":"","_tribe_ticket_show_description":"","_tribe_ticket_show_not_going":false,"_tribe_ticket_use_global_stock":"","_tribe_ticket_global_stock_level":"","_global_stock_mode":"","_global_stock_cap":"","_tribe_rsvp_for_event":"","_tribe_ticket_going_count":"","_tribe_ticket_not_going_count":"","_tribe_tickets_list":"[]","_tribe_ticket_has_attendee_info_fields":false,"footnotes":""},"class_list":["post-18814","page","type-page","status-publish","has-post-thumbnail","hentry"],"acf":[],"yoast_head":"<!-- This site is optimized with the Yoast SEO plugin v27.3 - https:\/\/yoast.com\/product\/yoast-seo-wordpress\/ -->\n<title>Resebidrag f\u00f6r journalister - Viestint\u00e4 ja kehitys -s\u00e4\u00e4ti\u00f6<\/title>\n<meta name=\"description\" content=\"Vi delar ut n\u00e5gra resebidrag till journalister varje \u00e5r.\" \/>\n<meta name=\"robots\" content=\"index, follow, max-snippet:-1, max-image-preview:large, max-video-preview:-1\" \/>\n<link rel=\"canonical\" href=\"https:\/\/vikes.fi\/sv\/resebidrag-for-journalister\" \/>\n<meta property=\"og:locale\" content=\"sv_SE\" \/>\n<meta property=\"og:type\" content=\"article\" \/>\n<meta property=\"og:title\" content=\"Resebidrag f\u00f6r journalister - Viestint\u00e4 ja kehitys -s\u00e4\u00e4ti\u00f6\" \/>\n<meta property=\"og:description\" content=\"Vi delar ut n\u00e5gra resebidrag till journalister varje \u00e5r.\" \/>\n<meta property=\"og:url\" content=\"https:\/\/vikes.fi\/sv\/resebidrag-for-journalister\" \/>\n<meta property=\"og:site_name\" content=\"Viestint\u00e4 ja kehitys -s\u00e4\u00e4ti\u00f6\" \/>\n<meta property=\"article:publisher\" content=\"https:\/\/www.facebook.com\/Vikes.fi\" \/>\n<meta property=\"article:modified_time\" content=\"2025-05-20T08:02:03+00:00\" \/>\n<meta property=\"og:image\" content=\"https:\/\/vikes.fi\/wp-content\/uploads\/2022\/12\/toimittaja-tietokoneella.jpg\" \/>\n\t<meta property=\"og:image:width\" content=\"2040\" \/>\n\t<meta property=\"og:image:height\" content=\"1033\" \/>\n\t<meta property=\"og:image:type\" content=\"image\/jpeg\" \/>\n<meta name=\"twitter:card\" content=\"summary_large_image\" \/>\n<meta name=\"twitter:site\" content=\"@vikesverkko\" \/>\n<meta name=\"twitter:label1\" content=\"Ber\u00e4knad l\u00e4stid\" \/>\n\t<meta name=\"twitter:data1\" content=\"4 minuter\" \/>\n<script type=\"application\/ld+json\" class=\"yoast-schema-graph\">{\"@context\":\"https:\\\/\\\/schema.org\",\"@graph\":[{\"@type\":\"WebPage\",\"@id\":\"https:\\\/\\\/vikes.fi\\\/sv\\\/resebidrag-for-journalister\",\"url\":\"https:\\\/\\\/vikes.fi\\\/sv\\\/resebidrag-for-journalister\",\"name\":\"Resebidrag f\u00f6r journalister - Viestint\u00e4 ja kehitys -s\u00e4\u00e4ti\u00f6\",\"isPartOf\":{\"@id\":\"https:\\\/\\\/vikes.fi\\\/#website\"},\"primaryImageOfPage\":{\"@id\":\"https:\\\/\\\/vikes.fi\\\/sv\\\/resebidrag-for-journalister#primaryimage\"},\"image\":{\"@id\":\"https:\\\/\\\/vikes.fi\\\/sv\\\/resebidrag-for-journalister#primaryimage\"},\"thumbnailUrl\":\"https:\\\/\\\/vikes.fi\\\/wp-content\\\/uploads\\\/2022\\\/12\\\/toimittaja-tietokoneella.jpg\",\"datePublished\":\"2022-12-08T11:05:10+00:00\",\"dateModified\":\"2025-05-20T08:02:03+00:00\",\"description\":\"Vi delar ut n\u00e5gra resebidrag till journalister varje \u00e5r.\",\"breadcrumb\":{\"@id\":\"https:\\\/\\\/vikes.fi\\\/sv\\\/resebidrag-for-journalister#breadcrumb\"},\"inLanguage\":\"sv-SE\",\"potentialAction\":[{\"@type\":\"ReadAction\",\"target\":[\"https:\\\/\\\/vikes.fi\\\/sv\\\/resebidrag-for-journalister\"]}]},{\"@type\":\"ImageObject\",\"inLanguage\":\"sv-SE\",\"@id\":\"https:\\\/\\\/vikes.fi\\\/sv\\\/resebidrag-for-journalister#primaryimage\",\"url\":\"https:\\\/\\\/vikes.fi\\\/wp-content\\\/uploads\\\/2022\\\/12\\\/toimittaja-tietokoneella.jpg\",\"contentUrl\":\"https:\\\/\\\/vikes.fi\\\/wp-content\\\/uploads\\\/2022\\\/12\\\/toimittaja-tietokoneella.jpg\",\"width\":2040,\"height\":1033},{\"@type\":\"BreadcrumbList\",\"@id\":\"https:\\\/\\\/vikes.fi\\\/sv\\\/resebidrag-for-journalister#breadcrumb\",\"itemListElement\":[{\"@type\":\"ListItem\",\"position\":1,\"name\":\"Home\",\"item\":\"https:\\\/\\\/vikes.fi\\\/\"},{\"@type\":\"ListItem\",\"position\":2,\"name\":\"Resebidrag f\u00f6r journalister\"}]},{\"@type\":\"WebSite\",\"@id\":\"https:\\\/\\\/vikes.fi\\\/#website\",\"url\":\"https:\\\/\\\/vikes.fi\\\/\",\"name\":\"Viestint\u00e4 ja kehitys -s\u00e4\u00e4ti\u00f6\",\"description\":\"Viestint\u00e4 ja kehitys -s\u00e4\u00e4ti\u00f6\",\"publisher\":{\"@id\":\"https:\\\/\\\/vikes.fi\\\/#organization\"},\"potentialAction\":[{\"@type\":\"SearchAction\",\"target\":{\"@type\":\"EntryPoint\",\"urlTemplate\":\"https:\\\/\\\/vikes.fi\\\/?s={search_term_string}\"},\"query-input\":{\"@type\":\"PropertyValueSpecification\",\"valueRequired\":true,\"valueName\":\"search_term_string\"}}],\"inLanguage\":\"sv-SE\"},{\"@type\":\"Organization\",\"@id\":\"https:\\\/\\\/vikes.fi\\\/#organization\",\"name\":\"Viestint\u00e4 ja kehitys -s\u00e4\u00e4ti\u00f6\",\"url\":\"https:\\\/\\\/vikes.fi\\\/\",\"logo\":{\"@type\":\"ImageObject\",\"inLanguage\":\"sv-SE\",\"@id\":\"https:\\\/\\\/vikes.fi\\\/#\\\/schema\\\/logo\\\/image\\\/\",\"url\":\"https:\\\/\\\/vikes.fi\\\/wp-content\\\/uploads\\\/2018\\\/04\\\/Vikes_logo_1000.png\",\"contentUrl\":\"https:\\\/\\\/vikes.fi\\\/wp-content\\\/uploads\\\/2018\\\/04\\\/Vikes_logo_1000.png\",\"width\":1000,\"height\":505,\"caption\":\"Viestint\u00e4 ja kehitys -s\u00e4\u00e4ti\u00f6\"},\"image\":{\"@id\":\"https:\\\/\\\/vikes.fi\\\/#\\\/schema\\\/logo\\\/image\\\/\"},\"sameAs\":[\"https:\\\/\\\/www.facebook.com\\\/Vikes.fi\",\"https:\\\/\\\/x.com\\\/vikesverkko\",\"https:\\\/\\\/www.instagram.com\\\/vikes.fi\\\/\",\"https:\\\/\\\/www.youtube.com\\\/channel\\\/UCOS7sgxh-T1dzykfQ6-dDyg?sub_confirmation=1\"]}]}<\/script>\n<!-- \/ Yoast SEO plugin. -->","yoast_head_json":{"title":"Resebidrag f\u00f6r journalister - Viestint\u00e4 ja kehitys -s\u00e4\u00e4ti\u00f6","description":"Vi delar ut n\u00e5gra resebidrag till journalister varje \u00e5r.","robots":{"index":"index","follow":"follow","max-snippet":"max-snippet:-1","max-image-preview":"max-image-preview:large","max-video-preview":"max-video-preview:-1"},"canonical":"https:\/\/vikes.fi\/sv\/resebidrag-for-journalister","og_locale":"sv_SE","og_type":"article","og_title":"Resebidrag f\u00f6r journalister - Viestint\u00e4 ja kehitys -s\u00e4\u00e4ti\u00f6","og_description":"Vi delar ut n\u00e5gra resebidrag till journalister varje \u00e5r.","og_url":"https:\/\/vikes.fi\/sv\/resebidrag-for-journalister","og_site_name":"Viestint\u00e4 ja kehitys -s\u00e4\u00e4ti\u00f6","article_publisher":"https:\/\/www.facebook.com\/Vikes.fi","article_modified_time":"2025-05-20T08:02:03+00:00","og_image":[{"width":2040,"height":1033,"url":"https:\/\/vikes.fi\/wp-content\/uploads\/2022\/12\/toimittaja-tietokoneella.jpg","type":"image\/jpeg"}],"twitter_card":"summary_large_image","twitter_site":"@vikesverkko","twitter_misc":{"Ber\u00e4knad l\u00e4stid":"4 minuter"},"schema":{"@context":"https:\/\/schema.org","@graph":[{"@type":"WebPage","@id":"https:\/\/vikes.fi\/sv\/resebidrag-for-journalister","url":"https:\/\/vikes.fi\/sv\/resebidrag-for-journalister","name":"Resebidrag f\u00f6r journalister - Viestint\u00e4 ja kehitys -s\u00e4\u00e4ti\u00f6","isPartOf":{"@id":"https:\/\/vikes.fi\/#website"},"primaryImageOfPage":{"@id":"https:\/\/vikes.fi\/sv\/resebidrag-for-journalister#primaryimage"},"image":{"@id":"https:\/\/vikes.fi\/sv\/resebidrag-for-journalister#primaryimage"},"thumbnailUrl":"https:\/\/vikes.fi\/wp-content\/uploads\/2022\/12\/toimittaja-tietokoneella.jpg","datePublished":"2022-12-08T11:05:10+00:00","dateModified":"2025-05-20T08:02:03+00:00","description":"Vi delar ut n\u00e5gra resebidrag till journalister varje \u00e5r.","breadcrumb":{"@id":"https:\/\/vikes.fi\/sv\/resebidrag-for-journalister#breadcrumb"},"inLanguage":"sv-SE","potentialAction":[{"@type":"ReadAction","target":["https:\/\/vikes.fi\/sv\/resebidrag-for-journalister"]}]},{"@type":"ImageObject","inLanguage":"sv-SE","@id":"https:\/\/vikes.fi\/sv\/resebidrag-for-journalister#primaryimage","url":"https:\/\/vikes.fi\/wp-content\/uploads\/2022\/12\/toimittaja-tietokoneella.jpg","contentUrl":"https:\/\/vikes.fi\/wp-content\/uploads\/2022\/12\/toimittaja-tietokoneella.jpg","width":2040,"height":1033},{"@type":"BreadcrumbList","@id":"https:\/\/vikes.fi\/sv\/resebidrag-for-journalister#breadcrumb","itemListElement":[{"@type":"ListItem","position":1,"name":"Home","item":"https:\/\/vikes.fi\/"},{"@type":"ListItem","position":2,"name":"Resebidrag f\u00f6r journalister"}]},{"@type":"WebSite","@id":"https:\/\/vikes.fi\/#website","url":"https:\/\/vikes.fi\/","name":"Viestint\u00e4 ja kehitys -s\u00e4\u00e4ti\u00f6","description":"Viestint\u00e4 ja kehitys -s\u00e4\u00e4ti\u00f6","publisher":{"@id":"https:\/\/vikes.fi\/#organization"},"potentialAction":[{"@type":"SearchAction","target":{"@type":"EntryPoint","urlTemplate":"https:\/\/vikes.fi\/?s={search_term_string}"},"query-input":{"@type":"PropertyValueSpecification","valueRequired":true,"valueName":"search_term_string"}}],"inLanguage":"sv-SE"},{"@type":"Organization","@id":"https:\/\/vikes.fi\/#organization","name":"Viestint\u00e4 ja kehitys -s\u00e4\u00e4ti\u00f6","url":"https:\/\/vikes.fi\/","logo":{"@type":"ImageObject","inLanguage":"sv-SE","@id":"https:\/\/vikes.fi\/#\/schema\/logo\/image\/","url":"https:\/\/vikes.fi\/wp-content\/uploads\/2018\/04\/Vikes_logo_1000.png","contentUrl":"https:\/\/vikes.fi\/wp-content\/uploads\/2018\/04\/Vikes_logo_1000.png","width":1000,"height":505,"caption":"Viestint\u00e4 ja kehitys -s\u00e4\u00e4ti\u00f6"},"image":{"@id":"https:\/\/vikes.fi\/#\/schema\/logo\/image\/"},"sameAs":["https:\/\/www.facebook.com\/Vikes.fi","https:\/\/x.com\/vikesverkko","https:\/\/www.instagram.com\/vikes.fi\/","https:\/\/www.youtube.com\/channel\/UCOS7sgxh-T1dzykfQ6-dDyg?sub_confirmation=1"]}]}},"_links":{"self":[{"href":"https:\/\/vikes.fi\/sv\/wp-json\/wp\/v2\/pages\/18814","targetHints":{"allow":["GET"]}}],"collection":[{"href":"https:\/\/vikes.fi\/sv\/wp-json\/wp\/v2\/pages"}],"about":[{"href":"https:\/\/vikes.fi\/sv\/wp-json\/wp\/v2\/types\/page"}],"author":[{"embeddable":true,"href":"https:\/\/vikes.fi\/sv\/wp-json\/wp\/v2\/users\/21"}],"replies":[{"embeddable":true,"href":"https:\/\/vikes.fi\/sv\/wp-json\/wp\/v2\/comments?post=18814"}],"version-history":[{"count":0,"href":"https:\/\/vikes.fi\/sv\/wp-json\/wp\/v2\/pages\/18814\/revisions"}],"wp:featuredmedia":[{"embeddable":true,"href":"https:\/\/vikes.fi\/sv\/wp-json\/wp\/v2\/media\/18817"}],"wp:attachment":[{"href":"https:\/\/vikes.fi\/sv\/wp-json\/wp\/v2\/media?parent=18814"}],"curies":[{"name":"wp","href":"https:\/\/api.w.org\/{rel}","templated":true}]}}