{"id":18757,"date":"2022-12-01T13:10:45","date_gmt":"2022-12-01T11:10:45","guid":{"rendered":"https:\/\/vikes.fi\/resurser-for-mangsidigare-journalism"},"modified":"2025-05-16T10:37:49","modified_gmt":"2025-05-16T07:37:49","slug":"resurser-for-mangsidigare-journalism","status":"publish","type":"page","link":"https:\/\/vikes.fi\/sv\/resurser-for-mangsidigare-journalism","title":{"rendered":"Resurser f\u00f6r m\u00e5ngsidigare journalism"},"content":{"rendered":"<p>[et_pb_section fb_built=&#8221;1&#8243; _builder_version=&#8221;4.19.0&#8243; _module_preset=&#8221;default&#8221; global_colors_info=&#8221;{}&#8221;][et_pb_row _builder_version=&#8221;4.19.0&#8243; _module_preset=&#8221;default&#8221; custom_margin=&#8221;50px||50px||false|false&#8221; border_width_all=&#8221;1px&#8221; border_color_all=&#8221;gcid-78c82a69-71d2-4231-b1ba-9743c706cfd5&#8243; border_width_top=&#8221;1px&#8221; border_color_top=&#8221;gcid-549a5b0f-b9a8-4234-8fb3-9f52112464a2&#8243; border_width_right=&#8221;1px&#8221; border_color_right=&#8221;gcid-549a5b0f-b9a8-4234-8fb3-9f52112464a2&#8243; border_width_left=&#8221;1px&#8221; border_color_left=&#8221;gcid-549a5b0f-b9a8-4234-8fb3-9f52112464a2&#8243; global_colors_info=&#8221;{%22gcid-549a5b0f-b9a8-4234-8fb3-9f52112464a2%22:%91%22border_color_right%22,%22border_color_left%22,%22border_color_top%22%93,%22gcid-78c82a69-71d2-4231-b1ba-9743c706cfd5%22:%91%22border_color_all%22%93}&#8221;][et_pb_column type=&#8221;4_4&#8243; _builder_version=&#8221;4.16.0&#8243; _module_preset=&#8221;default&#8221; global_colors_info=&#8221;{}&#8221;][et_pb_text _builder_version=&#8221;4.27.3&#8243; _module_preset=&#8221;19d6e13d-6dc0-453c-a15a-72c5338d5b3f&#8221; background_color=&#8221;#FFFFFF&#8221; custom_margin=&#8221;32px||32px|-35px|false|false&#8221; custom_margin_tablet=&#8221;32px||32px|-35px|false|false&#8221; custom_margin_phone=&#8221;|||-20px|false|false&#8221; custom_margin_last_edited=&#8221;on|phone&#8221; custom_padding=&#8221;15px||0px||false|false&#8221; header_font_size_tablet=&#8221;46px&#8221; header_font_size_phone=&#8221;38px&#8221; header_font_size_last_edited=&#8221;on|tablet&#8221; global_colors_info=&#8221;{}&#8221;]<\/p>\n<h1>Ja, jag \u00e4r europ\u00e9 \u2013 M\u00e5ngsidigare f\u00f6rst\u00e5else om migration och journalism<\/h1>\n<p>[\/et_pb_text][\/et_pb_column][\/et_pb_row][et_pb_row column_structure=&#8221;1_2,1_2&#8243; _builder_version=&#8221;4.19.4&#8243; _module_preset=&#8221;default&#8221; custom_margin=&#8221;50px|auto|40px|auto|false|false&#8221; custom_margin_tablet=&#8221;||0px||false|false&#8221; custom_margin_phone=&#8221;||0px||false|false&#8221; custom_margin_last_edited=&#8221;on|phone&#8221; custom_padding=&#8221;||0px||false|false&#8221; global_colors_info=&#8221;{}&#8221;][et_pb_column type=&#8221;1_2&#8243; _builder_version=&#8221;4.19.0&#8243; _module_preset=&#8221;default&#8221; global_colors_info=&#8221;{}&#8221;][et_pb_text _builder_version=&#8221;4.27.3&#8243; _module_preset=&#8221;49b990a9-3f5c-41d7-a146-f53d734cb61f&#8221; global_colors_info=&#8221;{%22gcid-body-color%22:%91%22text_text_color%22,%22header_2_text_color%22%93}&#8221;]<\/p>\n<p>Vikes var med \u00e5r 2019\u20132022 i det internationella projektet &#8221;Ja, jag \u00e4r europ\u00e9&#8221;, som lyfte fram olika aspekter av invandring, gav tillf\u00f6rlitlig information om \u00e4mnet och utbildade unga journalister att skapa m\u00e5ngsidig journalistik om migration. M\u00e5let f\u00f6r EU-projektet var att skapa en mer \u00f6ppen och tolerant attityd gentemot invandrare och flyktingar. P\u00e5 denna sida har vi sammanst\u00e4llt de b\u00e4sta l\u00e4rdomarna fr\u00e5n projektet.  <\/p>\n<p>[\/et_pb_text][\/et_pb_column][et_pb_column type=&#8221;1_2&#8243; _builder_version=&#8221;4.19.0&#8243; _module_preset=&#8221;default&#8221; global_colors_info=&#8221;{}&#8221;][\/et_pb_column][\/et_pb_row][et_pb_row _builder_version=&#8221;4.19.4&#8243; _module_preset=&#8221;default&#8221; custom_margin=&#8221;0px|auto|30px|auto|false|false&#8221; global_colors_info=&#8221;{}&#8221;][et_pb_column type=&#8221;4_4&#8243; _builder_version=&#8221;4.19.4&#8243; _module_preset=&#8221;default&#8221; global_colors_info=&#8221;{}&#8221;][et_pb_divider color=&#8221;gcid-78c82a69-71d2-4231-b1ba-9743c706cfd5&#8243; divider_weight=&#8221;5px&#8221; _builder_version=&#8221;4.19.4&#8243; _module_preset=&#8221;default&#8221; width=&#8221;16%&#8221; custom_margin=&#8221;0px||0px||false|false&#8221; global_module=&#8221;11580&#8243; saved_tabs=&#8221;all&#8221; global_colors_info=&#8221;{%22gcid-78c82a69-71d2-4231-b1ba-9743c706cfd5%22:%91%22color%22%93}&#8221;][\/et_pb_divider][\/et_pb_column][\/et_pb_row][et_pb_row column_structure=&#8221;1_2,1_2&#8243; _builder_version=&#8221;4.19.0&#8243; _module_preset=&#8221;default&#8221; global_colors_info=&#8221;{}&#8221;][et_pb_column type=&#8221;1_2&#8243; _builder_version=&#8221;4.19.0&#8243; _module_preset=&#8221;default&#8221; global_colors_info=&#8221;{}&#8221;][et_pb_blog include_categories=&#8221;114&#8243; _builder_version=&#8221;4.27.3&#8243; _module_preset=&#8221;_initial&#8221; hover_enabled=&#8221;0&#8243; global_colors_info=&#8221;{%22gcid-d43b96a4-5fb2-4cc4-9bc0-7cb9830992a1%22:%91%22body_text_color%22%93}&#8221; sticky_enabled=&#8221;0&#8243;][\/et_pb_blog][\/et_pb_column][et_pb_column type=&#8221;1_2&#8243; _builder_version=&#8221;4.19.0&#8243; _module_preset=&#8221;default&#8221; global_colors_info=&#8221;{}&#8221;][et_pb_image src=&#8221;https:\/\/vikes.fi\/wp-content\/uploads\/2022\/06\/Moninaisempi-media-kansikuva.png&#8221; alt=&#8221;M\u00e5ngfaldigare medier p\u00e4rmbild&#8221; title_text=&#8221;M\u00e5ngfaldigare medier p\u00e4rmbild&#8221; url=&#8221;https:\/\/vikes.fi\/osallistu\/moninaisempi-media&#8221; _builder_version=&#8221;4.19.4&#8243; _module_preset=&#8221;default&#8221; global_colors_info=&#8221;{}&#8221;][\/et_pb_image][et_pb_text _builder_version=&#8221;4.27.3&#8243; _module_preset=&#8221;default&#8221; text_text_color=&#8221;gcid-d43b96a4-5fb2-4cc4-9bc0-7cb9830992a1&#8243; link_option_url=&#8221;https:\/\/vikes.fi\/osallistu\/moninaisempi-media&#8221; global_colors_info=&#8221;{%22gcid-d43b96a4-5fb2-4cc4-9bc0-7cb9830992a1%22:%91%22text_text_color%22%93}&#8221;]<\/p>\n<p><span>Hur komma \u00f6ver f\u00f6r\u00e4ndrings\u00e5ngesten p\u00e5 redaktionerna? Vems ansvar \u00e4r fr\u00e4mjandet av m\u00e5ngfald? Och vem f\u00e5r prata om \u00e4mnet? Journalister som insatt sig i temat diskuterar l\u00f6sningar till bland annat dessa fr\u00e5gor i Vikes &#8221;Mer m\u00e5ngfald i media&#8221; podcasten.   <\/span><\/p>\n<p>[\/et_pb_text][et_pb_video src=&#8221;https:\/\/youtu.be\/7hgOlPpe6xE&#8221; _builder_version=&#8221;4.19.4&#8243; _module_preset=&#8221;default&#8221; global_colors_info=&#8221;{}&#8221;][\/et_pb_video][et_pb_video src=&#8221;https:\/\/youtu.be\/90Ls79KJpwE&#8221; _builder_version=&#8221;4.19.4&#8243; _module_preset=&#8221;default&#8221; global_colors_info=&#8221;{}&#8221;][\/et_pb_video][et_pb_video src=&#8221;https:\/\/youtu.be\/sd1xEm0p02c&#8221; _builder_version=&#8221;4.19.4&#8243; _module_preset=&#8221;default&#8221; global_colors_info=&#8221;{}&#8221;][\/et_pb_video][et_pb_video src=&#8221;https:\/\/youtu.be\/uOC_8Srkwi0&#8243; _builder_version=&#8221;4.19.4&#8243; _module_preset=&#8221;default&#8221; global_colors_info=&#8221;{}&#8221;][\/et_pb_video][\/et_pb_column][\/et_pb_row][et_pb_row custom_padding_last_edited=&#8221;on|tablet&#8221; _builder_version=&#8221;4.19.4&#8243; _module_preset=&#8221;default&#8221; custom_margin=&#8221;50px||0px||false|false&#8221; custom_margin_tablet=&#8221;||0px||false|false&#8221; custom_margin_phone=&#8221;50px||0px||false|false&#8221; custom_margin_last_edited=&#8221;on|desktop&#8221; custom_padding=&#8221;||0px||false|false&#8221; custom_padding_tablet=&#8221;||0px||false|false&#8221; custom_padding_phone=&#8221;||0px||false|false&#8221; global_colors_info=&#8221;{}&#8221;][et_pb_column type=&#8221;4_4&#8243; _builder_version=&#8221;4.19.0&#8243; _module_preset=&#8221;default&#8221; global_colors_info=&#8221;{}&#8221;][et_pb_text _builder_version=&#8221;4.27.3&#8243; _module_preset=&#8221;bd437cc4-45e2-46cc-afbf-60efad6753c0&#8243; global_colors_info=&#8221;{%22gcid-160f56b5-181b-4d1a-8bb1-5437efe9a365%22:%91%22header_text_color%22,%22header_text_color%22,%22header_text_color%22%93,%22gcid-8615d747-fb1c-45ff-a493-df4cacfbd7fc%22:%91%22header_2_text_color%22%93}&#8221;]<\/p>\n<h2>Nyhetsartiklar om projektet<\/h2>\n<p>[\/et_pb_text][\/et_pb_column][\/et_pb_row][et_pb_row _builder_version=&#8221;4.18.0&#8243; _module_preset=&#8221;default&#8221; global_colors_info=&#8221;{}&#8221;][et_pb_column type=&#8221;4_4&#8243; _builder_version=&#8221;4.18.0&#8243; _module_preset=&#8221;default&#8221; global_colors_info=&#8221;{}&#8221;][et_pb_blog posts_number=&#8221;3&#8243; include_categories=&#8221;59&#8243; excerpt_length=&#8221;0&#8243; offset_number=&#8221;1&#8243; _builder_version=&#8221;4.27.3&#8243; _module_preset=&#8221;_initial&#8221; global_colors_info=&#8221;{%22gcid-160f56b5-181b-4d1a-8bb1-5437efe9a365%22:%91%22pagination_text_color%22,%22header_text_color%22%93}&#8221;][\/et_pb_blog][\/et_pb_column][\/et_pb_row][\/et_pb_section]<\/p>\n","protected":false},"excerpt":{"rendered":"<p>Ja, jag \u00e4r europ\u00e9 \u2013 M\u00e5ngsidigare f\u00f6rst\u00e5else om migration och journalismVikes var med \u00e5r 2019\u20132022 i det internationella projektet &#8221;Ja, jag \u00e4r europ\u00e9&#8221;, som lyfte fram olika aspekter av invandring, [&hellip;]<\/p>\n","protected":false},"author":21,"featured_media":18759,"parent":0,"menu_order":0,"comment_status":"closed","ping_status":"closed","template":"","meta":{"_acf_changed":false,"_et_pb_use_builder":"on","_et_pb_old_content":"","_et_gb_content_width":"","_price":"","_stock":"","_tribe_ticket_header":"","_tribe_default_ticket_provider":"","_tribe_ticket_capacity":"0","_ticket_start_date":"","_ticket_end_date":"","_tribe_ticket_show_description":"","_tribe_ticket_show_not_going":false,"_tribe_ticket_use_global_stock":"","_tribe_ticket_global_stock_level":"","_global_stock_mode":"","_global_stock_cap":"","_tribe_rsvp_for_event":"","_tribe_ticket_going_count":"","_tribe_ticket_not_going_count":"","_tribe_tickets_list":"[]","_tribe_ticket_has_attendee_info_fields":false,"footnotes":""},"class_list":["post-18757","page","type-page","status-publish","has-post-thumbnail","hentry"],"acf":[],"yoast_head":"<!-- This site is optimized with the Yoast SEO plugin v27.3 - https:\/\/yoast.com\/product\/yoast-seo-wordpress\/ -->\n<title>Resurser f\u00f6r m\u00e5ngsidigare journalism - Viestint\u00e4 ja kehitys -s\u00e4\u00e4ti\u00f6<\/title>\n<meta name=\"robots\" content=\"index, follow, max-snippet:-1, max-image-preview:large, max-video-preview:-1\" \/>\n<link rel=\"canonical\" href=\"https:\/\/vikes.fi\/sv\/resurser-for-mangsidigare-journalism\" \/>\n<meta property=\"og:locale\" content=\"sv_SE\" \/>\n<meta property=\"og:type\" content=\"article\" \/>\n<meta property=\"og:title\" content=\"Resurser f\u00f6r m\u00e5ngsidigare journalism - Viestint\u00e4 ja kehitys -s\u00e4\u00e4ti\u00f6\" \/>\n<meta property=\"og:description\" content=\"Ja, jag \u00e4r europ\u00e9 \u2013 M\u00e5ngsidigare f\u00f6rst\u00e5else om migration och journalismVikes var med \u00e5r 2019\u20132022 i det internationella projektet &#039;&#039;Ja, jag \u00e4r europ\u00e9&#039;&#039;, som lyfte fram olika aspekter av invandring, [&hellip;]\" \/>\n<meta property=\"og:url\" content=\"https:\/\/vikes.fi\/sv\/resurser-for-mangsidigare-journalism\" \/>\n<meta property=\"og:site_name\" content=\"Viestint\u00e4 ja kehitys -s\u00e4\u00e4ti\u00f6\" \/>\n<meta property=\"article:publisher\" content=\"https:\/\/www.facebook.com\/Vikes.fi\" \/>\n<meta property=\"article:modified_time\" content=\"2025-05-16T07:37:49+00:00\" \/>\n<meta property=\"og:image\" content=\"https:\/\/vikes.fi\/wp-content\/uploads\/2023\/01\/olen-eurooppalainen-maahanmuutto.jpg\" \/>\n\t<meta property=\"og:image:width\" content=\"2188\" \/>\n\t<meta property=\"og:image:height\" content=\"940\" \/>\n\t<meta property=\"og:image:type\" content=\"image\/jpeg\" \/>\n<meta name=\"twitter:card\" content=\"summary_large_image\" \/>\n<meta name=\"twitter:site\" content=\"@vikesverkko\" \/>\n<meta name=\"twitter:label1\" content=\"Ber\u00e4knad l\u00e4stid\" \/>\n\t<meta name=\"twitter:data1\" content=\"5 minuter\" \/>\n<script type=\"application\/ld+json\" class=\"yoast-schema-graph\">{\"@context\":\"https:\\\/\\\/schema.org\",\"@graph\":[{\"@type\":\"WebPage\",\"@id\":\"https:\\\/\\\/vikes.fi\\\/sv\\\/resurser-for-mangsidigare-journalism\",\"url\":\"https:\\\/\\\/vikes.fi\\\/sv\\\/resurser-for-mangsidigare-journalism\",\"name\":\"Resurser f\u00f6r m\u00e5ngsidigare journalism - Viestint\u00e4 ja kehitys -s\u00e4\u00e4ti\u00f6\",\"isPartOf\":{\"@id\":\"https:\\\/\\\/vikes.fi\\\/#website\"},\"primaryImageOfPage\":{\"@id\":\"https:\\\/\\\/vikes.fi\\\/sv\\\/resurser-for-mangsidigare-journalism#primaryimage\"},\"image\":{\"@id\":\"https:\\\/\\\/vikes.fi\\\/sv\\\/resurser-for-mangsidigare-journalism#primaryimage\"},\"thumbnailUrl\":\"https:\\\/\\\/vikes.fi\\\/wp-content\\\/uploads\\\/2023\\\/01\\\/olen-eurooppalainen-maahanmuutto.jpg\",\"datePublished\":\"2022-12-01T11:10:45+00:00\",\"dateModified\":\"2025-05-16T07:37:49+00:00\",\"breadcrumb\":{\"@id\":\"https:\\\/\\\/vikes.fi\\\/sv\\\/resurser-for-mangsidigare-journalism#breadcrumb\"},\"inLanguage\":\"sv-SE\",\"potentialAction\":[{\"@type\":\"ReadAction\",\"target\":[\"https:\\\/\\\/vikes.fi\\\/sv\\\/resurser-for-mangsidigare-journalism\"]}]},{\"@type\":\"ImageObject\",\"inLanguage\":\"sv-SE\",\"@id\":\"https:\\\/\\\/vikes.fi\\\/sv\\\/resurser-for-mangsidigare-journalism#primaryimage\",\"url\":\"https:\\\/\\\/vikes.fi\\\/wp-content\\\/uploads\\\/2023\\\/01\\\/olen-eurooppalainen-maahanmuutto.jpg\",\"contentUrl\":\"https:\\\/\\\/vikes.fi\\\/wp-content\\\/uploads\\\/2023\\\/01\\\/olen-eurooppalainen-maahanmuutto.jpg\",\"width\":2188,\"height\":940},{\"@type\":\"BreadcrumbList\",\"@id\":\"https:\\\/\\\/vikes.fi\\\/sv\\\/resurser-for-mangsidigare-journalism#breadcrumb\",\"itemListElement\":[{\"@type\":\"ListItem\",\"position\":1,\"name\":\"Home\",\"item\":\"https:\\\/\\\/vikes.fi\\\/\"},{\"@type\":\"ListItem\",\"position\":2,\"name\":\"Resurser f\u00f6r m\u00e5ngsidigare journalism\"}]},{\"@type\":\"WebSite\",\"@id\":\"https:\\\/\\\/vikes.fi\\\/#website\",\"url\":\"https:\\\/\\\/vikes.fi\\\/\",\"name\":\"Viestint\u00e4 ja kehitys -s\u00e4\u00e4ti\u00f6\",\"description\":\"Viestint\u00e4 ja kehitys -s\u00e4\u00e4ti\u00f6\",\"publisher\":{\"@id\":\"https:\\\/\\\/vikes.fi\\\/#organization\"},\"potentialAction\":[{\"@type\":\"SearchAction\",\"target\":{\"@type\":\"EntryPoint\",\"urlTemplate\":\"https:\\\/\\\/vikes.fi\\\/?s={search_term_string}\"},\"query-input\":{\"@type\":\"PropertyValueSpecification\",\"valueRequired\":true,\"valueName\":\"search_term_string\"}}],\"inLanguage\":\"sv-SE\"},{\"@type\":\"Organization\",\"@id\":\"https:\\\/\\\/vikes.fi\\\/#organization\",\"name\":\"Viestint\u00e4 ja kehitys -s\u00e4\u00e4ti\u00f6\",\"url\":\"https:\\\/\\\/vikes.fi\\\/\",\"logo\":{\"@type\":\"ImageObject\",\"inLanguage\":\"sv-SE\",\"@id\":\"https:\\\/\\\/vikes.fi\\\/#\\\/schema\\\/logo\\\/image\\\/\",\"url\":\"https:\\\/\\\/vikes.fi\\\/wp-content\\\/uploads\\\/2018\\\/04\\\/Vikes_logo_1000.png\",\"contentUrl\":\"https:\\\/\\\/vikes.fi\\\/wp-content\\\/uploads\\\/2018\\\/04\\\/Vikes_logo_1000.png\",\"width\":1000,\"height\":505,\"caption\":\"Viestint\u00e4 ja kehitys -s\u00e4\u00e4ti\u00f6\"},\"image\":{\"@id\":\"https:\\\/\\\/vikes.fi\\\/#\\\/schema\\\/logo\\\/image\\\/\"},\"sameAs\":[\"https:\\\/\\\/www.facebook.com\\\/Vikes.fi\",\"https:\\\/\\\/x.com\\\/vikesverkko\",\"https:\\\/\\\/www.instagram.com\\\/vikes.fi\\\/\",\"https:\\\/\\\/www.youtube.com\\\/channel\\\/UCOS7sgxh-T1dzykfQ6-dDyg?sub_confirmation=1\"]}]}<\/script>\n<!-- \/ Yoast SEO plugin. -->","yoast_head_json":{"title":"Resurser f\u00f6r m\u00e5ngsidigare journalism - Viestint\u00e4 ja kehitys -s\u00e4\u00e4ti\u00f6","robots":{"index":"index","follow":"follow","max-snippet":"max-snippet:-1","max-image-preview":"max-image-preview:large","max-video-preview":"max-video-preview:-1"},"canonical":"https:\/\/vikes.fi\/sv\/resurser-for-mangsidigare-journalism","og_locale":"sv_SE","og_type":"article","og_title":"Resurser f\u00f6r m\u00e5ngsidigare journalism - Viestint\u00e4 ja kehitys -s\u00e4\u00e4ti\u00f6","og_description":"Ja, jag \u00e4r europ\u00e9 \u2013 M\u00e5ngsidigare f\u00f6rst\u00e5else om migration och journalismVikes var med \u00e5r 2019\u20132022 i det internationella projektet ''Ja, jag \u00e4r europ\u00e9'', som lyfte fram olika aspekter av invandring, [&hellip;]","og_url":"https:\/\/vikes.fi\/sv\/resurser-for-mangsidigare-journalism","og_site_name":"Viestint\u00e4 ja kehitys -s\u00e4\u00e4ti\u00f6","article_publisher":"https:\/\/www.facebook.com\/Vikes.fi","article_modified_time":"2025-05-16T07:37:49+00:00","og_image":[{"width":2188,"height":940,"url":"https:\/\/vikes.fi\/wp-content\/uploads\/2023\/01\/olen-eurooppalainen-maahanmuutto.jpg","type":"image\/jpeg"}],"twitter_card":"summary_large_image","twitter_site":"@vikesverkko","twitter_misc":{"Ber\u00e4knad l\u00e4stid":"5 minuter"},"schema":{"@context":"https:\/\/schema.org","@graph":[{"@type":"WebPage","@id":"https:\/\/vikes.fi\/sv\/resurser-for-mangsidigare-journalism","url":"https:\/\/vikes.fi\/sv\/resurser-for-mangsidigare-journalism","name":"Resurser f\u00f6r m\u00e5ngsidigare journalism - Viestint\u00e4 ja kehitys -s\u00e4\u00e4ti\u00f6","isPartOf":{"@id":"https:\/\/vikes.fi\/#website"},"primaryImageOfPage":{"@id":"https:\/\/vikes.fi\/sv\/resurser-for-mangsidigare-journalism#primaryimage"},"image":{"@id":"https:\/\/vikes.fi\/sv\/resurser-for-mangsidigare-journalism#primaryimage"},"thumbnailUrl":"https:\/\/vikes.fi\/wp-content\/uploads\/2023\/01\/olen-eurooppalainen-maahanmuutto.jpg","datePublished":"2022-12-01T11:10:45+00:00","dateModified":"2025-05-16T07:37:49+00:00","breadcrumb":{"@id":"https:\/\/vikes.fi\/sv\/resurser-for-mangsidigare-journalism#breadcrumb"},"inLanguage":"sv-SE","potentialAction":[{"@type":"ReadAction","target":["https:\/\/vikes.fi\/sv\/resurser-for-mangsidigare-journalism"]}]},{"@type":"ImageObject","inLanguage":"sv-SE","@id":"https:\/\/vikes.fi\/sv\/resurser-for-mangsidigare-journalism#primaryimage","url":"https:\/\/vikes.fi\/wp-content\/uploads\/2023\/01\/olen-eurooppalainen-maahanmuutto.jpg","contentUrl":"https:\/\/vikes.fi\/wp-content\/uploads\/2023\/01\/olen-eurooppalainen-maahanmuutto.jpg","width":2188,"height":940},{"@type":"BreadcrumbList","@id":"https:\/\/vikes.fi\/sv\/resurser-for-mangsidigare-journalism#breadcrumb","itemListElement":[{"@type":"ListItem","position":1,"name":"Home","item":"https:\/\/vikes.fi\/"},{"@type":"ListItem","position":2,"name":"Resurser f\u00f6r m\u00e5ngsidigare journalism"}]},{"@type":"WebSite","@id":"https:\/\/vikes.fi\/#website","url":"https:\/\/vikes.fi\/","name":"Viestint\u00e4 ja kehitys -s\u00e4\u00e4ti\u00f6","description":"Viestint\u00e4 ja kehitys -s\u00e4\u00e4ti\u00f6","publisher":{"@id":"https:\/\/vikes.fi\/#organization"},"potentialAction":[{"@type":"SearchAction","target":{"@type":"EntryPoint","urlTemplate":"https:\/\/vikes.fi\/?s={search_term_string}"},"query-input":{"@type":"PropertyValueSpecification","valueRequired":true,"valueName":"search_term_string"}}],"inLanguage":"sv-SE"},{"@type":"Organization","@id":"https:\/\/vikes.fi\/#organization","name":"Viestint\u00e4 ja kehitys -s\u00e4\u00e4ti\u00f6","url":"https:\/\/vikes.fi\/","logo":{"@type":"ImageObject","inLanguage":"sv-SE","@id":"https:\/\/vikes.fi\/#\/schema\/logo\/image\/","url":"https:\/\/vikes.fi\/wp-content\/uploads\/2018\/04\/Vikes_logo_1000.png","contentUrl":"https:\/\/vikes.fi\/wp-content\/uploads\/2018\/04\/Vikes_logo_1000.png","width":1000,"height":505,"caption":"Viestint\u00e4 ja kehitys -s\u00e4\u00e4ti\u00f6"},"image":{"@id":"https:\/\/vikes.fi\/#\/schema\/logo\/image\/"},"sameAs":["https:\/\/www.facebook.com\/Vikes.fi","https:\/\/x.com\/vikesverkko","https:\/\/www.instagram.com\/vikes.fi\/","https:\/\/www.youtube.com\/channel\/UCOS7sgxh-T1dzykfQ6-dDyg?sub_confirmation=1"]}]}},"_links":{"self":[{"href":"https:\/\/vikes.fi\/sv\/wp-json\/wp\/v2\/pages\/18757","targetHints":{"allow":["GET"]}}],"collection":[{"href":"https:\/\/vikes.fi\/sv\/wp-json\/wp\/v2\/pages"}],"about":[{"href":"https:\/\/vikes.fi\/sv\/wp-json\/wp\/v2\/types\/page"}],"author":[{"embeddable":true,"href":"https:\/\/vikes.fi\/sv\/wp-json\/wp\/v2\/users\/21"}],"replies":[{"embeddable":true,"href":"https:\/\/vikes.fi\/sv\/wp-json\/wp\/v2\/comments?post=18757"}],"version-history":[{"count":0,"href":"https:\/\/vikes.fi\/sv\/wp-json\/wp\/v2\/pages\/18757\/revisions"}],"wp:featuredmedia":[{"embeddable":true,"href":"https:\/\/vikes.fi\/sv\/wp-json\/wp\/v2\/media\/18759"}],"wp:attachment":[{"href":"https:\/\/vikes.fi\/sv\/wp-json\/wp\/v2\/media?parent=18757"}],"curies":[{"name":"wp","href":"https:\/\/api.w.org\/{rel}","templated":true}]}}