{"id":18702,"date":"2022-12-01T15:11:26","date_gmt":"2022-12-01T13:11:26","guid":{"rendered":"https:\/\/vikes.fi\/fred-och-jamstalldhet"},"modified":"2025-06-26T10:06:18","modified_gmt":"2025-06-26T07:06:18","slug":"fred-och-jamstalldhet","status":"publish","type":"page","link":"https:\/\/vikes.fi\/sv\/fred-och-jamstalldhet","title":{"rendered":"Fred och j\u00e4mst\u00e4lldhet"},"content":{"rendered":"<p>[et_pb_section fb_built=&#8221;1&#8243; _builder_version=&#8221;4.19.0&#8243; _module_preset=&#8221;default&#8221; global_colors_info=&#8221;{}&#8221;][et_pb_row _builder_version=&#8221;4.19.0&#8243; _module_preset=&#8221;default&#8221; custom_margin=&#8221;50px||50px||false|false&#8221; border_width_all=&#8221;1px&#8221; border_color_all=&#8221;gcid-78c82a69-71d2-4231-b1ba-9743c706cfd5&#8243; border_width_top=&#8221;1px&#8221; border_color_top=&#8221;gcid-549a5b0f-b9a8-4234-8fb3-9f52112464a2&#8243; border_width_right=&#8221;1px&#8221; border_color_right=&#8221;gcid-549a5b0f-b9a8-4234-8fb3-9f52112464a2&#8243; border_width_left=&#8221;1px&#8221; border_color_left=&#8221;gcid-549a5b0f-b9a8-4234-8fb3-9f52112464a2&#8243; global_colors_info=&#8221;{%22gcid-549a5b0f-b9a8-4234-8fb3-9f52112464a2%22:%91%22border_color_right%22,%22border_color_left%22,%22border_color_top%22%93,%22gcid-78c82a69-71d2-4231-b1ba-9743c706cfd5%22:%91%22border_color_all%22%93}&#8221;][et_pb_column type=&#8221;4_4&#8243; _builder_version=&#8221;4.16.0&#8243; _module_preset=&#8221;default&#8221; global_colors_info=&#8221;{}&#8221;][et_pb_text _builder_version=&#8221;4.19.0&#8243; _module_preset=&#8221;19d6e13d-6dc0-453c-a15a-72c5338d5b3f&#8221; background_color=&#8221;#FFFFFF&#8221; custom_margin=&#8221;32px||32px|-35px|false|false&#8221; custom_padding=&#8221;15px||0px||false|false&#8221; global_colors_info=&#8221;{}&#8221;]<\/p>\n<h1>Vi utbildar och st\u00f6djer yttrandefriheten och medier i Somalia<\/h1>\n<p>[\/et_pb_text][\/et_pb_column][\/et_pb_row][et_pb_row column_structure=&#8221;1_2,1_2&#8243; _builder_version=&#8221;4.19.0&#8243; _module_preset=&#8221;default&#8221; global_colors_info=&#8221;{}&#8221;][et_pb_column type=&#8221;1_2&#8243; _builder_version=&#8221;4.19.0&#8243; _module_preset=&#8221;default&#8221; global_colors_info=&#8221;{}&#8221;][et_pb_text _builder_version=&#8221;4.27.3&#8243; _module_preset=&#8221;49b990a9-3f5c-41d7-a146-f53d734cb61f&#8221; custom_padding=&#8221;0px||30px||false|false&#8221; global_colors_info=&#8221;{%22gcid-body-color%22:%91%22header_2_text_color%22,%22text_text_color%22%93}&#8221;]<\/p>\n<p>Vikes utbildar journalister och myndigheter samt st\u00f6der yttrandefriheten och medier i Somalia och Somaliland. M\u00e5let f\u00f6r projektet \u00e4r att fr\u00e4mja en fredlig utveckling mot en r\u00e4ttsstat genom att \u00f6ka medborgarnas tillg\u00e5ng till information. <\/p>\n<p>[\/et_pb_text][et_pb_divider color=&#8221;gcid-78c82a69-71d2-4231-b1ba-9743c706cfd5&#8243; divider_weight=&#8221;5px&#8221; _builder_version=&#8221;4.19.4&#8243; _module_preset=&#8221;default&#8221; width=&#8221;16%&#8221; custom_margin=&#8221;0px||0px||false|false&#8221; global_module=&#8221;11580&#8243; saved_tabs=&#8221;all&#8221; global_colors_info=&#8221;{%22gcid-78c82a69-71d2-4231-b1ba-9743c706cfd5%22:%91%22color%22%93}&#8221;][\/et_pb_divider][\/et_pb_column][et_pb_column type=&#8221;1_2&#8243; _builder_version=&#8221;4.19.0&#8243; _module_preset=&#8221;default&#8221; global_colors_info=&#8221;{}&#8221;][et_pb_image src=&#8221;https:\/\/vikes.fi\/wp-content\/uploads\/2022\/12\/Somalia-scaled.jpeg&#8221; alt=&#8221;Tv\u00e5 kvinnor med kameran&#8221; title_text=&#8221;Somalia&#8221; _builder_version=&#8221;4.19.0&#8243; _module_preset=&#8221;default&#8221; global_colors_info=&#8221;{}&#8221;][\/et_pb_image][\/et_pb_column][\/et_pb_row][et_pb_row column_structure=&#8221;1_2,1_2&#8243; _builder_version=&#8221;4.19.0&#8243; _module_preset=&#8221;default&#8221; global_colors_info=&#8221;{}&#8221;][et_pb_column type=&#8221;1_2&#8243; _builder_version=&#8221;4.19.0&#8243; _module_preset=&#8221;default&#8221; global_colors_info=&#8221;{}&#8221;][et_pb_text _builder_version=&#8221;4.27.3&#8243; _module_preset=&#8221;360119ca-c6e7-4e37-8b9d-c9bf27dc46e8&#8243; global_colors_info=&#8221;{}&#8221;]<\/p>\n<p style=\"font-weight: 400;\">Det l\u00e5ngsiktiga m\u00e5let f\u00f6r Vikes och lokala partners i Somalia \u00e4r att fr\u00e4mja utvecklingen av journalistik som \u00e4r barnv\u00e4nlig, pluralistisk och fri av desinformation, och s\u00e5ledes bidra till fred och stabilitet i det konfliktdrabbade landet.<\/p>\n<p style=\"font-weight: 400;\">Barn och ungdomars roll som aktiva medborgare lyfts fram genom media p\u00e5 tv\u00e5 s\u00e4tt: fredsambassad\u00f6rsutbildning organiseras i skolor i samarbete med Kyrkans Utlandshj\u00e4lp, och samtidigt produceras h\u00f6gkvalitativa minidokument\u00e4rer om arbetet med fred och f\u00f6rl\u00e5telse p\u00e5 skolniv\u00e5, vilka visas p\u00e5 somalisk nationell television. Konceptet har tidigare framg\u00e5ngsrikt genomf\u00f6rts med finansiering fr\u00e5n Nen\u00e4p\u00e4iv\u00e4-stiftelsen. <\/p>\n<p style=\"font-weight: 400;\">Dessutom kommer samarbetet med Somalias nationella television f\u00f6r att utveckla barnprogram som produceras av barn och ungdomar sj\u00e4lva att forts\u00e4tta. Deltagande av nationell television och lokala medier i genomf\u00f6randet av programmet s\u00e4kerst\u00e4ller en bred spridning i hela Somalia. <\/p>\n<p style=\"font-weight: 400;\">\u00c4ven j\u00e4mst\u00e4lldhetsarbete kommer att inledas i Somalia, och det \u00e4r meningen att det ska integreras i Vikes bredare j\u00e4mst\u00e4lldhetsprogram i b\u00f6rjan av 2025.<\/p>\n<p style=\"font-weight: 400;\">En viktig del av v\u00e5rt utvecklingssamarbete i Somalia \u00e4r att f\u00f6rb\u00e4ttra journalisters kompetens och arbetsf\u00f6rh\u00e5llanden. Tillsammans med Somaliska journalistf\u00f6rbundet utbildar vi \u00e5rligen cirka 200 journalister i att organisera sig lokalt f\u00f6r att f\u00f6rb\u00e4ttra arbetsf\u00f6rh\u00e5llanden, och utbildning erbjuds i \u00e4mnen som kvinnors r\u00e4ttigheter, milj\u00f6journalistik och journalistisk etik. <\/p>\n<p style=\"font-weight: 400;\">F\u00f6rutom journalistutbildning organiserar vi tillsammans med somalisk nationell television &#8221;hard talk&#8221; tv-debatter, d\u00e4r opinionsbildare bjuds in f\u00f6r att diskutera och \u00f6verv\u00e4ga l\u00f6sningar till sv\u00e5ra och tystade \u00e4mnen, s\u00e5som orsakerna till inb\u00f6rdeskriget, f\u00f6rverkligandet av j\u00e4mlikhet och barn och ungas st\u00e4llning i samh\u00e4llet.<\/p>\n<p style=\"font-weight: 400;\">V\u00e5rt arbete i Somalia st\u00f6ds av utrikesministeriet och Europeiska unionen<\/p>\n<p>[\/et_pb_text][\/et_pb_column][et_pb_column type=&#8221;1_2&#8243; _builder_version=&#8221;4.19.0&#8243; _module_preset=&#8221;default&#8221; global_colors_info=&#8221;{}&#8221;][et_pb_text _builder_version=&#8221;4.27.3&#8243; _module_preset=&#8221;391197ed-7fc1-46bf-bf91-03326945a880&#8243; global_colors_info=&#8221;{}&#8221;]<\/p>\n<h3>Partners<\/h3>\n<p><a href=\"https:\/\/sntv.so\">Somalias nationaltelevision<\/a><\/p>\n<p><a href=\"https:\/\/fesoj.org\">Somalias journalistf\u00f6rbund<\/a><\/p>\n<p><a href=\"https:\/\/cafis.so\">Cafis kampanj om f\u00f6rl\u00e5telse<\/a><\/p>\n<p>[\/et_pb_text][et_pb_video src=&#8221;https:\/\/youtu.be\/vTr_N8lciiA&#8221; _builder_version=&#8221;4.19.0&#8243; _module_preset=&#8221;default&#8221; global_colors_info=&#8221;{}&#8221;][\/et_pb_video][et_pb_video src=&#8221;https:\/\/youtu.be\/mpXD_mR6owA&#8221; _builder_version=&#8221;4.19.0&#8243; _module_preset=&#8221;default&#8221; global_colors_info=&#8221;{}&#8221;][\/et_pb_video][\/et_pb_column][\/et_pb_row][et_pb_row _builder_version=&#8221;4.19.4&#8243; _module_preset=&#8221;default&#8221; custom_margin_tablet=&#8221;50px||0px||false|false&#8221; custom_margin_phone=&#8221;50px||0px||false|false&#8221; custom_margin_last_edited=&#8221;on|phone&#8221; custom_padding=&#8221;||0px||false|false&#8221; global_colors_info=&#8221;{}&#8221;][et_pb_column type=&#8221;4_4&#8243; _builder_version=&#8221;4.19.0&#8243; _module_preset=&#8221;default&#8221; global_colors_info=&#8221;{}&#8221;][et_pb_text _builder_version=&#8221;4.27.3&#8243; _module_preset=&#8221;bd437cc4-45e2-46cc-afbf-60efad6753c0&#8243; global_colors_info=&#8221;{}&#8221;]<\/p>\n<h2>Nyhetsartiklar om projektet<\/h2>\n<p>[\/et_pb_text][\/et_pb_column][\/et_pb_row][et_pb_row _builder_version=&#8221;4.19.0&#8243; _module_preset=&#8221;default&#8221; global_colors_info=&#8221;{}&#8221;][et_pb_column type=&#8221;4_4&#8243; _builder_version=&#8221;4.19.0&#8243; _module_preset=&#8221;default&#8221; global_colors_info=&#8221;{}&#8221;][et_pb_blog posts_number=&#8221;3&#8243; include_categories=&#8221;28&#8243; excerpt_length=&#8221;0&#8243; _builder_version=&#8221;4.27.3&#8243; _module_preset=&#8221;default&#8221; hover_enabled=&#8221;0&#8243; global_colors_info=&#8221;{%22gcid-d43b96a4-5fb2-4cc4-9bc0-7cb9830992a1%22:%91%22body_text_color%22%93,%22gcid-160f56b5-181b-4d1a-8bb1-5437efe9a365%22:%91%22pagination_text_color%22%93}&#8221; header_font_size=&#8221;22px&#8221; sticky_enabled=&#8221;0&#8243;][\/et_pb_blog][\/et_pb_column][\/et_pb_row][\/et_pb_section]<\/p>\n","protected":false},"excerpt":{"rendered":"<p>Vi utbildar och st\u00f6djer yttrandefriheten och medier i SomaliaVikes utbildar journalister och myndigheter samt st\u00f6der yttrandefriheten och medier i Somalia och Somaliland. M\u00e5let f\u00f6r projektet \u00e4r att fr\u00e4mja en fredlig [&hellip;]<\/p>\n","protected":false},"author":21,"featured_media":18703,"parent":0,"menu_order":0,"comment_status":"closed","ping_status":"closed","template":"","meta":{"_acf_changed":false,"_et_pb_use_builder":"on","_et_pb_old_content":"","_et_gb_content_width":"","_price":"","_stock":"","_tribe_ticket_header":"","_tribe_default_ticket_provider":"","_tribe_ticket_capacity":"0","_ticket_start_date":"","_ticket_end_date":"","_tribe_ticket_show_description":"","_tribe_ticket_show_not_going":false,"_tribe_ticket_use_global_stock":"","_tribe_ticket_global_stock_level":"","_global_stock_mode":"","_global_stock_cap":"","_tribe_rsvp_for_event":"","_tribe_ticket_going_count":"","_tribe_ticket_not_going_count":"","_tribe_tickets_list":"[]","_tribe_ticket_has_attendee_info_fields":false,"footnotes":""},"class_list":["post-18702","page","type-page","status-publish","has-post-thumbnail","hentry"],"acf":[],"yoast_head":"<!-- This site is optimized with the Yoast SEO plugin v27.3 - https:\/\/yoast.com\/product\/yoast-seo-wordpress\/ -->\n<title>Fred och j\u00e4mst\u00e4lldhet - Viestint\u00e4 ja kehitys -s\u00e4\u00e4ti\u00f6<\/title>\n<meta name=\"robots\" content=\"index, follow, max-snippet:-1, max-image-preview:large, max-video-preview:-1\" \/>\n<link rel=\"canonical\" href=\"https:\/\/vikes.fi\/sv\/fred-och-jamstalldhet\" \/>\n<meta property=\"og:locale\" content=\"sv_SE\" \/>\n<meta property=\"og:type\" content=\"article\" \/>\n<meta property=\"og:title\" content=\"Fred och j\u00e4mst\u00e4lldhet - Viestint\u00e4 ja kehitys -s\u00e4\u00e4ti\u00f6\" \/>\n<meta property=\"og:description\" content=\"Vi utbildar och st\u00f6djer yttrandefriheten och medier i SomaliaVikes utbildar journalister och myndigheter samt st\u00f6der yttrandefriheten och medier i Somalia och Somaliland. M\u00e5let f\u00f6r projektet \u00e4r att fr\u00e4mja en fredlig [&hellip;]\" \/>\n<meta property=\"og:url\" content=\"https:\/\/vikes.fi\/sv\/fred-och-jamstalldhet\" \/>\n<meta property=\"og:site_name\" content=\"Viestint\u00e4 ja kehitys -s\u00e4\u00e4ti\u00f6\" \/>\n<meta property=\"article:publisher\" content=\"https:\/\/www.facebook.com\/Vikes.fi\" \/>\n<meta property=\"article:modified_time\" content=\"2025-06-26T07:06:18+00:00\" \/>\n<meta property=\"og:image\" content=\"https:\/\/vikes.fi\/wp-content\/uploads\/2022\/12\/somalia-kameran-opettelua.jpg\" \/>\n\t<meta property=\"og:image:width\" content=\"2040\" \/>\n\t<meta property=\"og:image:height\" content=\"921\" \/>\n\t<meta property=\"og:image:type\" content=\"image\/jpeg\" \/>\n<meta name=\"twitter:card\" content=\"summary_large_image\" \/>\n<meta name=\"twitter:site\" content=\"@vikesverkko\" \/>\n<meta name=\"twitter:label1\" content=\"Ber\u00e4knad l\u00e4stid\" \/>\n\t<meta name=\"twitter:data1\" content=\"5 minuter\" \/>\n<script type=\"application\/ld+json\" class=\"yoast-schema-graph\">{\"@context\":\"https:\\\/\\\/schema.org\",\"@graph\":[{\"@type\":\"WebPage\",\"@id\":\"https:\\\/\\\/vikes.fi\\\/sv\\\/fred-och-jamstalldhet\",\"url\":\"https:\\\/\\\/vikes.fi\\\/sv\\\/fred-och-jamstalldhet\",\"name\":\"Fred och j\u00e4mst\u00e4lldhet - Viestint\u00e4 ja kehitys -s\u00e4\u00e4ti\u00f6\",\"isPartOf\":{\"@id\":\"https:\\\/\\\/vikes.fi\\\/#website\"},\"primaryImageOfPage\":{\"@id\":\"https:\\\/\\\/vikes.fi\\\/sv\\\/fred-och-jamstalldhet#primaryimage\"},\"image\":{\"@id\":\"https:\\\/\\\/vikes.fi\\\/sv\\\/fred-och-jamstalldhet#primaryimage\"},\"thumbnailUrl\":\"https:\\\/\\\/vikes.fi\\\/wp-content\\\/uploads\\\/2022\\\/12\\\/somalia-kameran-opettelua.jpg\",\"datePublished\":\"2022-12-01T13:11:26+00:00\",\"dateModified\":\"2025-06-26T07:06:18+00:00\",\"breadcrumb\":{\"@id\":\"https:\\\/\\\/vikes.fi\\\/sv\\\/fred-och-jamstalldhet#breadcrumb\"},\"inLanguage\":\"sv-SE\",\"potentialAction\":[{\"@type\":\"ReadAction\",\"target\":[\"https:\\\/\\\/vikes.fi\\\/sv\\\/fred-och-jamstalldhet\"]}]},{\"@type\":\"ImageObject\",\"inLanguage\":\"sv-SE\",\"@id\":\"https:\\\/\\\/vikes.fi\\\/sv\\\/fred-och-jamstalldhet#primaryimage\",\"url\":\"https:\\\/\\\/vikes.fi\\\/wp-content\\\/uploads\\\/2022\\\/12\\\/somalia-kameran-opettelua.jpg\",\"contentUrl\":\"https:\\\/\\\/vikes.fi\\\/wp-content\\\/uploads\\\/2022\\\/12\\\/somalia-kameran-opettelua.jpg\",\"width\":2040,\"height\":921},{\"@type\":\"BreadcrumbList\",\"@id\":\"https:\\\/\\\/vikes.fi\\\/sv\\\/fred-och-jamstalldhet#breadcrumb\",\"itemListElement\":[{\"@type\":\"ListItem\",\"position\":1,\"name\":\"Home\",\"item\":\"https:\\\/\\\/vikes.fi\\\/\"},{\"@type\":\"ListItem\",\"position\":2,\"name\":\"Fred och j\u00e4mst\u00e4lldhet\"}]},{\"@type\":\"WebSite\",\"@id\":\"https:\\\/\\\/vikes.fi\\\/#website\",\"url\":\"https:\\\/\\\/vikes.fi\\\/\",\"name\":\"Viestint\u00e4 ja kehitys -s\u00e4\u00e4ti\u00f6\",\"description\":\"Viestint\u00e4 ja kehitys -s\u00e4\u00e4ti\u00f6\",\"publisher\":{\"@id\":\"https:\\\/\\\/vikes.fi\\\/#organization\"},\"potentialAction\":[{\"@type\":\"SearchAction\",\"target\":{\"@type\":\"EntryPoint\",\"urlTemplate\":\"https:\\\/\\\/vikes.fi\\\/?s={search_term_string}\"},\"query-input\":{\"@type\":\"PropertyValueSpecification\",\"valueRequired\":true,\"valueName\":\"search_term_string\"}}],\"inLanguage\":\"sv-SE\"},{\"@type\":\"Organization\",\"@id\":\"https:\\\/\\\/vikes.fi\\\/#organization\",\"name\":\"Viestint\u00e4 ja kehitys -s\u00e4\u00e4ti\u00f6\",\"url\":\"https:\\\/\\\/vikes.fi\\\/\",\"logo\":{\"@type\":\"ImageObject\",\"inLanguage\":\"sv-SE\",\"@id\":\"https:\\\/\\\/vikes.fi\\\/#\\\/schema\\\/logo\\\/image\\\/\",\"url\":\"https:\\\/\\\/vikes.fi\\\/wp-content\\\/uploads\\\/2018\\\/04\\\/Vikes_logo_1000.png\",\"contentUrl\":\"https:\\\/\\\/vikes.fi\\\/wp-content\\\/uploads\\\/2018\\\/04\\\/Vikes_logo_1000.png\",\"width\":1000,\"height\":505,\"caption\":\"Viestint\u00e4 ja kehitys -s\u00e4\u00e4ti\u00f6\"},\"image\":{\"@id\":\"https:\\\/\\\/vikes.fi\\\/#\\\/schema\\\/logo\\\/image\\\/\"},\"sameAs\":[\"https:\\\/\\\/www.facebook.com\\\/Vikes.fi\",\"https:\\\/\\\/x.com\\\/vikesverkko\",\"https:\\\/\\\/www.instagram.com\\\/vikes.fi\\\/\",\"https:\\\/\\\/www.youtube.com\\\/channel\\\/UCOS7sgxh-T1dzykfQ6-dDyg?sub_confirmation=1\"]}]}<\/script>\n<!-- \/ Yoast SEO plugin. -->","yoast_head_json":{"title":"Fred och j\u00e4mst\u00e4lldhet - Viestint\u00e4 ja kehitys -s\u00e4\u00e4ti\u00f6","robots":{"index":"index","follow":"follow","max-snippet":"max-snippet:-1","max-image-preview":"max-image-preview:large","max-video-preview":"max-video-preview:-1"},"canonical":"https:\/\/vikes.fi\/sv\/fred-och-jamstalldhet","og_locale":"sv_SE","og_type":"article","og_title":"Fred och j\u00e4mst\u00e4lldhet - Viestint\u00e4 ja kehitys -s\u00e4\u00e4ti\u00f6","og_description":"Vi utbildar och st\u00f6djer yttrandefriheten och medier i SomaliaVikes utbildar journalister och myndigheter samt st\u00f6der yttrandefriheten och medier i Somalia och Somaliland. M\u00e5let f\u00f6r projektet \u00e4r att fr\u00e4mja en fredlig [&hellip;]","og_url":"https:\/\/vikes.fi\/sv\/fred-och-jamstalldhet","og_site_name":"Viestint\u00e4 ja kehitys -s\u00e4\u00e4ti\u00f6","article_publisher":"https:\/\/www.facebook.com\/Vikes.fi","article_modified_time":"2025-06-26T07:06:18+00:00","og_image":[{"width":2040,"height":921,"url":"https:\/\/vikes.fi\/wp-content\/uploads\/2022\/12\/somalia-kameran-opettelua.jpg","type":"image\/jpeg"}],"twitter_card":"summary_large_image","twitter_site":"@vikesverkko","twitter_misc":{"Ber\u00e4knad l\u00e4stid":"5 minuter"},"schema":{"@context":"https:\/\/schema.org","@graph":[{"@type":"WebPage","@id":"https:\/\/vikes.fi\/sv\/fred-och-jamstalldhet","url":"https:\/\/vikes.fi\/sv\/fred-och-jamstalldhet","name":"Fred och j\u00e4mst\u00e4lldhet - Viestint\u00e4 ja kehitys -s\u00e4\u00e4ti\u00f6","isPartOf":{"@id":"https:\/\/vikes.fi\/#website"},"primaryImageOfPage":{"@id":"https:\/\/vikes.fi\/sv\/fred-och-jamstalldhet#primaryimage"},"image":{"@id":"https:\/\/vikes.fi\/sv\/fred-och-jamstalldhet#primaryimage"},"thumbnailUrl":"https:\/\/vikes.fi\/wp-content\/uploads\/2022\/12\/somalia-kameran-opettelua.jpg","datePublished":"2022-12-01T13:11:26+00:00","dateModified":"2025-06-26T07:06:18+00:00","breadcrumb":{"@id":"https:\/\/vikes.fi\/sv\/fred-och-jamstalldhet#breadcrumb"},"inLanguage":"sv-SE","potentialAction":[{"@type":"ReadAction","target":["https:\/\/vikes.fi\/sv\/fred-och-jamstalldhet"]}]},{"@type":"ImageObject","inLanguage":"sv-SE","@id":"https:\/\/vikes.fi\/sv\/fred-och-jamstalldhet#primaryimage","url":"https:\/\/vikes.fi\/wp-content\/uploads\/2022\/12\/somalia-kameran-opettelua.jpg","contentUrl":"https:\/\/vikes.fi\/wp-content\/uploads\/2022\/12\/somalia-kameran-opettelua.jpg","width":2040,"height":921},{"@type":"BreadcrumbList","@id":"https:\/\/vikes.fi\/sv\/fred-och-jamstalldhet#breadcrumb","itemListElement":[{"@type":"ListItem","position":1,"name":"Home","item":"https:\/\/vikes.fi\/"},{"@type":"ListItem","position":2,"name":"Fred och j\u00e4mst\u00e4lldhet"}]},{"@type":"WebSite","@id":"https:\/\/vikes.fi\/#website","url":"https:\/\/vikes.fi\/","name":"Viestint\u00e4 ja kehitys -s\u00e4\u00e4ti\u00f6","description":"Viestint\u00e4 ja kehitys -s\u00e4\u00e4ti\u00f6","publisher":{"@id":"https:\/\/vikes.fi\/#organization"},"potentialAction":[{"@type":"SearchAction","target":{"@type":"EntryPoint","urlTemplate":"https:\/\/vikes.fi\/?s={search_term_string}"},"query-input":{"@type":"PropertyValueSpecification","valueRequired":true,"valueName":"search_term_string"}}],"inLanguage":"sv-SE"},{"@type":"Organization","@id":"https:\/\/vikes.fi\/#organization","name":"Viestint\u00e4 ja kehitys -s\u00e4\u00e4ti\u00f6","url":"https:\/\/vikes.fi\/","logo":{"@type":"ImageObject","inLanguage":"sv-SE","@id":"https:\/\/vikes.fi\/#\/schema\/logo\/image\/","url":"https:\/\/vikes.fi\/wp-content\/uploads\/2018\/04\/Vikes_logo_1000.png","contentUrl":"https:\/\/vikes.fi\/wp-content\/uploads\/2018\/04\/Vikes_logo_1000.png","width":1000,"height":505,"caption":"Viestint\u00e4 ja kehitys -s\u00e4\u00e4ti\u00f6"},"image":{"@id":"https:\/\/vikes.fi\/#\/schema\/logo\/image\/"},"sameAs":["https:\/\/www.facebook.com\/Vikes.fi","https:\/\/x.com\/vikesverkko","https:\/\/www.instagram.com\/vikes.fi\/","https:\/\/www.youtube.com\/channel\/UCOS7sgxh-T1dzykfQ6-dDyg?sub_confirmation=1"]}]}},"_links":{"self":[{"href":"https:\/\/vikes.fi\/sv\/wp-json\/wp\/v2\/pages\/18702","targetHints":{"allow":["GET"]}}],"collection":[{"href":"https:\/\/vikes.fi\/sv\/wp-json\/wp\/v2\/pages"}],"about":[{"href":"https:\/\/vikes.fi\/sv\/wp-json\/wp\/v2\/types\/page"}],"author":[{"embeddable":true,"href":"https:\/\/vikes.fi\/sv\/wp-json\/wp\/v2\/users\/21"}],"replies":[{"embeddable":true,"href":"https:\/\/vikes.fi\/sv\/wp-json\/wp\/v2\/comments?post=18702"}],"version-history":[{"count":0,"href":"https:\/\/vikes.fi\/sv\/wp-json\/wp\/v2\/pages\/18702\/revisions"}],"wp:featuredmedia":[{"embeddable":true,"href":"https:\/\/vikes.fi\/sv\/wp-json\/wp\/v2\/media\/18703"}],"wp:attachment":[{"href":"https:\/\/vikes.fi\/sv\/wp-json\/wp\/v2\/media?parent=18702"}],"curies":[{"name":"wp","href":"https:\/\/api.w.org\/{rel}","templated":true}]}}