{"id":18695,"date":"2022-12-01T15:24:26","date_gmt":"2022-12-01T13:24:26","guid":{"rendered":"https:\/\/vikes.fi\/medborgarradior"},"modified":"2025-06-26T10:16:04","modified_gmt":"2025-06-26T07:16:04","slug":"medborgarradior","status":"publish","type":"page","link":"https:\/\/vikes.fi\/sv\/medborgarradior","title":{"rendered":"Lokala radiostationer"},"content":{"rendered":"<p>[et_pb_section fb_built=&#8221;1&#8243; _builder_version=&#8221;4.19.0&#8243; _module_preset=&#8221;default&#8221; global_colors_info=&#8221;{}&#8221;][et_pb_row _builder_version=&#8221;4.19.0&#8243; _module_preset=&#8221;default&#8221; custom_margin=&#8221;50px||50px||false|false&#8221; border_width_all=&#8221;1px&#8221; border_color_all=&#8221;gcid-78c82a69-71d2-4231-b1ba-9743c706cfd5&#8243; border_width_top=&#8221;1px&#8221; border_color_top=&#8221;gcid-549a5b0f-b9a8-4234-8fb3-9f52112464a2&#8243; border_width_right=&#8221;1px&#8221; border_color_right=&#8221;gcid-549a5b0f-b9a8-4234-8fb3-9f52112464a2&#8243; border_width_left=&#8221;1px&#8221; border_color_left=&#8221;gcid-549a5b0f-b9a8-4234-8fb3-9f52112464a2&#8243; global_colors_info=&#8221;{%22gcid-549a5b0f-b9a8-4234-8fb3-9f52112464a2%22:%91%22border_color_right%22,%22border_color_left%22,%22border_color_top%22%93,%22gcid-78c82a69-71d2-4231-b1ba-9743c706cfd5%22:%91%22border_color_all%22%93}&#8221;][et_pb_column type=&#8221;4_4&#8243; _builder_version=&#8221;4.16.0&#8243; _module_preset=&#8221;default&#8221; global_colors_info=&#8221;{}&#8221;][et_pb_text _builder_version=&#8221;4.19.0&#8243; _module_preset=&#8221;19d6e13d-6dc0-453c-a15a-72c5338d5b3f&#8221; header_font_size=&#8221;46px&#8221; background_color=&#8221;#FFFFFF&#8221; custom_margin=&#8221;32px||32px|-35px|false|false&#8221; custom_padding=&#8221;15px||0px||false|false&#8221; global_colors_info=&#8221;{}&#8221;]<\/p>\n<h1>Vi st\u00f6djer n\u00e4rmedier i Tanzania, Kenya och Uganda<\/h1>\n<p>[\/et_pb_text][\/et_pb_column][\/et_pb_row][et_pb_row _builder_version=&#8221;4.19.4&#8243; _module_preset=&#8221;default&#8221; custom_margin=&#8221;50px|auto|30px|auto|false|false&#8221; global_colors_info=&#8221;{}&#8221;][et_pb_column type=&#8221;4_4&#8243; _builder_version=&#8221;4.19.0&#8243; _module_preset=&#8221;default&#8221; global_colors_info=&#8221;{}&#8221;][et_pb_text _builder_version=&#8221;4.27.3&#8243; _module_preset=&#8221;49b990a9-3f5c-41d7-a146-f53d734cb61f&#8221; hover_enabled=&#8221;0&#8243; global_colors_info=&#8221;{}&#8221; sticky_enabled=&#8221;0&#8243;]<\/p>\n<p>Med st\u00f6d av Vikes f\u00e5r landsbygden i \u00d6stafrika sin r\u00f6st h\u00f6rd.<\/p>\n<p>[\/et_pb_text][\/et_pb_column][\/et_pb_row][et_pb_row _builder_version=&#8221;4.19.4&#8243; _module_preset=&#8221;default&#8221; custom_margin=&#8221;0px|auto|30px|auto|false|false&#8221; custom_margin_tablet=&#8221;0px|auto|0px|auto|false|false&#8221; custom_margin_phone=&#8221;0px|auto|0px|auto|false|false&#8221; custom_margin_last_edited=&#8221;on|desktop&#8221; custom_padding=&#8221;||0px||false|false&#8221; global_colors_info=&#8221;{}&#8221;][et_pb_column type=&#8221;4_4&#8243; _builder_version=&#8221;4.19.4&#8243; _module_preset=&#8221;default&#8221; global_colors_info=&#8221;{}&#8221;][et_pb_divider color=&#8221;gcid-78c82a69-71d2-4231-b1ba-9743c706cfd5&#8243; divider_weight=&#8221;5px&#8221; _builder_version=&#8221;4.19.4&#8243; _module_preset=&#8221;default&#8221; width=&#8221;16%&#8221; custom_margin=&#8221;0px||0px||false|false&#8221; global_module=&#8221;11580&#8243; saved_tabs=&#8221;all&#8221; global_colors_info=&#8221;{%22gcid-78c82a69-71d2-4231-b1ba-9743c706cfd5%22:%91%22color%22%93}&#8221;][\/et_pb_divider][\/et_pb_column][\/et_pb_row][et_pb_row column_structure=&#8221;1_2,1_2&#8243; _builder_version=&#8221;4.19.0&#8243; _module_preset=&#8221;default&#8221; global_colors_info=&#8221;{}&#8221;][et_pb_column type=&#8221;1_2&#8243; _builder_version=&#8221;4.19.0&#8243; _module_preset=&#8221;default&#8221; global_colors_info=&#8221;{}&#8221;][et_pb_text _builder_version=&#8221;4.27.3&#8243; _module_preset=&#8221;360119ca-c6e7-4e37-8b9d-c9bf27dc46e8&#8243; hover_enabled=&#8221;0&#8243; global_colors_info=&#8221;{}&#8221; sticky_enabled=&#8221;0&#8243;]<\/p>\n<p>I Tanzania, Uganda och Kenya bor de flesta p\u00e5 landsbygden. Medierna \u00e4r dock till en stor del baserade i st\u00e4derna och endast lite uppm\u00e4rksamhet riktas mot landsbygden. <\/p>\n<p>Vikes och lokala partners str\u00e4var efter att ge landsbygdssamh\u00e4llen en r\u00f6st, f\u00f6rb\u00e4ttra informationsfl\u00f6det fr\u00e5n landsbygden till den bredare nationella publiken och \u00f6ka medborgarnas tillg\u00e5ng till information.<\/p>\n<p>Vikes utvecklingssamarbetsprogram har skapat onlineportaler f\u00f6r landsbygdsradio i Tanzania och Uganda. Vikes utbildar folk p\u00e5 lokala radiostationer i att anv\u00e4nda portalen och st\u00f6der deras marknadsf\u00f6ring.<\/p>\n<p>I Kenya utbildas och handleds unga journalister fr\u00e5n landsbygden i att producera b\u00e4ttre ber\u00e4ttelser om landsbygdssamh\u00e4llen. Deras program s\u00e4nds p\u00e5 onlineradiokanalen Radio Bazara. <\/p>\n<p>I Tanzania st\u00f6der Vikes sin m\u00e5ng\u00e5riga radiopartner Jamii FM i dess programproduktion, s\u00e4rskilt program om kvinnor och flickor, anpassning till klimatf\u00f6r\u00e4ndringen och program som behandlar personer med funktionsneds\u00e4ttning, deras liv och r\u00e4ttigheter.<\/p>\n<p>\u00d6stafrikanska organisationer och utbildare kommer att tr\u00e4ffa varandra, n\u00e4tverka och lansera gemensamma aktiviteter f\u00f6r att fr\u00e4mja rapporteringen fr\u00e5n landsbygden.<\/p>\n<p>Samarbetet kommer att gynna \u00f6ver 50 lokala radiostationer och flera hundra journalister i alla tre l\u00e4nderna. De nya portalerna kommer att g\u00f6ra det m\u00f6jligt f\u00f6r radiostationer att s\u00e4nda sina program online och n\u00e5 en nationell eller till och med global publik, vilket \u00f6kar deras m\u00f6jligheter f\u00f6r int\u00e4kter. <\/p>\n<p>[\/et_pb_text][\/et_pb_column][et_pb_column type=&#8221;1_2&#8243; _builder_version=&#8221;4.19.0&#8243; _module_preset=&#8221;default&#8221; global_colors_info=&#8221;{}&#8221;][et_pb_text _builder_version=&#8221;4.19.0&#8243; _module_preset=&#8221;default&#8221;]<\/p>\n<h3>Partners<\/h3>\n<p style=\"font-weight: 400;\"><a href=\"https:\/\/www.google.com\/search?client=safari&amp;rls=en&amp;q=Tanzania+Development+Information+Organization&amp;ie=UTF-8&amp;oe=UTF-8\">Tanzania Development Information Organization<\/a> (TADIO)<\/p>\n<p style=\"font-weight: 400;\"><a href=\"https:\/\/www.facebook.com\/people\/Mtukwao-Community-Media\/100064793268189\/\">Mtukwao Community Media<\/a><\/p>\n<p style=\"font-weight: 400;\"><a href=\"https:\/\/comnetu.org\">Community Media Network Uganda<\/a> (COMNETU)<\/p>\n<p style=\"font-weight: 400;\"><a href=\"http:\/\/dtmafrica.com\">Kenyan media organization Development Through Media<\/a> (DTM)<\/p>\n<p>[\/et_pb_text][et_pb_video src=&#8221;https:\/\/youtu.be\/Hzg2Ma0nDgA&#8221; _builder_version=&#8221;4.19.0&#8243; _module_preset=&#8221;default&#8221; global_colors_info=&#8221;{}&#8221;][\/et_pb_video][\/et_pb_column][\/et_pb_row][\/et_pb_section]<\/p>\n","protected":false},"excerpt":{"rendered":"<p>Vi st\u00f6djer n\u00e4rmedier i Tanzania, Kenya och UgandaMed st\u00f6d av Vikes f\u00e5r landsbygden i \u00d6stafrika sin r\u00f6st h\u00f6rd.I Tanzania, Uganda och Kenya bor de flesta p\u00e5 landsbygden. Medierna \u00e4r dock [&hellip;]<\/p>\n","protected":false},"author":21,"featured_media":18696,"parent":0,"menu_order":0,"comment_status":"closed","ping_status":"closed","template":"","meta":{"_acf_changed":false,"_et_pb_use_builder":"on","_et_pb_old_content":"","_et_gb_content_width":"","_price":"","_stock":"","_tribe_ticket_header":"","_tribe_default_ticket_provider":"","_tribe_ticket_capacity":"0","_ticket_start_date":"","_ticket_end_date":"","_tribe_ticket_show_description":"","_tribe_ticket_show_not_going":false,"_tribe_ticket_use_global_stock":"","_tribe_ticket_global_stock_level":"","_global_stock_mode":"","_global_stock_cap":"","_tribe_rsvp_for_event":"","_tribe_ticket_going_count":"","_tribe_ticket_not_going_count":"","_tribe_tickets_list":"[]","_tribe_ticket_has_attendee_info_fields":false,"footnotes":""},"class_list":["post-18695","page","type-page","status-publish","has-post-thumbnail","hentry"],"acf":[],"yoast_head":"<!-- This site is optimized with the Yoast SEO plugin v27.3 - https:\/\/yoast.com\/product\/yoast-seo-wordpress\/ -->\n<title>Lokala radiostationer - Viestint\u00e4 ja kehitys -s\u00e4\u00e4ti\u00f6<\/title>\n<meta name=\"robots\" content=\"index, follow, max-snippet:-1, max-image-preview:large, max-video-preview:-1\" \/>\n<link rel=\"canonical\" href=\"https:\/\/vikes.fi\/sv\/medborgarradior\" \/>\n<meta property=\"og:locale\" content=\"sv_SE\" \/>\n<meta property=\"og:type\" content=\"article\" \/>\n<meta property=\"og:title\" content=\"Lokala radiostationer - Viestint\u00e4 ja kehitys -s\u00e4\u00e4ti\u00f6\" \/>\n<meta property=\"og:description\" content=\"Vi st\u00f6djer n\u00e4rmedier i Tanzania, Kenya och UgandaMed st\u00f6d av Vikes f\u00e5r landsbygden i \u00d6stafrika sin r\u00f6st h\u00f6rd.I Tanzania, Uganda och Kenya bor de flesta p\u00e5 landsbygden. Medierna \u00e4r dock [&hellip;]\" \/>\n<meta property=\"og:url\" content=\"https:\/\/vikes.fi\/sv\/medborgarradior\" \/>\n<meta property=\"og:site_name\" content=\"Viestint\u00e4 ja kehitys -s\u00e4\u00e4ti\u00f6\" \/>\n<meta property=\"article:publisher\" content=\"https:\/\/www.facebook.com\/Vikes.fi\" \/>\n<meta property=\"article:modified_time\" content=\"2025-06-26T07:16:04+00:00\" \/>\n<meta property=\"og:image\" content=\"https:\/\/vikes.fi\/wp-content\/uploads\/2021\/12\/DSCF4989.jpeg\" \/>\n\t<meta property=\"og:image:width\" content=\"1280\" \/>\n\t<meta property=\"og:image:height\" content=\"854\" \/>\n\t<meta property=\"og:image:type\" content=\"image\/jpeg\" \/>\n<meta name=\"twitter:card\" content=\"summary_large_image\" \/>\n<meta name=\"twitter:site\" content=\"@vikesverkko\" \/>\n<meta name=\"twitter:label1\" content=\"Ber\u00e4knad l\u00e4stid\" \/>\n\t<meta name=\"twitter:data1\" content=\"4 minuter\" \/>\n<script type=\"application\/ld+json\" class=\"yoast-schema-graph\">{\"@context\":\"https:\\\/\\\/schema.org\",\"@graph\":[{\"@type\":\"WebPage\",\"@id\":\"https:\\\/\\\/vikes.fi\\\/sv\\\/medborgarradior\",\"url\":\"https:\\\/\\\/vikes.fi\\\/sv\\\/medborgarradior\",\"name\":\"Lokala radiostationer - Viestint\u00e4 ja kehitys -s\u00e4\u00e4ti\u00f6\",\"isPartOf\":{\"@id\":\"https:\\\/\\\/vikes.fi\\\/#website\"},\"primaryImageOfPage\":{\"@id\":\"https:\\\/\\\/vikes.fi\\\/sv\\\/medborgarradior#primaryimage\"},\"image\":{\"@id\":\"https:\\\/\\\/vikes.fi\\\/sv\\\/medborgarradior#primaryimage\"},\"thumbnailUrl\":\"https:\\\/\\\/vikes.fi\\\/wp-content\\\/uploads\\\/2021\\\/12\\\/DSCF4989.jpeg\",\"datePublished\":\"2022-12-01T13:24:26+00:00\",\"dateModified\":\"2025-06-26T07:16:04+00:00\",\"breadcrumb\":{\"@id\":\"https:\\\/\\\/vikes.fi\\\/sv\\\/medborgarradior#breadcrumb\"},\"inLanguage\":\"sv-SE\",\"potentialAction\":[{\"@type\":\"ReadAction\",\"target\":[\"https:\\\/\\\/vikes.fi\\\/sv\\\/medborgarradior\"]}]},{\"@type\":\"ImageObject\",\"inLanguage\":\"sv-SE\",\"@id\":\"https:\\\/\\\/vikes.fi\\\/sv\\\/medborgarradior#primaryimage\",\"url\":\"https:\\\/\\\/vikes.fi\\\/wp-content\\\/uploads\\\/2021\\\/12\\\/DSCF4989.jpeg\",\"contentUrl\":\"https:\\\/\\\/vikes.fi\\\/wp-content\\\/uploads\\\/2021\\\/12\\\/DSCF4989.jpeg\",\"width\":1280,\"height\":854},{\"@type\":\"BreadcrumbList\",\"@id\":\"https:\\\/\\\/vikes.fi\\\/sv\\\/medborgarradior#breadcrumb\",\"itemListElement\":[{\"@type\":\"ListItem\",\"position\":1,\"name\":\"Home\",\"item\":\"https:\\\/\\\/vikes.fi\\\/\"},{\"@type\":\"ListItem\",\"position\":2,\"name\":\"Lokala radiostationer\"}]},{\"@type\":\"WebSite\",\"@id\":\"https:\\\/\\\/vikes.fi\\\/#website\",\"url\":\"https:\\\/\\\/vikes.fi\\\/\",\"name\":\"Viestint\u00e4 ja kehitys -s\u00e4\u00e4ti\u00f6\",\"description\":\"Viestint\u00e4 ja kehitys -s\u00e4\u00e4ti\u00f6\",\"publisher\":{\"@id\":\"https:\\\/\\\/vikes.fi\\\/#organization\"},\"potentialAction\":[{\"@type\":\"SearchAction\",\"target\":{\"@type\":\"EntryPoint\",\"urlTemplate\":\"https:\\\/\\\/vikes.fi\\\/?s={search_term_string}\"},\"query-input\":{\"@type\":\"PropertyValueSpecification\",\"valueRequired\":true,\"valueName\":\"search_term_string\"}}],\"inLanguage\":\"sv-SE\"},{\"@type\":\"Organization\",\"@id\":\"https:\\\/\\\/vikes.fi\\\/#organization\",\"name\":\"Viestint\u00e4 ja kehitys -s\u00e4\u00e4ti\u00f6\",\"url\":\"https:\\\/\\\/vikes.fi\\\/\",\"logo\":{\"@type\":\"ImageObject\",\"inLanguage\":\"sv-SE\",\"@id\":\"https:\\\/\\\/vikes.fi\\\/#\\\/schema\\\/logo\\\/image\\\/\",\"url\":\"https:\\\/\\\/vikes.fi\\\/wp-content\\\/uploads\\\/2018\\\/04\\\/Vikes_logo_1000.png\",\"contentUrl\":\"https:\\\/\\\/vikes.fi\\\/wp-content\\\/uploads\\\/2018\\\/04\\\/Vikes_logo_1000.png\",\"width\":1000,\"height\":505,\"caption\":\"Viestint\u00e4 ja kehitys -s\u00e4\u00e4ti\u00f6\"},\"image\":{\"@id\":\"https:\\\/\\\/vikes.fi\\\/#\\\/schema\\\/logo\\\/image\\\/\"},\"sameAs\":[\"https:\\\/\\\/www.facebook.com\\\/Vikes.fi\",\"https:\\\/\\\/x.com\\\/vikesverkko\",\"https:\\\/\\\/www.instagram.com\\\/vikes.fi\\\/\",\"https:\\\/\\\/www.youtube.com\\\/channel\\\/UCOS7sgxh-T1dzykfQ6-dDyg?sub_confirmation=1\"]}]}<\/script>\n<!-- \/ Yoast SEO plugin. -->","yoast_head_json":{"title":"Lokala radiostationer - Viestint\u00e4 ja kehitys -s\u00e4\u00e4ti\u00f6","robots":{"index":"index","follow":"follow","max-snippet":"max-snippet:-1","max-image-preview":"max-image-preview:large","max-video-preview":"max-video-preview:-1"},"canonical":"https:\/\/vikes.fi\/sv\/medborgarradior","og_locale":"sv_SE","og_type":"article","og_title":"Lokala radiostationer - Viestint\u00e4 ja kehitys -s\u00e4\u00e4ti\u00f6","og_description":"Vi st\u00f6djer n\u00e4rmedier i Tanzania, Kenya och UgandaMed st\u00f6d av Vikes f\u00e5r landsbygden i \u00d6stafrika sin r\u00f6st h\u00f6rd.I Tanzania, Uganda och Kenya bor de flesta p\u00e5 landsbygden. Medierna \u00e4r dock [&hellip;]","og_url":"https:\/\/vikes.fi\/sv\/medborgarradior","og_site_name":"Viestint\u00e4 ja kehitys -s\u00e4\u00e4ti\u00f6","article_publisher":"https:\/\/www.facebook.com\/Vikes.fi","article_modified_time":"2025-06-26T07:16:04+00:00","og_image":[{"width":1280,"height":854,"url":"https:\/\/vikes.fi\/wp-content\/uploads\/2021\/12\/DSCF4989.jpeg","type":"image\/jpeg"}],"twitter_card":"summary_large_image","twitter_site":"@vikesverkko","twitter_misc":{"Ber\u00e4knad l\u00e4stid":"4 minuter"},"schema":{"@context":"https:\/\/schema.org","@graph":[{"@type":"WebPage","@id":"https:\/\/vikes.fi\/sv\/medborgarradior","url":"https:\/\/vikes.fi\/sv\/medborgarradior","name":"Lokala radiostationer - Viestint\u00e4 ja kehitys -s\u00e4\u00e4ti\u00f6","isPartOf":{"@id":"https:\/\/vikes.fi\/#website"},"primaryImageOfPage":{"@id":"https:\/\/vikes.fi\/sv\/medborgarradior#primaryimage"},"image":{"@id":"https:\/\/vikes.fi\/sv\/medborgarradior#primaryimage"},"thumbnailUrl":"https:\/\/vikes.fi\/wp-content\/uploads\/2021\/12\/DSCF4989.jpeg","datePublished":"2022-12-01T13:24:26+00:00","dateModified":"2025-06-26T07:16:04+00:00","breadcrumb":{"@id":"https:\/\/vikes.fi\/sv\/medborgarradior#breadcrumb"},"inLanguage":"sv-SE","potentialAction":[{"@type":"ReadAction","target":["https:\/\/vikes.fi\/sv\/medborgarradior"]}]},{"@type":"ImageObject","inLanguage":"sv-SE","@id":"https:\/\/vikes.fi\/sv\/medborgarradior#primaryimage","url":"https:\/\/vikes.fi\/wp-content\/uploads\/2021\/12\/DSCF4989.jpeg","contentUrl":"https:\/\/vikes.fi\/wp-content\/uploads\/2021\/12\/DSCF4989.jpeg","width":1280,"height":854},{"@type":"BreadcrumbList","@id":"https:\/\/vikes.fi\/sv\/medborgarradior#breadcrumb","itemListElement":[{"@type":"ListItem","position":1,"name":"Home","item":"https:\/\/vikes.fi\/"},{"@type":"ListItem","position":2,"name":"Lokala radiostationer"}]},{"@type":"WebSite","@id":"https:\/\/vikes.fi\/#website","url":"https:\/\/vikes.fi\/","name":"Viestint\u00e4 ja kehitys -s\u00e4\u00e4ti\u00f6","description":"Viestint\u00e4 ja kehitys -s\u00e4\u00e4ti\u00f6","publisher":{"@id":"https:\/\/vikes.fi\/#organization"},"potentialAction":[{"@type":"SearchAction","target":{"@type":"EntryPoint","urlTemplate":"https:\/\/vikes.fi\/?s={search_term_string}"},"query-input":{"@type":"PropertyValueSpecification","valueRequired":true,"valueName":"search_term_string"}}],"inLanguage":"sv-SE"},{"@type":"Organization","@id":"https:\/\/vikes.fi\/#organization","name":"Viestint\u00e4 ja kehitys -s\u00e4\u00e4ti\u00f6","url":"https:\/\/vikes.fi\/","logo":{"@type":"ImageObject","inLanguage":"sv-SE","@id":"https:\/\/vikes.fi\/#\/schema\/logo\/image\/","url":"https:\/\/vikes.fi\/wp-content\/uploads\/2018\/04\/Vikes_logo_1000.png","contentUrl":"https:\/\/vikes.fi\/wp-content\/uploads\/2018\/04\/Vikes_logo_1000.png","width":1000,"height":505,"caption":"Viestint\u00e4 ja kehitys -s\u00e4\u00e4ti\u00f6"},"image":{"@id":"https:\/\/vikes.fi\/#\/schema\/logo\/image\/"},"sameAs":["https:\/\/www.facebook.com\/Vikes.fi","https:\/\/x.com\/vikesverkko","https:\/\/www.instagram.com\/vikes.fi\/","https:\/\/www.youtube.com\/channel\/UCOS7sgxh-T1dzykfQ6-dDyg?sub_confirmation=1"]}]}},"_links":{"self":[{"href":"https:\/\/vikes.fi\/sv\/wp-json\/wp\/v2\/pages\/18695","targetHints":{"allow":["GET"]}}],"collection":[{"href":"https:\/\/vikes.fi\/sv\/wp-json\/wp\/v2\/pages"}],"about":[{"href":"https:\/\/vikes.fi\/sv\/wp-json\/wp\/v2\/types\/page"}],"author":[{"embeddable":true,"href":"https:\/\/vikes.fi\/sv\/wp-json\/wp\/v2\/users\/21"}],"replies":[{"embeddable":true,"href":"https:\/\/vikes.fi\/sv\/wp-json\/wp\/v2\/comments?post=18695"}],"version-history":[{"count":0,"href":"https:\/\/vikes.fi\/sv\/wp-json\/wp\/v2\/pages\/18695\/revisions"}],"wp:featuredmedia":[{"embeddable":true,"href":"https:\/\/vikes.fi\/sv\/wp-json\/wp\/v2\/media\/18696"}],"wp:attachment":[{"href":"https:\/\/vikes.fi\/sv\/wp-json\/wp\/v2\/media?parent=18695"}],"curies":[{"name":"wp","href":"https:\/\/api.w.org\/{rel}","templated":true}]}}