{"id":18687,"date":"2022-12-01T14:29:50","date_gmt":"2022-12-01T12:29:50","guid":{"rendered":"https:\/\/vikes.fi\/sjalvstandiga-medier"},"modified":"2025-06-26T09:56:53","modified_gmt":"2025-06-26T06:56:53","slug":"sjalvstandiga-medier","status":"publish","type":"page","link":"https:\/\/vikes.fi\/sv\/sjalvstandiga-medier","title":{"rendered":"Oberoende medier"},"content":{"rendered":"<p>[et_pb_section fb_built=&#8221;1&#8243; _builder_version=&#8221;4.19.0&#8243; _module_preset=&#8221;default&#8221; custom_padding=&#8221;0px||||false|false&#8221; global_colors_info=&#8221;{}&#8221;][et_pb_row _builder_version=&#8221;4.19.0&#8243; _module_preset=&#8221;default&#8221; custom_margin=&#8221;100px||50px||false|false&#8221; border_width_all=&#8221;1px&#8221; border_color_all=&#8221;gcid-78c82a69-71d2-4231-b1ba-9743c706cfd5&#8243; border_width_top=&#8221;1px&#8221; border_color_top=&#8221;gcid-549a5b0f-b9a8-4234-8fb3-9f52112464a2&#8243; border_width_right=&#8221;1px&#8221; border_color_right=&#8221;gcid-549a5b0f-b9a8-4234-8fb3-9f52112464a2&#8243; border_width_left=&#8221;1px&#8221; border_color_left=&#8221;gcid-549a5b0f-b9a8-4234-8fb3-9f52112464a2&#8243; global_colors_info=&#8221;{%22gcid-549a5b0f-b9a8-4234-8fb3-9f52112464a2%22:%91%22border_color_right%22,%22border_color_left%22,%22border_color_top%22%93,%22gcid-78c82a69-71d2-4231-b1ba-9743c706cfd5%22:%91%22border_color_all%22%93}&#8221;][et_pb_column type=&#8221;4_4&#8243; _builder_version=&#8221;4.16.0&#8243; _module_preset=&#8221;default&#8221; global_colors_info=&#8221;{}&#8221;][et_pb_text _builder_version=&#8221;4.27.3&#8243; _module_preset=&#8221;19d6e13d-6dc0-453c-a15a-72c5338d5b3f&#8221; background_color=&#8221;#FFFFFF&#8221; custom_margin=&#8221;32px|5px|32px|-35px|false|false&#8221; custom_padding=&#8221;15px||0px||false|false&#8221; hover_enabled=&#8221;0&#8243; global_colors_info=&#8221;{}&#8221; sticky_enabled=&#8221;0&#8243;]<\/p>\n<h1>Vi st\u00f6djer oberoende medier i Centralamerika<\/h1>\n<p>[\/et_pb_text][\/et_pb_column][\/et_pb_row][et_pb_row column_structure=&#8221;1_2,1_2&#8243; _builder_version=&#8221;4.19.4&#8243; _module_preset=&#8221;default&#8221; custom_margin=&#8221;50px|auto|30px|auto|false|false&#8221; global_colors_info=&#8221;{}&#8221;][et_pb_column type=&#8221;1_2&#8243; _builder_version=&#8221;4.19.0&#8243; _module_preset=&#8221;default&#8221; global_colors_info=&#8221;{}&#8221;][et_pb_text _builder_version=&#8221;4.27.3&#8243; _module_preset=&#8221;49b990a9-3f5c-41d7-a146-f53d734cb61f&#8221; global_colors_info=&#8221;{%22gcid-body-color%22:%91%22header_2_text_color%22,%22text_text_color%22%93}&#8221;]<\/p>\n<p>Modiga journalister sitt b\u00e4sta i Centralamerika. Omst\u00e4ndigheterna \u00e4r dock mycket sv\u00e5ra. Vikes st\u00f6der mediernas sj\u00e4lvst\u00e4ndighet, kvalitet och skapar l\u00e4nkar mellan medier och medborgarsamh\u00e4llet.  <\/p>\n<p>[\/et_pb_text][\/et_pb_column][et_pb_column type=&#8221;1_2&#8243; _builder_version=&#8221;4.19.0&#8243; _module_preset=&#8221;default&#8221; global_colors_info=&#8221;{}&#8221;][\/et_pb_column][\/et_pb_row][et_pb_row _builder_version=&#8221;4.19.4&#8243; _module_preset=&#8221;default&#8221; custom_margin=&#8221;0px|auto|30px|auto|false|false&#8221; custom_padding=&#8221;0px||||false|false&#8221; global_colors_info=&#8221;{}&#8221;][et_pb_column type=&#8221;4_4&#8243; _builder_version=&#8221;4.19.4&#8243; _module_preset=&#8221;default&#8221; global_colors_info=&#8221;{}&#8221;][et_pb_divider color=&#8221;gcid-78c82a69-71d2-4231-b1ba-9743c706cfd5&#8243; divider_weight=&#8221;5px&#8221; _builder_version=&#8221;4.19.4&#8243; _module_preset=&#8221;default&#8221; width=&#8221;16%&#8221; custom_margin=&#8221;0px||0px||false|false&#8221; global_module=&#8221;11580&#8243; saved_tabs=&#8221;all&#8221; global_colors_info=&#8221;{%22gcid-78c82a69-71d2-4231-b1ba-9743c706cfd5%22:%91%22color%22%93}&#8221;][\/et_pb_divider][\/et_pb_column][\/et_pb_row][et_pb_row column_structure=&#8221;1_2,1_2&#8243; _builder_version=&#8221;4.19.0&#8243; _module_preset=&#8221;default&#8221; global_colors_info=&#8221;{}&#8221;][et_pb_column type=&#8221;1_2&#8243; _builder_version=&#8221;4.19.0&#8243; _module_preset=&#8221;default&#8221; global_colors_info=&#8221;{}&#8221;][et_pb_text _builder_version=&#8221;4.27.3&#8243; _module_preset=&#8221;360119ca-c6e7-4e37-8b9d-c9bf27dc46e8&#8243; global_colors_info=&#8221;{}&#8221;]<\/p>\n<p style=\"font-weight: 400;\">I Centralamerika har regeringarna blivit alltmer auktorit\u00e4ra och den demokratiska utvecklingen har avtagit.<\/p>\n<p style=\"font-weight: 400;\">Detta syns i manipulation och fusk i valsystem, v\u00e4xande korruption, inskr\u00e4nkningar av yttrande- och pressfriheten samt \u00f6kande f\u00f6rtryck av medborgare.<\/p>\n<p style=\"font-weight: 400;\">Regeringarna str\u00e4var efter att kontrollera alla nyheter, och deras egen kommunikation pr\u00e4glas av propaganda och polariserande fejknyheter.<\/p>\n<p style=\"font-weight: 400;\">L\u00e4nderna saknar ocks\u00e5 ett starkt civilsamh\u00e4lle och organisationer som st\u00f6der verksamheten av oberoende medier. B\u00e5da \u00e4r viktiga, eftersom utan ett starkt civilsamh\u00e4lle och oberoende medier kommer det inte att vara m\u00f6jligt att f\u00e5 l\u00e4nderna tillbaka till v\u00e4gen mot demokrati. <\/p>\n<p style=\"font-weight: 400;\">Detta g\u00f6r arbetet som oberoende medier och akt\u00f6rer i civilsamh\u00e4llet i Centralamerika g\u00f6r viktigare \u00e4n n\u00e5gonsin.<\/p>\n<p style=\"font-weight: 400;\">Vikes och lokala partners str\u00e4var efter att s\u00e4kra medborgarnas tillg\u00e5ng till information genom att st\u00f6dja oberoende, innovativa och mer ekonomiskt h\u00e5llbara medier och icke-statliga organisationer.<\/p>\n<p style=\"font-weight: 400;\">Med st\u00f6d av Vikes producerar lokala partners sj\u00e4lvst\u00e4ndig journalism och organisationskommunikation i Nicaragua, El Salvador, Guatemala, Costa Rica och Honduras. Vikes Nicaraguapartners jobbar nuf\u00f6rtiden till stort sett i exil. <\/p>\n<p style=\"font-weight: 400;\">Vikes st\u00f6djer \u00e4ven partnernas h\u00e5llbarhet och erbjuder utbildningar och n\u00e4tverk f\u00f6r omr\u00e5dets journalister. En viktig satsning \u00e4r det \u00e5rliga Centralamerikas journalistforum ForoCAP. <\/p>\n<p>[\/et_pb_text][\/et_pb_column][et_pb_column type=&#8221;1_2&#8243; _builder_version=&#8221;4.19.0&#8243; _module_preset=&#8221;default&#8221; global_colors_info=&#8221;{}&#8221;][et_pb_text _builder_version=&#8221;4.27.3&#8243; _module_preset=&#8221;391197ed-7fc1-46bf-bf91-03326945a880&#8243; header_3_text_color=&#8221;gcid-body-color&#8221; global_colors_info=&#8221;{%22gcid-body-color%22:%91%22header_3_text_color%22%93}&#8221;]<\/p>\n<h3>Partners<\/h3>\n<p> <a href=\"http:\/\/elfaro.net\"> El Faro<\/a> (El Salvador)<\/p>\n<p><a href=\"https:\/\/ondalocalni.com\">Onda Local<\/a> (Nicaragua)<\/p>\n<p><a href=\"https:\/\/humboldt.org.ni\">Centro Humboldt<\/a> (Nicaragua)<\/p>\n<p><a href=\"https:\/\/pcinnicaragua.org\">Periodistas y Comunicadores Independientes de Nicaragua \u2013 PCIN<\/a> (Nicaragua)<\/p>\n<p>[\/et_pb_text][et_pb_video src=&#8221;https:\/\/youtu.be\/Fscwq2ydDyM&#8221; _builder_version=&#8221;4.19.0&#8243; _module_preset=&#8221;default&#8221; global_colors_info=&#8221;{}&#8221;][\/et_pb_video][\/et_pb_column][\/et_pb_row][\/et_pb_section][et_pb_section fb_built=&#8221;1&#8243; _builder_version=&#8221;4.27.3&#8243; _module_preset=&#8221;default&#8221; background_color=&#8221;gcid-0f975fea-5e45-47a0-ab96-8c290575c622&#8243; global_colors_info=&#8221;{%22gcid-0f975fea-5e45-47a0-ab96-8c290575c622%22:%91%22background_color%22%93}&#8221;][et_pb_row column_structure=&#8221;1_2,1_2&#8243; _builder_version=&#8221;4.19.4&#8243; _module_preset=&#8221;default&#8221; custom_margin_tablet=&#8221;30px||30px||false|false&#8221; custom_margin_phone=&#8221;||0px||false|false&#8221; custom_margin_last_edited=&#8221;on|tablet&#8221; global_colors_info=&#8221;{}&#8221;][et_pb_column type=&#8221;1_2&#8243; _builder_version=&#8221;4.19.4&#8243; _module_preset=&#8221;default&#8221; global_colors_info=&#8221;{}&#8221;][et_pb_text _builder_version=&#8221;4.27.3&#8243; _module_preset=&#8221;360119ca-c6e7-4e37-8b9d-c9bf27dc46e8&#8243; text_text_color=&#8221;#FFFFFF&#8221; header_3_font=&#8221;|800||on|||||&#8221; header_3_text_color=&#8221;#000000&#8243; header_6_text_color=&#8221;#000000&#8243; global_colors_info=&#8221;{%22gcid-160f56b5-181b-4d1a-8bb1-5437efe9a365%22:%91%22header_3_text_color%22%93}&#8221;]<\/p>\n<h3>F\u00f6rv\u00e4ntade resultat<\/h3>\n<p>[\/et_pb_text][et_pb_text _builder_version=&#8221;4.27.3&#8243; _module_preset=&#8221;default&#8221; text_text_color=&#8221;gcid-d43b96a4-5fb2-4cc4-9bc0-7cb9830992a1&#8243; global_colors_info=&#8221;{%22gcid-160f56b5-181b-4d1a-8bb1-5437efe9a365%22:%91%22header_text_color%22%93,%22gcid-d43b96a4-5fb2-4cc4-9bc0-7cb9830992a1%22:%91%22text_text_color%22%93}&#8221;]<\/p>\n<ol>\n<li>Oberoende medier, journalisters fackf\u00f6rbund och medborgarorganisationer har \u00f6kat sin finansiering och f\u00f6rb\u00e4ttrat sitt administrativa kunnande.<\/li>\n<li>Medborgarorganisationer, journalister och oberoende medier har goda n\u00e4tverk. \u00d6msesidigt utbyte av information och erfarenheter st\u00e4rker deras arbete.<\/li>\n<li>Information av oberoende medier och medborgarorganisationer n\u00e5r en allt bredare publik och minoriteter.<\/li>\n<\/ol>\n<p>[\/et_pb_text][\/et_pb_column][et_pb_column type=&#8221;1_2&#8243; _builder_version=&#8221;4.19.4&#8243; _module_preset=&#8221;default&#8221; global_colors_info=&#8221;{}&#8221;][\/et_pb_column][\/et_pb_row][\/et_pb_section][et_pb_section fb_built=&#8221;1&#8243; _builder_version=&#8221;4.19.4&#8243; _module_preset=&#8221;default&#8221; global_colors_info=&#8221;{}&#8221;][et_pb_row _builder_version=&#8221;4.19.0&#8243; _module_preset=&#8221;default&#8221; global_colors_info=&#8221;{}&#8221;][et_pb_column type=&#8221;4_4&#8243; _builder_version=&#8221;4.19.0&#8243; _module_preset=&#8221;default&#8221; global_colors_info=&#8221;{}&#8221;][et_pb_text _builder_version=&#8221;4.27.3&#8243; _module_preset=&#8221;bd437cc4-45e2-46cc-afbf-60efad6753c0&#8243; global_colors_info=&#8221;{}&#8221;]<\/p>\n<h2>Nyhetsartiklar om projektet<\/h2>\n<p>[\/et_pb_text][\/et_pb_column][\/et_pb_row][et_pb_row _builder_version=&#8221;4.19.0&#8243; _module_preset=&#8221;default&#8221; global_colors_info=&#8221;{}&#8221;][et_pb_column type=&#8221;4_4&#8243; _builder_version=&#8221;4.19.0&#8243; _module_preset=&#8221;default&#8221; global_colors_info=&#8221;{}&#8221;][et_pb_blog posts_number=&#8221;3&#8243; include_categories=&#8221;27&#8243; excerpt_length=&#8221;0&#8243; _builder_version=&#8221;4.27.3&#8243; _module_preset=&#8221;default&#8221; hover_enabled=&#8221;0&#8243; global_colors_info=&#8221;{%22gcid-d43b96a4-5fb2-4cc4-9bc0-7cb9830992a1%22:%91%22body_text_color%22%93,%22gcid-160f56b5-181b-4d1a-8bb1-5437efe9a365%22:%91%22pagination_text_color%22%93}&#8221; header_font_size=&#8221;22px&#8221; sticky_enabled=&#8221;0&#8243;][\/et_pb_blog][\/et_pb_column][\/et_pb_row][\/et_pb_section]<\/p>\n","protected":false},"excerpt":{"rendered":"<p>Vi st\u00f6djer oberoende medier i CentralamerikaModiga journalister sitt b\u00e4sta i Centralamerika. Omst\u00e4ndigheterna \u00e4r dock mycket sv\u00e5ra. Vikes st\u00f6der mediernas sj\u00e4lvst\u00e4ndighet, kvalitet och skapar l\u00e4nkar mellan medier och medborgarsamh\u00e4llet. I Centralamerika [&hellip;]<\/p>\n","protected":false},"author":21,"featured_media":18688,"parent":0,"menu_order":0,"comment_status":"closed","ping_status":"closed","template":"","meta":{"_acf_changed":false,"_et_pb_use_builder":"on","_et_pb_old_content":"","_et_gb_content_width":"","_price":"","_stock":"","_tribe_ticket_header":"","_tribe_default_ticket_provider":"","_tribe_ticket_capacity":"0","_ticket_start_date":"","_ticket_end_date":"","_tribe_ticket_show_description":"","_tribe_ticket_show_not_going":false,"_tribe_ticket_use_global_stock":"","_tribe_ticket_global_stock_level":"","_global_stock_mode":"","_global_stock_cap":"","_tribe_rsvp_for_event":"","_tribe_ticket_going_count":"","_tribe_ticket_not_going_count":"","_tribe_tickets_list":"[]","_tribe_ticket_has_attendee_info_fields":false,"footnotes":""},"class_list":["post-18687","page","type-page","status-publish","has-post-thumbnail","hentry"],"acf":[],"yoast_head":"<!-- This site is optimized with the Yoast SEO plugin v27.3 - https:\/\/yoast.com\/product\/yoast-seo-wordpress\/ -->\n<title>Oberoende medier - Viestint\u00e4 ja kehitys -s\u00e4\u00e4ti\u00f6<\/title>\n<meta name=\"robots\" content=\"index, follow, max-snippet:-1, max-image-preview:large, max-video-preview:-1\" \/>\n<link rel=\"canonical\" href=\"https:\/\/vikes.fi\/sv\/sjalvstandiga-medier\" \/>\n<meta property=\"og:locale\" content=\"sv_SE\" \/>\n<meta property=\"og:type\" content=\"article\" \/>\n<meta property=\"og:title\" content=\"Oberoende medier - Viestint\u00e4 ja kehitys -s\u00e4\u00e4ti\u00f6\" \/>\n<meta property=\"og:description\" content=\"Vi st\u00f6djer oberoende medier i CentralamerikaModiga journalister sitt b\u00e4sta i Centralamerika. Omst\u00e4ndigheterna \u00e4r dock mycket sv\u00e5ra. Vikes st\u00f6der mediernas sj\u00e4lvst\u00e4ndighet, kvalitet och skapar l\u00e4nkar mellan medier och medborgarsamh\u00e4llet. I Centralamerika [&hellip;]\" \/>\n<meta property=\"og:url\" content=\"https:\/\/vikes.fi\/sv\/sjalvstandiga-medier\" \/>\n<meta property=\"og:site_name\" content=\"Viestint\u00e4 ja kehitys -s\u00e4\u00e4ti\u00f6\" \/>\n<meta property=\"article:publisher\" content=\"https:\/\/www.facebook.com\/Vikes.fi\" \/>\n<meta property=\"article:modified_time\" content=\"2025-06-26T06:56:53+00:00\" \/>\n<meta property=\"og:image\" content=\"https:\/\/vikes.fi\/wp-content\/uploads\/2018\/05\/JulioLopez_OndaLocal_1.jpg\" \/>\n\t<meta property=\"og:image:width\" content=\"2207\" \/>\n\t<meta property=\"og:image:height\" content=\"1472\" \/>\n\t<meta property=\"og:image:type\" content=\"image\/jpeg\" \/>\n<meta name=\"twitter:card\" content=\"summary_large_image\" \/>\n<meta name=\"twitter:site\" content=\"@vikesverkko\" \/>\n<meta name=\"twitter:label1\" content=\"Ber\u00e4knad l\u00e4stid\" \/>\n\t<meta name=\"twitter:data1\" content=\"6 minuter\" \/>\n<script type=\"application\/ld+json\" class=\"yoast-schema-graph\">{\"@context\":\"https:\\\/\\\/schema.org\",\"@graph\":[{\"@type\":\"WebPage\",\"@id\":\"https:\\\/\\\/vikes.fi\\\/sv\\\/sjalvstandiga-medier\",\"url\":\"https:\\\/\\\/vikes.fi\\\/sv\\\/sjalvstandiga-medier\",\"name\":\"Oberoende medier - Viestint\u00e4 ja kehitys -s\u00e4\u00e4ti\u00f6\",\"isPartOf\":{\"@id\":\"https:\\\/\\\/vikes.fi\\\/#website\"},\"primaryImageOfPage\":{\"@id\":\"https:\\\/\\\/vikes.fi\\\/sv\\\/sjalvstandiga-medier#primaryimage\"},\"image\":{\"@id\":\"https:\\\/\\\/vikes.fi\\\/sv\\\/sjalvstandiga-medier#primaryimage\"},\"thumbnailUrl\":\"https:\\\/\\\/vikes.fi\\\/wp-content\\\/uploads\\\/2018\\\/05\\\/JulioLopez_OndaLocal_1.jpg\",\"datePublished\":\"2022-12-01T12:29:50+00:00\",\"dateModified\":\"2025-06-26T06:56:53+00:00\",\"breadcrumb\":{\"@id\":\"https:\\\/\\\/vikes.fi\\\/sv\\\/sjalvstandiga-medier#breadcrumb\"},\"inLanguage\":\"sv-SE\",\"potentialAction\":[{\"@type\":\"ReadAction\",\"target\":[\"https:\\\/\\\/vikes.fi\\\/sv\\\/sjalvstandiga-medier\"]}]},{\"@type\":\"ImageObject\",\"inLanguage\":\"sv-SE\",\"@id\":\"https:\\\/\\\/vikes.fi\\\/sv\\\/sjalvstandiga-medier#primaryimage\",\"url\":\"https:\\\/\\\/vikes.fi\\\/wp-content\\\/uploads\\\/2018\\\/05\\\/JulioLopez_OndaLocal_1.jpg\",\"contentUrl\":\"https:\\\/\\\/vikes.fi\\\/wp-content\\\/uploads\\\/2018\\\/05\\\/JulioLopez_OndaLocal_1.jpg\",\"width\":2207,\"height\":1472},{\"@type\":\"BreadcrumbList\",\"@id\":\"https:\\\/\\\/vikes.fi\\\/sv\\\/sjalvstandiga-medier#breadcrumb\",\"itemListElement\":[{\"@type\":\"ListItem\",\"position\":1,\"name\":\"Home\",\"item\":\"https:\\\/\\\/vikes.fi\\\/\"},{\"@type\":\"ListItem\",\"position\":2,\"name\":\"Oberoende medier\"}]},{\"@type\":\"WebSite\",\"@id\":\"https:\\\/\\\/vikes.fi\\\/#website\",\"url\":\"https:\\\/\\\/vikes.fi\\\/\",\"name\":\"Viestint\u00e4 ja kehitys -s\u00e4\u00e4ti\u00f6\",\"description\":\"Viestint\u00e4 ja kehitys -s\u00e4\u00e4ti\u00f6\",\"publisher\":{\"@id\":\"https:\\\/\\\/vikes.fi\\\/#organization\"},\"potentialAction\":[{\"@type\":\"SearchAction\",\"target\":{\"@type\":\"EntryPoint\",\"urlTemplate\":\"https:\\\/\\\/vikes.fi\\\/?s={search_term_string}\"},\"query-input\":{\"@type\":\"PropertyValueSpecification\",\"valueRequired\":true,\"valueName\":\"search_term_string\"}}],\"inLanguage\":\"sv-SE\"},{\"@type\":\"Organization\",\"@id\":\"https:\\\/\\\/vikes.fi\\\/#organization\",\"name\":\"Viestint\u00e4 ja kehitys -s\u00e4\u00e4ti\u00f6\",\"url\":\"https:\\\/\\\/vikes.fi\\\/\",\"logo\":{\"@type\":\"ImageObject\",\"inLanguage\":\"sv-SE\",\"@id\":\"https:\\\/\\\/vikes.fi\\\/#\\\/schema\\\/logo\\\/image\\\/\",\"url\":\"https:\\\/\\\/vikes.fi\\\/wp-content\\\/uploads\\\/2018\\\/04\\\/Vikes_logo_1000.png\",\"contentUrl\":\"https:\\\/\\\/vikes.fi\\\/wp-content\\\/uploads\\\/2018\\\/04\\\/Vikes_logo_1000.png\",\"width\":1000,\"height\":505,\"caption\":\"Viestint\u00e4 ja kehitys -s\u00e4\u00e4ti\u00f6\"},\"image\":{\"@id\":\"https:\\\/\\\/vikes.fi\\\/#\\\/schema\\\/logo\\\/image\\\/\"},\"sameAs\":[\"https:\\\/\\\/www.facebook.com\\\/Vikes.fi\",\"https:\\\/\\\/x.com\\\/vikesverkko\",\"https:\\\/\\\/www.instagram.com\\\/vikes.fi\\\/\",\"https:\\\/\\\/www.youtube.com\\\/channel\\\/UCOS7sgxh-T1dzykfQ6-dDyg?sub_confirmation=1\"]}]}<\/script>\n<!-- \/ Yoast SEO plugin. -->","yoast_head_json":{"title":"Oberoende medier - Viestint\u00e4 ja kehitys -s\u00e4\u00e4ti\u00f6","robots":{"index":"index","follow":"follow","max-snippet":"max-snippet:-1","max-image-preview":"max-image-preview:large","max-video-preview":"max-video-preview:-1"},"canonical":"https:\/\/vikes.fi\/sv\/sjalvstandiga-medier","og_locale":"sv_SE","og_type":"article","og_title":"Oberoende medier - Viestint\u00e4 ja kehitys -s\u00e4\u00e4ti\u00f6","og_description":"Vi st\u00f6djer oberoende medier i CentralamerikaModiga journalister sitt b\u00e4sta i Centralamerika. Omst\u00e4ndigheterna \u00e4r dock mycket sv\u00e5ra. Vikes st\u00f6der mediernas sj\u00e4lvst\u00e4ndighet, kvalitet och skapar l\u00e4nkar mellan medier och medborgarsamh\u00e4llet. I Centralamerika [&hellip;]","og_url":"https:\/\/vikes.fi\/sv\/sjalvstandiga-medier","og_site_name":"Viestint\u00e4 ja kehitys -s\u00e4\u00e4ti\u00f6","article_publisher":"https:\/\/www.facebook.com\/Vikes.fi","article_modified_time":"2025-06-26T06:56:53+00:00","og_image":[{"width":2207,"height":1472,"url":"https:\/\/vikes.fi\/wp-content\/uploads\/2018\/05\/JulioLopez_OndaLocal_1.jpg","type":"image\/jpeg"}],"twitter_card":"summary_large_image","twitter_site":"@vikesverkko","twitter_misc":{"Ber\u00e4knad l\u00e4stid":"6 minuter"},"schema":{"@context":"https:\/\/schema.org","@graph":[{"@type":"WebPage","@id":"https:\/\/vikes.fi\/sv\/sjalvstandiga-medier","url":"https:\/\/vikes.fi\/sv\/sjalvstandiga-medier","name":"Oberoende medier - Viestint\u00e4 ja kehitys -s\u00e4\u00e4ti\u00f6","isPartOf":{"@id":"https:\/\/vikes.fi\/#website"},"primaryImageOfPage":{"@id":"https:\/\/vikes.fi\/sv\/sjalvstandiga-medier#primaryimage"},"image":{"@id":"https:\/\/vikes.fi\/sv\/sjalvstandiga-medier#primaryimage"},"thumbnailUrl":"https:\/\/vikes.fi\/wp-content\/uploads\/2018\/05\/JulioLopez_OndaLocal_1.jpg","datePublished":"2022-12-01T12:29:50+00:00","dateModified":"2025-06-26T06:56:53+00:00","breadcrumb":{"@id":"https:\/\/vikes.fi\/sv\/sjalvstandiga-medier#breadcrumb"},"inLanguage":"sv-SE","potentialAction":[{"@type":"ReadAction","target":["https:\/\/vikes.fi\/sv\/sjalvstandiga-medier"]}]},{"@type":"ImageObject","inLanguage":"sv-SE","@id":"https:\/\/vikes.fi\/sv\/sjalvstandiga-medier#primaryimage","url":"https:\/\/vikes.fi\/wp-content\/uploads\/2018\/05\/JulioLopez_OndaLocal_1.jpg","contentUrl":"https:\/\/vikes.fi\/wp-content\/uploads\/2018\/05\/JulioLopez_OndaLocal_1.jpg","width":2207,"height":1472},{"@type":"BreadcrumbList","@id":"https:\/\/vikes.fi\/sv\/sjalvstandiga-medier#breadcrumb","itemListElement":[{"@type":"ListItem","position":1,"name":"Home","item":"https:\/\/vikes.fi\/"},{"@type":"ListItem","position":2,"name":"Oberoende medier"}]},{"@type":"WebSite","@id":"https:\/\/vikes.fi\/#website","url":"https:\/\/vikes.fi\/","name":"Viestint\u00e4 ja kehitys -s\u00e4\u00e4ti\u00f6","description":"Viestint\u00e4 ja kehitys -s\u00e4\u00e4ti\u00f6","publisher":{"@id":"https:\/\/vikes.fi\/#organization"},"potentialAction":[{"@type":"SearchAction","target":{"@type":"EntryPoint","urlTemplate":"https:\/\/vikes.fi\/?s={search_term_string}"},"query-input":{"@type":"PropertyValueSpecification","valueRequired":true,"valueName":"search_term_string"}}],"inLanguage":"sv-SE"},{"@type":"Organization","@id":"https:\/\/vikes.fi\/#organization","name":"Viestint\u00e4 ja kehitys -s\u00e4\u00e4ti\u00f6","url":"https:\/\/vikes.fi\/","logo":{"@type":"ImageObject","inLanguage":"sv-SE","@id":"https:\/\/vikes.fi\/#\/schema\/logo\/image\/","url":"https:\/\/vikes.fi\/wp-content\/uploads\/2018\/04\/Vikes_logo_1000.png","contentUrl":"https:\/\/vikes.fi\/wp-content\/uploads\/2018\/04\/Vikes_logo_1000.png","width":1000,"height":505,"caption":"Viestint\u00e4 ja kehitys -s\u00e4\u00e4ti\u00f6"},"image":{"@id":"https:\/\/vikes.fi\/#\/schema\/logo\/image\/"},"sameAs":["https:\/\/www.facebook.com\/Vikes.fi","https:\/\/x.com\/vikesverkko","https:\/\/www.instagram.com\/vikes.fi\/","https:\/\/www.youtube.com\/channel\/UCOS7sgxh-T1dzykfQ6-dDyg?sub_confirmation=1"]}]}},"_links":{"self":[{"href":"https:\/\/vikes.fi\/sv\/wp-json\/wp\/v2\/pages\/18687","targetHints":{"allow":["GET"]}}],"collection":[{"href":"https:\/\/vikes.fi\/sv\/wp-json\/wp\/v2\/pages"}],"about":[{"href":"https:\/\/vikes.fi\/sv\/wp-json\/wp\/v2\/types\/page"}],"author":[{"embeddable":true,"href":"https:\/\/vikes.fi\/sv\/wp-json\/wp\/v2\/users\/21"}],"replies":[{"embeddable":true,"href":"https:\/\/vikes.fi\/sv\/wp-json\/wp\/v2\/comments?post=18687"}],"version-history":[{"count":0,"href":"https:\/\/vikes.fi\/sv\/wp-json\/wp\/v2\/pages\/18687\/revisions"}],"wp:featuredmedia":[{"embeddable":true,"href":"https:\/\/vikes.fi\/sv\/wp-json\/wp\/v2\/media\/18688"}],"wp:attachment":[{"href":"https:\/\/vikes.fi\/sv\/wp-json\/wp\/v2\/media?parent=18687"}],"curies":[{"name":"wp","href":"https:\/\/api.w.org\/{rel}","templated":true}]}}