{"id":18527,"date":"2022-12-01T12:24:08","date_gmt":"2022-12-01T10:24:08","guid":{"rendered":"https:\/\/vikes.fi\/kvinnor-i-media"},"modified":"2025-06-26T09:48:08","modified_gmt":"2025-06-26T06:48:08","slug":"kvinnor-i-media","status":"publish","type":"page","link":"https:\/\/vikes.fi\/sv\/kvinnor-i-media","title":{"rendered":"Kvinnor i media"},"content":{"rendered":"<p>[et_pb_section fb_built=&#8221;1&#8243; _builder_version=&#8221;4.19.0&#8243; _module_preset=&#8221;default&#8221; global_colors_info=&#8221;{}&#8221;][et_pb_row _builder_version=&#8221;4.19.0&#8243; _module_preset=&#8221;default&#8221; custom_margin=&#8221;50px||50px||false|false&#8221; border_width_all=&#8221;1px&#8221; border_color_all=&#8221;gcid-78c82a69-71d2-4231-b1ba-9743c706cfd5&#8243; border_width_top=&#8221;1px&#8221; border_color_top=&#8221;gcid-549a5b0f-b9a8-4234-8fb3-9f52112464a2&#8243; border_width_right=&#8221;1px&#8221; border_color_right=&#8221;gcid-549a5b0f-b9a8-4234-8fb3-9f52112464a2&#8243; border_width_left=&#8221;1px&#8221; border_color_left=&#8221;gcid-549a5b0f-b9a8-4234-8fb3-9f52112464a2&#8243; global_colors_info=&#8221;{%22gcid-549a5b0f-b9a8-4234-8fb3-9f52112464a2%22:%91%22border_color_right%22,%22border_color_left%22,%22border_color_top%22%93,%22gcid-78c82a69-71d2-4231-b1ba-9743c706cfd5%22:%91%22border_color_all%22%93}&#8221;][et_pb_column type=&#8221;4_4&#8243; _builder_version=&#8221;4.16.0&#8243; _module_preset=&#8221;default&#8221; global_colors_info=&#8221;{}&#8221;][et_pb_text _builder_version=&#8221;4.19.4&#8243; _module_preset=&#8221;19d6e13d-6dc0-453c-a15a-72c5338d5b3f&#8221; background_color=&#8221;#FFFFFF&#8221; custom_margin=&#8221;32px||32px|-35px|false|false&#8221; custom_padding=&#8221;15px||0px||false|false&#8221; global_colors_info=&#8221;{}&#8221;]<\/p>\n<h1> Vi st\u00f6djer kvinnliga journalister i Nepal, Tanzania och Somalia<\/h1>\n<p>[\/et_pb_text][\/et_pb_column][\/et_pb_row][et_pb_row column_structure=&#8221;1_2,1_2&#8243; _builder_version=&#8221;4.19.0&#8243; _module_preset=&#8221;default&#8221; global_colors_info=&#8221;{}&#8221;][et_pb_column type=&#8221;1_2&#8243; _builder_version=&#8221;4.19.0&#8243; _module_preset=&#8221;default&#8221; global_colors_info=&#8221;{}&#8221;][et_pb_text _builder_version=&#8221;4.27.3&#8243; _module_preset=&#8221;49b990a9-3f5c-41d7-a146-f53d734cb61f&#8221; custom_padding=&#8221;0px||30px||false|false&#8221; global_colors_info=&#8221;{}&#8221;]<\/p>\n<div><span lang=\"FI\">Redaktionerna i m\u00e5nga l\u00e4nder \u00e4r inte j\u00e4mst\u00e4llda. \u00c4ven i medier existerar en alltf\u00f6r ensidig syn p\u00e5 vad som \u00e4r m\u00f6jligt f\u00f6r kvinnor respektive m\u00e4n. Vi f\u00f6rb\u00e4ttrar kvinnors st\u00e4llning i media tillsammans med lokala partners genom mentorskap, n\u00e4rradioarbete, utbildning och kampanjer i Nepal, Tanzania och Somalia.  <\/span><\/div>\n<div><\/div>\n<p>[\/et_pb_text][et_pb_divider color=&#8221;gcid-78c82a69-71d2-4231-b1ba-9743c706cfd5&#8243; divider_weight=&#8221;5px&#8221; _builder_version=&#8221;4.19.4&#8243; _module_preset=&#8221;default&#8221; width=&#8221;16%&#8221; custom_margin=&#8221;0px||0px||false|false&#8221; global_module=&#8221;11580&#8243; saved_tabs=&#8221;all&#8221; global_colors_info=&#8221;{%22gcid-78c82a69-71d2-4231-b1ba-9743c706cfd5%22:%91%22color%22%93}&#8221;][\/et_pb_divider][\/et_pb_column][et_pb_column type=&#8221;1_2&#8243; _builder_version=&#8221;4.19.0&#8243; _module_preset=&#8221;default&#8221; global_colors_info=&#8221;{}&#8221;][et_pb_image src=&#8221;https:\/\/vikes.fi\/wp-content\/uploads\/2022\/12\/IMG_3024-scaled.jpeg&#8221; alt=&#8221;Tv\u00e5 tanzaniska kvinnor ler i radiostudion&#8221; title_text=&#8221;IMG_3024&#8243; _builder_version=&#8221;4.19.4&#8243; _module_preset=&#8221;default&#8221; custom_margin_tablet=&#8221;40px||||false|false&#8221; custom_margin_phone=&#8221;40px||||false|false&#8221; custom_margin_last_edited=&#8221;on|desktop&#8221; global_colors_info=&#8221;{}&#8221;][\/et_pb_image][\/et_pb_column][\/et_pb_row][et_pb_row column_structure=&#8221;1_2,1_2&#8243; _builder_version=&#8221;4.19.4&#8243; _module_preset=&#8221;default&#8221; custom_margin_tablet=&#8221;50px||||false|false&#8221; custom_margin_phone=&#8221;0px||30px||false|false&#8221; custom_margin_last_edited=&#8221;on|phone&#8221; custom_padding=&#8221;0px||||false|false&#8221; global_colors_info=&#8221;{}&#8221;][et_pb_column type=&#8221;1_2&#8243; _builder_version=&#8221;4.19.0&#8243; _module_preset=&#8221;default&#8221; global_colors_info=&#8221;{}&#8221;][et_pb_text _builder_version=&#8221;4.27.3&#8243; _module_preset=&#8221;360119ca-c6e7-4e37-8b9d-c9bf27dc46e8&#8243; global_colors_info=&#8221;{}&#8221;]<\/p>\n<p>Kvinnliga journalister uts\u00e4tts f\u00f6r utbredd k\u00f6nsdiskriminering och sexuella trakasserier i sitt arbete. Kvinnor f\u00e5r \u00e4ven l\u00e4gre l\u00f6n och de har s\u00e4mre m\u00f6jligheter att avancera i karri\u00e4ren. <\/p>\n<p>Utredning gjord av Vikes och lokala partners visar p\u00e5 att det kr\u00e4vs strukturella f\u00f6r\u00e4ndringar p\u00e5 nyhetsredaktionerna f\u00f6r att uppn\u00e5 j\u00e4mst\u00e4lldhet i medierna i Tanzania och Nepal.<\/p>\n<p>En av de fr\u00e4msta orsakerna till oj\u00e4mst\u00e4lldhet \u00e4r den patriarkala kulturen och det patriarkala tankes\u00e4ttet, som \u00e5terspeglas i redaktionernas uppfattning om vad som \u00e4r m\u00f6jligt f\u00f6r kvinnor och vad som \u00e4r m\u00f6jligt f\u00f6r m\u00e4n. Detta \u00e5terspeglas ocks\u00e5 latent i organisationsstrukturer och policyer. <\/p>\n<p>Vikes och lokala partners str\u00e4var till att p\u00e5verka mediernas ledning och grindvakter, s\u00e5 som redaktionschefer. J\u00e4mst\u00e4lldhet mellan k\u00f6nen fr\u00e4mjas \u00e4ven genom utbildning och mentorskap. Kvinnor erbjuds b\u00e5de information och verktyg f\u00f6r att hantera diskriminering och trakasserier, och attitydf\u00f6r\u00e4ndring sker med hj\u00e4lp av kampanjer och mediefostran.  <\/p>\n<p>Oj\u00e4mlikheten p\u00e5verkar \u00e4ven medieinneh\u00e5llet. M\u00e4n fungerar som ledare, journalister och k\u00e4llor, och dominerar s\u00e5ledes nyhetsrapporteringen. Att f\u00f6rst\u00e4rka kvinnors st\u00e4llning i media har en vid samh\u00e4llelig inverkan: j\u00e4mst\u00e4lldhet i medier leder till en mer m\u00e5ngsidig och j\u00e4mst\u00e4lld bevakning.  <\/p>\n<p>J\u00e4mst\u00e4lldhetsprogrammet kommer att utvidgas under \u00e5r 2023 till att omfatta Somalia.<\/p>\n<p>[\/et_pb_text][\/et_pb_column][et_pb_column type=&#8221;1_2&#8243; _builder_version=&#8221;4.19.0&#8243; _module_preset=&#8221;default&#8221; global_colors_info=&#8221;{}&#8221;][et_pb_text _builder_version=&#8221;4.27.3&#8243; _module_preset=&#8221;360119ca-c6e7-4e37-8b9d-c9bf27dc46e8&#8243; header_3_font=&#8221;|800||on|||||&#8221; header_3_text_color=&#8221;gcid-d43b96a4-5fb2-4cc4-9bc0-7cb9830992a1&#8243; global_colors_info=&#8221;{%22gcid-d43b96a4-5fb2-4cc4-9bc0-7cb9830992a1%22:%91%22text_text_color%22,%22header_3_text_color%22%93}&#8221;]<\/p>\n<h3>Partners<\/h3>\n<p style=\"font-weight: 400;\"><a href=\"https:\/\/mct.or.tz\">Media Council of Tanzania<\/a><\/p>\n<p style=\"font-weight: 400;\"><a href=\"https:\/\/tamwa.org\/a\/\">Tanzania Women&#8217;s Media Association<\/a><\/p>\n<p style=\"font-weight: 400;\"><a href=\"https:\/\/tanzania.misa.org\">Media Institute of Southern Africa in Tanzania<\/a><\/p>\n<p style=\"font-weight: 400;\"><a href=\"https:\/\/cijnepal.org.np\/english-landing-page\/\">Centre for Investigative Journalism \u2013 Nepal<\/a><\/p>\n<p>[\/et_pb_text][et_pb_video src=&#8221;https:\/\/youtu.be\/ZMLEof5ZNAM&#8221; _builder_version=&#8221;4.19.0&#8243; _module_preset=&#8221;default&#8221; global_colors_info=&#8221;{}&#8221;][\/et_pb_video][\/et_pb_column][\/et_pb_row][\/et_pb_section][et_pb_section fb_built=&#8221;1&#8243; custom_padding_last_edited=&#8221;on|phone&#8221; _builder_version=&#8221;4.27.3&#8243; _module_preset=&#8221;default&#8221; background_color=&#8221;gcid-0f975fea-5e45-47a0-ab96-8c290575c622&#8243; custom_margin=&#8221;||50px||false|false&#8221; custom_margin_tablet=&#8221;&#8221; custom_margin_phone=&#8221;&#8221; custom_margin_last_edited=&#8221;on|tablet&#8221; custom_padding_tablet=&#8221;||||false|false&#8221; custom_padding_phone=&#8221;||||false|false&#8221; hover_enabled=&#8221;0&#8243; global_colors_info=&#8221;{%22gcid-0f975fea-5e45-47a0-ab96-8c290575c622%22:%91%22background_color%22%93}&#8221; sticky_enabled=&#8221;0&#8243;][et_pb_row column_structure=&#8221;1_2,1_2&#8243; _builder_version=&#8221;4.19.4&#8243; _module_preset=&#8221;default&#8221; custom_margin_tablet=&#8221;30px||0px||false|false&#8221; custom_margin_phone=&#8221;30px||||false|false&#8221; custom_margin_last_edited=&#8221;on|phone&#8221; global_colors_info=&#8221;{}&#8221;][et_pb_column type=&#8221;1_2&#8243; _builder_version=&#8221;4.19.4&#8243; _module_preset=&#8221;default&#8221; global_colors_info=&#8221;{}&#8221;][et_pb_text _builder_version=&#8221;4.27.3&#8243; _module_preset=&#8221;default&#8221; text_text_color=&#8221;gcid-primary-color&#8221; global_colors_info=&#8221;{%22gcid-primary-color%22:%91%22text_text_color%22%93}&#8221;]<\/p>\n<h3>F\u00f6rv\u00e4ntade resultat<\/h3>\n<p>[\/et_pb_text][et_pb_text _builder_version=&#8221;4.27.3&#8243; _module_preset=&#8221;default&#8221; hover_enabled=&#8221;0&#8243; global_colors_info=&#8221;{%22gcid-160f56b5-181b-4d1a-8bb1-5437efe9a365%22:%91%22header_text_color%22%93,%22gcid-d43b96a4-5fb2-4cc4-9bc0-7cb9830992a1%22:%91%22text_text_color%22%93}&#8221; text_text_color=&#8221;gcid-d43b96a4-5fb2-4cc4-9bc0-7cb9830992a1&#8243; sticky_enabled=&#8221;0&#8243;]<\/p>\n<ol>\n<li>Kvinnor som arbetar p\u00e5 nyhetsredaktionerna har den kompetens och det sj\u00e4lvf\u00f6rtroende som kr\u00e4vs f\u00f6r att arbeta som journalister.<\/li>\n<li>Kvinnor p\u00e5 nyhetsredaktioner har kunskap och f\u00e4rdigheter att hantera k\u00f6nsdiskriminering och sexuella trakasserier, och journalistik anses vara ett l\u00e4mpligt yrke f\u00f6r kvinnor.<\/li>\n<li>Mediehusen utbildar sin personal och anv\u00e4nder j\u00e4mst\u00e4lldhetspolicyn och rapporteringssystem f\u00f6r att skapa en j\u00e4mst\u00e4lld arbetsmilj\u00f6.<\/li>\n<li>Grindvakterna ser kvinnliga journalister som lika kapabla och f\u00f6rdelar arbetsuppgifterna lika.<\/li>\n<li>Ett civilsamh\u00e4lle som fr\u00e4mjar press- och mediefrihet kan framg\u00e5ngsrikt f\u00f6rsvara genusmedvetna pluralistiska medier och kvinnliga journalisters j\u00e4mst\u00e4lldhet.<\/li>\n<\/ol>\n<p>[\/et_pb_text][\/et_pb_column][et_pb_column type=&#8221;1_2&#8243; _builder_version=&#8221;4.19.4&#8243; _module_preset=&#8221;default&#8221; global_colors_info=&#8221;{}&#8221;][\/et_pb_column][\/et_pb_row][\/et_pb_section]<\/p>\n","protected":false},"excerpt":{"rendered":"<p>Vi st\u00f6djer kvinnliga journalister i Nepal, Tanzania och SomaliaRedaktionerna i m\u00e5nga l\u00e4nder \u00e4r inte j\u00e4mst\u00e4llda. \u00c4ven i medier existerar en alltf\u00f6r ensidig syn p\u00e5 vad som \u00e4r m\u00f6jligt f\u00f6r kvinnor [&hellip;]<\/p>\n","protected":false},"author":21,"featured_media":18463,"parent":0,"menu_order":0,"comment_status":"closed","ping_status":"closed","template":"","meta":{"_acf_changed":false,"_et_pb_use_builder":"on","_et_pb_old_content":"","_et_gb_content_width":"","_price":"","_stock":"","_tribe_ticket_header":"","_tribe_default_ticket_provider":"","_tribe_ticket_capacity":"0","_ticket_start_date":"","_ticket_end_date":"","_tribe_ticket_show_description":"","_tribe_ticket_show_not_going":false,"_tribe_ticket_use_global_stock":"","_tribe_ticket_global_stock_level":"","_global_stock_mode":"","_global_stock_cap":"","_tribe_rsvp_for_event":"","_tribe_ticket_going_count":"","_tribe_ticket_not_going_count":"","_tribe_tickets_list":"[]","_tribe_ticket_has_attendee_info_fields":false,"footnotes":""},"class_list":["post-18527","page","type-page","status-publish","has-post-thumbnail","hentry"],"acf":[],"yoast_head":"<!-- This site is optimized with the Yoast SEO plugin v27.3 - https:\/\/yoast.com\/product\/yoast-seo-wordpress\/ -->\n<title>Kvinnor i media - Viestint\u00e4 ja kehitys -s\u00e4\u00e4ti\u00f6<\/title>\n<meta name=\"robots\" content=\"index, follow, max-snippet:-1, max-image-preview:large, max-video-preview:-1\" \/>\n<link rel=\"canonical\" href=\"https:\/\/vikes.fi\/sv\/kvinnor-i-media\" \/>\n<meta property=\"og:locale\" content=\"sv_SE\" \/>\n<meta property=\"og:type\" content=\"article\" \/>\n<meta property=\"og:title\" content=\"Kvinnor i media - Viestint\u00e4 ja kehitys -s\u00e4\u00e4ti\u00f6\" \/>\n<meta property=\"og:description\" content=\"Vi st\u00f6djer kvinnliga journalister i Nepal, Tanzania och SomaliaRedaktionerna i m\u00e5nga l\u00e4nder \u00e4r inte j\u00e4mst\u00e4llda. \u00c4ven i medier existerar en alltf\u00f6r ensidig syn p\u00e5 vad som \u00e4r m\u00f6jligt f\u00f6r kvinnor [&hellip;]\" \/>\n<meta property=\"og:url\" content=\"https:\/\/vikes.fi\/sv\/kvinnor-i-media\" \/>\n<meta property=\"og:site_name\" content=\"Viestint\u00e4 ja kehitys -s\u00e4\u00e4ti\u00f6\" \/>\n<meta property=\"article:publisher\" content=\"https:\/\/www.facebook.com\/Vikes.fi\" \/>\n<meta property=\"article:modified_time\" content=\"2025-06-26T06:48:08+00:00\" \/>\n<meta property=\"og:image\" content=\"https:\/\/vikes.fi\/wp-content\/uploads\/2022\/12\/Naishanke-scaled.jpeg\" \/>\n\t<meta property=\"og:image:width\" content=\"2560\" \/>\n\t<meta property=\"og:image:height\" content=\"1707\" \/>\n\t<meta property=\"og:image:type\" content=\"image\/jpeg\" \/>\n<meta name=\"twitter:card\" content=\"summary_large_image\" \/>\n<meta name=\"twitter:site\" content=\"@vikesverkko\" \/>\n<meta name=\"twitter:label1\" content=\"Ber\u00e4knad l\u00e4stid\" \/>\n\t<meta name=\"twitter:data1\" content=\"6 minuter\" \/>\n<script type=\"application\/ld+json\" class=\"yoast-schema-graph\">{\"@context\":\"https:\\\/\\\/schema.org\",\"@graph\":[{\"@type\":\"WebPage\",\"@id\":\"https:\\\/\\\/vikes.fi\\\/sv\\\/kvinnor-i-media\",\"url\":\"https:\\\/\\\/vikes.fi\\\/sv\\\/kvinnor-i-media\",\"name\":\"Kvinnor i media - Viestint\u00e4 ja kehitys -s\u00e4\u00e4ti\u00f6\",\"isPartOf\":{\"@id\":\"https:\\\/\\\/vikes.fi\\\/#website\"},\"primaryImageOfPage\":{\"@id\":\"https:\\\/\\\/vikes.fi\\\/sv\\\/kvinnor-i-media#primaryimage\"},\"image\":{\"@id\":\"https:\\\/\\\/vikes.fi\\\/sv\\\/kvinnor-i-media#primaryimage\"},\"thumbnailUrl\":\"https:\\\/\\\/vikes.fi\\\/wp-content\\\/uploads\\\/2022\\\/12\\\/Naishanke-scaled.jpeg\",\"datePublished\":\"2022-12-01T10:24:08+00:00\",\"dateModified\":\"2025-06-26T06:48:08+00:00\",\"breadcrumb\":{\"@id\":\"https:\\\/\\\/vikes.fi\\\/sv\\\/kvinnor-i-media#breadcrumb\"},\"inLanguage\":\"sv-SE\",\"potentialAction\":[{\"@type\":\"ReadAction\",\"target\":[\"https:\\\/\\\/vikes.fi\\\/sv\\\/kvinnor-i-media\"]}]},{\"@type\":\"ImageObject\",\"inLanguage\":\"sv-SE\",\"@id\":\"https:\\\/\\\/vikes.fi\\\/sv\\\/kvinnor-i-media#primaryimage\",\"url\":\"https:\\\/\\\/vikes.fi\\\/wp-content\\\/uploads\\\/2022\\\/12\\\/Naishanke-scaled.jpeg\",\"contentUrl\":\"https:\\\/\\\/vikes.fi\\\/wp-content\\\/uploads\\\/2022\\\/12\\\/Naishanke-scaled.jpeg\",\"width\":2560,\"height\":1707},{\"@type\":\"BreadcrumbList\",\"@id\":\"https:\\\/\\\/vikes.fi\\\/sv\\\/kvinnor-i-media#breadcrumb\",\"itemListElement\":[{\"@type\":\"ListItem\",\"position\":1,\"name\":\"Home\",\"item\":\"https:\\\/\\\/vikes.fi\\\/\"},{\"@type\":\"ListItem\",\"position\":2,\"name\":\"Kvinnor i media\"}]},{\"@type\":\"WebSite\",\"@id\":\"https:\\\/\\\/vikes.fi\\\/#website\",\"url\":\"https:\\\/\\\/vikes.fi\\\/\",\"name\":\"Viestint\u00e4 ja kehitys -s\u00e4\u00e4ti\u00f6\",\"description\":\"Viestint\u00e4 ja kehitys -s\u00e4\u00e4ti\u00f6\",\"publisher\":{\"@id\":\"https:\\\/\\\/vikes.fi\\\/#organization\"},\"potentialAction\":[{\"@type\":\"SearchAction\",\"target\":{\"@type\":\"EntryPoint\",\"urlTemplate\":\"https:\\\/\\\/vikes.fi\\\/?s={search_term_string}\"},\"query-input\":{\"@type\":\"PropertyValueSpecification\",\"valueRequired\":true,\"valueName\":\"search_term_string\"}}],\"inLanguage\":\"sv-SE\"},{\"@type\":\"Organization\",\"@id\":\"https:\\\/\\\/vikes.fi\\\/#organization\",\"name\":\"Viestint\u00e4 ja kehitys -s\u00e4\u00e4ti\u00f6\",\"url\":\"https:\\\/\\\/vikes.fi\\\/\",\"logo\":{\"@type\":\"ImageObject\",\"inLanguage\":\"sv-SE\",\"@id\":\"https:\\\/\\\/vikes.fi\\\/#\\\/schema\\\/logo\\\/image\\\/\",\"url\":\"https:\\\/\\\/vikes.fi\\\/wp-content\\\/uploads\\\/2018\\\/04\\\/Vikes_logo_1000.png\",\"contentUrl\":\"https:\\\/\\\/vikes.fi\\\/wp-content\\\/uploads\\\/2018\\\/04\\\/Vikes_logo_1000.png\",\"width\":1000,\"height\":505,\"caption\":\"Viestint\u00e4 ja kehitys -s\u00e4\u00e4ti\u00f6\"},\"image\":{\"@id\":\"https:\\\/\\\/vikes.fi\\\/#\\\/schema\\\/logo\\\/image\\\/\"},\"sameAs\":[\"https:\\\/\\\/www.facebook.com\\\/Vikes.fi\",\"https:\\\/\\\/x.com\\\/vikesverkko\",\"https:\\\/\\\/www.instagram.com\\\/vikes.fi\\\/\",\"https:\\\/\\\/www.youtube.com\\\/channel\\\/UCOS7sgxh-T1dzykfQ6-dDyg?sub_confirmation=1\"]}]}<\/script>\n<!-- \/ Yoast SEO plugin. -->","yoast_head_json":{"title":"Kvinnor i media - Viestint\u00e4 ja kehitys -s\u00e4\u00e4ti\u00f6","robots":{"index":"index","follow":"follow","max-snippet":"max-snippet:-1","max-image-preview":"max-image-preview:large","max-video-preview":"max-video-preview:-1"},"canonical":"https:\/\/vikes.fi\/sv\/kvinnor-i-media","og_locale":"sv_SE","og_type":"article","og_title":"Kvinnor i media - Viestint\u00e4 ja kehitys -s\u00e4\u00e4ti\u00f6","og_description":"Vi st\u00f6djer kvinnliga journalister i Nepal, Tanzania och SomaliaRedaktionerna i m\u00e5nga l\u00e4nder \u00e4r inte j\u00e4mst\u00e4llda. \u00c4ven i medier existerar en alltf\u00f6r ensidig syn p\u00e5 vad som \u00e4r m\u00f6jligt f\u00f6r kvinnor [&hellip;]","og_url":"https:\/\/vikes.fi\/sv\/kvinnor-i-media","og_site_name":"Viestint\u00e4 ja kehitys -s\u00e4\u00e4ti\u00f6","article_publisher":"https:\/\/www.facebook.com\/Vikes.fi","article_modified_time":"2025-06-26T06:48:08+00:00","og_image":[{"width":2560,"height":1707,"url":"https:\/\/vikes.fi\/wp-content\/uploads\/2022\/12\/Naishanke-scaled.jpeg","type":"image\/jpeg"}],"twitter_card":"summary_large_image","twitter_site":"@vikesverkko","twitter_misc":{"Ber\u00e4knad l\u00e4stid":"6 minuter"},"schema":{"@context":"https:\/\/schema.org","@graph":[{"@type":"WebPage","@id":"https:\/\/vikes.fi\/sv\/kvinnor-i-media","url":"https:\/\/vikes.fi\/sv\/kvinnor-i-media","name":"Kvinnor i media - Viestint\u00e4 ja kehitys -s\u00e4\u00e4ti\u00f6","isPartOf":{"@id":"https:\/\/vikes.fi\/#website"},"primaryImageOfPage":{"@id":"https:\/\/vikes.fi\/sv\/kvinnor-i-media#primaryimage"},"image":{"@id":"https:\/\/vikes.fi\/sv\/kvinnor-i-media#primaryimage"},"thumbnailUrl":"https:\/\/vikes.fi\/wp-content\/uploads\/2022\/12\/Naishanke-scaled.jpeg","datePublished":"2022-12-01T10:24:08+00:00","dateModified":"2025-06-26T06:48:08+00:00","breadcrumb":{"@id":"https:\/\/vikes.fi\/sv\/kvinnor-i-media#breadcrumb"},"inLanguage":"sv-SE","potentialAction":[{"@type":"ReadAction","target":["https:\/\/vikes.fi\/sv\/kvinnor-i-media"]}]},{"@type":"ImageObject","inLanguage":"sv-SE","@id":"https:\/\/vikes.fi\/sv\/kvinnor-i-media#primaryimage","url":"https:\/\/vikes.fi\/wp-content\/uploads\/2022\/12\/Naishanke-scaled.jpeg","contentUrl":"https:\/\/vikes.fi\/wp-content\/uploads\/2022\/12\/Naishanke-scaled.jpeg","width":2560,"height":1707},{"@type":"BreadcrumbList","@id":"https:\/\/vikes.fi\/sv\/kvinnor-i-media#breadcrumb","itemListElement":[{"@type":"ListItem","position":1,"name":"Home","item":"https:\/\/vikes.fi\/"},{"@type":"ListItem","position":2,"name":"Kvinnor i media"}]},{"@type":"WebSite","@id":"https:\/\/vikes.fi\/#website","url":"https:\/\/vikes.fi\/","name":"Viestint\u00e4 ja kehitys -s\u00e4\u00e4ti\u00f6","description":"Viestint\u00e4 ja kehitys -s\u00e4\u00e4ti\u00f6","publisher":{"@id":"https:\/\/vikes.fi\/#organization"},"potentialAction":[{"@type":"SearchAction","target":{"@type":"EntryPoint","urlTemplate":"https:\/\/vikes.fi\/?s={search_term_string}"},"query-input":{"@type":"PropertyValueSpecification","valueRequired":true,"valueName":"search_term_string"}}],"inLanguage":"sv-SE"},{"@type":"Organization","@id":"https:\/\/vikes.fi\/#organization","name":"Viestint\u00e4 ja kehitys -s\u00e4\u00e4ti\u00f6","url":"https:\/\/vikes.fi\/","logo":{"@type":"ImageObject","inLanguage":"sv-SE","@id":"https:\/\/vikes.fi\/#\/schema\/logo\/image\/","url":"https:\/\/vikes.fi\/wp-content\/uploads\/2018\/04\/Vikes_logo_1000.png","contentUrl":"https:\/\/vikes.fi\/wp-content\/uploads\/2018\/04\/Vikes_logo_1000.png","width":1000,"height":505,"caption":"Viestint\u00e4 ja kehitys -s\u00e4\u00e4ti\u00f6"},"image":{"@id":"https:\/\/vikes.fi\/#\/schema\/logo\/image\/"},"sameAs":["https:\/\/www.facebook.com\/Vikes.fi","https:\/\/x.com\/vikesverkko","https:\/\/www.instagram.com\/vikes.fi\/","https:\/\/www.youtube.com\/channel\/UCOS7sgxh-T1dzykfQ6-dDyg?sub_confirmation=1"]}]}},"_links":{"self":[{"href":"https:\/\/vikes.fi\/sv\/wp-json\/wp\/v2\/pages\/18527","targetHints":{"allow":["GET"]}}],"collection":[{"href":"https:\/\/vikes.fi\/sv\/wp-json\/wp\/v2\/pages"}],"about":[{"href":"https:\/\/vikes.fi\/sv\/wp-json\/wp\/v2\/types\/page"}],"author":[{"embeddable":true,"href":"https:\/\/vikes.fi\/sv\/wp-json\/wp\/v2\/users\/21"}],"replies":[{"embeddable":true,"href":"https:\/\/vikes.fi\/sv\/wp-json\/wp\/v2\/comments?post=18527"}],"version-history":[{"count":0,"href":"https:\/\/vikes.fi\/sv\/wp-json\/wp\/v2\/pages\/18527\/revisions"}],"wp:featuredmedia":[{"embeddable":true,"href":"https:\/\/vikes.fi\/sv\/wp-json\/wp\/v2\/media\/18463"}],"wp:attachment":[{"href":"https:\/\/vikes.fi\/sv\/wp-json\/wp\/v2\/media?parent=18527"}],"curies":[{"name":"wp","href":"https:\/\/api.w.org\/{rel}","templated":true}]}}