{"id":14958,"date":"2018-06-01T10:13:57","date_gmt":"2018-06-01T07:13:57","guid":{"rendered":"https:\/\/vikes-fi.staging.hel8.wp-cloud.dev\/privacy-policy"},"modified":"2024-05-16T10:52:07","modified_gmt":"2024-05-16T07:52:07","slug":"privacy-policy","status":"publish","type":"page","link":"https:\/\/vikes.fi\/en\/privacy-policy","title":{"rendered":"Privacy policy"},"content":{"rendered":"<p>[et_pb_section fb_built=&#8221;1&#8243; _builder_version=&#8221;4.19.4&#8243; _module_preset=&#8221;default&#8221; custom_padding=&#8221;||8px|||&#8221; global_colors_info=&#8221;{}&#8221;][et_pb_row _builder_version=&#8221;4.19.4&#8243; _module_preset=&#8221;default&#8221; custom_margin=&#8221;50px|auto|30px|auto|false|false&#8221; border_width_all=&#8221;1px&#8221; border_color_all=&#8221;gcid-78c82a69-71d2-4231-b1ba-9743c706cfd5&#8243; border_width_top=&#8221;1px&#8221; border_color_top=&#8221;gcid-549a5b0f-b9a8-4234-8fb3-9f52112464a2&#8243; border_width_right=&#8221;1px&#8221; border_color_right=&#8221;gcid-549a5b0f-b9a8-4234-8fb3-9f52112464a2&#8243; border_width_left=&#8221;1px&#8221; border_color_left=&#8221;gcid-549a5b0f-b9a8-4234-8fb3-9f52112464a2&#8243; global_colors_info=&#8221;{%22gcid-549a5b0f-b9a8-4234-8fb3-9f52112464a2%22:%91%22border_color_right%22,%22border_color_left%22,%22border_color_top%22%93,%22gcid-78c82a69-71d2-4231-b1ba-9743c706cfd5%22:%91%22border_color_all%22%93}&#8221;][et_pb_column type=&#8221;4_4&#8243; _builder_version=&#8221;4.16.0&#8243; _module_preset=&#8221;default&#8221; global_colors_info=&#8221;{}&#8221;][et_pb_text _builder_version=&#8221;4.19.4&#8243; _module_preset=&#8221;19d6e13d-6dc0-453c-a15a-72c5338d5b3f&#8221; header_font_size=&#8221;46px&#8221; background_color=&#8221;#FFFFFF&#8221; custom_margin=&#8221;32px||32px|-35px|false|false&#8221; custom_padding=&#8221;15px||0px||false|false&#8221; global_colors_info=&#8221;{}&#8221;]<\/p>\n<h1>Register description of the Foundation for Communication and Development<\/h1>\n<p>[\/et_pb_text][\/et_pb_column][\/et_pb_row][\/et_pb_section][et_pb_section fb_built=&#8221;1&#8243; _builder_version=&#8221;4.16&#8243; global_colors_info=&#8221;{}&#8221;][et_pb_row column_structure=&#8221;1_2,1_2&#8243; _builder_version=&#8221;4.19.4&#8243; background_size=&#8221;initial&#8221; background_position=&#8221;top_left&#8221; background_repeat=&#8221;repeat&#8221; custom_margin=&#8221;0px|auto|30px|auto|false|false&#8221; global_colors_info=&#8221;{}&#8221;][et_pb_column type=&#8221;1_2&#8243; _builder_version=&#8221;4.16&#8243; custom_padding=&#8221;|||&#8221; global_colors_info=&#8221;{}&#8221; custom_padding__hover=&#8221;|||&#8221;][et_pb_text _builder_version=&#8221;4.19.4&#8243; background_size=&#8221;initial&#8221; background_position=&#8221;top_left&#8221; background_repeat=&#8221;repeat&#8221; global_colors_info=&#8221;{}&#8221;]<\/p>\n<p>Register description in accordance with the Personal Data Act<br \/>Last updated 16.12.2020.<\/p>\n<h3>Data controller and contact person<\/h3>\n<p>Communication and Development Foundation<br \/>Business ID: 1950052-3<br \/>Visiting address: S\u00e4\u00e4st\u00f6pankinranta 2 A, 7th floor<br \/>Postal address: P.O. Box 252, 00531 Helsinki<br \/>Internet: www.vikes.fi<br \/>Contact person:<br \/>Tiina Helin, Communications Specialist<br \/>Tel: 0<span>40 1250346<br \/><\/span><a onclick=\"this.href=atob('bWFpbHRvOnZpa2VzJTQwdmlrZXMuZmk\/c3ViamVjdD1WaWtlcy5maSUyMC0lMjBzYWF2dXRldHRhdnV1cw=='); return true\" href=\"mailto:vikes%40vikes.fi?subject=Vikes.fi%20-%20saavutettavuus\"><\/a><span><\/span>Email: tiina.helin@vikes.fi<span><\/span><\/p>\n<h3>Name of the register<\/h3>\n<p>Vikes marketing register and donor list (email list)<\/p>\n<h3>Purpose of the register<\/h3>\n<p>Information from Vikes&#8217; marketing register and donor list is used for the Foundation&#8217;s newsletter and news mailings, marketing of donated products, surveys, seminar calls and similar activities, which can be done either by email or through the Foundation&#8217;s website. Monthly donors are invoiced monthly.<\/p>\n<h3>Data content of the register<\/h3>\n<p>The register contains the following information about subscribers to Vikes&#8217; email list, monthly donors and contacts of client companies and backers:<\/p>\n<ul>\n<li>Name of the organisation<\/li>\n<li>Name of contact person<\/li>\n<li>Contact email address<\/li>\n<li>Any authorisations, consents or anti-solicitation information<\/li>\n<\/ul>\n<h3>Regular data sources for the register<\/h3>\n<p>You can join the mailing list and become a donor yourself via the Vikes website or register your interest at various events.<\/p>\n<h3>Regular disclosure of data<\/h3>\n<p>Vikes does not disclose any information from its customer database to third parties. Data may only be disclosed to the Finnish authorities upon request in accordance with applicable laws. For donors, billing information is provided to the accounting firm used by Vikes for billing purposes.<\/p>\n<h3>Transfer of data outside the EU or EEA<\/h3>\n<p>Personal data will not be transferred outside Finland.<\/p>\n<h3>Principles for the protection of the register<\/h3>\n<p>Email list information is kept confidential only in electronic format, in the password-protected Mailchimp program. The donor list is stored in a password-protected Woocommerce service. Vikes hardware is protected by a firewall and passwords.<\/p>\n<h3>Verification and correction of data and prohibition of mailings<\/h3>\n<p>Persons in the customer register have the right to inspect their own data and to require the correction of inaccurate data on the basis of a written, signed request. They also have the right to object to the use of their data and to request their deletion. The controller must be informed in writing of the prohibition. Each email also contains a link to unsubscribe from the list.<\/p>\n<p>[\/et_pb_text][\/et_pb_column][et_pb_column type=&#8221;1_2&#8243; _builder_version=&#8221;4.16&#8243; custom_padding=&#8221;|||&#8221; global_colors_info=&#8221;{}&#8221; custom_padding__hover=&#8221;|||&#8221;][et_pb_text _builder_version=&#8221;4.19.4&#8243; _module_preset=&#8221;default&#8221;]<\/p>\n<h2><strong>Use of cookies on the Vikes website<\/strong><\/h2>\n<p>The website uses cookies to ensure that the service is secure, efficient and user-friendly.<\/p>\n<p>We use technology from foreign service providers on our website and the information collected by their cookies, if any, is transferred to and stored on their servers, some of which may be located outside the EU. These include. Google Analytics analytics tool and WooCommerce online store.<\/p>\n<h3>WooCommerce cookies<\/h3>\n<p>In order to keep the store engaged with the contents of your shopping cart, WooCommerce uses three cookies:<\/p>\n<ul>\n<li style=\"list-style-type: none;\">\n<ul>\n<li>woocommerce_cart_hash<\/li>\n<li>woocommerce_items_in_cart<\/li>\n<li>wp_woocommerce_session_<\/li>\n<\/ul>\n<\/li>\n<li>The first two cookies contain information about the shopping cart as a whole and help WooCommerce to know when the contents of the shopping cart change.<\/li>\n<li>The third cookie (wp_woocommerce_session_) contains a unique code for each customer , so that the store knows where to find the contents of the shopping cart in the database for each customer.<\/li>\n<li>No personal information is stored in these cookies.<\/li>\n<\/ul>\n<h3>General information about cookies<\/h3>\n<p>A cookie is a small, page-less text file sent to and stored on a user&#8217;s computer. Cookies do not harm users&#8217; computers or files.<\/p>\n<p>It is possible to disable cookies. You can delete it in your browser settings.<\/p>\n<p>If this function is switched off, you should be aware that cookies may be necessary for the proper functioning of some services.<\/p>\n<p>[\/et_pb_text][\/et_pb_column][\/et_pb_row][\/et_pb_section]<\/p>\n","protected":false},"excerpt":{"rendered":"<p>Register description of the Foundation for Communication and DevelopmentRegister description in accordance with the Personal Data ActLast updated 16.12.2020. Data controller and contact person Communication and Development FoundationBusiness ID: 1950052-3Visiting [&hellip;]<\/p>\n","protected":false},"author":27,"featured_media":11920,"parent":0,"menu_order":24,"comment_status":"closed","ping_status":"closed","template":"","meta":{"_acf_changed":false,"_et_pb_use_builder":"on","_et_pb_old_content":"","_et_gb_content_width":"","_price":"","_stock":"","_tribe_ticket_header":"","_tribe_default_ticket_provider":"","_tribe_ticket_capacity":"0","_ticket_start_date":"","_ticket_end_date":"","_tribe_ticket_show_description":"","_tribe_ticket_show_not_going":false,"_tribe_ticket_use_global_stock":"","_tribe_ticket_global_stock_level":"","_global_stock_mode":"","_global_stock_cap":"","_tribe_rsvp_for_event":"","_tribe_ticket_going_count":"","_tribe_ticket_not_going_count":"","_tribe_tickets_list":"[]","_tribe_ticket_has_attendee_info_fields":false,"footnotes":""},"class_list":["post-14958","page","type-page","status-publish","has-post-thumbnail","hentry"],"acf":[],"yoast_head":"<!-- This site is optimized with the Yoast SEO plugin v27.3 - https:\/\/yoast.com\/product\/yoast-seo-wordpress\/ -->\n<title>Privacy policy - Viestint\u00e4 ja kehitys -s\u00e4\u00e4ti\u00f6<\/title>\n<meta name=\"description\" content=\"The website uses cookies to ensure that the service is secure, efficient and user-friendly.\" \/>\n<meta name=\"robots\" content=\"index, follow, max-snippet:-1, max-image-preview:large, max-video-preview:-1\" \/>\n<link rel=\"canonical\" href=\"https:\/\/vikes.fi\/tietosuojaseloste\" \/>\n<meta property=\"og:locale\" content=\"en_US\" \/>\n<meta property=\"og:type\" content=\"article\" \/>\n<meta property=\"og:title\" content=\"Privacy policy - Viestint\u00e4 ja kehitys -s\u00e4\u00e4ti\u00f6\" \/>\n<meta property=\"og:description\" content=\"The website uses cookies to ensure that the service is secure, efficient and user-friendly.\" \/>\n<meta property=\"og:url\" content=\"https:\/\/vikes.fi\/tietosuojaseloste\" \/>\n<meta property=\"og:site_name\" content=\"Viestint\u00e4 ja kehitys -s\u00e4\u00e4ti\u00f6\" \/>\n<meta property=\"article:publisher\" content=\"https:\/\/www.facebook.com\/Vikes.fi\" \/>\n<meta property=\"article:modified_time\" content=\"2024-05-16T07:52:07+00:00\" \/>\n<meta property=\"og:image\" content=\"https:\/\/vikes.fi\/wp-content\/uploads\/2022\/10\/mihin-maailma-tarvitsee-vapaata-mediaa.jpeg\" \/>\n\t<meta property=\"og:image:width\" content=\"2200\" \/>\n\t<meta property=\"og:image:height\" content=\"1136\" \/>\n\t<meta property=\"og:image:type\" content=\"image\/jpeg\" \/>\n<meta name=\"twitter:card\" content=\"summary_large_image\" \/>\n<meta name=\"twitter:site\" content=\"@vikesverkko\" \/>\n<meta name=\"twitter:label1\" content=\"Est. reading time\" \/>\n\t<meta name=\"twitter:data1\" content=\"5 minutes\" \/>\n<script type=\"application\/ld+json\" class=\"yoast-schema-graph\">{\"@context\":\"https:\\\/\\\/schema.org\",\"@graph\":[{\"@type\":\"WebPage\",\"@id\":\"https:\\\/\\\/vikes.fi\\\/tietosuojaseloste\",\"url\":\"https:\\\/\\\/vikes.fi\\\/tietosuojaseloste\",\"name\":\"Privacy policy - Viestint\u00e4 ja kehitys -s\u00e4\u00e4ti\u00f6\",\"isPartOf\":{\"@id\":\"https:\\\/\\\/vikes.fi\\\/#website\"},\"primaryImageOfPage\":{\"@id\":\"https:\\\/\\\/vikes.fi\\\/tietosuojaseloste#primaryimage\"},\"image\":{\"@id\":\"https:\\\/\\\/vikes.fi\\\/tietosuojaseloste#primaryimage\"},\"thumbnailUrl\":\"https:\\\/\\\/vikes.fi\\\/wp-content\\\/uploads\\\/2022\\\/10\\\/mihin-maailma-tarvitsee-vapaata-mediaa.jpeg\",\"datePublished\":\"2018-06-01T07:13:57+00:00\",\"dateModified\":\"2024-05-16T07:52:07+00:00\",\"description\":\"The website uses cookies to ensure that the service is secure, efficient and user-friendly.\",\"breadcrumb\":{\"@id\":\"https:\\\/\\\/vikes.fi\\\/tietosuojaseloste#breadcrumb\"},\"inLanguage\":\"en-US\",\"potentialAction\":[{\"@type\":\"ReadAction\",\"target\":[\"https:\\\/\\\/vikes.fi\\\/tietosuojaseloste\"]}]},{\"@type\":\"ImageObject\",\"inLanguage\":\"en-US\",\"@id\":\"https:\\\/\\\/vikes.fi\\\/tietosuojaseloste#primaryimage\",\"url\":\"https:\\\/\\\/vikes.fi\\\/wp-content\\\/uploads\\\/2022\\\/10\\\/mihin-maailma-tarvitsee-vapaata-mediaa.jpeg\",\"contentUrl\":\"https:\\\/\\\/vikes.fi\\\/wp-content\\\/uploads\\\/2022\\\/10\\\/mihin-maailma-tarvitsee-vapaata-mediaa.jpeg\",\"width\":2200,\"height\":1136},{\"@type\":\"BreadcrumbList\",\"@id\":\"https:\\\/\\\/vikes.fi\\\/tietosuojaseloste#breadcrumb\",\"itemListElement\":[{\"@type\":\"ListItem\",\"position\":1,\"name\":\"Home\",\"item\":\"https:\\\/\\\/vikes.fi\\\/\"},{\"@type\":\"ListItem\",\"position\":2,\"name\":\"Privacy policy\"}]},{\"@type\":\"WebSite\",\"@id\":\"https:\\\/\\\/vikes.fi\\\/#website\",\"url\":\"https:\\\/\\\/vikes.fi\\\/\",\"name\":\"Viestint\u00e4 ja kehitys -s\u00e4\u00e4ti\u00f6\",\"description\":\"Viestint\u00e4 ja kehitys -s\u00e4\u00e4ti\u00f6\",\"publisher\":{\"@id\":\"https:\\\/\\\/vikes.fi\\\/#organization\"},\"potentialAction\":[{\"@type\":\"SearchAction\",\"target\":{\"@type\":\"EntryPoint\",\"urlTemplate\":\"https:\\\/\\\/vikes.fi\\\/?s={search_term_string}\"},\"query-input\":{\"@type\":\"PropertyValueSpecification\",\"valueRequired\":true,\"valueName\":\"search_term_string\"}}],\"inLanguage\":\"en-US\"},{\"@type\":\"Organization\",\"@id\":\"https:\\\/\\\/vikes.fi\\\/#organization\",\"name\":\"Viestint\u00e4 ja kehitys -s\u00e4\u00e4ti\u00f6\",\"url\":\"https:\\\/\\\/vikes.fi\\\/\",\"logo\":{\"@type\":\"ImageObject\",\"inLanguage\":\"en-US\",\"@id\":\"https:\\\/\\\/vikes.fi\\\/#\\\/schema\\\/logo\\\/image\\\/\",\"url\":\"https:\\\/\\\/vikes.fi\\\/wp-content\\\/uploads\\\/2018\\\/04\\\/Vikes_logo_1000.png\",\"contentUrl\":\"https:\\\/\\\/vikes.fi\\\/wp-content\\\/uploads\\\/2018\\\/04\\\/Vikes_logo_1000.png\",\"width\":1000,\"height\":505,\"caption\":\"Viestint\u00e4 ja kehitys -s\u00e4\u00e4ti\u00f6\"},\"image\":{\"@id\":\"https:\\\/\\\/vikes.fi\\\/#\\\/schema\\\/logo\\\/image\\\/\"},\"sameAs\":[\"https:\\\/\\\/www.facebook.com\\\/Vikes.fi\",\"https:\\\/\\\/x.com\\\/vikesverkko\",\"https:\\\/\\\/www.instagram.com\\\/vikes.fi\\\/\",\"https:\\\/\\\/www.youtube.com\\\/channel\\\/UCOS7sgxh-T1dzykfQ6-dDyg?sub_confirmation=1\"]}]}<\/script>\n<!-- \/ Yoast SEO plugin. -->","yoast_head_json":{"title":"Privacy policy - Viestint\u00e4 ja kehitys -s\u00e4\u00e4ti\u00f6","description":"The website uses cookies to ensure that the service is secure, efficient and user-friendly.","robots":{"index":"index","follow":"follow","max-snippet":"max-snippet:-1","max-image-preview":"max-image-preview:large","max-video-preview":"max-video-preview:-1"},"canonical":"https:\/\/vikes.fi\/tietosuojaseloste","og_locale":"en_US","og_type":"article","og_title":"Privacy policy - Viestint\u00e4 ja kehitys -s\u00e4\u00e4ti\u00f6","og_description":"The website uses cookies to ensure that the service is secure, efficient and user-friendly.","og_url":"https:\/\/vikes.fi\/tietosuojaseloste","og_site_name":"Viestint\u00e4 ja kehitys -s\u00e4\u00e4ti\u00f6","article_publisher":"https:\/\/www.facebook.com\/Vikes.fi","article_modified_time":"2024-05-16T07:52:07+00:00","og_image":[{"width":2200,"height":1136,"url":"https:\/\/vikes.fi\/wp-content\/uploads\/2022\/10\/mihin-maailma-tarvitsee-vapaata-mediaa.jpeg","type":"image\/jpeg"}],"twitter_card":"summary_large_image","twitter_site":"@vikesverkko","twitter_misc":{"Est. reading time":"5 minutes"},"schema":{"@context":"https:\/\/schema.org","@graph":[{"@type":"WebPage","@id":"https:\/\/vikes.fi\/tietosuojaseloste","url":"https:\/\/vikes.fi\/tietosuojaseloste","name":"Privacy policy - Viestint\u00e4 ja kehitys -s\u00e4\u00e4ti\u00f6","isPartOf":{"@id":"https:\/\/vikes.fi\/#website"},"primaryImageOfPage":{"@id":"https:\/\/vikes.fi\/tietosuojaseloste#primaryimage"},"image":{"@id":"https:\/\/vikes.fi\/tietosuojaseloste#primaryimage"},"thumbnailUrl":"https:\/\/vikes.fi\/wp-content\/uploads\/2022\/10\/mihin-maailma-tarvitsee-vapaata-mediaa.jpeg","datePublished":"2018-06-01T07:13:57+00:00","dateModified":"2024-05-16T07:52:07+00:00","description":"The website uses cookies to ensure that the service is secure, efficient and user-friendly.","breadcrumb":{"@id":"https:\/\/vikes.fi\/tietosuojaseloste#breadcrumb"},"inLanguage":"en-US","potentialAction":[{"@type":"ReadAction","target":["https:\/\/vikes.fi\/tietosuojaseloste"]}]},{"@type":"ImageObject","inLanguage":"en-US","@id":"https:\/\/vikes.fi\/tietosuojaseloste#primaryimage","url":"https:\/\/vikes.fi\/wp-content\/uploads\/2022\/10\/mihin-maailma-tarvitsee-vapaata-mediaa.jpeg","contentUrl":"https:\/\/vikes.fi\/wp-content\/uploads\/2022\/10\/mihin-maailma-tarvitsee-vapaata-mediaa.jpeg","width":2200,"height":1136},{"@type":"BreadcrumbList","@id":"https:\/\/vikes.fi\/tietosuojaseloste#breadcrumb","itemListElement":[{"@type":"ListItem","position":1,"name":"Home","item":"https:\/\/vikes.fi\/"},{"@type":"ListItem","position":2,"name":"Privacy policy"}]},{"@type":"WebSite","@id":"https:\/\/vikes.fi\/#website","url":"https:\/\/vikes.fi\/","name":"Viestint\u00e4 ja kehitys -s\u00e4\u00e4ti\u00f6","description":"Viestint\u00e4 ja kehitys -s\u00e4\u00e4ti\u00f6","publisher":{"@id":"https:\/\/vikes.fi\/#organization"},"potentialAction":[{"@type":"SearchAction","target":{"@type":"EntryPoint","urlTemplate":"https:\/\/vikes.fi\/?s={search_term_string}"},"query-input":{"@type":"PropertyValueSpecification","valueRequired":true,"valueName":"search_term_string"}}],"inLanguage":"en-US"},{"@type":"Organization","@id":"https:\/\/vikes.fi\/#organization","name":"Viestint\u00e4 ja kehitys -s\u00e4\u00e4ti\u00f6","url":"https:\/\/vikes.fi\/","logo":{"@type":"ImageObject","inLanguage":"en-US","@id":"https:\/\/vikes.fi\/#\/schema\/logo\/image\/","url":"https:\/\/vikes.fi\/wp-content\/uploads\/2018\/04\/Vikes_logo_1000.png","contentUrl":"https:\/\/vikes.fi\/wp-content\/uploads\/2018\/04\/Vikes_logo_1000.png","width":1000,"height":505,"caption":"Viestint\u00e4 ja kehitys -s\u00e4\u00e4ti\u00f6"},"image":{"@id":"https:\/\/vikes.fi\/#\/schema\/logo\/image\/"},"sameAs":["https:\/\/www.facebook.com\/Vikes.fi","https:\/\/x.com\/vikesverkko","https:\/\/www.instagram.com\/vikes.fi\/","https:\/\/www.youtube.com\/channel\/UCOS7sgxh-T1dzykfQ6-dDyg?sub_confirmation=1"]}]}},"_links":{"self":[{"href":"https:\/\/vikes.fi\/en\/wp-json\/wp\/v2\/pages\/14958","targetHints":{"allow":["GET"]}}],"collection":[{"href":"https:\/\/vikes.fi\/en\/wp-json\/wp\/v2\/pages"}],"about":[{"href":"https:\/\/vikes.fi\/en\/wp-json\/wp\/v2\/types\/page"}],"author":[{"embeddable":true,"href":"https:\/\/vikes.fi\/en\/wp-json\/wp\/v2\/users\/27"}],"replies":[{"embeddable":true,"href":"https:\/\/vikes.fi\/en\/wp-json\/wp\/v2\/comments?post=14958"}],"version-history":[{"count":0,"href":"https:\/\/vikes.fi\/en\/wp-json\/wp\/v2\/pages\/14958\/revisions"}],"wp:featuredmedia":[{"embeddable":true,"href":"https:\/\/vikes.fi\/en\/wp-json\/wp\/v2\/media\/11920"}],"wp:attachment":[{"href":"https:\/\/vikes.fi\/en\/wp-json\/wp\/v2\/media?parent=14958"}],"curies":[{"name":"wp","href":"https:\/\/api.w.org\/{rel}","templated":true}]}}