{"id":14310,"date":"2022-10-25T12:36:05","date_gmt":"2022-10-25T09:36:05","guid":{"rendered":"https:\/\/vikes-fi.staging.hel8.wp-cloud.dev\/vikes"},"modified":"2026-01-22T12:20:34","modified_gmt":"2026-01-22T10:20:34","slug":"vikes","status":"publish","type":"page","link":"https:\/\/vikes.fi\/en\/vikes","title":{"rendered":"Vikes"},"content":{"rendered":"<p>[et_pb_section fb_built=&#8221;1&#8243; _builder_version=&#8221;4.19.0&#8243; _module_preset=&#8221;default&#8221; global_colors_info=&#8221;{}&#8221;][et_pb_row _builder_version=&#8221;4.19.0&#8243; _module_preset=&#8221;default&#8221; custom_margin=&#8221;50px||50px||false|false&#8221; border_width_all=&#8221;1px&#8221; border_color_all=&#8221;gcid-78c82a69-71d2-4231-b1ba-9743c706cfd5&#8243; border_width_top=&#8221;1px&#8221; border_color_top=&#8221;gcid-549a5b0f-b9a8-4234-8fb3-9f52112464a2&#8243; border_width_right=&#8221;1px&#8221; border_color_right=&#8221;gcid-549a5b0f-b9a8-4234-8fb3-9f52112464a2&#8243; border_width_left=&#8221;1px&#8221; border_color_left=&#8221;gcid-549a5b0f-b9a8-4234-8fb3-9f52112464a2&#8243; global_colors_info=&#8221;{%22gcid-549a5b0f-b9a8-4234-8fb3-9f52112464a2%22:%91%22border_color_right%22,%22border_color_left%22,%22border_color_top%22%93,%22gcid-78c82a69-71d2-4231-b1ba-9743c706cfd5%22:%91%22border_color_all%22%93}&#8221;][et_pb_column type=&#8221;4_4&#8243; _builder_version=&#8221;4.16.0&#8243; _module_preset=&#8221;default&#8221; global_colors_info=&#8221;{}&#8221;][et_pb_text _builder_version=&#8221;4.19.0&#8243; _module_preset=&#8221;19d6e13d-6dc0-453c-a15a-72c5338d5b3f&#8221; background_color=&#8221;#FFFFFF&#8221; custom_margin=&#8221;32px||32px|-35px|false|false&#8221; custom_padding=&#8221;15px||0px||false|false&#8221; global_colors_info=&#8221;{}&#8221;]<\/p>\n<h1>Vikes in brief<\/h1>\n<p>[\/et_pb_text][\/et_pb_column][\/et_pb_row][et_pb_row column_structure=&#8221;1_2,1_2&#8243; _builder_version=&#8221;4.19.4&#8243; _module_preset=&#8221;default&#8221; custom_margin_tablet=&#8221;50px||0px||false|false&#8221; custom_margin_phone=&#8221;50px||0px||false|false&#8221; custom_margin_last_edited=&#8221;on|tablet&#8221; custom_padding=&#8221;||0px||false|false&#8221; global_colors_info=&#8221;{}&#8221;][et_pb_column type=&#8221;1_2&#8243; _builder_version=&#8221;4.19.0&#8243; _module_preset=&#8221;default&#8221; global_colors_info=&#8221;{}&#8221;][et_pb_text _builder_version=&#8221;4.27.3&#8243; _module_preset=&#8221;49b990a9-3f5c-41d7-a146-f53d734cb61f&#8221; global_colors_info=&#8221;{}&#8221;]<\/p>\n<p>The Foundation for Communication and Development is a solidarity foundation for journalists established in 2004 to support freedom of expression here and abroad. Finland is one of the leading countries in terms of freedom of expression, and therefore we even have a duty to support freedom of expression elsewhere. <\/p>\n<p>[\/et_pb_text][\/et_pb_column][et_pb_column type=&#8221;1_2&#8243; _builder_version=&#8221;4.19.0&#8243; _module_preset=&#8221;default&#8221; global_colors_info=&#8221;{}&#8221;][\/et_pb_column][\/et_pb_row][et_pb_row _builder_version=&#8221;4.19.4&#8243; _module_preset=&#8221;default&#8221; custom_margin_tablet=&#8221;0px||30px||false|false&#8221; custom_margin_phone=&#8221;0px||30px||false|false&#8221; custom_margin_last_edited=&#8221;on|tablet&#8221; global_colors_info=&#8221;{}&#8221;][et_pb_column type=&#8221;4_4&#8243; _builder_version=&#8221;4.19.4&#8243; _module_preset=&#8221;default&#8221; global_colors_info=&#8221;{}&#8221;][et_pb_divider color=&#8221;gcid-78c82a69-71d2-4231-b1ba-9743c706cfd5&#8243; divider_weight=&#8221;5px&#8221; _builder_version=&#8221;4.19.4&#8243; _module_preset=&#8221;default&#8221; width=&#8221;16%&#8221; custom_margin=&#8221;0px||0px||false|false&#8221; saved_tabs=&#8221;all&#8221; global_colors_info=&#8221;{%22gcid-78c82a69-71d2-4231-b1ba-9743c706cfd5%22:%91%22color%22%93}&#8221;][\/et_pb_divider][\/et_pb_column][\/et_pb_row][et_pb_row column_structure=&#8221;1_2,1_2&#8243; _builder_version=&#8221;4.19.4&#8243; _module_preset=&#8221;default&#8221; custom_margin=&#8221;0px|auto|30px|auto|false|false&#8221; global_colors_info=&#8221;{}&#8221;][et_pb_column type=&#8221;1_2&#8243; _builder_version=&#8221;4.19.4&#8243; _module_preset=&#8221;default&#8221; global_colors_info=&#8221;{}&#8221;][et_pb_text _builder_version=&#8221;4.27.3&#8243; _module_preset=&#8221;360119ca-c6e7-4e37-8b9d-c9bf27dc46e8&#8243; global_colors_info=&#8221;{%22gcid-d43b96a4-5fb2-4cc4-9bc0-7cb9830992a1%22:%91%22text_text_color%22%93}&#8221;]<\/p>\n<p>Vikes aims to highlight the importance of freedom of expression as a human right and a cornerstone of democracy.<\/p>\n<p>Vikes supports press freedom, a more diverse media, journalists&#8217; rights and communication. We believe that freedom of expression is the lifeblood of democracy and that citizens need critical, unbiased information to exercise their democratic rights. <\/p>\n<p>In many countries, the press is not free and journalists are harassed, threatened or even killed. Women&#8217;s position in editorial departments is often poor. Vikes supports female journalists and the right of journalists to organize. The independence and self-sufficiency of editorial staff will also be supported, and links will be established between the media and civil society.   <\/p>\n<p>In Finland, Vikes organises debates and training sessions for journalists and media students.<\/p>\n<p>[\/et_pb_text][\/et_pb_column][et_pb_column type=&#8221;1_2&#8243; _builder_version=&#8221;4.19.4&#8243; _module_preset=&#8221;default&#8221; global_colors_info=&#8221;{}&#8221;][et_pb_text _builder_version=&#8221;4.27.3&#8243; _module_preset=&#8221;360119ca-c6e7-4e37-8b9d-c9bf27dc46e8&#8243; global_colors_info=&#8221;{}&#8221;]<\/p>\n<p><strong>Governance of the Foundation<\/strong><\/p>\n<ul>\n<li><a href=\"https:\/\/vikes.fi\/wp-content\/uploads\/2020\/11\/Vikes-eettiset-periaatteet-2020.pdf\">Ethical Principles of Vikes<\/a><\/li>\n<li class=\"p1\"><a href=\"https:\/\/vikes.fi\/wp-content\/uploads\/2024\/10\/VIKES_STRATEGIA_vahvistettu-11.10.2024.pdf\" title=\"Viestint\u00e4 ja kehitys -s\u00e4\u00e4ti\u00f6n strategia\">Strategy<\/a><\/li>\n<li><a href=\"https:\/\/vikes.fi\/wp-content\/uploads\/2020\/04\/Vikes_saannot_2020.pdf\">Statutes of Vikes<\/a><\/li>\n<li class=\"p1\"><a href=\"https:\/\/vikes.fi\/wp-content\/uploads\/2026\/01\/Vikes_Toimintasuunnitelma_2025.pdf\" rel=\"attachment wp-att-21149\">Action Plan 2025<\/a><\/li>\n<li><a href=\"https:\/\/vikes.fi\/wp-content\/uploads\/2024\/10\/04_Vikes_toimintasuunnitelma_2024_Vahvistettu.pdf\" title=\"Viestint\u00e4 ja kehitys -s\u00e4\u00e4ti\u00f6n toimintasuunnitelma 2024 \">Action Plan 2024<\/a><\/li>\n<li class=\"p1\"><a href=\"https:\/\/vikes.fi\/wp-content\/uploads\/2026\/01\/Vikes-toimintasuunnitelma-2023.pdf\" rel=\"attachment wp-att-21143\">Action Plan 2023<\/a><\/li>\n<li class=\"p1\">Annual Report and Financial Statements 2025<\/li>\n<li class=\"p1\"><a href=\"https:\/\/vikes.fi\/wp-content\/uploads\/2026\/01\/Vikes_Tulosraportti_2024_FINAL.pdf\" rel=\"attachment wp-att-21152\">Annual Report and Financial Statements 2025<\/a><\/li>\n<li class=\"p1\"><a href=\"https:\/\/vikes.fi\/wp-content\/uploads\/2024\/10\/00_Vikes-toimintakertomus-2023_signed-1.pdf\" title=\"Viestint\u00e4 ja kehitys -s\u00e4\u00e4ti\u00f6n toimintakertomus 2023 \">Annual Repor 2023 <\/a>ja <a href=\"https:\/\/vikes.fi\/wp-content\/uploads\/2024\/10\/00_Vikes_TP-2023_allek-1.pdf\" title=\"Viestint\u00e4 ja kehitys -s\u00e4\u00e4ti\u00f6 tilinp\u00e4\u00e4t\u00f6s\">Financial Statements 2023<\/a><a href=\"https:\/\/vikes.fi\/wp-content\/uploads\/2024\/10\/00_Vikes-toimintakertomus-2023_signed-1.pdf\" title=\"Viestint\u00e4 ja kehitys -s\u00e4\u00e4ti\u00f6n toimintakertomus 2023 \"><\/a><\/li>\n<\/ul>\n<p><strong>Development Cooperation<\/strong><\/p>\n<ul>\n<li><a href=\"https:\/\/vikes.fi\/wp-content\/uploads\/2022\/06\/Vikes-Development-cooperation-Programme-2022-2025.pdf\">Vikes\u2019 Development Cooperation Programme 2022\u20132025<\/a><span>\u00a0<\/span><\/li>\n<li><span>Results Report 2025<\/span><\/li>\n<li><a href=\"https:\/\/vikes.fi\/wp-content\/uploads\/2026\/01\/Vikes_Tulosraportti_2024_FINAL.pdf\" rel=\"attachment wp-att-21152\">Results Report 2024<\/a><\/li>\n<li><a href=\"https:\/\/vikes.fi\/wp-content\/uploads\/2024\/10\/02_Vikes_Results_report_2023.pdf\">Results Report 2023<\/a><span><\/span><\/li>\n<li class=\"p1\"><a href=\"https:\/\/vikes.fi\/wp-content\/uploads\/2024\/10\/Final_mid-term_report_of_Vikes_programme_2024.pdf\" title=\"Evaluaatioraportti 2024\">Evaluation Report 2024<\/a><\/li>\n<\/ul>\n<p><strong>Reporting Misconduct or Harassment<\/strong><\/p>\n<ul>\n<li><a href=\"https:\/\/vikes.fi\/en\/report-abuse\">Form<\/a><\/li>\n<\/ul>\n<p>&nbsp;<\/p>\n<p>[\/et_pb_text][\/et_pb_column][\/et_pb_row][\/et_pb_section][et_pb_section fb_built=&#8221;1&#8243; _builder_version=&#8221;4.19.0&#8243; _module_preset=&#8221;default&#8221; background_image=&#8221;https:\/\/vikes.fi\/wp-content\/uploads\/2022\/06\/fesoj-koulutus.jpg&#8221; global_colors_info=&#8221;{}&#8221;][et_pb_row custom_padding_last_edited=&#8221;on|phone&#8221; _builder_version=&#8221;4.25.1&#8243; _module_preset=&#8221;default&#8221; width=&#8221;50%&#8221; width_tablet=&#8221;50%&#8221; width_phone=&#8221;50%&#8221; width_last_edited=&#8221;on|desktop&#8221; max_width_tablet=&#8221;2560%&#8221; max_width_phone=&#8221;2560%&#8221; max_width_last_edited=&#8221;on|phone&#8221; module_alignment=&#8221;right&#8221; custom_margin=&#8221;||||false|false&#8221; custom_margin_tablet=&#8221;||||false|false&#8221; custom_margin_phone=&#8221;||||false|false&#8221; custom_margin_last_edited=&#8221;on|phone&#8221; custom_padding=&#8221;|50px|||false|false&#8221; custom_padding_tablet=&#8221;|0px|||false|false&#8221; custom_padding_phone=&#8221;||||false|false&#8221; module_alignment_tablet=&#8221;center&#8221; module_alignment_phone=&#8221;center&#8221; module_alignment_last_edited=&#8221;on|tablet&#8221; global_colors_info=&#8221;{}&#8221;][et_pb_column type=&#8221;4_4&#8243; _builder_version=&#8221;4.19.0&#8243; _module_preset=&#8221;default&#8221; global_colors_info=&#8221;{}&#8221;][et_pb_accordion open_toggle_text_color=&#8221;gcid-d43b96a4-5fb2-4cc4-9bc0-7cb9830992a1&#8243; closed_toggle_text_color=&#8221;gcid-8615d747-fb1c-45ff-a493-df4cacfbd7fc&#8221; _builder_version=&#8221;4.27.3&#8243; _module_preset=&#8221;default&#8221; toggle_text_color=&#8221;gcid-d43b96a4-5fb2-4cc4-9bc0-7cb9830992a1&#8243; toggle_level=&#8221;h3&#8243; toggle_font=&#8221;|800||on|||||&#8221; closed_toggle_font=&#8221;|800||on|||||&#8221; body_text_color=&#8221;gcid-d43b96a4-5fb2-4cc4-9bc0-7cb9830992a1&#8243; custom_padding_last_edited=&#8221;off|phone&#8221; global_colors_info=&#8221;{%22gcid-8615d747-fb1c-45ff-a493-df4cacfbd7fc%22:%91%22closed_toggle_text_color%22%93,%22gcid-d43b96a4-5fb2-4cc4-9bc0-7cb9830992a1%22:%91%22toggle_text_color%22,%22body_text_color%22,%22open_toggle_text_color%22%93}&#8221;][et_pb_accordion_item title=&#8221;Governance of the Foundation&#8221; open=&#8221;on&#8221; open_toggle_text_color=&#8221;gcid-d43b96a4-5fb2-4cc4-9bc0-7cb9830992a1&#8243; _builder_version=&#8221;4.27.3&#8243; _module_preset=&#8221;default&#8221; global_colors_info=&#8221;{%22gcid-d43b96a4-5fb2-4cc4-9bc0-7cb9830992a1%22:%91%22open_toggle_text_color%22,%22toggle_text_color%22%93}&#8221; toggle_text_color=&#8221;gcid-d43b96a4-5fb2-4cc4-9bc0-7cb9830992a1&#8243; toggle_font=&#8221;|800||on|||||&#8221; closed_toggle_font=&#8221;||||||||&#8221;]<\/p>\n<p data-start=\"0\" data-end=\"188\">The Communication and Development Foundation (Vikes) was established in 2004 (registered in 2005) by 27 organizations from the communication sector as a development cooperation foundation.<\/p>\n<p data-start=\"190\" data-end=\"566\" data-is-last-node=\"\" data-is-only-node=\"\">The foundation is managed and represented by a board of directors. Vikes is a non-profit organization and relies heavily on volunteer work. The chairperson of Vikes is <strong>Jarmo Koponen<\/strong> and the vice-chairperson is <strong>Timo Sipola<\/strong>. Other board members are: <strong>Satu Helin<\/strong>, <strong>Reeta P\u00f6yht\u00e4ri, Sanna Ra, Outi Salovaara, Salla Nazarenko, Eveliina K\u00e4lvi\u00e4inen <\/strong>and<strong>\u00a0Satu Koho.<\/strong><\/p>\n<p>[\/et_pb_accordion_item][et_pb_accordion_item title=&#8221;Media organizations behind Vikes&#8221; open_toggle_text_color=&#8221;gcid-d43b96a4-5fb2-4cc4-9bc0-7cb9830992a1&#8243; closed_toggle_text_color=&#8221;gcid-d43b96a4-5fb2-4cc4-9bc0-7cb9830992a1&#8243; _builder_version=&#8221;4.27.3&#8243; _module_preset=&#8221;default&#8221; body_text_color=&#8221;gcid-d43b96a4-5fb2-4cc4-9bc0-7cb9830992a1&#8243; global_colors_info=&#8221;{%22gcid-d43b96a4-5fb2-4cc4-9bc0-7cb9830992a1%22:%91%22open_toggle_text_color%22,%22toggle_text_color%22,%22body_text_color%22,%22closed_toggle_text_color%22%93}&#8221; toggle_text_color=&#8221;gcid-d43b96a4-5fb2-4cc4-9bc0-7cb9830992a1&#8243; open=&#8221;off&#8221;]<\/p>\n<p><span>Aikakauslehtien p\u00e4\u00e4toimittajat ry, Etel\u00e4-Suomen Sanomalehtimiesyhdistys ry, Freelance-ammattiosasto FAO, Helsingin Seudun Journalistit ry, H\u00e4meen-Uudenmaan journalistit ry, It\u00e4-Suomen Sanomalehtimiesyhdistys ry, Keski-Pohjanmaan Journalistit ry, Keski-Suomen Journalistit ry, Maailman Sivu ry, Media- ja viestint\u00e4tieteellinen seura ry, Media- ja ohjelmaty\u00f6ntekij\u00e4t MOT ry, Nelosen ohjelmaty\u00f6ntekij\u00e4t NOT ry, Pirkanmaan journalistit ry, Pohjois-Karjalan Journalistiyhdistys ry, Pohjois-Suomen Journalistit ry, Radio- ja televisiotoimittajien liitto ry, Satakunnan Journalistit ry, Suomen freelance-journalistit ry, Suomen Inter Press Service ry, Suomen Journalistiliitto, Turun journalistiyhdistys ry, Vostok ry, Viestinn\u00e4n opiskelijoiden yhdistys Media ry, YMT \u2013 Yhdistyneet mediaty\u00f6ntekij\u00e4t ry, Ylen ohjelmaty\u00f6ntekij\u00e4t ry ja Ymp\u00e4rist\u00f6toimittajat ry.<\/span><\/p>\n<p>[\/et_pb_accordion_item][et_pb_accordion_item title=&#8221;How is Vikes changing the world?&#8221; open_toggle_text_color=&#8221;gcid-d43b96a4-5fb2-4cc4-9bc0-7cb9830992a1&#8243; closed_toggle_text_color=&#8221;gcid-d43b96a4-5fb2-4cc4-9bc0-7cb9830992a1&#8243; _builder_version=&#8221;4.27.3&#8243; _module_preset=&#8221;default&#8221; body_text_color=&#8221;gcid-d43b96a4-5fb2-4cc4-9bc0-7cb9830992a1&#8243; global_colors_info=&#8221;{%22gcid-d43b96a4-5fb2-4cc4-9bc0-7cb9830992a1%22:%91%22open_toggle_text_color%22,%22toggle_text_color%22,%22body_text_color%22,%22closed_toggle_text_color%22%93}&#8221; toggle_text_color=&#8221;gcid-d43b96a4-5fb2-4cc4-9bc0-7cb9830992a1&#8243; open=&#8221;off&#8221;]<\/p>\n<p><img decoding=\"async\" src=\"\/wp-content\/uploads\/2018\/09\/toimintakaavio-vikes-2500x4000px-kartta-768x1290.png\"><\/p>\n<p>[\/et_pb_accordion_item][\/et_pb_accordion][\/et_pb_column][\/et_pb_row][\/et_pb_section]<\/p>\n","protected":false},"excerpt":{"rendered":"<p>What is this?<\/p>\n","protected":false},"author":21,"featured_media":14442,"parent":0,"menu_order":0,"comment_status":"closed","ping_status":"closed","template":"","meta":{"_acf_changed":false,"_et_pb_use_builder":"on","_et_pb_old_content":"","_et_gb_content_width":"","_price":"","_stock":"","_tribe_ticket_header":"","_tribe_default_ticket_provider":"","_tribe_ticket_capacity":"0","_ticket_start_date":"","_ticket_end_date":"","_tribe_ticket_show_description":"","_tribe_ticket_show_not_going":false,"_tribe_ticket_use_global_stock":"","_tribe_ticket_global_stock_level":"","_global_stock_mode":"","_global_stock_cap":"","_tribe_rsvp_for_event":"","_tribe_ticket_going_count":"","_tribe_ticket_not_going_count":"","_tribe_tickets_list":"[]","_tribe_ticket_has_attendee_info_fields":false,"footnotes":""},"class_list":["post-14310","page","type-page","status-publish","has-post-thumbnail","hentry"],"acf":[],"yoast_head":"<!-- This site is optimized with the Yoast SEO plugin v27.3 - https:\/\/yoast.com\/product\/yoast-seo-wordpress\/ -->\n<title>Vikes - Viestint\u00e4 ja kehitys -s\u00e4\u00e4ti\u00f6<\/title>\n<meta name=\"robots\" content=\"index, follow, max-snippet:-1, max-image-preview:large, max-video-preview:-1\" \/>\n<link rel=\"canonical\" href=\"https:\/\/vikes.fi\/vikes\" \/>\n<meta property=\"og:locale\" content=\"en_US\" \/>\n<meta property=\"og:type\" content=\"article\" \/>\n<meta property=\"og:title\" content=\"Vikes - Viestint\u00e4 ja kehitys -s\u00e4\u00e4ti\u00f6\" \/>\n<meta property=\"og:description\" content=\"What is this?\" \/>\n<meta property=\"og:url\" content=\"https:\/\/vikes.fi\/vikes\" \/>\n<meta property=\"og:site_name\" content=\"Viestint\u00e4 ja kehitys -s\u00e4\u00e4ti\u00f6\" \/>\n<meta property=\"article:publisher\" content=\"https:\/\/www.facebook.com\/Vikes.fi\" \/>\n<meta property=\"article:modified_time\" content=\"2026-01-22T10:20:34+00:00\" \/>\n<meta property=\"og:image\" content=\"https:\/\/vikes.fi\/wp-content\/uploads\/2023\/01\/ryhmakuva-uganda.jpg\" \/>\n\t<meta property=\"og:image:width\" content=\"2406\" \/>\n\t<meta property=\"og:image:height\" content=\"936\" \/>\n\t<meta property=\"og:image:type\" content=\"image\/jpeg\" \/>\n<meta name=\"twitter:card\" content=\"summary_large_image\" \/>\n<meta name=\"twitter:site\" content=\"@vikesverkko\" \/>\n<meta name=\"twitter:label1\" content=\"Est. reading time\" \/>\n\t<meta name=\"twitter:data1\" content=\"7 minutes\" \/>\n<script type=\"application\/ld+json\" class=\"yoast-schema-graph\">{\"@context\":\"https:\\\/\\\/schema.org\",\"@graph\":[{\"@type\":\"WebPage\",\"@id\":\"https:\\\/\\\/vikes.fi\\\/vikes\",\"url\":\"https:\\\/\\\/vikes.fi\\\/vikes\",\"name\":\"Vikes - Viestint\u00e4 ja kehitys -s\u00e4\u00e4ti\u00f6\",\"isPartOf\":{\"@id\":\"https:\\\/\\\/vikes.fi\\\/#website\"},\"primaryImageOfPage\":{\"@id\":\"https:\\\/\\\/vikes.fi\\\/vikes#primaryimage\"},\"image\":{\"@id\":\"https:\\\/\\\/vikes.fi\\\/vikes#primaryimage\"},\"thumbnailUrl\":\"https:\\\/\\\/vikes.fi\\\/wp-content\\\/uploads\\\/2023\\\/01\\\/ryhmakuva-uganda.jpg\",\"datePublished\":\"2022-10-25T09:36:05+00:00\",\"dateModified\":\"2026-01-22T10:20:34+00:00\",\"breadcrumb\":{\"@id\":\"https:\\\/\\\/vikes.fi\\\/vikes#breadcrumb\"},\"inLanguage\":\"en-US\",\"potentialAction\":[{\"@type\":\"ReadAction\",\"target\":[\"https:\\\/\\\/vikes.fi\\\/vikes\"]}]},{\"@type\":\"ImageObject\",\"inLanguage\":\"en-US\",\"@id\":\"https:\\\/\\\/vikes.fi\\\/vikes#primaryimage\",\"url\":\"https:\\\/\\\/vikes.fi\\\/wp-content\\\/uploads\\\/2023\\\/01\\\/ryhmakuva-uganda.jpg\",\"contentUrl\":\"https:\\\/\\\/vikes.fi\\\/wp-content\\\/uploads\\\/2023\\\/01\\\/ryhmakuva-uganda.jpg\",\"width\":2406,\"height\":936,\"caption\":\"Joukko ugandalaisia toimittajia koulutuksessa.\"},{\"@type\":\"BreadcrumbList\",\"@id\":\"https:\\\/\\\/vikes.fi\\\/vikes#breadcrumb\",\"itemListElement\":[{\"@type\":\"ListItem\",\"position\":1,\"name\":\"Home\",\"item\":\"https:\\\/\\\/vikes.fi\\\/\"},{\"@type\":\"ListItem\",\"position\":2,\"name\":\"Vikes\"}]},{\"@type\":\"WebSite\",\"@id\":\"https:\\\/\\\/vikes.fi\\\/#website\",\"url\":\"https:\\\/\\\/vikes.fi\\\/\",\"name\":\"Viestint\u00e4 ja kehitys -s\u00e4\u00e4ti\u00f6\",\"description\":\"Viestint\u00e4 ja kehitys -s\u00e4\u00e4ti\u00f6\",\"publisher\":{\"@id\":\"https:\\\/\\\/vikes.fi\\\/#organization\"},\"potentialAction\":[{\"@type\":\"SearchAction\",\"target\":{\"@type\":\"EntryPoint\",\"urlTemplate\":\"https:\\\/\\\/vikes.fi\\\/?s={search_term_string}\"},\"query-input\":{\"@type\":\"PropertyValueSpecification\",\"valueRequired\":true,\"valueName\":\"search_term_string\"}}],\"inLanguage\":\"en-US\"},{\"@type\":\"Organization\",\"@id\":\"https:\\\/\\\/vikes.fi\\\/#organization\",\"name\":\"Viestint\u00e4 ja kehitys -s\u00e4\u00e4ti\u00f6\",\"url\":\"https:\\\/\\\/vikes.fi\\\/\",\"logo\":{\"@type\":\"ImageObject\",\"inLanguage\":\"en-US\",\"@id\":\"https:\\\/\\\/vikes.fi\\\/#\\\/schema\\\/logo\\\/image\\\/\",\"url\":\"https:\\\/\\\/vikes.fi\\\/wp-content\\\/uploads\\\/2018\\\/04\\\/Vikes_logo_1000.png\",\"contentUrl\":\"https:\\\/\\\/vikes.fi\\\/wp-content\\\/uploads\\\/2018\\\/04\\\/Vikes_logo_1000.png\",\"width\":1000,\"height\":505,\"caption\":\"Viestint\u00e4 ja kehitys -s\u00e4\u00e4ti\u00f6\"},\"image\":{\"@id\":\"https:\\\/\\\/vikes.fi\\\/#\\\/schema\\\/logo\\\/image\\\/\"},\"sameAs\":[\"https:\\\/\\\/www.facebook.com\\\/Vikes.fi\",\"https:\\\/\\\/x.com\\\/vikesverkko\",\"https:\\\/\\\/www.instagram.com\\\/vikes.fi\\\/\",\"https:\\\/\\\/www.youtube.com\\\/channel\\\/UCOS7sgxh-T1dzykfQ6-dDyg?sub_confirmation=1\"]}]}<\/script>\n<!-- \/ Yoast SEO plugin. -->","yoast_head_json":{"title":"Vikes - Viestint\u00e4 ja kehitys -s\u00e4\u00e4ti\u00f6","robots":{"index":"index","follow":"follow","max-snippet":"max-snippet:-1","max-image-preview":"max-image-preview:large","max-video-preview":"max-video-preview:-1"},"canonical":"https:\/\/vikes.fi\/vikes","og_locale":"en_US","og_type":"article","og_title":"Vikes - Viestint\u00e4 ja kehitys -s\u00e4\u00e4ti\u00f6","og_description":"What is this?","og_url":"https:\/\/vikes.fi\/vikes","og_site_name":"Viestint\u00e4 ja kehitys -s\u00e4\u00e4ti\u00f6","article_publisher":"https:\/\/www.facebook.com\/Vikes.fi","article_modified_time":"2026-01-22T10:20:34+00:00","og_image":[{"width":2406,"height":936,"url":"https:\/\/vikes.fi\/wp-content\/uploads\/2023\/01\/ryhmakuva-uganda.jpg","type":"image\/jpeg"}],"twitter_card":"summary_large_image","twitter_site":"@vikesverkko","twitter_misc":{"Est. reading time":"7 minutes"},"schema":{"@context":"https:\/\/schema.org","@graph":[{"@type":"WebPage","@id":"https:\/\/vikes.fi\/vikes","url":"https:\/\/vikes.fi\/vikes","name":"Vikes - Viestint\u00e4 ja kehitys -s\u00e4\u00e4ti\u00f6","isPartOf":{"@id":"https:\/\/vikes.fi\/#website"},"primaryImageOfPage":{"@id":"https:\/\/vikes.fi\/vikes#primaryimage"},"image":{"@id":"https:\/\/vikes.fi\/vikes#primaryimage"},"thumbnailUrl":"https:\/\/vikes.fi\/wp-content\/uploads\/2023\/01\/ryhmakuva-uganda.jpg","datePublished":"2022-10-25T09:36:05+00:00","dateModified":"2026-01-22T10:20:34+00:00","breadcrumb":{"@id":"https:\/\/vikes.fi\/vikes#breadcrumb"},"inLanguage":"en-US","potentialAction":[{"@type":"ReadAction","target":["https:\/\/vikes.fi\/vikes"]}]},{"@type":"ImageObject","inLanguage":"en-US","@id":"https:\/\/vikes.fi\/vikes#primaryimage","url":"https:\/\/vikes.fi\/wp-content\/uploads\/2023\/01\/ryhmakuva-uganda.jpg","contentUrl":"https:\/\/vikes.fi\/wp-content\/uploads\/2023\/01\/ryhmakuva-uganda.jpg","width":2406,"height":936,"caption":"Joukko ugandalaisia toimittajia koulutuksessa."},{"@type":"BreadcrumbList","@id":"https:\/\/vikes.fi\/vikes#breadcrumb","itemListElement":[{"@type":"ListItem","position":1,"name":"Home","item":"https:\/\/vikes.fi\/"},{"@type":"ListItem","position":2,"name":"Vikes"}]},{"@type":"WebSite","@id":"https:\/\/vikes.fi\/#website","url":"https:\/\/vikes.fi\/","name":"Viestint\u00e4 ja kehitys -s\u00e4\u00e4ti\u00f6","description":"Viestint\u00e4 ja kehitys -s\u00e4\u00e4ti\u00f6","publisher":{"@id":"https:\/\/vikes.fi\/#organization"},"potentialAction":[{"@type":"SearchAction","target":{"@type":"EntryPoint","urlTemplate":"https:\/\/vikes.fi\/?s={search_term_string}"},"query-input":{"@type":"PropertyValueSpecification","valueRequired":true,"valueName":"search_term_string"}}],"inLanguage":"en-US"},{"@type":"Organization","@id":"https:\/\/vikes.fi\/#organization","name":"Viestint\u00e4 ja kehitys -s\u00e4\u00e4ti\u00f6","url":"https:\/\/vikes.fi\/","logo":{"@type":"ImageObject","inLanguage":"en-US","@id":"https:\/\/vikes.fi\/#\/schema\/logo\/image\/","url":"https:\/\/vikes.fi\/wp-content\/uploads\/2018\/04\/Vikes_logo_1000.png","contentUrl":"https:\/\/vikes.fi\/wp-content\/uploads\/2018\/04\/Vikes_logo_1000.png","width":1000,"height":505,"caption":"Viestint\u00e4 ja kehitys -s\u00e4\u00e4ti\u00f6"},"image":{"@id":"https:\/\/vikes.fi\/#\/schema\/logo\/image\/"},"sameAs":["https:\/\/www.facebook.com\/Vikes.fi","https:\/\/x.com\/vikesverkko","https:\/\/www.instagram.com\/vikes.fi\/","https:\/\/www.youtube.com\/channel\/UCOS7sgxh-T1dzykfQ6-dDyg?sub_confirmation=1"]}]}},"_links":{"self":[{"href":"https:\/\/vikes.fi\/en\/wp-json\/wp\/v2\/pages\/14310","targetHints":{"allow":["GET"]}}],"collection":[{"href":"https:\/\/vikes.fi\/en\/wp-json\/wp\/v2\/pages"}],"about":[{"href":"https:\/\/vikes.fi\/en\/wp-json\/wp\/v2\/types\/page"}],"author":[{"embeddable":true,"href":"https:\/\/vikes.fi\/en\/wp-json\/wp\/v2\/users\/21"}],"replies":[{"embeddable":true,"href":"https:\/\/vikes.fi\/en\/wp-json\/wp\/v2\/comments?post=14310"}],"version-history":[{"count":3,"href":"https:\/\/vikes.fi\/en\/wp-json\/wp\/v2\/pages\/14310\/revisions"}],"predecessor-version":[{"id":21165,"href":"https:\/\/vikes.fi\/en\/wp-json\/wp\/v2\/pages\/14310\/revisions\/21165"}],"wp:featuredmedia":[{"embeddable":true,"href":"https:\/\/vikes.fi\/en\/wp-json\/wp\/v2\/media\/14442"}],"wp:attachment":[{"href":"https:\/\/vikes.fi\/en\/wp-json\/wp\/v2\/media?parent=14310"}],"curies":[{"name":"wp","href":"https:\/\/api.w.org\/{rel}","templated":true}]}}