{"id":14299,"date":"2022-10-25T12:24:55","date_gmt":"2022-10-25T09:24:55","guid":{"rendered":"https:\/\/vikes-fi.staging.hel8.wp-cloud.dev\/news"},"modified":"2023-03-01T11:25:37","modified_gmt":"2023-03-01T09:25:37","slug":"news","status":"publish","type":"page","link":"https:\/\/vikes.fi\/en\/news","title":{"rendered":"News"},"content":{"rendered":"<p>[et_pb_section fb_built=&#8221;1&#8243; _builder_version=&#8221;4.19.0&#8243; _module_preset=&#8221;default&#8221; custom_padding=&#8221;||8px||false|false&#8221; global_colors_info=&#8221;{}&#8221;][et_pb_row _builder_version=&#8221;4.19.0&#8243; _module_preset=&#8221;default&#8221; custom_margin=&#8221;50px||0px||false|false&#8221; custom_padding=&#8221;||||false|false&#8221; border_color_all=&#8221;gcid-549a5b0f-b9a8-4234-8fb3-9f52112464a2&#8243; border_width_top=&#8221;1px&#8221; border_color_top=&#8221;gcid-78c82a69-71d2-4231-b1ba-9743c706cfd5&#8243; border_width_right=&#8221;1px&#8221; border_color_right=&#8221;gcid-78c82a69-71d2-4231-b1ba-9743c706cfd5&#8243; border_width_left=&#8221;1px&#8221; border_color_left=&#8221;gcid-78c82a69-71d2-4231-b1ba-9743c706cfd5&#8243; saved_tabs=&#8221;all&#8221; global_colors_info=&#8221;{%22gcid-78c82a69-71d2-4231-b1ba-9743c706cfd5%22:%91%22border_color_top%22,%22border_color_left%22,%22border_color_right%22%93,%22gcid-549a5b0f-b9a8-4234-8fb3-9f52112464a2%22:%91%22border_color_all%22%93}&#8221;][et_pb_column type=&#8221;4_4&#8243; _builder_version=&#8221;4.18.0&#8243; _module_preset=&#8221;default&#8221; global_colors_info=&#8221;{}&#8221;][et_pb_blog posts_number=&#8221;1&#8243; use_manual_excerpt=&#8221;off&#8221; show_author=&#8221;off&#8221; _builder_version=&#8221;4.19.4&#8243; _module_preset=&#8221;b7236cfa-45a5-4709-afde-f6be0f3bc51f&#8221; header_level=&#8221;h1&#8243; header_font_size=&#8221;46px&#8221; custom_margin_tablet=&#8221;&#8221; custom_margin_phone=&#8221;32px||32px|0px|true|false&#8221; custom_margin_last_edited=&#8221;on|tablet&#8221; global_colors_info=&#8221;{}&#8221;][\/et_pb_blog][\/et_pb_column][\/et_pb_row][et_pb_row use_custom_gutter=&#8221;on&#8221; gutter_width=&#8221;1&#8243; make_equal=&#8221;on&#8221; _builder_version=&#8221;4.19.0&#8243; _module_preset=&#8221;default&#8221; custom_margin=&#8221;0px||30px||false|false&#8221; custom_padding=&#8221;0px||0px||false|false&#8221; global_colors_info=&#8221;{}&#8221;][et_pb_column type=&#8221;4_4&#8243; _builder_version=&#8221;4.19.0&#8243; _module_preset=&#8221;default&#8221; background_color=&#8221;gcid-b92f4afe-4c70-42c5-b791-ee35f5c471ba&#8221; custom_padding=&#8221;0px|0px|0px|0px|true|true&#8221; global_colors_info=&#8221;{%22gcid-b92f4afe-4c70-42c5-b791-ee35f5c471ba%22:%91%22background_color%22%93}&#8221;][et_pb_blog_extras posts_number=&#8221;1&#8243; blog_layout=&#8221;full_width&#8221; use_read_more_button=&#8221;on&#8221; read_more_text=&#8221;Read more&#8221; show_author=&#8221;off&#8221; show_date=&#8221;off&#8221; show_categories=&#8221;off&#8221; show_comments=&#8221;off&#8221; module_id=&#8221;vikes-featured-article&#8221; _builder_version=&#8221;4.19.4&#8243; _module_preset=&#8221;default&#8221; body_font_size=&#8221;18px&#8221; background_color=&#8221;gcid-549a5b0f-b9a8-4234-8fb3-9f52112464a2&#8243; custom_read_more=&#8221;on&#8221; read_more_text_size=&#8221;14px&#8221; read_more_text_color=&#8221;#FFFFFF&#8221; read_more_bg_color=&#8221;gcid-160f56b5-181b-4d1a-8bb1-5437efe9a365&#8243; read_more_border_width=&#8221;0px&#8221; read_more_border_radius=&#8221;0px&#8221; custom_margin=&#8221;0px|0px|0px|0px|false|false&#8221; custom_padding=&#8221;0px|0px|0px|0px|false|false&#8221; custom_css_title=&#8221;display: none;&#8221; global_colors_info=&#8221;{%22gcid-549a5b0f-b9a8-4234-8fb3-9f52112464a2%22:%91%22background_color%22%93,%22gcid-160f56b5-181b-4d1a-8bb1-5437efe9a365%22:%91%22read_more_bg_color%22%93}&#8221;][\/et_pb_blog_extras][\/et_pb_column][\/et_pb_row][et_pb_row _builder_version=&#8221;4.19.0&#8243; _module_preset=&#8221;default&#8221; global_colors_info=&#8221;{}&#8221;][et_pb_column type=&#8221;4_4&#8243; _builder_version=&#8221;4.19.0&#8243; _module_preset=&#8221;default&#8221; global_colors_info=&#8221;{}&#8221;][et_pb_blog_extras posts_number=&#8221;5&#8243; offset_number=&#8221;1&#8243; include_categories=&#8221;26,29,27,43,66,30,25,44,70,59,45,92,90,28,21,73,1,19,46&#8243; use_read_more_button=&#8221;on&#8221; read_more_text=&#8221;Read more&#8221; show_author=&#8221;off&#8221; show_comments=&#8221;off&#8221; show_load_more=&#8221;on&#8221; load_more_text=&#8221;Show more&#8221; show_less_text=&#8221;Show less&#8221; loader_color=&#8221;#0C71C3&#8243; _builder_version=&#8221;4.19.4&#8243; _module_preset=&#8221;default&#8221; body_line_height=&#8221;1.4em&#8221; custom_ajax_pagination=&#8221;on&#8221; ajax_pagination_text_size=&#8221;18px&#8221; ajax_pagination_text_color=&#8221;#FFFFFF&#8221; ajax_pagination_bg_color=&#8221;gcid-160f56b5-181b-4d1a-8bb1-5437efe9a365&#8243; ajax_pagination_border_width=&#8221;0px&#8221; ajax_pagination_border_radius=&#8221;0px&#8221; custom_read_more=&#8221;on&#8221; read_more_text_size=&#8221;14px&#8221; read_more_text_color=&#8221;#FFFFFF&#8221; read_more_bg_color=&#8221;gcid-160f56b5-181b-4d1a-8bb1-5437efe9a365&#8243; read_more_border_width=&#8221;0px&#8221; read_more_border_radius=&#8221;0px&#8221; hover_enabled=&#8221;0&#8243; global_colors_info=&#8221;{%22gcid-160f56b5-181b-4d1a-8bb1-5437efe9a365%22:%91%22read_more_bg_color%22,%22ajax_pagination_bg_color%22%93}&#8221; sticky_enabled=&#8221;0&#8243;][\/et_pb_blog_extras][\/et_pb_column][\/et_pb_row][\/et_pb_section]<\/p>\n","protected":false},"excerpt":{"rendered":"","protected":false},"author":21,"featured_media":15739,"parent":0,"menu_order":0,"comment_status":"closed","ping_status":"closed","template":"","meta":{"_acf_changed":false,"_et_pb_use_builder":"on","_et_pb_old_content":"","_et_gb_content_width":"","_price":"","_stock":"","_tribe_ticket_header":"","_tribe_default_ticket_provider":"","_tribe_ticket_capacity":"0","_ticket_start_date":"","_ticket_end_date":"","_tribe_ticket_show_description":"","_tribe_ticket_show_not_going":false,"_tribe_ticket_use_global_stock":"","_tribe_ticket_global_stock_level":"","_global_stock_mode":"","_global_stock_cap":"","_tribe_rsvp_for_event":"","_tribe_ticket_going_count":"","_tribe_ticket_not_going_count":"","_tribe_tickets_list":"[]","_tribe_ticket_has_attendee_info_fields":false,"footnotes":""},"class_list":["post-14299","page","type-page","status-publish","has-post-thumbnail","hentry"],"acf":[],"yoast_head":"<!-- This site is optimized with the Yoast SEO plugin v27.3 - https:\/\/yoast.com\/product\/yoast-seo-wordpress\/ -->\n<title>News - Viestint\u00e4 ja kehitys -s\u00e4\u00e4ti\u00f6<\/title>\n<meta name=\"robots\" content=\"index, follow, max-snippet:-1, max-image-preview:large, max-video-preview:-1\" \/>\n<link rel=\"canonical\" href=\"https:\/\/vikes.fi\/uutiset\" \/>\n<meta property=\"og:locale\" content=\"en_US\" \/>\n<meta property=\"og:type\" content=\"article\" \/>\n<meta property=\"og:title\" content=\"News - Viestint\u00e4 ja kehitys -s\u00e4\u00e4ti\u00f6\" \/>\n<meta property=\"og:url\" content=\"https:\/\/vikes.fi\/uutiset\" \/>\n<meta property=\"og:site_name\" content=\"Viestint\u00e4 ja kehitys -s\u00e4\u00e4ti\u00f6\" \/>\n<meta property=\"article:publisher\" content=\"https:\/\/www.facebook.com\/Vikes.fi\" \/>\n<meta property=\"article:modified_time\" content=\"2023-03-01T09:25:37+00:00\" \/>\n<meta property=\"og:image\" content=\"https:\/\/vikes.fi\/wp-content\/uploads\/2022\/11\/Vikes-tytto-lukee-sanomalehtea.jpg\" \/>\n\t<meta property=\"og:image:width\" content=\"2200\" \/>\n\t<meta property=\"og:image:height\" content=\"954\" \/>\n\t<meta property=\"og:image:type\" content=\"image\/jpeg\" \/>\n<meta name=\"twitter:card\" content=\"summary_large_image\" \/>\n<meta name=\"twitter:site\" content=\"@vikesverkko\" \/>\n<meta name=\"twitter:label1\" content=\"Est. reading time\" \/>\n\t<meta name=\"twitter:data1\" content=\"3 minutes\" \/>\n<script type=\"application\/ld+json\" class=\"yoast-schema-graph\">{\"@context\":\"https:\\\/\\\/schema.org\",\"@graph\":[{\"@type\":\"WebPage\",\"@id\":\"https:\\\/\\\/vikes.fi\\\/uutiset\",\"url\":\"https:\\\/\\\/vikes.fi\\\/uutiset\",\"name\":\"News - Viestint\u00e4 ja kehitys -s\u00e4\u00e4ti\u00f6\",\"isPartOf\":{\"@id\":\"https:\\\/\\\/vikes.fi\\\/#website\"},\"primaryImageOfPage\":{\"@id\":\"https:\\\/\\\/vikes.fi\\\/uutiset#primaryimage\"},\"image\":{\"@id\":\"https:\\\/\\\/vikes.fi\\\/uutiset#primaryimage\"},\"thumbnailUrl\":\"https:\\\/\\\/vikes.fi\\\/wp-content\\\/uploads\\\/2023\\\/04\\\/Nepal_katu_matala-scaled.jpg\",\"datePublished\":\"2022-10-25T09:24:55+00:00\",\"dateModified\":\"2023-03-01T09:25:37+00:00\",\"breadcrumb\":{\"@id\":\"https:\\\/\\\/vikes.fi\\\/uutiset#breadcrumb\"},\"inLanguage\":\"en-US\",\"potentialAction\":[{\"@type\":\"ReadAction\",\"target\":[\"https:\\\/\\\/vikes.fi\\\/uutiset\"]}]},{\"@type\":\"ImageObject\",\"inLanguage\":\"en-US\",\"@id\":\"https:\\\/\\\/vikes.fi\\\/uutiset#primaryimage\",\"url\":\"https:\\\/\\\/vikes.fi\\\/wp-content\\\/uploads\\\/2023\\\/04\\\/Nepal_katu_matala-scaled.jpg\",\"contentUrl\":\"https:\\\/\\\/vikes.fi\\\/wp-content\\\/uploads\\\/2023\\\/04\\\/Nepal_katu_matala-scaled.jpg\",\"width\":2560,\"height\":1101,\"caption\":\"Nainen lukee lehte\u00e4 Kathmandussa kadulla.\"},{\"@type\":\"BreadcrumbList\",\"@id\":\"https:\\\/\\\/vikes.fi\\\/uutiset#breadcrumb\",\"itemListElement\":[{\"@type\":\"ListItem\",\"position\":1,\"name\":\"Home\",\"item\":\"https:\\\/\\\/vikes.fi\\\/\"},{\"@type\":\"ListItem\",\"position\":2,\"name\":\"News\"}]},{\"@type\":\"WebSite\",\"@id\":\"https:\\\/\\\/vikes.fi\\\/#website\",\"url\":\"https:\\\/\\\/vikes.fi\\\/\",\"name\":\"Viestint\u00e4 ja kehitys -s\u00e4\u00e4ti\u00f6\",\"description\":\"Viestint\u00e4 ja kehitys -s\u00e4\u00e4ti\u00f6\",\"publisher\":{\"@id\":\"https:\\\/\\\/vikes.fi\\\/#organization\"},\"potentialAction\":[{\"@type\":\"SearchAction\",\"target\":{\"@type\":\"EntryPoint\",\"urlTemplate\":\"https:\\\/\\\/vikes.fi\\\/?s={search_term_string}\"},\"query-input\":{\"@type\":\"PropertyValueSpecification\",\"valueRequired\":true,\"valueName\":\"search_term_string\"}}],\"inLanguage\":\"en-US\"},{\"@type\":\"Organization\",\"@id\":\"https:\\\/\\\/vikes.fi\\\/#organization\",\"name\":\"Viestint\u00e4 ja kehitys -s\u00e4\u00e4ti\u00f6\",\"url\":\"https:\\\/\\\/vikes.fi\\\/\",\"logo\":{\"@type\":\"ImageObject\",\"inLanguage\":\"en-US\",\"@id\":\"https:\\\/\\\/vikes.fi\\\/#\\\/schema\\\/logo\\\/image\\\/\",\"url\":\"https:\\\/\\\/vikes.fi\\\/wp-content\\\/uploads\\\/2018\\\/04\\\/Vikes_logo_1000.png\",\"contentUrl\":\"https:\\\/\\\/vikes.fi\\\/wp-content\\\/uploads\\\/2018\\\/04\\\/Vikes_logo_1000.png\",\"width\":1000,\"height\":505,\"caption\":\"Viestint\u00e4 ja kehitys -s\u00e4\u00e4ti\u00f6\"},\"image\":{\"@id\":\"https:\\\/\\\/vikes.fi\\\/#\\\/schema\\\/logo\\\/image\\\/\"},\"sameAs\":[\"https:\\\/\\\/www.facebook.com\\\/Vikes.fi\",\"https:\\\/\\\/x.com\\\/vikesverkko\",\"https:\\\/\\\/www.instagram.com\\\/vikes.fi\\\/\",\"https:\\\/\\\/www.youtube.com\\\/channel\\\/UCOS7sgxh-T1dzykfQ6-dDyg?sub_confirmation=1\"]}]}<\/script>\n<!-- \/ Yoast SEO plugin. -->","yoast_head_json":{"title":"News - Viestint\u00e4 ja kehitys -s\u00e4\u00e4ti\u00f6","robots":{"index":"index","follow":"follow","max-snippet":"max-snippet:-1","max-image-preview":"max-image-preview:large","max-video-preview":"max-video-preview:-1"},"canonical":"https:\/\/vikes.fi\/uutiset","og_locale":"en_US","og_type":"article","og_title":"News - Viestint\u00e4 ja kehitys -s\u00e4\u00e4ti\u00f6","og_url":"https:\/\/vikes.fi\/uutiset","og_site_name":"Viestint\u00e4 ja kehitys -s\u00e4\u00e4ti\u00f6","article_publisher":"https:\/\/www.facebook.com\/Vikes.fi","article_modified_time":"2023-03-01T09:25:37+00:00","og_image":[{"width":2200,"height":954,"url":"https:\/\/vikes.fi\/wp-content\/uploads\/2022\/11\/Vikes-tytto-lukee-sanomalehtea.jpg","type":"image\/jpeg"}],"twitter_card":"summary_large_image","twitter_site":"@vikesverkko","twitter_misc":{"Est. reading time":"3 minutes"},"schema":{"@context":"https:\/\/schema.org","@graph":[{"@type":"WebPage","@id":"https:\/\/vikes.fi\/uutiset","url":"https:\/\/vikes.fi\/uutiset","name":"News - Viestint\u00e4 ja kehitys -s\u00e4\u00e4ti\u00f6","isPartOf":{"@id":"https:\/\/vikes.fi\/#website"},"primaryImageOfPage":{"@id":"https:\/\/vikes.fi\/uutiset#primaryimage"},"image":{"@id":"https:\/\/vikes.fi\/uutiset#primaryimage"},"thumbnailUrl":"https:\/\/vikes.fi\/wp-content\/uploads\/2023\/04\/Nepal_katu_matala-scaled.jpg","datePublished":"2022-10-25T09:24:55+00:00","dateModified":"2023-03-01T09:25:37+00:00","breadcrumb":{"@id":"https:\/\/vikes.fi\/uutiset#breadcrumb"},"inLanguage":"en-US","potentialAction":[{"@type":"ReadAction","target":["https:\/\/vikes.fi\/uutiset"]}]},{"@type":"ImageObject","inLanguage":"en-US","@id":"https:\/\/vikes.fi\/uutiset#primaryimage","url":"https:\/\/vikes.fi\/wp-content\/uploads\/2023\/04\/Nepal_katu_matala-scaled.jpg","contentUrl":"https:\/\/vikes.fi\/wp-content\/uploads\/2023\/04\/Nepal_katu_matala-scaled.jpg","width":2560,"height":1101,"caption":"Nainen lukee lehte\u00e4 Kathmandussa kadulla."},{"@type":"BreadcrumbList","@id":"https:\/\/vikes.fi\/uutiset#breadcrumb","itemListElement":[{"@type":"ListItem","position":1,"name":"Home","item":"https:\/\/vikes.fi\/"},{"@type":"ListItem","position":2,"name":"News"}]},{"@type":"WebSite","@id":"https:\/\/vikes.fi\/#website","url":"https:\/\/vikes.fi\/","name":"Viestint\u00e4 ja kehitys -s\u00e4\u00e4ti\u00f6","description":"Viestint\u00e4 ja kehitys -s\u00e4\u00e4ti\u00f6","publisher":{"@id":"https:\/\/vikes.fi\/#organization"},"potentialAction":[{"@type":"SearchAction","target":{"@type":"EntryPoint","urlTemplate":"https:\/\/vikes.fi\/?s={search_term_string}"},"query-input":{"@type":"PropertyValueSpecification","valueRequired":true,"valueName":"search_term_string"}}],"inLanguage":"en-US"},{"@type":"Organization","@id":"https:\/\/vikes.fi\/#organization","name":"Viestint\u00e4 ja kehitys -s\u00e4\u00e4ti\u00f6","url":"https:\/\/vikes.fi\/","logo":{"@type":"ImageObject","inLanguage":"en-US","@id":"https:\/\/vikes.fi\/#\/schema\/logo\/image\/","url":"https:\/\/vikes.fi\/wp-content\/uploads\/2018\/04\/Vikes_logo_1000.png","contentUrl":"https:\/\/vikes.fi\/wp-content\/uploads\/2018\/04\/Vikes_logo_1000.png","width":1000,"height":505,"caption":"Viestint\u00e4 ja kehitys -s\u00e4\u00e4ti\u00f6"},"image":{"@id":"https:\/\/vikes.fi\/#\/schema\/logo\/image\/"},"sameAs":["https:\/\/www.facebook.com\/Vikes.fi","https:\/\/x.com\/vikesverkko","https:\/\/www.instagram.com\/vikes.fi\/","https:\/\/www.youtube.com\/channel\/UCOS7sgxh-T1dzykfQ6-dDyg?sub_confirmation=1"]}]}},"_links":{"self":[{"href":"https:\/\/vikes.fi\/en\/wp-json\/wp\/v2\/pages\/14299","targetHints":{"allow":["GET"]}}],"collection":[{"href":"https:\/\/vikes.fi\/en\/wp-json\/wp\/v2\/pages"}],"about":[{"href":"https:\/\/vikes.fi\/en\/wp-json\/wp\/v2\/types\/page"}],"author":[{"embeddable":true,"href":"https:\/\/vikes.fi\/en\/wp-json\/wp\/v2\/users\/21"}],"replies":[{"embeddable":true,"href":"https:\/\/vikes.fi\/en\/wp-json\/wp\/v2\/comments?post=14299"}],"version-history":[{"count":0,"href":"https:\/\/vikes.fi\/en\/wp-json\/wp\/v2\/pages\/14299\/revisions"}],"wp:featuredmedia":[{"embeddable":true,"href":"https:\/\/vikes.fi\/en\/wp-json\/wp\/v2\/media\/15739"}],"wp:attachment":[{"href":"https:\/\/vikes.fi\/en\/wp-json\/wp\/v2\/media?parent=14299"}],"curies":[{"name":"wp","href":"https:\/\/api.w.org\/{rel}","templated":true}]}}