{"id":14038,"date":"2018-05-14T13:02:08","date_gmt":"2018-05-14T10:02:08","guid":{"rendered":"https:\/\/vikes-fi.staging.hel8.wp-cloud.dev\/donate"},"modified":"2022-12-30T15:46:40","modified_gmt":"2022-12-30T13:46:40","slug":"donate","status":"publish","type":"page","link":"https:\/\/vikes.fi\/en\/donate","title":{"rendered":"Donate"},"content":{"rendered":"<p>[et_pb_section fb_built=&#8221;1&#8243; admin_label=&#8221;section&#8221; _builder_version=&#8221;4.16&#8243; global_colors_info=&#8221;{}&#8221;][et_pb_row admin_label=&#8221;row&#8221; _builder_version=&#8221;4.16&#8243; background_size=&#8221;initial&#8221; background_position=&#8221;top_left&#8221; background_repeat=&#8221;repeat&#8221; global_colors_info=&#8221;{}&#8221;][et_pb_column type=&#8221;4_4&#8243; _builder_version=&#8221;4.16&#8243; custom_padding=&#8221;|||&#8221; global_colors_info=&#8221;{}&#8221; custom_padding__hover=&#8221;|||&#8221;][et_pb_text admin_label=&#8221;Text&#8221; _builder_version=&#8221;4.19.0&#8243; background_size=&#8221;initial&#8221; background_position=&#8221;top_left&#8221; background_repeat=&#8221;repeat&#8221; hover_enabled=&#8221;0&#8243; global_colors_info=&#8221;{}&#8221; sticky_enabled=&#8221;0&#8243;]<\/p>\n<h1>Donate<\/h1>\n<p>What will you invest in for the New Year? A film you couldn&#8217;t even finish watching? New jeans you don&#8217;t really need? A cruise you didn&#8217;t have time to go on after all? Or a too expensive dinner that could have been skipped? Or would you join us in supporting freedom of expression and journalism where it is needed most?<\/p>\n<form id=\"vikes-donation-form\" action=\"\/wp-admin\/admin-ajax.php?action=donation_submit\" method=\"POST\">\n  <div id=\"vikes-choices\">\n    <div id=\"vikes-amount-container\">\n      <h4>1. Valitse lahjoitussumma ja liity kuukausilahjoittajaksi<\/h4>\n      <div id=\"vikes-amounts\">\n        <div\n          class=\"vikes-amount\"\n          v-for=\"(amountLabel, amountKey) in amounts\"\n          v-bind:class=\"{ active: (selectedAmount == amountKey) }\"\n          v-on:click=\"selectAmount(amountKey)\"\n        >\n          {{ amountLabel }}\n        <\/div>\n        <div v-if=\"selectedAmount == 'free'\" id=\"vikes-free-amount-input-container\">\n          <input type=\"text\" value=\"\" name=\"vikes[free_amount]\" id=\"vikes-free-amount-input\" \/>\n          <span class=\"euro\">&euro;<\/span>\n        <\/div>\n      <\/div>\n      <div id=\"vikes-no-recurring-container\">\n        <input type=\"checkbox\" value=\"1\" name=\"vikes[no_recurring]\" id=\"vikes-no-recurring\" v-model=\"no_recurring\" \/>\n        <label for=\"vikes-no-recurring\">T\u00e4ll\u00e4 kertaa teen kertalahjoituksen<\/label>\n      <\/div>\n      <div id=\"vikes-newsletter-container\">\n        <input type=\"checkbox\" value=\"1\" name=\"vikes[newsletter]\" id=\"vikes-newsletter\" v-model=\"newsletter\" \/>\n        <label for=\"vikes-newsletter\">Kyll\u00e4, liityn my\u00f6s uutiskirjeen tilaajaksi. Saan 4-5 s\u00e4hk\u00f6postia vuodessa hankkeiden edistymisest\u00e4 ja Vikesin toiminnasta. Viestit sis\u00e4lt\u00e4v\u00e4t markkinointia Vikesin lahjoituskohteista. <a href=\"\/tietosuojaseloste\" target=\"_blank\">Tutustu tietosuojaselosteeseemme.<\/a><\/label>\n      <\/div>\n    <\/div>\n\n    <div id=\"vikes-target-container\">\n      <h4>2. Valitse lahjoituskohde<\/h4>\n      <div id=\"vikes-targets\">\n        <div\n          class=\"vikes-target\"\n          v-for=\"target in targets\"\n          v-on:click=\"selectTarget(target.id)\"\n          v-bind:class=\"{ active: (target.id == selectedTarget)}\"\n        >\n          <div class=\"vikes-target-title\">\n            {{ target.title }}\n          <\/div>\n          <div class=\"vikes-target-body\" v-if=\"target.id == selectedTarget\" v-html=\"target.body\">\n          <\/div>\n        <\/div>\n      <\/div>\n    <\/div>\n  <\/div>\n  <div id=\"vikes-action-container\">\n    <button\n      type=\"submit\"\n      value=\"Lahjoita\"\n      class=\"et_pb_button\"\n      data-color-override=\"false\"\n      data-hover-color-override=\"false\"\n      data-hover-text-color-override=\"#fff\"\n    >\n      <span>Lahjoita<\/span><i class=\"icon-button-arrow\"><\/i>\n    <\/button>\n\n    <input type=\"hidden\" name=\"vikes[amount]\" v-bind:value=\"selectedAmount\" \/>\n    <input type=\"hidden\" name=\"vikes[target]\" v-bind:value=\"selectedTarget\" \/>\n  <\/div>\n<\/form>\n\n<script type=\"text\/javascript\">\n    var vikesForm = new Vue({\n    el: '#vikes-donation-form',\n    data: {\n      amounts: {\n\t'5': '5 \u20ac',\n        '10': '10 \u20ac',\n        '20': '20 \u20ac',\n        '50': '50 \u20ac',\n        '100': '100 \u20ac',\n        '500': '500 \u20ac',\n        'free': 'Vapaavalintainen summa'\n      },\n      targets: [{\"id\":10175,\"title\":\"Aineeton lahja tai kuukausilahjoitus nepalilaiselle naistoimittajalle\",\"body\":\"<p>Nepalissa naistoimittajien asema on heikko. Vikesin ja paikallisten kumppanien hankkeessa vahvistetaan mediatalojen naistoimittajien asemaa ja vahvistetaan naistoimittajien itseluottamusta mentoroinnin ja koulutuksen avulla. Mediatalojen tasa-arvoistuminen lis\\u00e4\\u00e4 representaatiota ja n\\u00e4kyy my\\u00f6s tuotetun journalistisen sis\\u00e4ll\\u00f6n monipuolistumisena.<\\\/p>\\n<p>Anna merkityksellinen lahja nepalilaisen naistoimittajan kouluttamiseen, jotta h\\u00e4n saa itseluottamusta vaatia tasa-arvon toteutumista ty\\u00f6paikallaan.<\\\/p>\\n<p>Lue lis\\u00e4\\u00e4 <a href=\\\"https:\\\/\\\/vikes.fi\\\/tuemme-naistoimittajia-nepalissa-ja-tansaniassa\\\" target=\\\"_blank\\\" rel=\\\"noopener\\\">ty\\u00f6st\\u00e4mme median tasa-arvon eteen Nepalissa ja Tansaniassa (avautuu uudelle v\\u00e4lilehdelle)<\\\/a><\\\/p>\\n\"},{\"id\":16283,\"title\":\"Aineeton lahja tai kuukausilahjoitus rauhanjournalismille\",\"body\":\"<p>Rauhanjournalismin avulla media voi edist\\u00e4\\u00e4 Somalian j\\u00e4lleenrakennusta. Vuosikymmeni\\u00e4 konfliktista k\\u00e4rsineen Somalian sosiaalista j\\u00e4lleenrakentamista jarruttaa eniten valeuutiset ja vihapuhe. Rauhanjournalismin avulla voidaan avata ja purkaa konfliktin synnytt\\u00e4neit\\u00e4 juurisyit\\u00e4. Median kautta rauhansanoma levi\\u00e4\\u00e4 laajalle.<\\\/p>\\n<p>Anna somalialaiselle toimittajalle koulutus rauhanjournalismiin.<\\\/p>\\n<p>Lue lis\\u00e4\\u00e4 <a href=\\\"https:\\\/\\\/vikes.fi\\\/uutiset\\\/rauhanjournalismin-avulla-media-voi-edistaa-somalian-jalleenrakennusta\\\" target=\\\"_blank\\\" rel=\\\"noopener\\\">ty\\u00f6st\\u00e4mme rauhanjournalismin edist\\u00e4miseksi Somaliassa (avautuu uudelle v\\u00e4lilehdelle)<\\\/a><\\\/p>\\n\"},{\"id\":16284,\"title\":\"Aineeton lahja tai kuukausilahjoitus somalialaiselle ammattiyhdistysaktiiville\",\"body\":\"<p>Vikes on toimittajien solidaarisuuss\\u00e4\\u00e4ti\\u00f6. Perustajaj\\u00e4rjest\\u00f6t ovat suurelta osin journalistien ammattiyhdistyksi\\u00e4. Tukemalla Somalian Journalistiliiton toimintaa tuet ammattiliikkeen kehittymist\\u00e4 Somaliassa.<\\\/p>\\n<p>Anna somalialaiselle toimittajalle koulutus ammattiyhdistystoimintaan.<\\\/p>\\n<p>Lue lis\\u00e4\\u00e4 <a href=\\\"https:\\\/\\\/vikes.fi\\\/koulutamme-seka-tuemme-sananvapautta-ja-mediaa-somaliassa\\\" target=\\\"_blank\\\" rel=\\\"noopener\\\">ty\\u00f6st\\u00e4mme Somalian journalistiliiton kanssa (avautuu uudelle v\\u00e4lilehdelle)<\\\/a><\\\/p>\\n\"},{\"id\":10176,\"title\":\"Aineeton lahja tai kuukausilahjoitus maanpaossa el\\u00e4v\\u00e4lle nicaragualaiselle journalistille\",\"body\":\"<p>Vikes on pitk\\u00e4\\u00e4n tukenut itsen\\u00e4isi\\u00e4 journalisteja Nicaraguassa. T\\u00e4ll\\u00e4 hetkell\\u00e4 valtaosa Nicaraguan itsen\\u00e4isist\\u00e4 journalisteista el\\u00e4\\u00e4 maanpaossa Costa Ricassa ja muissa naapurimaissa.<\\\/p>\\n<p>Anna merkityksellinen lahja maanpaossa el\\u00e4v\\u00e4lle nicaragualaiselle journalistille, jotta h\\u00e4n voi jatkaa ty\\u00f6t\\u00e4\\u00e4n riippumattoman tiedon tuottamiseksi autoritarismin alla el\\u00e4ville kansalaisille.<\\\/p>\\n<p>Lue lis\\u00e4\\u00e4 <a href=\\\"https:\\\/\\\/vikes.fi\\\/tuemme-riippumatonta-mediaa-keski-amerikassa\\\" target=\\\"_blank\\\" rel=\\\"noopener\\\">ty\\u00f6st\\u00e4mme riippumattoman median tukemiseksi Keski-Amerikassa (avautuu uudelle v\\u00e4lilehdelle)<\\\/a><\\\/p>\\n\"},{\"id\":10177,\"title\":\"Aineeton lahja tai kuukausilahjoitus tansanialaiselle maaseuturadion toimittajalle\",\"body\":\"<p>Tansaniassa valtaosa v\\u00e4est\\u00f6st\\u00e4 el\\u00e4\\u00e4 maaseudulla. Maaseudun asukkaiden \\u00e4\\u00e4ni ei silti juuri kuulu yhteiskunnassa. T\\u00e4rkein media on edelleen radio.<\\\/p>\\n<p>Anna merkityksellinen lahja yhteis\\u00f6radion toimittajalle, jotta h\\u00e4n oppii k\\u00e4ytt\\u00e4m\\u00e4\\u00e4n verkkoportaalia, joka avaa Tansanian maaseudun yhteis\\u00f6radion tuotannon kuunneltavaksi vaikkapa Kajaanissa.<\\\/p>\\n<p>Lue lis\\u00e4\\u00e4 <a href=\\\"https:\\\/\\\/vikes.fi\\\/tuemme-yhteisomediaa-tansaniassa-keniassa-ja-ugandassa\\\" target=\\\"_blank\\\" rel=\\\"noopener\\\">ty\\u00f6st\\u00e4mme It\\u00e4-Afrikan yhteis\\u00f6radiotoiminnan kehitt\\u00e4miseksi (avautuu uudelle v\\u00e4lilehdelle)<\\\/a><\\\/p>\\n\"},{\"id\":9060,\"title\":\"Aineeton lahja tai kuukausilahjoitus kest\\u00e4v\\u00e4lle journalismille\",\"body\":\"<p>Mit\\u00e4 on kest\\u00e4v\\u00e4 journalismi? Vikes ja Tampereen yliopisto toimivat globaaleina uranuurtajina kest\\u00e4v\\u00e4n journalismin opintokokonaisuuden luomisessa. Tampereen yliopiston toimittajaopiskelijat p\\u00e4\\u00e4sev\\u00e4t etunen\\u00e4ss\\u00e4 pohtimaan laaja-alaisesti kest\\u00e4v\\u00e4n kehityksen kytk\\u00f6ksi\\u00e4 journalismiin. Opintokokonaisuus on her\\u00e4tt\\u00e4nyt mielenkiintoa ulkomaita my\\u00f6ten.<\\\/p>\\n<p>Lue lis\\u00e4\\u00e4\\u00a0<a href=\\\"https:\\\/\\\/vikes.fi\\\/koulutamme-journalismin-opiskelijoita-kestavasta-kehityksesta-suomessa\\\" target=\\\"_blank\\\" rel=\\\"noopener\\\">kest\\u00e4v\\u00e4n journalismin juurruttamisesta Suomeen (avautuu uudelle v\\u00e4lilehdelle)<\\\/a><\\\/p>\\n<p>&nbsp;<\\\/p>\\n\"}],\n      selectedAmount: '20',\n      selectedTarget: 10175,\n      newsletter: false,\n      no_recurring: false\n    },\n    methods: {\n      selectAmount: function(amount) {\n        this.selectedAmount = amount;\n      },\n      selectTarget: function(targetId) {\n        this.selectedTarget = targetId;\n      }\n    }\n  });\n<\/script>\n\n<h2>What do you do with the money?<\/h2>\n<h4 class=\"article-workbox-title\">Training and support for women journalists<\/h4>\n<p>Women journalists are at a disadvantage compared to men. They experience sexual harassment, have lower levels of education, and negative attitudes hinder their access to jobs and career progression. By donating, you support the training of women journalists and promote gender equality in editorial work.<\/p>\n<p><a href=\"https:\/\/vikes.fi\/lahjoita\/koulutusta-ja-tukea-naistoimittajille\">Read more<\/a><\/p>\n<h4 class=\"article-workbox-title\">Courageous acts for freedom of expression<\/h4>\n<p>Freedom of expression is a human right and one of the cornerstones of democracy. Freedom of expression requires that people are informed and can express their views. By donating, you will support, for example, the strengthening of freedom of expression for immigrants in Finland and the work of independent media in Central America.<\/p>\n<p><a href=\"https:\/\/vikes.fi\/lahjoita\/rohkeita-tekoja-sananvapauden-puolesta\">Read more<\/a><\/p>\n<h4 class=\"article-workbox-title\">Investigative journalism and media training<\/h4>\n<p>Producing high-quality, independent and autonomous journalism requires skill and respect for ethical rules. By donating, you will enable investigative journalism and media professional training on four continents.<\/p>\n<p><a href=\"https:\/\/vikes.fi\/lahjoita\/tutkivaa-journalismia-ja-media-alan-koulutusta\">Read more<\/a><\/p>\n<h4><a href=\"\/yritys-tule-yhteistyokumppaniksi\">Company: become a partner &#8220;<\/a><\/h4>\n<h4><a href=\"\/tule-kummiksi\">Become a godfather &#8220;<\/a><\/h4>\n<h4><a href=\"\/mihin-rahat-menevat\">Where does the money go? &#8220;<\/a><\/h4>\n<p>[\/et_pb_text][\/et_pb_column][\/et_pb_row][\/et_pb_section]<\/p>\n","protected":false},"excerpt":{"rendered":"<p>Donate What will you invest in for the New Year? A film you couldn&#8217;t even finish watching? New jeans you don&#8217;t really need? A cruise you didn&#8217;t have time to [&hellip;]<\/p>\n","protected":false},"author":27,"featured_media":12524,"parent":0,"menu_order":34,"comment_status":"closed","ping_status":"closed","template":"","meta":{"_acf_changed":false,"_et_pb_use_builder":"on","_et_pb_old_content":"","_et_gb_content_width":"","_price":"","_stock":"","_tribe_ticket_header":"","_tribe_default_ticket_provider":"","_tribe_ticket_capacity":"0","_ticket_start_date":"","_ticket_end_date":"","_tribe_ticket_show_description":"","_tribe_ticket_show_not_going":false,"_tribe_ticket_use_global_stock":"","_tribe_ticket_global_stock_level":"","_global_stock_mode":"","_global_stock_cap":"","_tribe_rsvp_for_event":"","_tribe_ticket_going_count":"","_tribe_ticket_not_going_count":"","_tribe_tickets_list":"[]","_tribe_ticket_has_attendee_info_fields":false,"footnotes":""},"class_list":["post-14038","page","type-page","status-publish","has-post-thumbnail","hentry"],"acf":[],"yoast_head":"<!-- This site is optimized with the Yoast SEO plugin v27.3 - https:\/\/yoast.com\/product\/yoast-seo-wordpress\/ -->\n<title>Donate - Viestint\u00e4 ja kehitys -s\u00e4\u00e4ti\u00f6<\/title>\n<meta name=\"description\" content=\"By supporting the Foundation for Communication and Development, you are promoting freedom of expression and media pluralism in developing countries. Become a monthly or one-off donor!\" \/>\n<meta name=\"robots\" content=\"index, follow, max-snippet:-1, max-image-preview:large, max-video-preview:-1\" \/>\n<link rel=\"canonical\" href=\"https:\/\/vikes.fi\/en\/donate\" \/>\n<meta property=\"og:locale\" content=\"en_US\" \/>\n<meta property=\"og:type\" content=\"article\" \/>\n<meta property=\"og:title\" content=\"Donate - Viestint\u00e4 ja kehitys -s\u00e4\u00e4ti\u00f6\" \/>\n<meta property=\"og:description\" content=\"By supporting the Foundation for Communication and Development, you are promoting freedom of expression and media pluralism in developing countries. Become a monthly or one-off donor!\" \/>\n<meta property=\"og:url\" content=\"https:\/\/vikes.fi\/en\/donate\" \/>\n<meta property=\"og:site_name\" content=\"Viestint\u00e4 ja kehitys -s\u00e4\u00e4ti\u00f6\" \/>\n<meta property=\"article:publisher\" content=\"https:\/\/www.facebook.com\/Vikes.fi\" \/>\n<meta property=\"article:modified_time\" content=\"2022-12-30T13:46:40+00:00\" \/>\n<meta property=\"og:image\" content=\"https:\/\/vikes.fi\/wp-content\/uploads\/2022\/07\/Untitled-design-3.png\" \/>\n\t<meta property=\"og:image:width\" content=\"1024\" \/>\n\t<meta property=\"og:image:height\" content=\"683\" \/>\n\t<meta property=\"og:image:type\" content=\"image\/png\" \/>\n<meta name=\"twitter:card\" content=\"summary_large_image\" \/>\n<meta name=\"twitter:site\" content=\"@vikesverkko\" \/>\n<meta name=\"twitter:label1\" content=\"Est. reading time\" \/>\n\t<meta name=\"twitter:data1\" content=\"2 minutes\" \/>\n<script type=\"application\/ld+json\" class=\"yoast-schema-graph\">{\"@context\":\"https:\\\/\\\/schema.org\",\"@graph\":[{\"@type\":\"WebPage\",\"@id\":\"https:\\\/\\\/vikes.fi\\\/en\\\/donate\",\"url\":\"https:\\\/\\\/vikes.fi\\\/en\\\/donate\",\"name\":\"Donate - Viestint\u00e4 ja kehitys -s\u00e4\u00e4ti\u00f6\",\"isPartOf\":{\"@id\":\"https:\\\/\\\/vikes.fi\\\/#website\"},\"primaryImageOfPage\":{\"@id\":\"https:\\\/\\\/vikes.fi\\\/en\\\/donate#primaryimage\"},\"image\":{\"@id\":\"https:\\\/\\\/vikes.fi\\\/en\\\/donate#primaryimage\"},\"thumbnailUrl\":\"https:\\\/\\\/vikes.fi\\\/wp-content\\\/uploads\\\/2022\\\/07\\\/Untitled-design-3.png\",\"datePublished\":\"2018-05-14T10:02:08+00:00\",\"dateModified\":\"2022-12-30T13:46:40+00:00\",\"description\":\"By supporting the Foundation for Communication and Development, you are promoting freedom of expression and media pluralism in developing countries. Become a monthly or one-off donor!\",\"breadcrumb\":{\"@id\":\"https:\\\/\\\/vikes.fi\\\/en\\\/donate#breadcrumb\"},\"inLanguage\":\"en-US\",\"potentialAction\":[{\"@type\":\"ReadAction\",\"target\":[\"https:\\\/\\\/vikes.fi\\\/en\\\/donate\"]}]},{\"@type\":\"ImageObject\",\"inLanguage\":\"en-US\",\"@id\":\"https:\\\/\\\/vikes.fi\\\/en\\\/donate#primaryimage\",\"url\":\"https:\\\/\\\/vikes.fi\\\/wp-content\\\/uploads\\\/2022\\\/07\\\/Untitled-design-3.png\",\"contentUrl\":\"https:\\\/\\\/vikes.fi\\\/wp-content\\\/uploads\\\/2022\\\/07\\\/Untitled-design-3.png\",\"width\":1024,\"height\":683},{\"@type\":\"BreadcrumbList\",\"@id\":\"https:\\\/\\\/vikes.fi\\\/en\\\/donate#breadcrumb\",\"itemListElement\":[{\"@type\":\"ListItem\",\"position\":1,\"name\":\"Home\",\"item\":\"https:\\\/\\\/vikes.fi\\\/\"},{\"@type\":\"ListItem\",\"position\":2,\"name\":\"Donate\"}]},{\"@type\":\"WebSite\",\"@id\":\"https:\\\/\\\/vikes.fi\\\/#website\",\"url\":\"https:\\\/\\\/vikes.fi\\\/\",\"name\":\"Viestint\u00e4 ja kehitys -s\u00e4\u00e4ti\u00f6\",\"description\":\"Viestint\u00e4 ja kehitys -s\u00e4\u00e4ti\u00f6\",\"publisher\":{\"@id\":\"https:\\\/\\\/vikes.fi\\\/#organization\"},\"potentialAction\":[{\"@type\":\"SearchAction\",\"target\":{\"@type\":\"EntryPoint\",\"urlTemplate\":\"https:\\\/\\\/vikes.fi\\\/?s={search_term_string}\"},\"query-input\":{\"@type\":\"PropertyValueSpecification\",\"valueRequired\":true,\"valueName\":\"search_term_string\"}}],\"inLanguage\":\"en-US\"},{\"@type\":\"Organization\",\"@id\":\"https:\\\/\\\/vikes.fi\\\/#organization\",\"name\":\"Viestint\u00e4 ja kehitys -s\u00e4\u00e4ti\u00f6\",\"url\":\"https:\\\/\\\/vikes.fi\\\/\",\"logo\":{\"@type\":\"ImageObject\",\"inLanguage\":\"en-US\",\"@id\":\"https:\\\/\\\/vikes.fi\\\/#\\\/schema\\\/logo\\\/image\\\/\",\"url\":\"https:\\\/\\\/vikes.fi\\\/wp-content\\\/uploads\\\/2018\\\/04\\\/Vikes_logo_1000.png\",\"contentUrl\":\"https:\\\/\\\/vikes.fi\\\/wp-content\\\/uploads\\\/2018\\\/04\\\/Vikes_logo_1000.png\",\"width\":1000,\"height\":505,\"caption\":\"Viestint\u00e4 ja kehitys -s\u00e4\u00e4ti\u00f6\"},\"image\":{\"@id\":\"https:\\\/\\\/vikes.fi\\\/#\\\/schema\\\/logo\\\/image\\\/\"},\"sameAs\":[\"https:\\\/\\\/www.facebook.com\\\/Vikes.fi\",\"https:\\\/\\\/x.com\\\/vikesverkko\",\"https:\\\/\\\/www.instagram.com\\\/vikes.fi\\\/\",\"https:\\\/\\\/www.youtube.com\\\/channel\\\/UCOS7sgxh-T1dzykfQ6-dDyg?sub_confirmation=1\"]}]}<\/script>\n<!-- \/ Yoast SEO plugin. -->","yoast_head_json":{"title":"Donate - Viestint\u00e4 ja kehitys -s\u00e4\u00e4ti\u00f6","description":"By supporting the Foundation for Communication and Development, you are promoting freedom of expression and media pluralism in developing countries. Become a monthly or one-off donor!","robots":{"index":"index","follow":"follow","max-snippet":"max-snippet:-1","max-image-preview":"max-image-preview:large","max-video-preview":"max-video-preview:-1"},"canonical":"https:\/\/vikes.fi\/en\/donate","og_locale":"en_US","og_type":"article","og_title":"Donate - Viestint\u00e4 ja kehitys -s\u00e4\u00e4ti\u00f6","og_description":"By supporting the Foundation for Communication and Development, you are promoting freedom of expression and media pluralism in developing countries. Become a monthly or one-off donor!","og_url":"https:\/\/vikes.fi\/en\/donate","og_site_name":"Viestint\u00e4 ja kehitys -s\u00e4\u00e4ti\u00f6","article_publisher":"https:\/\/www.facebook.com\/Vikes.fi","article_modified_time":"2022-12-30T13:46:40+00:00","og_image":[{"width":1024,"height":683,"url":"https:\/\/vikes.fi\/wp-content\/uploads\/2022\/07\/Untitled-design-3.png","type":"image\/png"}],"twitter_card":"summary_large_image","twitter_site":"@vikesverkko","twitter_misc":{"Est. reading time":"2 minutes"},"schema":{"@context":"https:\/\/schema.org","@graph":[{"@type":"WebPage","@id":"https:\/\/vikes.fi\/en\/donate","url":"https:\/\/vikes.fi\/en\/donate","name":"Donate - Viestint\u00e4 ja kehitys -s\u00e4\u00e4ti\u00f6","isPartOf":{"@id":"https:\/\/vikes.fi\/#website"},"primaryImageOfPage":{"@id":"https:\/\/vikes.fi\/en\/donate#primaryimage"},"image":{"@id":"https:\/\/vikes.fi\/en\/donate#primaryimage"},"thumbnailUrl":"https:\/\/vikes.fi\/wp-content\/uploads\/2022\/07\/Untitled-design-3.png","datePublished":"2018-05-14T10:02:08+00:00","dateModified":"2022-12-30T13:46:40+00:00","description":"By supporting the Foundation for Communication and Development, you are promoting freedom of expression and media pluralism in developing countries. Become a monthly or one-off donor!","breadcrumb":{"@id":"https:\/\/vikes.fi\/en\/donate#breadcrumb"},"inLanguage":"en-US","potentialAction":[{"@type":"ReadAction","target":["https:\/\/vikes.fi\/en\/donate"]}]},{"@type":"ImageObject","inLanguage":"en-US","@id":"https:\/\/vikes.fi\/en\/donate#primaryimage","url":"https:\/\/vikes.fi\/wp-content\/uploads\/2022\/07\/Untitled-design-3.png","contentUrl":"https:\/\/vikes.fi\/wp-content\/uploads\/2022\/07\/Untitled-design-3.png","width":1024,"height":683},{"@type":"BreadcrumbList","@id":"https:\/\/vikes.fi\/en\/donate#breadcrumb","itemListElement":[{"@type":"ListItem","position":1,"name":"Home","item":"https:\/\/vikes.fi\/"},{"@type":"ListItem","position":2,"name":"Donate"}]},{"@type":"WebSite","@id":"https:\/\/vikes.fi\/#website","url":"https:\/\/vikes.fi\/","name":"Viestint\u00e4 ja kehitys -s\u00e4\u00e4ti\u00f6","description":"Viestint\u00e4 ja kehitys -s\u00e4\u00e4ti\u00f6","publisher":{"@id":"https:\/\/vikes.fi\/#organization"},"potentialAction":[{"@type":"SearchAction","target":{"@type":"EntryPoint","urlTemplate":"https:\/\/vikes.fi\/?s={search_term_string}"},"query-input":{"@type":"PropertyValueSpecification","valueRequired":true,"valueName":"search_term_string"}}],"inLanguage":"en-US"},{"@type":"Organization","@id":"https:\/\/vikes.fi\/#organization","name":"Viestint\u00e4 ja kehitys -s\u00e4\u00e4ti\u00f6","url":"https:\/\/vikes.fi\/","logo":{"@type":"ImageObject","inLanguage":"en-US","@id":"https:\/\/vikes.fi\/#\/schema\/logo\/image\/","url":"https:\/\/vikes.fi\/wp-content\/uploads\/2018\/04\/Vikes_logo_1000.png","contentUrl":"https:\/\/vikes.fi\/wp-content\/uploads\/2018\/04\/Vikes_logo_1000.png","width":1000,"height":505,"caption":"Viestint\u00e4 ja kehitys -s\u00e4\u00e4ti\u00f6"},"image":{"@id":"https:\/\/vikes.fi\/#\/schema\/logo\/image\/"},"sameAs":["https:\/\/www.facebook.com\/Vikes.fi","https:\/\/x.com\/vikesverkko","https:\/\/www.instagram.com\/vikes.fi\/","https:\/\/www.youtube.com\/channel\/UCOS7sgxh-T1dzykfQ6-dDyg?sub_confirmation=1"]}]}},"_links":{"self":[{"href":"https:\/\/vikes.fi\/en\/wp-json\/wp\/v2\/pages\/14038","targetHints":{"allow":["GET"]}}],"collection":[{"href":"https:\/\/vikes.fi\/en\/wp-json\/wp\/v2\/pages"}],"about":[{"href":"https:\/\/vikes.fi\/en\/wp-json\/wp\/v2\/types\/page"}],"author":[{"embeddable":true,"href":"https:\/\/vikes.fi\/en\/wp-json\/wp\/v2\/users\/27"}],"replies":[{"embeddable":true,"href":"https:\/\/vikes.fi\/en\/wp-json\/wp\/v2\/comments?post=14038"}],"version-history":[{"count":0,"href":"https:\/\/vikes.fi\/en\/wp-json\/wp\/v2\/pages\/14038\/revisions"}],"wp:featuredmedia":[{"embeddable":true,"href":"https:\/\/vikes.fi\/en\/wp-json\/wp\/v2\/media\/12524"}],"wp:attachment":[{"href":"https:\/\/vikes.fi\/en\/wp-json\/wp\/v2\/media?parent=14038"}],"curies":[{"name":"wp","href":"https:\/\/api.w.org\/{rel}","templated":true}]}}