{"id":13434,"date":"2020-09-09T15:11:13","date_gmt":"2020-09-09T12:11:13","guid":{"rendered":"https:\/\/vikes-fi.staging.hel8.wp-cloud.dev\/accessibility-statement"},"modified":"2023-01-05T15:32:01","modified_gmt":"2023-01-05T13:32:01","slug":"accessibility-statement","status":"publish","type":"page","link":"https:\/\/vikes.fi\/en\/accessibility-statement","title":{"rendered":"Accessibility statement"},"content":{"rendered":"<p>[et_pb_section fb_built=&#8221;1&#8243; _builder_version=&#8221;4.16&#8243; global_colors_info=&#8221;{}&#8221;][et_pb_row _builder_version=&#8221;4.19.0&#8243; _module_preset=&#8221;default&#8221; custom_margin=&#8221;100px||50px||false|false&#8221; border_width_all=&#8221;1px&#8221; border_color_all=&#8221;gcid-78c82a69-71d2-4231-b1ba-9743c706cfd5&#8243; border_width_top=&#8221;1px&#8221; border_color_top=&#8221;gcid-549a5b0f-b9a8-4234-8fb3-9f52112464a2&#8243; border_width_right=&#8221;1px&#8221; border_color_right=&#8221;gcid-549a5b0f-b9a8-4234-8fb3-9f52112464a2&#8243; border_width_left=&#8221;1px&#8221; border_color_left=&#8221;gcid-549a5b0f-b9a8-4234-8fb3-9f52112464a2&#8243; global_colors_info=&#8221;{%22gcid-549a5b0f-b9a8-4234-8fb3-9f52112464a2%22:%91%22border_color_right%22,%22border_color_left%22,%22border_color_top%22%93,%22gcid-78c82a69-71d2-4231-b1ba-9743c706cfd5%22:%91%22border_color_all%22%93}&#8221; theme_builder_area=&#8221;post_content&#8221;][et_pb_column type=&#8221;4_4&#8243; _builder_version=&#8221;4.16.0&#8243; _module_preset=&#8221;default&#8221; global_colors_info=&#8221;{}&#8221; theme_builder_area=&#8221;post_content&#8221;][et_pb_text _builder_version=&#8221;4.19.4&#8243; _module_preset=&#8221;19d6e13d-6dc0-453c-a15a-72c5338d5b3f&#8221; header_font_size=&#8221;46px&#8221; background_color=&#8221;#FFFFFF&#8221; custom_margin=&#8221;32px||32px|-35px|false|false&#8221; custom_padding=&#8221;15px||0px||false|false&#8221; hover_enabled=&#8221;0&#8243; global_colors_info=&#8221;{}&#8221; theme_builder_area=&#8221;post_content&#8221; sticky_enabled=&#8221;0&#8243;]<\/p>\n<h1>Accessibility Statement of the Foundation for Communication and Development<\/h1>\n<p>[\/et_pb_text][\/et_pb_column][\/et_pb_row][et_pb_row column_structure=&#8221;1_2,1_2&#8243; _builder_version=&#8221;4.16&#8243; background_size=&#8221;initial&#8221; background_position=&#8221;top_left&#8221; background_repeat=&#8221;repeat&#8221; global_colors_info=&#8221;{}&#8221;][et_pb_column type=&#8221;1_2&#8243; _builder_version=&#8221;4.16&#8243; custom_padding=&#8221;|||&#8221; global_colors_info=&#8221;{}&#8221; custom_padding__hover=&#8221;|||&#8221;][et_pb_text _builder_version=&#8221;4.19.4&#8243; background_size=&#8221;initial&#8221; background_position=&#8221;top_left&#8221; background_repeat=&#8221;repeat&#8221; hover_enabled=&#8221;0&#8243; global_colors_info=&#8221;{}&#8221; sticky_enabled=&#8221;0&#8243;]<\/p>\n<header>Welcome, this is the Accessibility Statement of the Foundation for Communication and Development.<\/p>\n<p>This accessibility statement is for www.vikes.fi and has been updated on 9.1.2023. We have assessed the accessibility of the service ourselves.<\/p>\n<h3><\/h3>\n<h3>The state of digital accessibility<\/h3>\n<p>Partially meets accessibility requirements.<\/p>\n<h3><\/h3>\n<h3>Not achievable content<\/h3>\n<p>The website is not yet fully compliant.<\/p>\n<p>1. Not covered by legislation<\/p>\n<p>Some of our content is not covered by legislation. These include:<\/p>\n<ul>\n<li>office software files (e.g. doc, pdf, odt) published before 23.9.2018<\/li>\n<li>online content archived before 23.9.2019<\/li>\n<li>video and audio recordings published before 23.9.2020<\/li>\n<\/ul>\n<\/header>\n<p>[\/et_pb_text][\/et_pb_column][et_pb_column type=&#8221;1_2&#8243; _builder_version=&#8221;4.16&#8243; custom_padding=&#8221;|||&#8221; global_colors_info=&#8221;{}&#8221; custom_padding__hover=&#8221;|||&#8221;][et_pb_text _builder_version=&#8221;4.19.4&#8243; _module_preset=&#8221;default&#8221; hover_enabled=&#8221;0&#8243; global_colors_info=&#8221;{}&#8221; sticky_enabled=&#8221;0&#8243;]<\/p>\n<h3>How can I report to the authorities?<\/h3>\n<p>Did you notice an accessibility gap in our digital service? Let us know and we&#8217;ll do our best to remedy the deficiency<\/p>\n<p>You can give your feedback to Vikes by <a href=\"mailto:vikes@vikes.fi\">email<\/a>.<\/p>\n<h3>Supervisory Authority<\/h3>\n<p>If you notice any accessibility problems on the site, please first give feedback to us, the site administrator. It can take up to 14 days for a reply. If you are not satisfied with the response you receive, or if you do not receive a response at all within two weeks, <a href=\"https:\/\/www.saavutettavuusvaatimukset.fi\/oikeutesi\/\" target=\"_blank\" rel=\"noopener noreferrer\">you can report it to the Regional State Administrative Board of Southern Finland<\/a>. The Southern Finland Regional State Administrative Agencies&#8217; page explains exactly how to submit a notification and how the matter will be handled.<\/p>\n<h3>Contact details of the supervisory authority<\/h3>\n<p>Regional State Administrative Agencies of Southern Finland<br \/>\nAccessibility Monitoring Unit<br \/>\n<a href=\"https:\/\/www.saavutettavuusvaatimukset.fi\/\">www.saavutettavuusvaatimukset.fi<\/a><br \/>\nsaavutettavuus(at)avi.fi<br \/>\ntelephone number switchboard +358 295 016 000[\/et_pb_text][\/et_pb_column][\/et_pb_row][\/et_pb_section]<\/p>\n","protected":false},"excerpt":{"rendered":"<p>Accessibility Statement of the Foundation for Communication and DevelopmentWelcome, this is the Accessibility Statement of the Foundation for Communication and Development. This accessibility statement is for www.vikes.fi and has been [&hellip;]<\/p>\n","protected":false},"author":27,"featured_media":11920,"parent":0,"menu_order":3,"comment_status":"closed","ping_status":"closed","template":"","meta":{"_acf_changed":false,"_et_pb_use_builder":"on","_et_pb_old_content":"","_et_gb_content_width":"","_price":"","_stock":"","_tribe_ticket_header":"","_tribe_default_ticket_provider":"","_tribe_ticket_capacity":"0","_ticket_start_date":"","_ticket_end_date":"","_tribe_ticket_show_description":"","_tribe_ticket_show_not_going":false,"_tribe_ticket_use_global_stock":"","_tribe_ticket_global_stock_level":"","_global_stock_mode":"","_global_stock_cap":"","_tribe_rsvp_for_event":"","_tribe_ticket_going_count":"","_tribe_ticket_not_going_count":"","_tribe_tickets_list":"[]","_tribe_ticket_has_attendee_info_fields":false,"footnotes":""},"class_list":["post-13434","page","type-page","status-publish","has-post-thumbnail","hentry"],"acf":[],"yoast_head":"<!-- This site is optimized with the Yoast SEO plugin v27.3 - https:\/\/yoast.com\/product\/yoast-seo-wordpress\/ -->\n<title>Accessibility statement - Viestint\u00e4 ja kehitys -s\u00e4\u00e4ti\u00f6<\/title>\n<meta name=\"description\" content=\"The website uses cookies to ensure that the service is secure, efficient and user-friendly.\" \/>\n<meta name=\"robots\" content=\"index, follow, max-snippet:-1, max-image-preview:large, max-video-preview:-1\" \/>\n<link rel=\"canonical\" href=\"https:\/\/vikes.fi\/en\/accessibility-statement\" \/>\n<meta property=\"og:locale\" content=\"en_US\" \/>\n<meta property=\"og:type\" content=\"article\" \/>\n<meta property=\"og:title\" content=\"Accessibility statement - Viestint\u00e4 ja kehitys -s\u00e4\u00e4ti\u00f6\" \/>\n<meta property=\"og:description\" content=\"The website uses cookies to ensure that the service is secure, efficient and user-friendly.\" \/>\n<meta property=\"og:url\" content=\"https:\/\/vikes.fi\/en\/accessibility-statement\" \/>\n<meta property=\"og:site_name\" content=\"Viestint\u00e4 ja kehitys -s\u00e4\u00e4ti\u00f6\" \/>\n<meta property=\"article:publisher\" content=\"https:\/\/www.facebook.com\/Vikes.fi\" \/>\n<meta property=\"article:modified_time\" content=\"2023-01-05T13:32:01+00:00\" \/>\n<meta property=\"og:image\" content=\"https:\/\/vikes.fi\/wp-content\/uploads\/2022\/10\/mihin-maailma-tarvitsee-vapaata-mediaa.jpeg\" \/>\n\t<meta property=\"og:image:width\" content=\"2200\" \/>\n\t<meta property=\"og:image:height\" content=\"1136\" \/>\n\t<meta property=\"og:image:type\" content=\"image\/jpeg\" \/>\n<meta name=\"twitter:card\" content=\"summary_large_image\" \/>\n<meta name=\"twitter:site\" content=\"@vikesverkko\" \/>\n<meta name=\"twitter:label1\" content=\"Est. reading time\" \/>\n\t<meta name=\"twitter:data1\" content=\"3 minutes\" \/>\n<script type=\"application\/ld+json\" class=\"yoast-schema-graph\">{\"@context\":\"https:\\\/\\\/schema.org\",\"@graph\":[{\"@type\":\"WebPage\",\"@id\":\"https:\\\/\\\/vikes.fi\\\/en\\\/accessibility-statement\",\"url\":\"https:\\\/\\\/vikes.fi\\\/en\\\/accessibility-statement\",\"name\":\"Accessibility statement - Viestint\u00e4 ja kehitys -s\u00e4\u00e4ti\u00f6\",\"isPartOf\":{\"@id\":\"https:\\\/\\\/vikes.fi\\\/#website\"},\"primaryImageOfPage\":{\"@id\":\"https:\\\/\\\/vikes.fi\\\/en\\\/accessibility-statement#primaryimage\"},\"image\":{\"@id\":\"https:\\\/\\\/vikes.fi\\\/en\\\/accessibility-statement#primaryimage\"},\"thumbnailUrl\":\"https:\\\/\\\/vikes.fi\\\/wp-content\\\/uploads\\\/2022\\\/10\\\/mihin-maailma-tarvitsee-vapaata-mediaa.jpeg\",\"datePublished\":\"2020-09-09T12:11:13+00:00\",\"dateModified\":\"2023-01-05T13:32:01+00:00\",\"description\":\"The website uses cookies to ensure that the service is secure, efficient and user-friendly.\",\"breadcrumb\":{\"@id\":\"https:\\\/\\\/vikes.fi\\\/en\\\/accessibility-statement#breadcrumb\"},\"inLanguage\":\"en-US\",\"potentialAction\":[{\"@type\":\"ReadAction\",\"target\":[\"https:\\\/\\\/vikes.fi\\\/en\\\/accessibility-statement\"]}]},{\"@type\":\"ImageObject\",\"inLanguage\":\"en-US\",\"@id\":\"https:\\\/\\\/vikes.fi\\\/en\\\/accessibility-statement#primaryimage\",\"url\":\"https:\\\/\\\/vikes.fi\\\/wp-content\\\/uploads\\\/2022\\\/10\\\/mihin-maailma-tarvitsee-vapaata-mediaa.jpeg\",\"contentUrl\":\"https:\\\/\\\/vikes.fi\\\/wp-content\\\/uploads\\\/2022\\\/10\\\/mihin-maailma-tarvitsee-vapaata-mediaa.jpeg\",\"width\":2200,\"height\":1136},{\"@type\":\"BreadcrumbList\",\"@id\":\"https:\\\/\\\/vikes.fi\\\/en\\\/accessibility-statement#breadcrumb\",\"itemListElement\":[{\"@type\":\"ListItem\",\"position\":1,\"name\":\"Home\",\"item\":\"https:\\\/\\\/vikes.fi\\\/\"},{\"@type\":\"ListItem\",\"position\":2,\"name\":\"Accessibility statement\"}]},{\"@type\":\"WebSite\",\"@id\":\"https:\\\/\\\/vikes.fi\\\/#website\",\"url\":\"https:\\\/\\\/vikes.fi\\\/\",\"name\":\"Viestint\u00e4 ja kehitys -s\u00e4\u00e4ti\u00f6\",\"description\":\"Viestint\u00e4 ja kehitys -s\u00e4\u00e4ti\u00f6\",\"publisher\":{\"@id\":\"https:\\\/\\\/vikes.fi\\\/#organization\"},\"potentialAction\":[{\"@type\":\"SearchAction\",\"target\":{\"@type\":\"EntryPoint\",\"urlTemplate\":\"https:\\\/\\\/vikes.fi\\\/?s={search_term_string}\"},\"query-input\":{\"@type\":\"PropertyValueSpecification\",\"valueRequired\":true,\"valueName\":\"search_term_string\"}}],\"inLanguage\":\"en-US\"},{\"@type\":\"Organization\",\"@id\":\"https:\\\/\\\/vikes.fi\\\/#organization\",\"name\":\"Viestint\u00e4 ja kehitys -s\u00e4\u00e4ti\u00f6\",\"url\":\"https:\\\/\\\/vikes.fi\\\/\",\"logo\":{\"@type\":\"ImageObject\",\"inLanguage\":\"en-US\",\"@id\":\"https:\\\/\\\/vikes.fi\\\/#\\\/schema\\\/logo\\\/image\\\/\",\"url\":\"https:\\\/\\\/vikes.fi\\\/wp-content\\\/uploads\\\/2018\\\/04\\\/Vikes_logo_1000.png\",\"contentUrl\":\"https:\\\/\\\/vikes.fi\\\/wp-content\\\/uploads\\\/2018\\\/04\\\/Vikes_logo_1000.png\",\"width\":1000,\"height\":505,\"caption\":\"Viestint\u00e4 ja kehitys -s\u00e4\u00e4ti\u00f6\"},\"image\":{\"@id\":\"https:\\\/\\\/vikes.fi\\\/#\\\/schema\\\/logo\\\/image\\\/\"},\"sameAs\":[\"https:\\\/\\\/www.facebook.com\\\/Vikes.fi\",\"https:\\\/\\\/x.com\\\/vikesverkko\",\"https:\\\/\\\/www.instagram.com\\\/vikes.fi\\\/\",\"https:\\\/\\\/www.youtube.com\\\/channel\\\/UCOS7sgxh-T1dzykfQ6-dDyg?sub_confirmation=1\"]}]}<\/script>\n<!-- \/ Yoast SEO plugin. -->","yoast_head_json":{"title":"Accessibility statement - Viestint\u00e4 ja kehitys -s\u00e4\u00e4ti\u00f6","description":"The website uses cookies to ensure that the service is secure, efficient and user-friendly.","robots":{"index":"index","follow":"follow","max-snippet":"max-snippet:-1","max-image-preview":"max-image-preview:large","max-video-preview":"max-video-preview:-1"},"canonical":"https:\/\/vikes.fi\/en\/accessibility-statement","og_locale":"en_US","og_type":"article","og_title":"Accessibility statement - Viestint\u00e4 ja kehitys -s\u00e4\u00e4ti\u00f6","og_description":"The website uses cookies to ensure that the service is secure, efficient and user-friendly.","og_url":"https:\/\/vikes.fi\/en\/accessibility-statement","og_site_name":"Viestint\u00e4 ja kehitys -s\u00e4\u00e4ti\u00f6","article_publisher":"https:\/\/www.facebook.com\/Vikes.fi","article_modified_time":"2023-01-05T13:32:01+00:00","og_image":[{"width":2200,"height":1136,"url":"https:\/\/vikes.fi\/wp-content\/uploads\/2022\/10\/mihin-maailma-tarvitsee-vapaata-mediaa.jpeg","type":"image\/jpeg"}],"twitter_card":"summary_large_image","twitter_site":"@vikesverkko","twitter_misc":{"Est. reading time":"3 minutes"},"schema":{"@context":"https:\/\/schema.org","@graph":[{"@type":"WebPage","@id":"https:\/\/vikes.fi\/en\/accessibility-statement","url":"https:\/\/vikes.fi\/en\/accessibility-statement","name":"Accessibility statement - Viestint\u00e4 ja kehitys -s\u00e4\u00e4ti\u00f6","isPartOf":{"@id":"https:\/\/vikes.fi\/#website"},"primaryImageOfPage":{"@id":"https:\/\/vikes.fi\/en\/accessibility-statement#primaryimage"},"image":{"@id":"https:\/\/vikes.fi\/en\/accessibility-statement#primaryimage"},"thumbnailUrl":"https:\/\/vikes.fi\/wp-content\/uploads\/2022\/10\/mihin-maailma-tarvitsee-vapaata-mediaa.jpeg","datePublished":"2020-09-09T12:11:13+00:00","dateModified":"2023-01-05T13:32:01+00:00","description":"The website uses cookies to ensure that the service is secure, efficient and user-friendly.","breadcrumb":{"@id":"https:\/\/vikes.fi\/en\/accessibility-statement#breadcrumb"},"inLanguage":"en-US","potentialAction":[{"@type":"ReadAction","target":["https:\/\/vikes.fi\/en\/accessibility-statement"]}]},{"@type":"ImageObject","inLanguage":"en-US","@id":"https:\/\/vikes.fi\/en\/accessibility-statement#primaryimage","url":"https:\/\/vikes.fi\/wp-content\/uploads\/2022\/10\/mihin-maailma-tarvitsee-vapaata-mediaa.jpeg","contentUrl":"https:\/\/vikes.fi\/wp-content\/uploads\/2022\/10\/mihin-maailma-tarvitsee-vapaata-mediaa.jpeg","width":2200,"height":1136},{"@type":"BreadcrumbList","@id":"https:\/\/vikes.fi\/en\/accessibility-statement#breadcrumb","itemListElement":[{"@type":"ListItem","position":1,"name":"Home","item":"https:\/\/vikes.fi\/"},{"@type":"ListItem","position":2,"name":"Accessibility statement"}]},{"@type":"WebSite","@id":"https:\/\/vikes.fi\/#website","url":"https:\/\/vikes.fi\/","name":"Viestint\u00e4 ja kehitys -s\u00e4\u00e4ti\u00f6","description":"Viestint\u00e4 ja kehitys -s\u00e4\u00e4ti\u00f6","publisher":{"@id":"https:\/\/vikes.fi\/#organization"},"potentialAction":[{"@type":"SearchAction","target":{"@type":"EntryPoint","urlTemplate":"https:\/\/vikes.fi\/?s={search_term_string}"},"query-input":{"@type":"PropertyValueSpecification","valueRequired":true,"valueName":"search_term_string"}}],"inLanguage":"en-US"},{"@type":"Organization","@id":"https:\/\/vikes.fi\/#organization","name":"Viestint\u00e4 ja kehitys -s\u00e4\u00e4ti\u00f6","url":"https:\/\/vikes.fi\/","logo":{"@type":"ImageObject","inLanguage":"en-US","@id":"https:\/\/vikes.fi\/#\/schema\/logo\/image\/","url":"https:\/\/vikes.fi\/wp-content\/uploads\/2018\/04\/Vikes_logo_1000.png","contentUrl":"https:\/\/vikes.fi\/wp-content\/uploads\/2018\/04\/Vikes_logo_1000.png","width":1000,"height":505,"caption":"Viestint\u00e4 ja kehitys -s\u00e4\u00e4ti\u00f6"},"image":{"@id":"https:\/\/vikes.fi\/#\/schema\/logo\/image\/"},"sameAs":["https:\/\/www.facebook.com\/Vikes.fi","https:\/\/x.com\/vikesverkko","https:\/\/www.instagram.com\/vikes.fi\/","https:\/\/www.youtube.com\/channel\/UCOS7sgxh-T1dzykfQ6-dDyg?sub_confirmation=1"]}]}},"_links":{"self":[{"href":"https:\/\/vikes.fi\/en\/wp-json\/wp\/v2\/pages\/13434","targetHints":{"allow":["GET"]}}],"collection":[{"href":"https:\/\/vikes.fi\/en\/wp-json\/wp\/v2\/pages"}],"about":[{"href":"https:\/\/vikes.fi\/en\/wp-json\/wp\/v2\/types\/page"}],"author":[{"embeddable":true,"href":"https:\/\/vikes.fi\/en\/wp-json\/wp\/v2\/users\/27"}],"replies":[{"embeddable":true,"href":"https:\/\/vikes.fi\/en\/wp-json\/wp\/v2\/comments?post=13434"}],"version-history":[{"count":0,"href":"https:\/\/vikes.fi\/en\/wp-json\/wp\/v2\/pages\/13434\/revisions"}],"wp:featuredmedia":[{"embeddable":true,"href":"https:\/\/vikes.fi\/en\/wp-json\/wp\/v2\/media\/11920"}],"wp:attachment":[{"href":"https:\/\/vikes.fi\/en\/wp-json\/wp\/v2\/media?parent=13434"}],"curies":[{"name":"wp","href":"https:\/\/api.w.org\/{rel}","templated":true}]}}