{"id":13422,"date":"2022-12-08T13:05:10","date_gmt":"2022-12-08T11:05:10","guid":{"rendered":"https:\/\/vikes-fi.staging.hel8.wp-cloud.dev\/grants-for-journalistic-work"},"modified":"2025-06-18T14:55:58","modified_gmt":"2025-06-18T11:55:58","slug":"grants-for-journalistic-work","status":"publish","type":"page","link":"https:\/\/vikes.fi\/en\/grants-for-journalistic-work","title":{"rendered":"Travel grants for journalists"},"content":{"rendered":"<p>[et_pb_section fb_built=&#8221;1&#8243; _builder_version=&#8221;4.19.0&#8243; _module_preset=&#8221;default&#8221; global_colors_info=&#8221;{}&#8221;][et_pb_row _builder_version=&#8221;4.19.0&#8243; _module_preset=&#8221;default&#8221; custom_margin=&#8221;100px||50px||false|false&#8221; border_width_all=&#8221;1px&#8221; border_color_all=&#8221;gcid-78c82a69-71d2-4231-b1ba-9743c706cfd5&#8243; border_width_top=&#8221;1px&#8221; border_color_top=&#8221;gcid-549a5b0f-b9a8-4234-8fb3-9f52112464a2&#8243; border_width_right=&#8221;1px&#8221; border_color_right=&#8221;gcid-549a5b0f-b9a8-4234-8fb3-9f52112464a2&#8243; border_width_left=&#8221;1px&#8221; border_color_left=&#8221;gcid-549a5b0f-b9a8-4234-8fb3-9f52112464a2&#8243; global_colors_info=&#8221;{%22gcid-549a5b0f-b9a8-4234-8fb3-9f52112464a2%22:%91%22border_color_right%22,%22border_color_left%22,%22border_color_top%22%93,%22gcid-78c82a69-71d2-4231-b1ba-9743c706cfd5%22:%91%22border_color_all%22%93}&#8221;][et_pb_column type=&#8221;4_4&#8243; _builder_version=&#8221;4.16.0&#8243; _module_preset=&#8221;default&#8221; global_colors_info=&#8221;{}&#8221;][et_pb_text _builder_version=&#8221;4.19.4&#8243; _module_preset=&#8221;19d6e13d-6dc0-453c-a15a-72c5338d5b3f&#8221; header_font_size=&#8221;46px&#8221; background_color=&#8221;#FFFFFF&#8221; custom_margin=&#8221;32px||32px|-35px|false|false&#8221; custom_padding=&#8221;15px||0px||false|false&#8221; global_colors_info=&#8221;{}&#8221;]<\/p>\n<h1>Travel grants for journalists<\/h1>\n<p>[\/et_pb_text][\/et_pb_column][\/et_pb_row][et_pb_row column_structure=&#8221;1_2,1_2&#8243; _builder_version=&#8221;4.19.0&#8243; _module_preset=&#8221;default&#8221; global_colors_info=&#8221;{}&#8221;][et_pb_column type=&#8221;1_2&#8243; _builder_version=&#8221;4.19.0&#8243; _module_preset=&#8221;default&#8221; global_colors_info=&#8221;{}&#8221;][et_pb_text _builder_version=&#8221;4.27.3&#8243; _module_preset=&#8221;49b990a9-3f5c-41d7-a146-f53d734cb61f&#8221; hover_enabled=&#8221;0&#8243; global_colors_info=&#8221;{}&#8221; sticky_enabled=&#8221;0&#8243;]<\/p>\n<div>\n<p><span data-olk-copy-source=\"MessageBody\">Vikes wants to promote quality journalism on global issues. We open a call for travel grants once a year. Our latest search took place in November 2024. Please follow Vikes&#8217; newsletter and social media to be the first to know about open calls.   <\/span><\/p>\n<\/div>\n<p>[\/et_pb_text][et_pb_divider color=&#8221;gcid-78c82a69-71d2-4231-b1ba-9743c706cfd5&#8243; divider_weight=&#8221;5px&#8221; _builder_version=&#8221;4.19.4&#8243; _module_preset=&#8221;default&#8221; width=&#8221;16%&#8221; custom_margin=&#8221;0px||0px||false|false&#8221; global_module=&#8221;11580&#8243; saved_tabs=&#8221;all&#8221; global_colors_info=&#8221;{%22gcid-78c82a69-71d2-4231-b1ba-9743c706cfd5%22:%91%22color%22%93}&#8221;][\/et_pb_divider][\/et_pb_column][et_pb_column type=&#8221;1_2&#8243; _builder_version=&#8221;4.19.0&#8243; _module_preset=&#8221;default&#8221; global_colors_info=&#8221;{}&#8221;][\/et_pb_column][\/et_pb_row][et_pb_row column_structure=&#8221;1_2,1_2&#8243; _builder_version=&#8221;4.19.0&#8243; _module_preset=&#8221;default&#8221; custom_margin=&#8221;0px|auto|30px|auto|false|false&#8221; global_colors_info=&#8221;{}&#8221;][et_pb_column type=&#8221;1_2&#8243; _builder_version=&#8221;4.19.0&#8243; _module_preset=&#8221;default&#8221; global_colors_info=&#8221;{}&#8221;][et_pb_text _builder_version=&#8221;4.27.3&#8243; _module_preset=&#8221;360119ca-c6e7-4e37-8b9d-c9bf27dc46e8&#8243; custom_padding=&#8221;||14px|||&#8221; hover_enabled=&#8221;0&#8243; global_colors_info=&#8221;{}&#8221; sticky_enabled=&#8221;0&#8243;]<\/p>\n<p class=\"p1\">Vikes promotes quality journalism and emphasises press freedom as a cornerstone of democracy. In-depth journalism often requires travel, but story fees rarely cover travel expenses. That is why Vikes wants to assist journalists on such trips. Through travel grants, we want to support journalism on topics and perspectives that have not crossed the news threshold, despite their newsworthiness. The stories produced with a travel grant should raise awareness among Finnish readers about little reported phenomena or events in the world.    <\/p>\n<p class=\"p2\">\n<p class=\"p1\"><strong>Application deadline:<\/strong> the application for the Travel Grant is opened once a year. The most recent call was conducted in November 2024. <\/p>\n<p class=\"p1\"><b>For whom:<\/b> We award a travel grant to one employed or freelance journalist who is capable of independent travel and travel arrangements.<\/p>\n<p class=\"p1\"><b>Amount of the grant<\/b>: we will reimburse up to \u20ac3000 per year for the costs of the trip, such as flights, accommodation and travel expenses.<\/p>\n<p class=\"p1\"><b>Purpose of the grant<\/b>: To be used for journalistic content published in a member media of the Council for Mass Media that is committed to the journalist&#8217;s guidelines and whose target audience is in Finland. In addition, a small communication contribution to Vikes is required. <\/p>\n<p class=\"p1\"><b>Countries:<\/b> the trip could be to countries where Vikes operates, such as Costa Rica, El Salvador, Guatemala, Honduras, Kenya, Nepal, Tanzania, Uganda or Guatemala.<\/p>\n<p class=\"p1\"><b>Reporting:<\/b> free-form report, statement of expenses incurred for the trip and any copies of articles by XX.<\/p>\n<p><b><span data-olk-copy-source=\"MessageBody\">For more information:<\/span><\/b><span> Communications specialist Tiina Helin<\/span><\/p>\n<p><span><a href=\"mailto:tiina.helin@vikes.fi\" title=\"mailto:tiina.helin@vikes.fi\" data-linkindex=\"0\">tiina.helin@vikes.fi \u2013 <\/a><\/span><span>040 125 03 46 (calls during office hours). <\/span> <span><\/span><\/p>\n<p><span><\/span><\/p>\n<p><b><span>Frequently asked questions <\/span><\/b><span><\/span><\/p>\n<p><b><span>Is it allowed to apply for the grant as a work team?<\/span><\/b><span> <\/span><\/p>\n<p><span>Yes, but we cannot increase the amount. You can split the \u20ac3000 for travel expenses for two people.  <\/span><\/p>\n<p><b><span>Can I get extra time for the report if I travel at the end of the year?<\/span><\/b><span> <\/span><\/p>\n<p><span>Yes, a little. However, we want the report and any receipts in 2025 so that we can get the grant for that year&#8217;s accounts. However, the pieces do not have to be completed in 2025.   <\/span><\/p>\n<p><b><span>Will there be more grants?<\/span><\/b><span> <\/span><\/p>\n<p><span>Yes. We have distributed two travel grants in 2023 and our goal is to distribute a travel grant every year.  <\/span><\/p>\n<div>\n<p><span> <\/span><\/p>\n<\/div>\n<p>[\/et_pb_text][\/et_pb_column][et_pb_column type=&#8221;1_2&#8243; _builder_version=&#8221;4.19.0&#8243; _module_preset=&#8221;default&#8221; global_colors_info=&#8221;{}&#8221;][\/et_pb_column][\/et_pb_row][\/et_pb_section][et_pb_section fb_built=&#8221;1&#8243; _builder_version=&#8221;4.19.0&#8243; _module_preset=&#8221;default&#8221; custom_padding=&#8221;0px||0px||false|false&#8221; global_colors_info=&#8221;{}&#8221;][\/et_pb_section]<\/p>\n","protected":false},"excerpt":{"rendered":"<p>Vikes wants to promote quality development journalism and emphasize press freedom as a cornerstone of democracy. In-depth global journalism often requires travel, but story fees rarely cover travel expenses. <\/p>\n","protected":false},"author":21,"featured_media":13128,"parent":0,"menu_order":0,"comment_status":"closed","ping_status":"closed","template":"","meta":{"_acf_changed":false,"_et_pb_use_builder":"on","_et_pb_old_content":"","_et_gb_content_width":"","_price":"","_stock":"","_tribe_ticket_header":"","_tribe_default_ticket_provider":"","_tribe_ticket_capacity":"0","_ticket_start_date":"","_ticket_end_date":"","_tribe_ticket_show_description":"","_tribe_ticket_show_not_going":false,"_tribe_ticket_use_global_stock":"","_tribe_ticket_global_stock_level":"","_global_stock_mode":"","_global_stock_cap":"","_tribe_rsvp_for_event":"","_tribe_ticket_going_count":"","_tribe_ticket_not_going_count":"","_tribe_tickets_list":"[]","_tribe_ticket_has_attendee_info_fields":false,"footnotes":""},"class_list":["post-13422","page","type-page","status-publish","has-post-thumbnail","hentry"],"acf":[],"yoast_head":"<!-- This site is optimized with the Yoast SEO plugin v27.3 - https:\/\/yoast.com\/product\/yoast-seo-wordpress\/ -->\n<title>Travel grants for journalists - Viestint\u00e4 ja kehitys -s\u00e4\u00e4ti\u00f6<\/title>\n<meta name=\"description\" content=\"We give out a few travel grants to journalists each year.\" \/>\n<meta name=\"robots\" content=\"index, follow, max-snippet:-1, max-image-preview:large, max-video-preview:-1\" \/>\n<link rel=\"canonical\" href=\"https:\/\/vikes.fi\/en\/grants-for-journalistic-work\" \/>\n<meta property=\"og:locale\" content=\"en_US\" \/>\n<meta property=\"og:type\" content=\"article\" \/>\n<meta property=\"og:title\" content=\"Travel grants for journalists - Viestint\u00e4 ja kehitys -s\u00e4\u00e4ti\u00f6\" \/>\n<meta property=\"og:description\" content=\"We give out a few travel grants to journalists each year.\" \/>\n<meta property=\"og:url\" content=\"https:\/\/vikes.fi\/en\/grants-for-journalistic-work\" \/>\n<meta property=\"og:site_name\" content=\"Viestint\u00e4 ja kehitys -s\u00e4\u00e4ti\u00f6\" \/>\n<meta property=\"article:publisher\" content=\"https:\/\/www.facebook.com\/Vikes.fi\" \/>\n<meta property=\"article:modified_time\" content=\"2025-06-18T11:55:58+00:00\" \/>\n<meta property=\"og:image\" content=\"https:\/\/vikes.fi\/wp-content\/uploads\/2022\/12\/toimittaja-tietokoneella.jpg\" \/>\n\t<meta property=\"og:image:width\" content=\"2040\" \/>\n\t<meta property=\"og:image:height\" content=\"1033\" \/>\n\t<meta property=\"og:image:type\" content=\"image\/jpeg\" \/>\n<meta name=\"twitter:card\" content=\"summary_large_image\" \/>\n<meta name=\"twitter:site\" content=\"@vikesverkko\" \/>\n<meta name=\"twitter:label1\" content=\"Est. reading time\" \/>\n\t<meta name=\"twitter:data1\" content=\"4 minutes\" \/>\n<script type=\"application\/ld+json\" class=\"yoast-schema-graph\">{\"@context\":\"https:\\\/\\\/schema.org\",\"@graph\":[{\"@type\":\"WebPage\",\"@id\":\"https:\\\/\\\/vikes.fi\\\/en\\\/grants-for-journalistic-work\",\"url\":\"https:\\\/\\\/vikes.fi\\\/en\\\/grants-for-journalistic-work\",\"name\":\"Travel grants for journalists - Viestint\u00e4 ja kehitys -s\u00e4\u00e4ti\u00f6\",\"isPartOf\":{\"@id\":\"https:\\\/\\\/vikes.fi\\\/#website\"},\"primaryImageOfPage\":{\"@id\":\"https:\\\/\\\/vikes.fi\\\/en\\\/grants-for-journalistic-work#primaryimage\"},\"image\":{\"@id\":\"https:\\\/\\\/vikes.fi\\\/en\\\/grants-for-journalistic-work#primaryimage\"},\"thumbnailUrl\":\"https:\\\/\\\/vikes.fi\\\/wp-content\\\/uploads\\\/2022\\\/12\\\/toimittaja-tietokoneella.jpg\",\"datePublished\":\"2022-12-08T11:05:10+00:00\",\"dateModified\":\"2025-06-18T11:55:58+00:00\",\"description\":\"We give out a few travel grants to journalists each year.\",\"breadcrumb\":{\"@id\":\"https:\\\/\\\/vikes.fi\\\/en\\\/grants-for-journalistic-work#breadcrumb\"},\"inLanguage\":\"en-US\",\"potentialAction\":[{\"@type\":\"ReadAction\",\"target\":[\"https:\\\/\\\/vikes.fi\\\/en\\\/grants-for-journalistic-work\"]}]},{\"@type\":\"ImageObject\",\"inLanguage\":\"en-US\",\"@id\":\"https:\\\/\\\/vikes.fi\\\/en\\\/grants-for-journalistic-work#primaryimage\",\"url\":\"https:\\\/\\\/vikes.fi\\\/wp-content\\\/uploads\\\/2022\\\/12\\\/toimittaja-tietokoneella.jpg\",\"contentUrl\":\"https:\\\/\\\/vikes.fi\\\/wp-content\\\/uploads\\\/2022\\\/12\\\/toimittaja-tietokoneella.jpg\",\"width\":2040,\"height\":1033},{\"@type\":\"BreadcrumbList\",\"@id\":\"https:\\\/\\\/vikes.fi\\\/en\\\/grants-for-journalistic-work#breadcrumb\",\"itemListElement\":[{\"@type\":\"ListItem\",\"position\":1,\"name\":\"Home\",\"item\":\"https:\\\/\\\/vikes.fi\\\/\"},{\"@type\":\"ListItem\",\"position\":2,\"name\":\"Travel grants for journalists\"}]},{\"@type\":\"WebSite\",\"@id\":\"https:\\\/\\\/vikes.fi\\\/#website\",\"url\":\"https:\\\/\\\/vikes.fi\\\/\",\"name\":\"Viestint\u00e4 ja kehitys -s\u00e4\u00e4ti\u00f6\",\"description\":\"Viestint\u00e4 ja kehitys -s\u00e4\u00e4ti\u00f6\",\"publisher\":{\"@id\":\"https:\\\/\\\/vikes.fi\\\/#organization\"},\"potentialAction\":[{\"@type\":\"SearchAction\",\"target\":{\"@type\":\"EntryPoint\",\"urlTemplate\":\"https:\\\/\\\/vikes.fi\\\/?s={search_term_string}\"},\"query-input\":{\"@type\":\"PropertyValueSpecification\",\"valueRequired\":true,\"valueName\":\"search_term_string\"}}],\"inLanguage\":\"en-US\"},{\"@type\":\"Organization\",\"@id\":\"https:\\\/\\\/vikes.fi\\\/#organization\",\"name\":\"Viestint\u00e4 ja kehitys -s\u00e4\u00e4ti\u00f6\",\"url\":\"https:\\\/\\\/vikes.fi\\\/\",\"logo\":{\"@type\":\"ImageObject\",\"inLanguage\":\"en-US\",\"@id\":\"https:\\\/\\\/vikes.fi\\\/#\\\/schema\\\/logo\\\/image\\\/\",\"url\":\"https:\\\/\\\/vikes.fi\\\/wp-content\\\/uploads\\\/2018\\\/04\\\/Vikes_logo_1000.png\",\"contentUrl\":\"https:\\\/\\\/vikes.fi\\\/wp-content\\\/uploads\\\/2018\\\/04\\\/Vikes_logo_1000.png\",\"width\":1000,\"height\":505,\"caption\":\"Viestint\u00e4 ja kehitys -s\u00e4\u00e4ti\u00f6\"},\"image\":{\"@id\":\"https:\\\/\\\/vikes.fi\\\/#\\\/schema\\\/logo\\\/image\\\/\"},\"sameAs\":[\"https:\\\/\\\/www.facebook.com\\\/Vikes.fi\",\"https:\\\/\\\/x.com\\\/vikesverkko\",\"https:\\\/\\\/www.instagram.com\\\/vikes.fi\\\/\",\"https:\\\/\\\/www.youtube.com\\\/channel\\\/UCOS7sgxh-T1dzykfQ6-dDyg?sub_confirmation=1\"]}]}<\/script>\n<!-- \/ Yoast SEO plugin. -->","yoast_head_json":{"title":"Travel grants for journalists - Viestint\u00e4 ja kehitys -s\u00e4\u00e4ti\u00f6","description":"We give out a few travel grants to journalists each year.","robots":{"index":"index","follow":"follow","max-snippet":"max-snippet:-1","max-image-preview":"max-image-preview:large","max-video-preview":"max-video-preview:-1"},"canonical":"https:\/\/vikes.fi\/en\/grants-for-journalistic-work","og_locale":"en_US","og_type":"article","og_title":"Travel grants for journalists - Viestint\u00e4 ja kehitys -s\u00e4\u00e4ti\u00f6","og_description":"We give out a few travel grants to journalists each year.","og_url":"https:\/\/vikes.fi\/en\/grants-for-journalistic-work","og_site_name":"Viestint\u00e4 ja kehitys -s\u00e4\u00e4ti\u00f6","article_publisher":"https:\/\/www.facebook.com\/Vikes.fi","article_modified_time":"2025-06-18T11:55:58+00:00","og_image":[{"width":2040,"height":1033,"url":"https:\/\/vikes.fi\/wp-content\/uploads\/2022\/12\/toimittaja-tietokoneella.jpg","type":"image\/jpeg"}],"twitter_card":"summary_large_image","twitter_site":"@vikesverkko","twitter_misc":{"Est. reading time":"4 minutes"},"schema":{"@context":"https:\/\/schema.org","@graph":[{"@type":"WebPage","@id":"https:\/\/vikes.fi\/en\/grants-for-journalistic-work","url":"https:\/\/vikes.fi\/en\/grants-for-journalistic-work","name":"Travel grants for journalists - Viestint\u00e4 ja kehitys -s\u00e4\u00e4ti\u00f6","isPartOf":{"@id":"https:\/\/vikes.fi\/#website"},"primaryImageOfPage":{"@id":"https:\/\/vikes.fi\/en\/grants-for-journalistic-work#primaryimage"},"image":{"@id":"https:\/\/vikes.fi\/en\/grants-for-journalistic-work#primaryimage"},"thumbnailUrl":"https:\/\/vikes.fi\/wp-content\/uploads\/2022\/12\/toimittaja-tietokoneella.jpg","datePublished":"2022-12-08T11:05:10+00:00","dateModified":"2025-06-18T11:55:58+00:00","description":"We give out a few travel grants to journalists each year.","breadcrumb":{"@id":"https:\/\/vikes.fi\/en\/grants-for-journalistic-work#breadcrumb"},"inLanguage":"en-US","potentialAction":[{"@type":"ReadAction","target":["https:\/\/vikes.fi\/en\/grants-for-journalistic-work"]}]},{"@type":"ImageObject","inLanguage":"en-US","@id":"https:\/\/vikes.fi\/en\/grants-for-journalistic-work#primaryimage","url":"https:\/\/vikes.fi\/wp-content\/uploads\/2022\/12\/toimittaja-tietokoneella.jpg","contentUrl":"https:\/\/vikes.fi\/wp-content\/uploads\/2022\/12\/toimittaja-tietokoneella.jpg","width":2040,"height":1033},{"@type":"BreadcrumbList","@id":"https:\/\/vikes.fi\/en\/grants-for-journalistic-work#breadcrumb","itemListElement":[{"@type":"ListItem","position":1,"name":"Home","item":"https:\/\/vikes.fi\/"},{"@type":"ListItem","position":2,"name":"Travel grants for journalists"}]},{"@type":"WebSite","@id":"https:\/\/vikes.fi\/#website","url":"https:\/\/vikes.fi\/","name":"Viestint\u00e4 ja kehitys -s\u00e4\u00e4ti\u00f6","description":"Viestint\u00e4 ja kehitys -s\u00e4\u00e4ti\u00f6","publisher":{"@id":"https:\/\/vikes.fi\/#organization"},"potentialAction":[{"@type":"SearchAction","target":{"@type":"EntryPoint","urlTemplate":"https:\/\/vikes.fi\/?s={search_term_string}"},"query-input":{"@type":"PropertyValueSpecification","valueRequired":true,"valueName":"search_term_string"}}],"inLanguage":"en-US"},{"@type":"Organization","@id":"https:\/\/vikes.fi\/#organization","name":"Viestint\u00e4 ja kehitys -s\u00e4\u00e4ti\u00f6","url":"https:\/\/vikes.fi\/","logo":{"@type":"ImageObject","inLanguage":"en-US","@id":"https:\/\/vikes.fi\/#\/schema\/logo\/image\/","url":"https:\/\/vikes.fi\/wp-content\/uploads\/2018\/04\/Vikes_logo_1000.png","contentUrl":"https:\/\/vikes.fi\/wp-content\/uploads\/2018\/04\/Vikes_logo_1000.png","width":1000,"height":505,"caption":"Viestint\u00e4 ja kehitys -s\u00e4\u00e4ti\u00f6"},"image":{"@id":"https:\/\/vikes.fi\/#\/schema\/logo\/image\/"},"sameAs":["https:\/\/www.facebook.com\/Vikes.fi","https:\/\/x.com\/vikesverkko","https:\/\/www.instagram.com\/vikes.fi\/","https:\/\/www.youtube.com\/channel\/UCOS7sgxh-T1dzykfQ6-dDyg?sub_confirmation=1"]}]}},"_links":{"self":[{"href":"https:\/\/vikes.fi\/en\/wp-json\/wp\/v2\/pages\/13422","targetHints":{"allow":["GET"]}}],"collection":[{"href":"https:\/\/vikes.fi\/en\/wp-json\/wp\/v2\/pages"}],"about":[{"href":"https:\/\/vikes.fi\/en\/wp-json\/wp\/v2\/types\/page"}],"author":[{"embeddable":true,"href":"https:\/\/vikes.fi\/en\/wp-json\/wp\/v2\/users\/21"}],"replies":[{"embeddable":true,"href":"https:\/\/vikes.fi\/en\/wp-json\/wp\/v2\/comments?post=13422"}],"version-history":[{"count":0,"href":"https:\/\/vikes.fi\/en\/wp-json\/wp\/v2\/pages\/13422\/revisions"}],"wp:featuredmedia":[{"embeddable":true,"href":"https:\/\/vikes.fi\/en\/wp-json\/wp\/v2\/media\/13128"}],"wp:attachment":[{"href":"https:\/\/vikes.fi\/en\/wp-json\/wp\/v2\/media?parent=13422"}],"curies":[{"name":"wp","href":"https:\/\/api.w.org\/{rel}","templated":true}]}}