{"id":13274,"date":"2022-12-01T15:41:34","date_gmt":"2022-12-01T13:41:34","guid":{"rendered":"https:\/\/vikes-fi.staging.hel8.wp-cloud.dev\/we-support-yangon-film-school-in-myanmar"},"modified":"2023-01-05T15:17:31","modified_gmt":"2023-01-05T13:17:31","slug":"we-support-yangon-film-school-in-myanmar","status":"publish","type":"page","link":"https:\/\/vikes.fi\/en\/we-support-yangon-film-school-in-myanmar","title":{"rendered":"Supporting Yangon Film School in Myanmar"},"content":{"rendered":"<p>[et_pb_section fb_built=&#8221;1&#8243; _builder_version=&#8221;4.19.0&#8243; _module_preset=&#8221;default&#8221; global_colors_info=&#8221;{}&#8221;][et_pb_row _builder_version=&#8221;4.19.0&#8243; _module_preset=&#8221;default&#8221; custom_margin=&#8221;50px||50px||false|false&#8221; border_width_all=&#8221;1px&#8221; border_color_all=&#8221;gcid-78c82a69-71d2-4231-b1ba-9743c706cfd5&#8243; border_width_top=&#8221;1px&#8221; border_color_top=&#8221;gcid-549a5b0f-b9a8-4234-8fb3-9f52112464a2&#8243; border_width_right=&#8221;1px&#8221; border_color_right=&#8221;gcid-549a5b0f-b9a8-4234-8fb3-9f52112464a2&#8243; border_width_left=&#8221;1px&#8221; border_color_left=&#8221;gcid-549a5b0f-b9a8-4234-8fb3-9f52112464a2&#8243; global_colors_info=&#8221;{%22gcid-549a5b0f-b9a8-4234-8fb3-9f52112464a2%22:%91%22border_color_right%22,%22border_color_left%22,%22border_color_top%22%93,%22gcid-78c82a69-71d2-4231-b1ba-9743c706cfd5%22:%91%22border_color_all%22%93}&#8221;][et_pb_column type=&#8221;4_4&#8243; _builder_version=&#8221;4.16.0&#8243; _module_preset=&#8221;default&#8221; global_colors_info=&#8221;{}&#8221;][et_pb_text _builder_version=&#8221;4.19.0&#8243; _module_preset=&#8221;19d6e13d-6dc0-453c-a15a-72c5338d5b3f&#8221; header_font_size=&#8221;46px&#8221; background_color=&#8221;#FFFFFF&#8221; custom_margin=&#8221;32px||32px|-35px|false|false&#8221; custom_padding=&#8221;15px||0px||false|false&#8221; global_colors_info=&#8221;{}&#8221;]<\/p>\n<h1>Supporting Yangon Film School in Myanmar<\/h1>\n<p>[\/et_pb_text][\/et_pb_column][\/et_pb_row][et_pb_row column_structure=&#8221;1_2,1_2&#8243; _builder_version=&#8221;4.19.4&#8243; _module_preset=&#8221;default&#8221; custom_padding=&#8221;||30px||false|false&#8221; global_colors_info=&#8221;{}&#8221;][et_pb_column type=&#8221;1_2&#8243; _builder_version=&#8221;4.19.0&#8243; _module_preset=&#8221;default&#8221; global_colors_info=&#8221;{}&#8221;][et_pb_text _builder_version=&#8221;4.19.0&#8243; _module_preset=&#8221;49b990a9-3f5c-41d7-a146-f53d734cb61f&#8221; global_colors_info=&#8221;{}&#8221;]<\/p>\n<p><span>Yangon Film School is training a new generation of documentary filmmakers in Myanmar, despite the military coup.<\/span><\/p>\n<p>[\/et_pb_text][\/et_pb_column][et_pb_column type=&#8221;1_2&#8243; _builder_version=&#8221;4.19.0&#8243; _module_preset=&#8221;default&#8221; global_colors_info=&#8221;{}&#8221;][\/et_pb_column][\/et_pb_row][et_pb_row _builder_version=&#8221;4.19.4&#8243; _module_preset=&#8221;default&#8221; custom_margin=&#8221;0px|auto|30px|auto|false|false&#8221; custom_padding=&#8221;0px||||false|false&#8221; global_colors_info=&#8221;{}&#8221;][et_pb_column type=&#8221;4_4&#8243; _builder_version=&#8221;4.19.4&#8243; _module_preset=&#8221;default&#8221; global_colors_info=&#8221;{}&#8221;][et_pb_divider color=&#8221;gcid-78c82a69-71d2-4231-b1ba-9743c706cfd5&#8243; divider_weight=&#8221;5px&#8221; _builder_version=&#8221;4.19.4&#8243; _module_preset=&#8221;default&#8221; width=&#8221;16%&#8221; custom_margin=&#8221;0px||0px||false|false&#8221; global_module=&#8221;11580&#8243; saved_tabs=&#8221;all&#8221; global_colors_info=&#8221;{%22gcid-78c82a69-71d2-4231-b1ba-9743c706cfd5%22:%91%22color%22%93}&#8221;][\/et_pb_divider][\/et_pb_column][\/et_pb_row][et_pb_row column_structure=&#8221;1_2,1_2&#8243; _builder_version=&#8221;4.19.0&#8243; _module_preset=&#8221;default&#8221; global_colors_info=&#8221;{}&#8221;][et_pb_column type=&#8221;1_2&#8243; _builder_version=&#8221;4.19.0&#8243; _module_preset=&#8221;default&#8221; global_colors_info=&#8221;{}&#8221;][et_pb_text _builder_version=&#8221;4.19.4&#8243; _module_preset=&#8221;360119ca-c6e7-4e37-8b9d-c9bf27dc46e8&#8243; hover_enabled=&#8221;0&#8243; global_colors_info=&#8221;{}&#8221; sticky_enabled=&#8221;0&#8243;]<\/p>\n<p style=\"font-weight: 400;\"><span>Yangon Film School, a long-time partner of Vikes, wants to diversify the debate in the country. It trains documentary filmmakers to tell stories and share the ideas of people from all over the country.<\/span><\/p>\n<p style=\"font-weight: 400;\"><span>Yangon Film School pays particular attention to the promotion of equality and equity. Fifty per cent of the school&#8217;s students are always women and 40 per cent from ethnic minorities.<\/span><\/p>\n<p style=\"font-weight: 400;\"><span>Vikes supports the school&#8217;s teaching activities and the gradual transfer of the school&#8217;s activities to local hands. The school&#8217;s administration used to be based in Germany and has been gradually transferred to Yangon. The military coup of 2021 has slowed down this process.<\/span><\/p>\n<p style=\"font-weight: 400;\"><span>The funding for 2023-25 will be quite small, and Vikes&#8217; support will focus on supporting the school&#8217;s normal teaching activities.<\/span><\/p>\n<p style=\"font-weight: 400;\"><span>In particular, Vikes supports and monitors the results of the Train-to-Teach programme, which transfers knowledge to local teachers, and aims to ensure that the school has stronger local knowledge and ownership in the future by strengthening its administrative capacity.<\/span><\/p>\n<p style=\"font-weight: 400;\"><span>Vikes&#8217; support will also be channelled to the Travelling Cinema concept, which organises local activities in rural Myanmar.<\/span><\/p>\n<p>[\/et_pb_text][\/et_pb_column][et_pb_column type=&#8221;1_2&#8243; _builder_version=&#8221;4.19.0&#8243; _module_preset=&#8221;default&#8221; global_colors_info=&#8221;{}&#8221;][et_pb_text _builder_version=&#8221;4.19.0&#8243; _module_preset=&#8221;default&#8221; global_colors_info=&#8221;{}&#8221;]<\/p>\n<h3>Partner<\/h3>\n<p><a href=\"https:\/\/yangonfilmschool.org\">Yangon Film School<\/a><\/p>\n<p>[\/et_pb_text][et_pb_video src=&#8221;https:\/\/www.youtube.com\/watch?v=e5rMCOqby08&#8243; _builder_version=&#8221;4.19.0&#8243; _module_preset=&#8221;default&#8221; global_colors_info=&#8221;{}&#8221;][\/et_pb_video][\/et_pb_column][\/et_pb_row][\/et_pb_section]<\/p>\n","protected":false},"excerpt":{"rendered":"<p>Supporting Yangon Film School in MyanmarYangon Film School is training a new generation of documentary filmmakers in Myanmar, despite the military coup.Yangon Film School, a long-time partner of Vikes, wants [&hellip;]<\/p>\n","protected":false},"author":21,"featured_media":12083,"parent":0,"menu_order":0,"comment_status":"closed","ping_status":"closed","template":"","meta":{"_acf_changed":false,"_et_pb_use_builder":"on","_et_pb_old_content":"","_et_gb_content_width":"","_price":"","_stock":"","_tribe_ticket_header":"","_tribe_default_ticket_provider":"","_tribe_ticket_capacity":"0","_ticket_start_date":"","_ticket_end_date":"","_tribe_ticket_show_description":"","_tribe_ticket_show_not_going":false,"_tribe_ticket_use_global_stock":"","_tribe_ticket_global_stock_level":"","_global_stock_mode":"","_global_stock_cap":"","_tribe_rsvp_for_event":"","_tribe_ticket_going_count":"","_tribe_ticket_not_going_count":"","_tribe_tickets_list":"[]","_tribe_ticket_has_attendee_info_fields":false,"footnotes":""},"class_list":["post-13274","page","type-page","status-publish","has-post-thumbnail","hentry"],"acf":[],"yoast_head":"<!-- This site is optimized with the Yoast SEO plugin v27.3 - https:\/\/yoast.com\/product\/yoast-seo-wordpress\/ -->\n<title>Supporting Yangon Film School in Myanmar - Viestint\u00e4 ja kehitys -s\u00e4\u00e4ti\u00f6<\/title>\n<meta name=\"robots\" content=\"index, follow, max-snippet:-1, max-image-preview:large, max-video-preview:-1\" \/>\n<link rel=\"canonical\" href=\"https:\/\/vikes.fi\/en\/we-support-yangon-film-school-in-myanmar\" \/>\n<meta property=\"og:locale\" content=\"en_US\" \/>\n<meta property=\"og:type\" content=\"article\" \/>\n<meta property=\"og:title\" content=\"Supporting Yangon Film School in Myanmar - Viestint\u00e4 ja kehitys -s\u00e4\u00e4ti\u00f6\" \/>\n<meta property=\"og:description\" content=\"Supporting Yangon Film School in MyanmarYangon Film School is training a new generation of documentary filmmakers in Myanmar, despite the military coup.Yangon Film School, a long-time partner of Vikes, wants [&hellip;]\" \/>\n<meta property=\"og:url\" content=\"https:\/\/vikes.fi\/en\/we-support-yangon-film-school-in-myanmar\" \/>\n<meta property=\"og:site_name\" content=\"Viestint\u00e4 ja kehitys -s\u00e4\u00e4ti\u00f6\" \/>\n<meta property=\"article:publisher\" content=\"https:\/\/www.facebook.com\/Vikes.fi\" \/>\n<meta property=\"article:modified_time\" content=\"2023-01-05T13:17:31+00:00\" \/>\n<meta property=\"og:image\" content=\"https:\/\/vikes.fi\/wp-content\/uploads\/2018\/08\/myanmar-film-student.jpg\" \/>\n\t<meta property=\"og:image:width\" content=\"2048\" \/>\n\t<meta property=\"og:image:height\" content=\"1365\" \/>\n\t<meta property=\"og:image:type\" content=\"image\/jpeg\" \/>\n<meta name=\"twitter:card\" content=\"summary_large_image\" \/>\n<meta name=\"twitter:site\" content=\"@vikesverkko\" \/>\n<meta name=\"twitter:label1\" content=\"Est. reading time\" \/>\n\t<meta name=\"twitter:data1\" content=\"3 minutes\" \/>\n<script type=\"application\/ld+json\" class=\"yoast-schema-graph\">{\"@context\":\"https:\\\/\\\/schema.org\",\"@graph\":[{\"@type\":\"WebPage\",\"@id\":\"https:\\\/\\\/vikes.fi\\\/en\\\/we-support-yangon-film-school-in-myanmar\",\"url\":\"https:\\\/\\\/vikes.fi\\\/en\\\/we-support-yangon-film-school-in-myanmar\",\"name\":\"Supporting Yangon Film School in Myanmar - Viestint\u00e4 ja kehitys -s\u00e4\u00e4ti\u00f6\",\"isPartOf\":{\"@id\":\"https:\\\/\\\/vikes.fi\\\/#website\"},\"primaryImageOfPage\":{\"@id\":\"https:\\\/\\\/vikes.fi\\\/en\\\/we-support-yangon-film-school-in-myanmar#primaryimage\"},\"image\":{\"@id\":\"https:\\\/\\\/vikes.fi\\\/en\\\/we-support-yangon-film-school-in-myanmar#primaryimage\"},\"thumbnailUrl\":\"https:\\\/\\\/vikes.fi\\\/wp-content\\\/uploads\\\/2018\\\/08\\\/myanmar-film-student.jpg\",\"datePublished\":\"2022-12-01T13:41:34+00:00\",\"dateModified\":\"2023-01-05T13:17:31+00:00\",\"breadcrumb\":{\"@id\":\"https:\\\/\\\/vikes.fi\\\/en\\\/we-support-yangon-film-school-in-myanmar#breadcrumb\"},\"inLanguage\":\"en-US\",\"potentialAction\":[{\"@type\":\"ReadAction\",\"target\":[\"https:\\\/\\\/vikes.fi\\\/en\\\/we-support-yangon-film-school-in-myanmar\"]}]},{\"@type\":\"ImageObject\",\"inLanguage\":\"en-US\",\"@id\":\"https:\\\/\\\/vikes.fi\\\/en\\\/we-support-yangon-film-school-in-myanmar#primaryimage\",\"url\":\"https:\\\/\\\/vikes.fi\\\/wp-content\\\/uploads\\\/2018\\\/08\\\/myanmar-film-student.jpg\",\"contentUrl\":\"https:\\\/\\\/vikes.fi\\\/wp-content\\\/uploads\\\/2018\\\/08\\\/myanmar-film-student.jpg\",\"width\":2048,\"height\":1365},{\"@type\":\"BreadcrumbList\",\"@id\":\"https:\\\/\\\/vikes.fi\\\/en\\\/we-support-yangon-film-school-in-myanmar#breadcrumb\",\"itemListElement\":[{\"@type\":\"ListItem\",\"position\":1,\"name\":\"Home\",\"item\":\"https:\\\/\\\/vikes.fi\\\/\"},{\"@type\":\"ListItem\",\"position\":2,\"name\":\"Supporting Yangon Film School in Myanmar\"}]},{\"@type\":\"WebSite\",\"@id\":\"https:\\\/\\\/vikes.fi\\\/#website\",\"url\":\"https:\\\/\\\/vikes.fi\\\/\",\"name\":\"Viestint\u00e4 ja kehitys -s\u00e4\u00e4ti\u00f6\",\"description\":\"Viestint\u00e4 ja kehitys -s\u00e4\u00e4ti\u00f6\",\"publisher\":{\"@id\":\"https:\\\/\\\/vikes.fi\\\/#organization\"},\"potentialAction\":[{\"@type\":\"SearchAction\",\"target\":{\"@type\":\"EntryPoint\",\"urlTemplate\":\"https:\\\/\\\/vikes.fi\\\/?s={search_term_string}\"},\"query-input\":{\"@type\":\"PropertyValueSpecification\",\"valueRequired\":true,\"valueName\":\"search_term_string\"}}],\"inLanguage\":\"en-US\"},{\"@type\":\"Organization\",\"@id\":\"https:\\\/\\\/vikes.fi\\\/#organization\",\"name\":\"Viestint\u00e4 ja kehitys -s\u00e4\u00e4ti\u00f6\",\"url\":\"https:\\\/\\\/vikes.fi\\\/\",\"logo\":{\"@type\":\"ImageObject\",\"inLanguage\":\"en-US\",\"@id\":\"https:\\\/\\\/vikes.fi\\\/#\\\/schema\\\/logo\\\/image\\\/\",\"url\":\"https:\\\/\\\/vikes.fi\\\/wp-content\\\/uploads\\\/2018\\\/04\\\/Vikes_logo_1000.png\",\"contentUrl\":\"https:\\\/\\\/vikes.fi\\\/wp-content\\\/uploads\\\/2018\\\/04\\\/Vikes_logo_1000.png\",\"width\":1000,\"height\":505,\"caption\":\"Viestint\u00e4 ja kehitys -s\u00e4\u00e4ti\u00f6\"},\"image\":{\"@id\":\"https:\\\/\\\/vikes.fi\\\/#\\\/schema\\\/logo\\\/image\\\/\"},\"sameAs\":[\"https:\\\/\\\/www.facebook.com\\\/Vikes.fi\",\"https:\\\/\\\/x.com\\\/vikesverkko\",\"https:\\\/\\\/www.instagram.com\\\/vikes.fi\\\/\",\"https:\\\/\\\/www.youtube.com\\\/channel\\\/UCOS7sgxh-T1dzykfQ6-dDyg?sub_confirmation=1\"]}]}<\/script>\n<!-- \/ Yoast SEO plugin. -->","yoast_head_json":{"title":"Supporting Yangon Film School in Myanmar - Viestint\u00e4 ja kehitys -s\u00e4\u00e4ti\u00f6","robots":{"index":"index","follow":"follow","max-snippet":"max-snippet:-1","max-image-preview":"max-image-preview:large","max-video-preview":"max-video-preview:-1"},"canonical":"https:\/\/vikes.fi\/en\/we-support-yangon-film-school-in-myanmar","og_locale":"en_US","og_type":"article","og_title":"Supporting Yangon Film School in Myanmar - Viestint\u00e4 ja kehitys -s\u00e4\u00e4ti\u00f6","og_description":"Supporting Yangon Film School in MyanmarYangon Film School is training a new generation of documentary filmmakers in Myanmar, despite the military coup.Yangon Film School, a long-time partner of Vikes, wants [&hellip;]","og_url":"https:\/\/vikes.fi\/en\/we-support-yangon-film-school-in-myanmar","og_site_name":"Viestint\u00e4 ja kehitys -s\u00e4\u00e4ti\u00f6","article_publisher":"https:\/\/www.facebook.com\/Vikes.fi","article_modified_time":"2023-01-05T13:17:31+00:00","og_image":[{"width":2048,"height":1365,"url":"https:\/\/vikes.fi\/wp-content\/uploads\/2018\/08\/myanmar-film-student.jpg","type":"image\/jpeg"}],"twitter_card":"summary_large_image","twitter_site":"@vikesverkko","twitter_misc":{"Est. reading time":"3 minutes"},"schema":{"@context":"https:\/\/schema.org","@graph":[{"@type":"WebPage","@id":"https:\/\/vikes.fi\/en\/we-support-yangon-film-school-in-myanmar","url":"https:\/\/vikes.fi\/en\/we-support-yangon-film-school-in-myanmar","name":"Supporting Yangon Film School in Myanmar - Viestint\u00e4 ja kehitys -s\u00e4\u00e4ti\u00f6","isPartOf":{"@id":"https:\/\/vikes.fi\/#website"},"primaryImageOfPage":{"@id":"https:\/\/vikes.fi\/en\/we-support-yangon-film-school-in-myanmar#primaryimage"},"image":{"@id":"https:\/\/vikes.fi\/en\/we-support-yangon-film-school-in-myanmar#primaryimage"},"thumbnailUrl":"https:\/\/vikes.fi\/wp-content\/uploads\/2018\/08\/myanmar-film-student.jpg","datePublished":"2022-12-01T13:41:34+00:00","dateModified":"2023-01-05T13:17:31+00:00","breadcrumb":{"@id":"https:\/\/vikes.fi\/en\/we-support-yangon-film-school-in-myanmar#breadcrumb"},"inLanguage":"en-US","potentialAction":[{"@type":"ReadAction","target":["https:\/\/vikes.fi\/en\/we-support-yangon-film-school-in-myanmar"]}]},{"@type":"ImageObject","inLanguage":"en-US","@id":"https:\/\/vikes.fi\/en\/we-support-yangon-film-school-in-myanmar#primaryimage","url":"https:\/\/vikes.fi\/wp-content\/uploads\/2018\/08\/myanmar-film-student.jpg","contentUrl":"https:\/\/vikes.fi\/wp-content\/uploads\/2018\/08\/myanmar-film-student.jpg","width":2048,"height":1365},{"@type":"BreadcrumbList","@id":"https:\/\/vikes.fi\/en\/we-support-yangon-film-school-in-myanmar#breadcrumb","itemListElement":[{"@type":"ListItem","position":1,"name":"Home","item":"https:\/\/vikes.fi\/"},{"@type":"ListItem","position":2,"name":"Supporting Yangon Film School in Myanmar"}]},{"@type":"WebSite","@id":"https:\/\/vikes.fi\/#website","url":"https:\/\/vikes.fi\/","name":"Viestint\u00e4 ja kehitys -s\u00e4\u00e4ti\u00f6","description":"Viestint\u00e4 ja kehitys -s\u00e4\u00e4ti\u00f6","publisher":{"@id":"https:\/\/vikes.fi\/#organization"},"potentialAction":[{"@type":"SearchAction","target":{"@type":"EntryPoint","urlTemplate":"https:\/\/vikes.fi\/?s={search_term_string}"},"query-input":{"@type":"PropertyValueSpecification","valueRequired":true,"valueName":"search_term_string"}}],"inLanguage":"en-US"},{"@type":"Organization","@id":"https:\/\/vikes.fi\/#organization","name":"Viestint\u00e4 ja kehitys -s\u00e4\u00e4ti\u00f6","url":"https:\/\/vikes.fi\/","logo":{"@type":"ImageObject","inLanguage":"en-US","@id":"https:\/\/vikes.fi\/#\/schema\/logo\/image\/","url":"https:\/\/vikes.fi\/wp-content\/uploads\/2018\/04\/Vikes_logo_1000.png","contentUrl":"https:\/\/vikes.fi\/wp-content\/uploads\/2018\/04\/Vikes_logo_1000.png","width":1000,"height":505,"caption":"Viestint\u00e4 ja kehitys -s\u00e4\u00e4ti\u00f6"},"image":{"@id":"https:\/\/vikes.fi\/#\/schema\/logo\/image\/"},"sameAs":["https:\/\/www.facebook.com\/Vikes.fi","https:\/\/x.com\/vikesverkko","https:\/\/www.instagram.com\/vikes.fi\/","https:\/\/www.youtube.com\/channel\/UCOS7sgxh-T1dzykfQ6-dDyg?sub_confirmation=1"]}]}},"_links":{"self":[{"href":"https:\/\/vikes.fi\/en\/wp-json\/wp\/v2\/pages\/13274","targetHints":{"allow":["GET"]}}],"collection":[{"href":"https:\/\/vikes.fi\/en\/wp-json\/wp\/v2\/pages"}],"about":[{"href":"https:\/\/vikes.fi\/en\/wp-json\/wp\/v2\/types\/page"}],"author":[{"embeddable":true,"href":"https:\/\/vikes.fi\/en\/wp-json\/wp\/v2\/users\/21"}],"replies":[{"embeddable":true,"href":"https:\/\/vikes.fi\/en\/wp-json\/wp\/v2\/comments?post=13274"}],"version-history":[{"count":0,"href":"https:\/\/vikes.fi\/en\/wp-json\/wp\/v2\/pages\/13274\/revisions"}],"wp:featuredmedia":[{"embeddable":true,"href":"https:\/\/vikes.fi\/en\/wp-json\/wp\/v2\/media\/12083"}],"wp:attachment":[{"href":"https:\/\/vikes.fi\/en\/wp-json\/wp\/v2\/media?parent=13274"}],"curies":[{"name":"wp","href":"https:\/\/api.w.org\/{rel}","templated":true}]}}